{"id":887,"date":"2019-01-02T22:46:44","date_gmt":"2019-01-02T19:46:44","guid":{"rendered":"https:\/\/orkoltd.com.tr\/ew\/?post_type=product&#038;p=887"},"modified":"2019-02-12T12:21:28","modified_gmt":"2019-02-12T09:21:28","slug":"iff-45ts-mk-xiia-tacan-test-seti","status":"publish","type":"product","link":"https:\/\/orkoltd.com.tr\/ew\/urun\/iff-45ts-mk-xiia-tacan-test-seti\/","title":{"rendered":"IFF-45TS MK XIIA\/TACAN TEST SET\u0130"},"content":{"rendered":"<p><em>M\u00fchendislik, \u00fcretim ve hizmete d\u00f6n\u00fc\u015f uygulamalar\u0131 i\u00e7in tasarlanm\u0131\u015f \u00f6nc\u00fc bir RF sinyal jenerat\u00f6r\u00fc<\/em><\/p>\n<p><em>MK XIIA ve TACAN ekipmanlar\u0131n\u0131n RF sinyal \u00fcretimi ve parametrik \u00f6l\u00e7\u00fcm\u00fcn\u00fc sa\u011flar<\/em><\/p>\n<p>&nbsp;<\/p>\n<p id=\"tw-target-text\" class=\"tw-data-text tw-ta tw-text-small\" dir=\"ltr\" data-placeholder=\"\u00c7eviri\"><span lang=\"tr\">IFF-45TS Transponder \/ Sorgulay\u0131c\u0131 \/ TACAN Test Seti, AIMS Mark XIIA transponderleri ve sorgulay\u0131c\u0131lar\u0131 i\u00e7in destek sa\u011flayan bir RF sinyal sim\u00fclat\u00f6r\u00fcd\u00fcr. Bir bilgisayardan veya ATE sisteminden uzaktan kontrol alt\u0131nda \u00e7al\u0131\u015f\u0131r ve tezgah ve havadan uygulamalarda Mark XIIA sistem sinyallerinin \u00e7ok y\u00f6nl\u00fc sinyal \u00fcretme ve \u00f6l\u00e7\u00fcm kabiliyeti sa\u011flar.<\/span><\/p>\n<p>Cevaplar ve sorgulamalar test gereksinimlerini desteklemek i\u00e7in ayr\u0131 ayr\u0131 yap\u0131land\u0131r\u0131labilir. ADS-B Out testi ADS-B, TIS-B, ADS-R ve geri gelen darbe sinyallerini izler. IFF-45TS, alt\u0131 TACAN test modu sa\u011flayarak, bir TACAN yer transponderine veya TACAN hava kaynakl\u0131 sorgulay\u0131c\u0131s\u0131n\u0131 em\u00fcle eder.<\/p>\n<p>&nbsp;<\/p>\n<p><strong>\u00d6zellikleri<\/strong><\/p>\n<ul>\n<li>Level 1 ve Level 2 i\u00e7in\u00a0MK XIIA AIMS sertifikal\u0131<\/li>\n<li>DOD AIMS 04-900A opsiyon A (KIV-78) ve opsiyon B (KIV-77) mevcuttur<\/li>\n<li>Transponderlerin \u00e7e\u015fitlilik testi i\u00e7in \u00c7ift G\/\u00c7 veya sorgulay\u0131c\u0131larda TOPLAM \/ FARK<\/li>\n<li>Do\u011frudan veya havadan test i\u00e7in ayr\u0131 ba\u011flant\u0131lar<\/li>\n<li>SDR tasar\u0131m\u0131 dalga bi\u00e7imi esnekli\u011fi ve gelecekteki b\u00fcy\u00fcme potansiyelini sa\u011flar<\/li>\n<li>\u00c7ift sinyal \u00fcreteci tasar\u0131m\u0131, giri\u015fim ve yank\u0131 testi i\u00e7in koordineli sinyal \u00fcretimine izin verir<\/li>\n<li>Aeroflex aray\u00fcz\u00fc test \u00f6zelliklerine kolay eri\u015fim sa\u011flar<\/li>\n<li>Yaz\u0131l\u0131m geli\u015ftirme \u00f6zellikleri sayesinde iste\u011fe ba\u011fl\u0131 ve uzaktan \u00e7al\u0131\u015ft\u0131rma<\/li>\n<\/ul>\n<p>&nbsp;<\/p>\n<p><strong>Uygulama Alanlar\u0131<\/strong><\/p>\n<ul>\n<li>M\u00fchendislik &#8211;\u00a0MK XIIA, ADS-B Beacon ve TACAN ekipman\u0131 i\u00e7in geli\u015ftirme ve yeterlilik testleri<\/li>\n<li>\u00dcretim &#8211; fabrika kalibrasyon veya onaylama testleri<\/li>\n<li>Servis &#8211; Level 1\/2 hizmete d\u00f6n\u00fc\u015f testleri<\/li>\n<li>DO-260B, AIMS 03-1000B, Amendment 1 ve DO-181E sertifikasyon testlerine destek<\/li>\n<li>Mode 5, ADS-B beacon ve TACAN sorgulay\u0131c\u0131lar\u0131 dahil olmak \u00fczere MK XIIA ekipman\u0131n\u0131n havadan platform testi<\/li>\n<li>Transponder ve sorgulay\u0131c\u0131lar\u0131n geli\u015ftirilmesi ve son testi i\u00e7in end\u00fcstri \u00e7ap\u0131nda kullan\u0131m<\/li>\n<\/ul>\n","protected":false},"excerpt":{"rendered":"<p>M\u00fchendislik, \u00fcretim ve hizmete d\u00f6n\u00fc\u015f uygulamalar\u0131 i\u00e7in tasarlanm\u0131\u015f \u00f6nc\u00fc bir RF sinyal jenerat\u00f6r\u00fc MK XIIA ve TACAN ekipmanlar\u0131n\u0131n RF sinyal \u00fcretimi ve parametrik \u00f6l\u00e7\u00fcm\u00fcn\u00fc sa\u011flar &nbsp; IFF-45TS Transponder \/ Sorgulay\u0131c\u0131 \/ TACAN Test Seti, AIMS Mark XIIA transponderleri ve sorgulay\u0131c\u0131lar\u0131 i\u00e7in destek sa\u011flayan bir RF&#8230;<\/p>\n","protected":false},"featured_media":885,"template":"","meta":[],"product_brand":[],"product_cat":[46],"product_tag":[88,77,97,89,90,98,99,27,32],"class_list":{"0":"post-887","1":"product","2":"type-product","3":"status-publish","4":"has-post-thumbnail","6":"product_cat-aviyonik","7":"product_tag-askeri","8":"product_tag-avionics-equipment","9":"product_tag-aviyonik","10":"product_tag-mil-spec","11":"product_tag-military-standard","12":"product_tag-radar","13":"product_tag-radar-testi","14":"product_tag-test","15":"product_tag-viavi","17":"first","18":"instock","19":"shipping-taxable","20":"product-type-simple"},"_links":{"self":[{"href":"https:\/\/orkoltd.com.tr\/ew\/wp-json\/wp\/v2\/product\/887","targetHints":{"allow":["GET"]}}],"collection":[{"href":"https:\/\/orkoltd.com.tr\/ew\/wp-json\/wp\/v2\/product"}],"about":[{"href":"https:\/\/orkoltd.com.tr\/ew\/wp-json\/wp\/v2\/types\/product"}],"wp:featuredmedia":[{"embeddable":true,"href":"https:\/\/orkoltd.com.tr\/ew\/wp-json\/wp\/v2\/media\/885"}],"wp:attachment":[{"href":"https:\/\/orkoltd.com.tr\/ew\/wp-json\/wp\/v2\/media?parent=887"}],"wp:term":[{"taxonomy":"product_brand","embeddable":true,"href":"https:\/\/orkoltd.com.tr\/ew\/wp-json\/wp\/v2\/product_brand?post=887"},{"taxonomy":"product_cat","embeddable":true,"href":"https:\/\/orkoltd.com.tr\/ew\/wp-json\/wp\/v2\/product_cat?post=887"},{"taxonomy":"product_tag","embeddable":true,"href":"https:\/\/orkoltd.com.tr\/ew\/wp-json\/wp\/v2\/product_tag?post=887"}],"curies":[{"name":"wp","href":"https:\/\/api.w.org\/{rel}","templated":true}]}}