{"id":587,"date":"2018-12-19T15:36:43","date_gmt":"2018-12-19T12:36:43","guid":{"rendered":"https:\/\/www.orkoltd.com.tr\/ew\/?post_type=product&#038;p=587"},"modified":"2021-04-28T15:06:33","modified_gmt":"2021-04-28T12:06:33","slug":"gpsg-1000","status":"publish","type":"product","link":"https:\/\/orkoltd.com.tr\/ew\/urun\/gpsg-1000\/","title":{"rendered":"GPSG-1000 TA\u015eINAB\u0130L\u0130R UYDU S\u0130MULAT\u00d6R\u00dc"},"content":{"rendered":"<p>GPS \u00f6zellikli cihazlar\u0131n performans\u0131n\u0131 do\u011frulamak i\u00e7in y\u00fcksek seviye test kapasiteli \u00fcr\u00fcnd\u00fcr.<\/p>\n<p>Yap\u0131land\u0131r\u0131labilir GPSG-1000, tam ta\u015f\u0131nabilir, kullan\u0131m\u0131 kolay bir GPS ve Galileo konum sim\u00fclat\u00f6r\u00fcd\u00fcr. \u00dc\u00e7 boyutlu sim\u00fclasyonlar yapabilmesi, d\u00fc\u015f\u00fck maliyetli ve 12 kanall\u0131 olmas\u0131 ile bu test seti piyasadaki bo\u015flu\u011fu doldurur. Bu sim\u00fclat\u00f6r ayr\u0131ca yaz\u0131l\u0131mla y\u00fckseltilebilir \u015fekilde tasarlanm\u0131\u015ft\u0131r. WAAS \/ EGNOS SBAS sim\u00fclasyonu dahil GPS \/ GALILEO al\u0131c\u0131lar\u0131 i\u00e7in \u00e7ok y\u00f6nl\u00fc zaman kazand\u0131ran ta\u015f\u0131nabilir test setidir.<\/p>\n<p><strong>Sistem &#8211;<\/strong> Sim\u00fcle edilen 3D pozisyonu, enlem \/ boylam \/ y\u00fckseklik format\u0131nda girilebilir veya 3D pozisyonu, \u00e7ok-durakl\u0131 bir yol giri\u015f \u015femas\u0131n\u0131 kullanarak dinamik olarak sim\u00fcle edilebilir. S\u0131n\u0131rs\u0131z say\u0131da navigasyon plan\u0131, kullan\u0131c\u0131 taraf\u0131ndan atanan bir ad alt\u0131nda kaydedilebilir ve geri \u00e7a\u011fr\u0131labilir. Yerle\u015fik bir GPS al\u0131c\u0131s\u0131, mevcut test seti konumuna ba\u011fl\u0131 olarak bir aral\u0131k, y\u00f6n ve y\u00fckseklik olarak konum sim\u00fclasyonunu m\u00fcmk\u00fcn k\u0131lar.<\/p>\n<p><strong>Uydu Arac\u0131 (SV) Se\u00e7imi<\/strong> &#8211; T\u00fcm GPSG-1000 konfig\u00fcrasyonlar\u0131 GPS ve Galileo uydular\u0131n\u0131n kar\u0131\u015ft\u0131r\u0131lmas\u0131na izin verir. (Galileo kodlar\u0131 bir metin dosyas\u0131 y\u00fckleme yoluyla g\u00fcncellenebilir.)<\/p>\n<p><strong>Yol noktalar\u0131 &#8211;<\/strong> Yol noktas\u0131 duraklar, aral\u0131kl\u0131 veya otomatik olarak hesaplanan y\u00fckseklik oran\u0131yla 3D alanda birle\u015fir. Ger\u00e7ek d\u00fcnya navigasyonunu sim\u00fcle etmek i\u00e7in y\u00f6r\u00fcnge de\u011fi\u015fiklikleri hesaplan\u0131r, yani ROTA de\u011fi\u015fiklikleri ger\u00e7ek\u00e7i d\u00f6n\u00fc\u015f oranlar\u0131n\u0131 kullan\u0131r; y\u00fckseklik de\u011fi\u015fiklikleri, ger\u00e7ek\u00e7i ini\u015f veya t\u0131rmanma oranlar\u0131n\u0131 kullan\u0131r. Yol noktalar\u0131 LAT \/ LONG formuna girilebilir veya otomatik olarak bir havaalan\u0131 veya \u015fehir veri taban\u0131ndan geri \u00e7a\u011fr\u0131labilir.<\/p>\n<p><strong>SBAS<\/strong> &#8211; SBAS uydular\u0131 WAAS \/ EGNOS manuel olarak se\u00e7ilebilir veya sim\u00fcle pozisyona g\u00f6re otomatik olarak yap\u0131labilir.<\/p>\n<p><strong>Kurulum &#8211;<\/strong> Kurulum s\u0131ras\u0131nda sistem, kullan\u0131c\u0131 ve RF ba\u011flant\u0131 parametrelerinin kullan\u0131c\u0131 taraf\u0131ndan belirlenmesini sa\u011flar.<\/p>\n","protected":false},"excerpt":{"rendered":"<p>GPS \/ Galileo Ta\u015f\u0131nabilir Konum Sim\u00fclat\u00f6r\u00fc<\/p>\n","protected":false},"featured_media":1389,"template":"","meta":[],"product_brand":[],"product_cat":[46],"product_tag":[29,105,86,84,103,106,87,27,32,104],"class_list":{"0":"post-587","1":"product","2":"type-product","3":"status-publish","4":"has-post-thumbnail","6":"product_cat-aviyonik","7":"product_tag-analyzer","8":"product_tag-egnos","9":"product_tag-galileo","10":"product_tag-gps","11":"product_tag-gps-simulasyonu","12":"product_tag-gps-simulator","13":"product_tag-sbas-satellites","14":"product_tag-test","15":"product_tag-viavi","16":"product_tag-waas","18":"first","19":"instock","20":"shipping-taxable","21":"product-type-simple"},"_links":{"self":[{"href":"https:\/\/orkoltd.com.tr\/ew\/wp-json\/wp\/v2\/product\/587","targetHints":{"allow":["GET"]}}],"collection":[{"href":"https:\/\/orkoltd.com.tr\/ew\/wp-json\/wp\/v2\/product"}],"about":[{"href":"https:\/\/orkoltd.com.tr\/ew\/wp-json\/wp\/v2\/types\/product"}],"wp:featuredmedia":[{"embeddable":true,"href":"https:\/\/orkoltd.com.tr\/ew\/wp-json\/wp\/v2\/media\/1389"}],"wp:attachment":[{"href":"https:\/\/orkoltd.com.tr\/ew\/wp-json\/wp\/v2\/media?parent=587"}],"wp:term":[{"taxonomy":"product_brand","embeddable":true,"href":"https:\/\/orkoltd.com.tr\/ew\/wp-json\/wp\/v2\/product_brand?post=587"},{"taxonomy":"product_cat","embeddable":true,"href":"https:\/\/orkoltd.com.tr\/ew\/wp-json\/wp\/v2\/product_cat?post=587"},{"taxonomy":"product_tag","embeddable":true,"href":"https:\/\/orkoltd.com.tr\/ew\/wp-json\/wp\/v2\/product_tag?post=587"}],"curies":[{"name":"wp","href":"https:\/\/api.w.org\/{rel}","templated":true}]}}