{"id":408,"date":"2018-11-08T11:10:45","date_gmt":"2018-11-08T08:10:45","guid":{"rendered":"https:\/\/www.orkoltd.com.tr\/ew\/?post_type=product&#038;p=408"},"modified":"2021-05-04T15:05:44","modified_gmt":"2021-05-04T12:05:44","slug":"gauss-tdemi-x-emc-test-platformu","status":"publish","type":"product","link":"https:\/\/orkoltd.com.tr\/ew\/urun\/gauss-tdemi-x-emc-test-platformu\/","title":{"rendered":"GAUSS TDEMI X"},"content":{"rendered":"<div class=\"icon-box-3\">\n<h3><em>Y\u00fcksek H\u0131zda Emisyon \u00d6l\u00e7\u00fcm\u00fc<\/em><\/h3>\n<p>&nbsp;<\/p>\n<p>Yeni jenerasyon teknoloji. Ultra y\u00fcksek performans. \u00d6l\u00e7\u00fcmleriniz i\u00e7in en h\u0131zl\u0131, hepsi bir arada \u00e7\u00f6z\u00fcm.<\/p>\n<\/div>\n<p>&nbsp;<\/p>\n<p>Yeni \u00fcr\u00fcn hatt\u0131 TDEMI eXtreme (TDEMI X), emisyon testi i\u00e7in en yeni ve en geli\u015fmi\u015f tam dijital \u00f6l\u00e7\u00fcm ekipman\u0131 seviyesidir. GAUSS INSTRUMENTS&#8217;\u0131n rakipsiz ve patentli TDEMI\u00ae ger\u00e7ek zamanl\u0131 teknolojisine dayanmaktad\u0131r. Cihaza ad\u0131m ad\u0131m entegre edilebilen \u00e7e\u015fitli opsiyonlarla frekans aral\u0131\u011f\u0131n\u0131 y\u00fckseltmek kolay ve etkilidir. Frekans aral\u0131klar\u0131 s\u0131ras\u0131yla 1 GHz, 3 GHz, 6 GHz, 18 GHz, 26.5 GHz veya 40 GHz&#8217;dir. \u00c7ok \u00e7e\u015fitli konfig\u00fcrasyon olanaklar\u0131, TDEMI X&#8217;in \u00f6zelle\u015ftirilmi\u015f \u00e7\u00f6z\u00fcm\u00fcn\u00fc laboratuvar\u0131n\u0131za ve uygulaman\u0131za sivil standartlara (\u00f6rne\u011fin CISPR, EN, FCC B\u00f6l\u00fcm 15, ANSI C63.2, ANSI C63.4), askeri standartlara g\u00f6re m\u00fckemmel bir \u015fekilde uymas\u0131n\u0131 sa\u011flar. (\u00f6rne\u011fin MIL-461G, ayn\u0131 zamanda \u00f6nceki s\u00fcr\u00fcmleri ve revizyonlar\u0131) ve ayr\u0131ca aviyonik standartlar (\u00f6rne\u011fin DO-160).<\/p>\n<p>&nbsp;<\/p>\n<p>TDEMI X enstr\u00fcmanlar\u0131n\u0131n frekans aral\u0131\u011f\u0131, standart konfig\u00fcrasyonunda 9 kHz&#8217;den ba\u015flar ve MIL \/ DO-UG opsiyonu ile 10 Hz&#8217;e veya mevcut OSC-UG opsiyonu ile DC&#8217;ye kadar uzat\u0131labilir. Di\u011fer t\u00fcm TDEMI \u00f6l\u00e7\u00fcm sistemleri gibi, TDEMI X \u00f6l\u00e7\u00fcm sistemleri uzaktan kontrol edilebilir ve Ethernet (TCP \/ IP) \u00fczerinden \u00e7ok kolay bir \u015fekilde tam otomatik hale getirilebilir.<\/p>\n<p>&nbsp;<\/p>\n<p>Piyasadaki en iyi sinyal-g\u00fcr\u00fclt\u00fc g\u00fc\u00e7 yo\u011funlu\u011fu oran\u0131na sahip \u00f6nc\u00fc analogdan dijitale d\u00f6n\u00fc\u015ft\u00fcr\u00fcc\u00fcleri kullanarak, yakla\u015f\u0131k 250 son teknoloji PC hesaplama g\u00fcc\u00fcne sahip en modern y\u00fcksek h\u0131zl\u0131 FPGA&#8217;lar ve \u015eirket i\u00e7i tasarlanm\u0131\u015f y\u00fcksek performansl\u0131 mikrodalga devreleri, en y\u00fcksek \u00f6l\u00e7\u00fcm do\u011frulu\u011fu ve en y\u00fcksek \u00f6l\u00e7\u00fcm h\u0131z\u0131, 10 Hz&#8217;den 40 GHz&#8217;e kadar t\u00fcm frekans aral\u0131\u011f\u0131nda elde edilir. TDEMI X \u00f6l\u00e7\u00fcm sistemi, standart konfig\u00fcrasyonunda zaten tam entegre bir spektrum analiz\u00f6r\u00fc ve ayr\u0131ca ger\u00e7ek zamanl\u0131 bir spektrum analiz\u00f6r\u00fc sunar. Ek bir se\u00e7enek, frekans aral\u0131\u011f\u0131n\u0131 DC&#8217;ye kadar geni\u015fleten iki kanall\u0131 bir osiloskop sa\u011flar. TDEMI X&#8217;in \u00fcr\u00fcn grubu en y\u00fcksek performans\u0131 temsil eder ve \u00e7e\u015fitli \u00e7al\u0131\u015fma modlar\u0131 nedeniyle \u00e7ok \u00e7e\u015fitli uygulamalarda kullan\u0131labilir, \u00f6rn. ayr\u0131ca ETSI gibi telekom\u00fcnikasyon standartlar\u0131na g\u00f6re \u00f6l\u00e7\u00fcmler ve testler i\u00e7in &#8211; ve ayr\u0131ca sinyallerin genel analizi i\u00e7in &#8211; bunlar\u0131n t\u00fcm\u00fc, <strong>645 MHz&#8217;lik kesinlikle benzersiz anl\u0131k bant geni\u015fli\u011fi<\/strong> ve rakipsiz bir \u00f6l\u00e7\u00fcm h\u0131z\u0131 ve dinamik ile ger\u00e7ek zamanl\u0131 olarak tamamen bo\u015fluksuz olarak yap\u0131labilir. yakla\u015f\u0131k 100 dB (@ 0dB zay\u0131flama ve \u00f6n se\u00e7im kapal\u0131) veya hatta otomatik kademeli zay\u0131flat\u0131c\u0131 dahil 170 dB&#8217;den fazla aral\u0131k.<\/p>\n<p>&nbsp;<\/p>\n<ul class=\"fill-circle\">\n<li>\n<ul class=\"fill-circle\">\n<li>10 Hz ile 40 GHz aras\u0131 \u00f6l\u00e7\u00fcm<\/li>\n<li>625 MHz bant geni\u015fli\u011finde <strong>ger\u00e7ek zamanl\u0131 analiz<\/strong><\/li>\n<li>100dB Dinamik aral\u0131k<\/li>\n<li>Di\u011fer al\u0131c\u0131lardan 64000 kez h\u0131zl\u0131!<\/li>\n<li>CISPR, MIL, DO ve ANSI&#8217;ye g\u00f6re 6dB bant geni\u015fli\u011fi<\/li>\n<li>145 ad\u0131ml\u0131k 3dB bant geni\u015flikleri<\/li>\n<\/ul>\n<\/li>\n<\/ul>\n<ul class=\"fill-circle\">\n<li>\u00c7ok fonksiyoneldir ve kolayl\u0131kla g\u00fcncellenebilir<\/li>\n<li>Her i\u015flem modunda ve t\u00fcm frekanslarda tam uyum \u00f6l\u00e7\u00fcmleri<\/li>\n<li>EN, FCC, MIL ve DO standartlar\u0131na g\u00f6re uygulanabilen EMC testi<\/li>\n<li>Geleneksel ve FFT bazl\u0131 \u00f6nc\u00fc teknoloji<\/li>\n<li>Ultra y\u00fcksek \u00e7\u00f6z\u00fcn\u00fcrl\u00fck ve ayn\u0131 zamanda \u00e7ok k\u0131sa tarama h\u0131z\u0131<\/li>\n<\/ul>\n<p>&nbsp;<\/p>\n<p>Datasheet i\u00e7in t\u0131klay\u0131n\u0131z.<\/p>\n","protected":false},"excerpt":{"rendered":"<p>EMC TEST PLATFORMU<\/p>\n","protected":false},"featured_media":1484,"template":"","meta":[],"product_brand":[],"product_cat":[45,68],"product_tag":[108,110,109],"class_list":{"0":"post-408","1":"product","2":"type-product","3":"status-publish","4":"has-post-thumbnail","6":"product_cat-emc","7":"product_cat-test-cihazi","8":"product_tag-emc","9":"product_tag-gauss","10":"product_tag-tdemi","12":"first","13":"instock","14":"shipping-taxable","15":"product-type-simple"},"_links":{"self":[{"href":"https:\/\/orkoltd.com.tr\/ew\/wp-json\/wp\/v2\/product\/408","targetHints":{"allow":["GET"]}}],"collection":[{"href":"https:\/\/orkoltd.com.tr\/ew\/wp-json\/wp\/v2\/product"}],"about":[{"href":"https:\/\/orkoltd.com.tr\/ew\/wp-json\/wp\/v2\/types\/product"}],"wp:featuredmedia":[{"embeddable":true,"href":"https:\/\/orkoltd.com.tr\/ew\/wp-json\/wp\/v2\/media\/1484"}],"wp:attachment":[{"href":"https:\/\/orkoltd.com.tr\/ew\/wp-json\/wp\/v2\/media?parent=408"}],"wp:term":[{"taxonomy":"product_brand","embeddable":true,"href":"https:\/\/orkoltd.com.tr\/ew\/wp-json\/wp\/v2\/product_brand?post=408"},{"taxonomy":"product_cat","embeddable":true,"href":"https:\/\/orkoltd.com.tr\/ew\/wp-json\/wp\/v2\/product_cat?post=408"},{"taxonomy":"product_tag","embeddable":true,"href":"https:\/\/orkoltd.com.tr\/ew\/wp-json\/wp\/v2\/product_tag?post=408"}],"curies":[{"name":"wp","href":"https:\/\/api.w.org\/{rel}","templated":true}]}}