{"id":379,"date":"2018-11-04T14:58:43","date_gmt":"2018-11-04T11:58:43","guid":{"rendered":"https:\/\/www.orkoltd.com.tr\/ew\/?post_type=product&#038;p=379"},"modified":"2026-02-12T15:04:30","modified_gmt":"2026-02-12T12:04:30","slug":"3920b-analog-ve-sayisal-telsiz-test-platformu","status":"publish","type":"product","link":"https:\/\/orkoltd.com.tr\/ew\/urun\/3920b-analog-ve-sayisal-telsiz-test-platformu\/","title":{"rendered":"3920B ANALOG VE SAYISAL TELS\u0130Z TEST SET\u0130"},"content":{"rendered":"<p><strong>(\u00dcretimden Kalkm\u0131\u015ft\u0131r &#8211; Bu cihaz yerine <a href=\"https:\/\/orkoltd.com.tr\/ew\/urun\/cx300-comxpert-haberlesme-monitoru\/\">CX300<\/a> modelini tavsiye ediyoruz)<\/strong><\/p>\n<p>&nbsp;<\/p>\n<p><em>T\u00fcm test gereksinimleri i\u00e7in gerekli tek test seti<\/em><\/p>\n<p>&nbsp;<\/p>\n<p>3920B, 3900 Serisinde mevcut olan geli\u015fmi\u015f i\u015flevlere ek olarak yeni bir d\u00fc\u015f\u00fck faz g\u00fcr\u00fclt\u00fcl\u00fc RF sinyal \u00fcretecine sahiptir. 3920B&#8217;de bir\u00e7ok standart \u00f6zellik, iste\u011fe ba\u011fl\u0131 test yetenekleri, say\u0131sal ki\u015filikler ve Otomatik-Test II Ayar \u00f6zelli\u011fi bulunur.<\/p>\n<p>&nbsp;<\/p>\n<p>Cihaz, kapsaml\u0131 genel ama\u00e7l\u0131 analog \u00f6l\u00e7\u00fcm olanaklar\u0131 ve geli\u015fmi\u015f say\u0131sal test se\u00e7enekleri sunar. 3920B, bir\u00e7ok standart \u00f6zelli\u011fi ve iste\u011fe ba\u011fl\u0131 test yetenekleri ve say\u0131sal ki\u015filikleri bar\u0131nd\u0131r\u0131r.<\/p>\n<p>&nbsp;<\/p>\n<p>Sizi daha \u00fcretken hale getirmek i\u00e7in tasarlanm\u0131\u015f 3920B&#8217;nin kullan\u0131m\u0131 basittir ve bir telsiz testini h\u0131zl\u0131 ve tekrarlanabilir k\u0131lan \u00f6zelliklere sahiptir. 3920B, an\u0131nda test i\u00e7in Ge\u00e7er \/ Kal\u0131r renk kodlamas\u0131 ile okunmas\u0131 kolay saya\u00e7lara sahiptir. Yap\u0131land\u0131rmas\u0131 kolay olan bu saya\u00e7larla, test etti\u011finiz her telsiz t\u00fcr\u00fc i\u00e7in benzersiz Ba\u015far\u0131l\u0131 \/ Ba\u015far\u0131s\u0131z parametreleri ayarlayabilirsiniz. Kaydetme \/ geri \u00e7a\u011f\u0131rma yerleri ile kullan\u0131ld\u0131\u011f\u0131nda, bu test parametrelerinin an\u0131nda geri \u00e7a\u011fr\u0131lmas\u0131na izin verir, b\u00f6ylece yar\u0131 teknik veya teknik olmayan ki\u015filer sadece telsizi ve testi anahtarlayabilir. Saya\u00e7lar iyi i\u00e7in \u201cYe\u015fil\u201d, y\u00fcksek i\u00e7in \u201cK\u0131rm\u0131z\u0131\u201d ve d\u00fc\u015f\u00fck i\u00e7in \u201cMavi\u201d g\u00f6sterecektir. H\u0131zl\u0131 bir bak\u0131\u015f ve operat\u00f6r radyonun belirlenmi\u015f test parametreleri dahilinde oldu\u011funu bilecektir.<\/p>\n<p>&nbsp;<\/p>\n<p><strong>Baz\u0131 \u00d6zellikleri<\/strong><\/p>\n<ul>\n<li>AM\/FM\/SSB telsiz al\u0131c\u0131 ve vericileri i\u00e7in ileri d\u00fczey test kapasitesi<\/li>\n<li>Alma ve g\u00f6ndermede 0.01- 2.7 GHz \u00a0frekans aral\u0131\u011f\u0131<\/li>\n<li>\u00dc\u00e7 mod\u00fclasyon kayna\u011f\u0131<\/li>\n<li>\u00dc\u00e7 ses kayna\u011f\u0131<\/li>\n<li>DTMF, DCS, iki ton ve uzaktan tonlama kodlama ve \u00e7\u00f6zme<\/li>\n<li>40 tona kadar ton s\u0131ras\u0131 kodlama i\u015flemi, kullan\u0131c\u0131 tan\u0131ml\u0131 duraklama, ton frekans kaymas\u0131, t\u00fcm standart ton s\u0131ra kodlar\u0131 ve iki kullan\u0131c\u0131 tan\u0131ml\u0131 s\u0131ral\u0131 kod<\/li>\n<li>Standart ton protokollerine veya kullan\u0131c\u0131 tan\u0131ml\u0131 ton protokol\u00fcne g\u00f6re kod \u00e7\u00f6zebilen ton s\u0131ral\u0131 kod \u00e7\u00f6zme<\/li>\n<li>Al\u0131nan sinyali demod\u00fcle ederken RF spektrumunu ayn\u0131 anda g\u00f6sterebilen kanal analiz\u00f6r\u00fc<\/li>\n<li>RF G\u00fcc\u00fc, Mod\u00fclasyon, Frekans Kayd\u0131rma, Distorsiyon, Ses seviyesi, SINAD, SNR ve Hum ve G\u00fcr\u00fclt\u00fc \u00f6l\u00e7\u00fcmleri<\/li>\n<li>\u00c7ift Kanal 4 MHz Osiloskop<\/li>\n<li>10 kHz kaymada SSB faz g\u00fcr\u00fclt\u00fcs\u00fc -110 dBc\/Hz olan RF sinyal \u00fcreteci<\/li>\n<li>Do\u011fru \u00f6l\u00e7\u00fcmler yapmak i\u00e7in hassas al\u0131c\u0131<\/li>\n<li>-140 dBm ortalama g\u00fcr\u00fclt\u00fc seviyesine sahip tam spektrum analiz\u00f6r\u00fc ve tracking jenerat\u00f6r\u00fc<\/li>\n<li>Kolay yaz\u0131l\u0131m yenileme<\/li>\n<li>Uzaktan kontrol<\/li>\n<\/ul>\n<p>&nbsp;<\/p>\n<p><strong>Test Yetenekleri<\/strong><\/p>\n<ul>\n<li>Analog AM ve FM<\/li>\n<li>P25 ve P25 Faz II<\/li>\n<li>DMR (MOTOTRBO)<\/li>\n<li>NXDN\u2122<\/li>\n<li>dPMR<\/li>\n<li>TETRA<\/li>\n<li>TEDS (TETRA Enhanced Data Service)<\/li>\n<li>Kritik g\u00f6revlerdeki bir\u00e7ok telsizin otomatik test ve ayarlar\u0131<\/li>\n<\/ul>\n","protected":false},"excerpt":{"rendered":"<p>(\u00dcretimden Kalkm\u0131\u015ft\u0131r &#8211; Bu cihaz yerine CX300 modelini tavsiye ediyoruz) &nbsp; T\u00fcm test gereksinimleri i\u00e7in gerekli tek test seti &nbsp; 3920B, 3900 Serisinde mevcut olan geli\u015fmi\u015f i\u015flevlere ek olarak yeni bir d\u00fc\u015f\u00fck faz g\u00fcr\u00fclt\u00fcl\u00fc RF sinyal \u00fcretecine sahiptir. 3920B&#8217;de bir\u00e7ok standart \u00f6zellik, iste\u011fe ba\u011fl\u0131 test&#8230;<\/p>\n","protected":false},"featured_media":1402,"template":"","meta":[],"product_brand":[],"product_cat":[68],"product_tag":[107,29,26,33,35,34,38,31,28,39,37,30,123,27,36,32],"class_list":{"0":"post-379","1":"product","2":"type-product","3":"status-publish","4":"has-post-thumbnail","6":"product_cat-test-cihazi","7":"product_tag-3920b","8":"product_tag-analyzer","9":"product_tag-diagnostic","10":"product_tag-dmr","11":"product_tag-dpmr","12":"product_tag-nxdn","13":"product_tag-p25","14":"product_tag-precision","15":"product_tag-radio","16":"product_tag-signal-generator","17":"product_tag-teds","18":"product_tag-telsiz","19":"product_tag-telsiz-test-seti","20":"product_tag-test","21":"product_tag-tetra","22":"product_tag-viavi","24":"first","25":"instock","26":"shipping-taxable","27":"product-type-simple"},"_links":{"self":[{"href":"https:\/\/orkoltd.com.tr\/ew\/wp-json\/wp\/v2\/product\/379","targetHints":{"allow":["GET"]}}],"collection":[{"href":"https:\/\/orkoltd.com.tr\/ew\/wp-json\/wp\/v2\/product"}],"about":[{"href":"https:\/\/orkoltd.com.tr\/ew\/wp-json\/wp\/v2\/types\/product"}],"wp:featuredmedia":[{"embeddable":true,"href":"https:\/\/orkoltd.com.tr\/ew\/wp-json\/wp\/v2\/media\/1402"}],"wp:attachment":[{"href":"https:\/\/orkoltd.com.tr\/ew\/wp-json\/wp\/v2\/media?parent=379"}],"wp:term":[{"taxonomy":"product_brand","embeddable":true,"href":"https:\/\/orkoltd.com.tr\/ew\/wp-json\/wp\/v2\/product_brand?post=379"},{"taxonomy":"product_cat","embeddable":true,"href":"https:\/\/orkoltd.com.tr\/ew\/wp-json\/wp\/v2\/product_cat?post=379"},{"taxonomy":"product_tag","embeddable":true,"href":"https:\/\/orkoltd.com.tr\/ew\/wp-json\/wp\/v2\/product_tag?post=379"}],"curies":[{"name":"wp","href":"https:\/\/api.w.org\/{rel}","templated":true}]}}