{"id":1816,"date":"2026-02-12T16:32:10","date_gmt":"2026-02-12T13:32:10","guid":{"rendered":"https:\/\/orkoltd.com.tr\/ew\/?post_type=product&#038;p=1816"},"modified":"2026-02-12T16:32:10","modified_gmt":"2026-02-12T13:32:10","slug":"cx200-siteexpert-haberlesme-servis-monitoru","status":"publish","type":"product","link":"https:\/\/orkoltd.com.tr\/ew\/urun\/cx200-siteexpert-haberlesme-servis-monitoru\/","title":{"rendered":"CX200 SITEEXPERT Haberle\u015fme Servis Monit\u00f6r\u00fc"},"content":{"rendered":"<h6>Telsiz Test Seti ihtiyac\u0131n\u0131z\u0131 en son teknolojiyi kullanarak kar\u015f\u0131layabilece\u011finiz, analog (AM\/FM\/PM\/SSB) ve say\u0131sal (DMR, P25, TETRA, NXDN) t\u00fcm mod\u00fclasyonlar\u0131 destekleyen ta\u015f\u0131nabilir Telsiz Test Setine ho\u015f geldiniz.<\/h6>\n<p>&nbsp;<\/p>\n<p>E\u011fer bug\u00fcne kadar Marconi, IFR, Aeroflex, Cobam markalar\u0131n 2945, 2975, 8800 veya 3920 gibi modellerini kulland\u0131ysan\u0131z, CX200 tam sizin i\u00e7in uygun bir Telsiz Test Setidir. CX200 ile eskiden kulland\u0131\u011f\u0131n\u0131z bu cihazlar\u0131n t\u00fcm \u00f6zelliklerine sahip olursunuz, \u00fczerine de daha bir \u00e7ok yeni testler yapabilirsiniz (VSWR, Kablo kayb\u0131, gibi)<\/p>\n<p>&nbsp;<\/p>\n<p>Kullan\u0131m\u0131 kolay dokunmatik ekranl\u0131 (20.3cm), her test ekran\u0131 i\u00e7in ayr\u0131 pencere kullan\u0131m\u0131, analog mod\u00fclasyon ve g\u00fc\u00e7 testleri, say\u0131sal testlerde t\u00fcm grafik ve verilere ula\u015f\u0131m, kablo ve anten \u00f6l\u00e7\u00fcmlerini beklemeden ger\u00e7ekle\u015ftirme, uzaktan eri\u015fim, PC ile kontrol \u00f6zelliklerinden daha birka\u00e7\u0131d\u0131r.<\/p>\n<p><img fetchpriority=\"high\" decoding=\"async\" class=\"aligncenter size-medium wp-image-1819\" src=\"https:\/\/orkoltd.com.tr\/ew\/wp-content\/uploads\/2026\/02\/CX200-Analog-300x191.png\" alt=\"\" width=\"300\" height=\"191\" srcset=\"https:\/\/orkoltd.com.tr\/ew\/wp-content\/uploads\/2026\/02\/CX200-Analog-300x191.png 300w, https:\/\/orkoltd.com.tr\/ew\/wp-content\/uploads\/2026\/02\/CX200-Analog-1024x652.png 1024w, https:\/\/orkoltd.com.tr\/ew\/wp-content\/uploads\/2026\/02\/CX200-Analog-768x489.png 768w, https:\/\/orkoltd.com.tr\/ew\/wp-content\/uploads\/2026\/02\/CX200-Analog-700x445.png 700w, https:\/\/orkoltd.com.tr\/ew\/wp-content\/uploads\/2026\/02\/CX200-Analog-1100x700.png 1100w, https:\/\/orkoltd.com.tr\/ew\/wp-content\/uploads\/2026\/02\/CX200-Analog-600x382.png 600w, https:\/\/orkoltd.com.tr\/ew\/wp-content\/uploads\/2026\/02\/CX200-Analog.png 1402w\" sizes=\"(max-width: 300px) 100vw, 300px\" \/><\/p>\n<h4>Standart \u00d6zellikleri:<\/h4>\n<ul>\n<li>1 GHz Frekans&#8217;a kadar \u00f6l\u00e7\u00fcm<\/li>\n<li>-135 dBm ile 0 dBm aras\u0131 \u00fcrete\u00e7<\/li>\n<li>125 Watt&#8217;a kadar g\u00fc\u00e7 \u00f6l\u00e7\u00fcm\u00fc (Bird opsiyonu ile ortalama 500W)<\/li>\n<li>Tracking Generator<\/li>\n<li>Kablo ve Anten Analiz\u00f6r (S11)<\/li>\n<li>Spectrum Analiz\u00f6r<\/li>\n<li>WiFi, Bluetooth<\/li>\n<li>VNC ve Smart Access Anywhere(Uzaktan eri\u015fim)<\/li>\n<li>StrataSync (Buluta raporlama)<\/li>\n<li>Uzaktan komut aray\u00fcz\u00fc<\/li>\n<li>1,5 saat ile 3,75 saat (opsiyonel) pille \u00e7al\u0131\u015fma s\u00fcresi<\/li>\n<\/ul>\n<p><img decoding=\"async\" class=\"aligncenter size-medium wp-image-1818\" src=\"https:\/\/orkoltd.com.tr\/ew\/wp-content\/uploads\/2026\/02\/CX200-Sayisal-300x189.png\" alt=\"\" width=\"300\" height=\"189\" srcset=\"https:\/\/orkoltd.com.tr\/ew\/wp-content\/uploads\/2026\/02\/CX200-Sayisal-300x189.png 300w, https:\/\/orkoltd.com.tr\/ew\/wp-content\/uploads\/2026\/02\/CX200-Sayisal-1024x646.png 1024w, https:\/\/orkoltd.com.tr\/ew\/wp-content\/uploads\/2026\/02\/CX200-Sayisal-768x484.png 768w, https:\/\/orkoltd.com.tr\/ew\/wp-content\/uploads\/2026\/02\/CX200-Sayisal-700x441.png 700w, https:\/\/orkoltd.com.tr\/ew\/wp-content\/uploads\/2026\/02\/CX200-Sayisal-1100x694.png 1100w, https:\/\/orkoltd.com.tr\/ew\/wp-content\/uploads\/2026\/02\/CX200-Sayisal-600x378.png 600w, https:\/\/orkoltd.com.tr\/ew\/wp-content\/uploads\/2026\/02\/CX200-Sayisal.png 1402w\" sizes=\"(max-width: 300px) 100vw, 300px\" \/><\/p>\n<h4>Opsiyonel \u00d6zellikleri:<\/h4>\n<ul>\n<li>\u00d6l\u00e7\u00fcm frekans\u0131n\u0131 3 GHz&#8217;e y\u00fckseltme<\/li>\n<li>Say\u0131sal Mod\u00fclasyonlar ekleme\n<ul>\n<li>DMR<\/li>\n<li>DMR Repeater<\/li>\n<li>P25<\/li>\n<li>P25 Phase 2<\/li>\n<li>\u00a0NXDN<\/li>\n<li>TETRA<\/li>\n<li>Bird 5017D G\u00fc\u00e7 \u00d6l\u00e7\u00fcm\u00fc (daha fazla g\u00fc\u00e7 \u00f6l\u00e7\u00fcm\u00fc i\u00e7in)<\/li>\n<li>Otomatik Test \u00d6zelli\u011fi (ICOM, Kenwood, Tait, L3Harris, BK KNG serisi telsizler i\u00e7in)<\/li>\n<li>VIP Tool (Excel ile testleri otomatikle\u015ftirme)<\/li>\n<li>Enterferans Av\u0131 (yak\u0131nda)<\/li>\n<li>Kapsama Haritalamas\u0131 (yak\u0131nda)<\/li>\n<li>LTE ve 5G OTA (yak\u0131nda)<\/li>\n<\/ul>\n<\/li>\n<\/ul>\n<p>&nbsp;<\/p>\n<h3>Bro\u015f\u00fcr<\/h3>\n<p><a href=\"https:\/\/www.viavisolutions.com\/en-uk\/literature\/cx200-sitexpert-brochures-en.pdf\">CX200 SiteExpert Bro\u015f\u00fcr\u00fc<\/a><\/p>\n<p>&nbsp;<\/p>\n<h3>Data Sheet<\/h3>\n<p><a href=\"https:\/\/www.viavisolutions.com\/en-uk\/literature\/cx200-sitexpert-functional-specifications-data-sheets-en.pdf\">CX200 SiteExpert Fonksiyonel \u00d6zellikleri<\/a><\/p>\n<p>&nbsp;<\/p>\n<h3>Kullan\u0131m K\u0131lavuzlar\u0131<\/h3>\n<p><a href=\"https:\/\/www.viavisolutions.com\/en-uk\/literature\/cx200-sitexpert-operation-manual-manuals-user-guides-en.pdf\">CX200 SiteExpert Kullan\u0131m K\u0131lavuzu<\/a><\/p>\n<p><a href=\"https:\/\/www.viavisolutions.com\/en-uk\/literature\/cx200-sitexpert-remote-programming-manual-manuals-user-guides-en.pdf\">CX200 SiteExpert Uzaktan Programlama K\u0131lavuzu<\/a><\/p>\n<p>&nbsp;<\/p>\n","protected":false},"excerpt":{"rendered":"<p>Telsiz Test Seti ihtiyac\u0131n\u0131z\u0131 en son teknolojiyi kullanarak kar\u015f\u0131layabilece\u011finiz, analog (AM\/FM\/PM\/SSB) ve say\u0131sal (DMR, P25, TETRA, NXDN) t\u00fcm mod\u00fclasyonlar\u0131 destekleyen ta\u015f\u0131nabilir Telsiz Test Setine ho\u015f geldiniz. &nbsp; E\u011fer bug\u00fcne kadar Marconi, IFR, Aeroflex, Cobam markalar\u0131n 2945, 2975, 8800 veya 3920 gibi modellerini kulland\u0131ysan\u0131z, CX200 tam&#8230;<\/p>\n","protected":false},"featured_media":1821,"template":"","meta":[],"product_brand":[],"product_cat":[68],"product_tag":[],"class_list":{"0":"post-1816","1":"product","2":"type-product","3":"status-publish","4":"has-post-thumbnail","6":"product_cat-test-cihazi","8":"first","9":"instock","10":"shipping-taxable","11":"product-type-simple"},"_links":{"self":[{"href":"https:\/\/orkoltd.com.tr\/ew\/wp-json\/wp\/v2\/product\/1816","targetHints":{"allow":["GET"]}}],"collection":[{"href":"https:\/\/orkoltd.com.tr\/ew\/wp-json\/wp\/v2\/product"}],"about":[{"href":"https:\/\/orkoltd.com.tr\/ew\/wp-json\/wp\/v2\/types\/product"}],"wp:featuredmedia":[{"embeddable":true,"href":"https:\/\/orkoltd.com.tr\/ew\/wp-json\/wp\/v2\/media\/1821"}],"wp:attachment":[{"href":"https:\/\/orkoltd.com.tr\/ew\/wp-json\/wp\/v2\/media?parent=1816"}],"wp:term":[{"taxonomy":"product_brand","embeddable":true,"href":"https:\/\/orkoltd.com.tr\/ew\/wp-json\/wp\/v2\/product_brand?post=1816"},{"taxonomy":"product_cat","embeddable":true,"href":"https:\/\/orkoltd.com.tr\/ew\/wp-json\/wp\/v2\/product_cat?post=1816"},{"taxonomy":"product_tag","embeddable":true,"href":"https:\/\/orkoltd.com.tr\/ew\/wp-json\/wp\/v2\/product_tag?post=1816"}],"curies":[{"name":"wp","href":"https:\/\/api.w.org\/{rel}","templated":true}]}}