{"id":1807,"date":"2026-02-12T13:43:54","date_gmt":"2026-02-12T10:43:54","guid":{"rendered":"https:\/\/orkoltd.com.tr\/ew\/?post_type=product&#038;p=1807"},"modified":"2026-02-12T14:53:36","modified_gmt":"2026-02-12T11:53:36","slug":"avx-10k-mil-askeri-ucus-hatti-test-seti","status":"publish","type":"product","link":"https:\/\/orkoltd.com.tr\/ew\/urun\/avx-10k-mil-askeri-ucus-hatti-test-seti\/","title":{"rendered":"AVX-10K-MIL ASKER\u0130 U\u00c7U\u015e HATTI TEST SET\u0130"},"content":{"rendered":"<p>AVX-10K, g\u00fcn\u00fcm\u00fcz\u00fcn Havac\u0131l\u0131k Teknisyenlerine ileti\u015fim, navigasyon ve g\u00f6zetim sistemlerini test etmek i\u00e7in kullan\u0131m\u0131 kolay bir cihaz sa\u011flayan kapsaml\u0131 bir u\u00e7u\u015f hatt\u0131 test \u00e7\u00f6z\u00fcm\u00fcd\u00fcr. Sezgisel bir kullan\u0131c\u0131 aray\u00fcz\u00fc ile, transponder uygulamalar\u0131 i\u00e7in yerle\u015fik otomatik testler sayesinde test i\u015flemleri basitle\u015ftirilmi\u015ftir. Kullan\u0131c\u0131lar\u0131n Navigasyon ve AM\/FM \u0130leti\u015fim sistemi do\u011frulamalar\u0131na yard\u0131mc\u0131 olmak i\u00e7in mevcut prosed\u00fcrleri tekrarlayan k\u0131lavuzlu testler olu\u015fturulabilir. Yerle\u015fik VSWR, DTF ve Kablo Kayb\u0131 \u00f6l\u00e7\u00fcmleri, normal testler s\u0131ras\u0131nda bulunan veya operat\u00f6r taraf\u0131ndan bildirilen ar\u0131zalar\u0131n giderilmesine yard\u0131mc\u0131 olur.<\/p>\n<p>Daha \u00f6nceki \u015fu Test Setleri yerine ge\u00e7er:<\/p>\n<p>&#8211; IFR4000<br \/>\n&#8211; IFR4000AR<br \/>\n&#8211; IFR6000<br \/>\n&#8211; IFR6015<br \/>\n&#8211; 3515 Havadan \u0130leti\u015fim Testi<\/p>\n<p>&nbsp;<\/p>\n<p>Yakla\u015f\u0131k 50 y\u0131ll\u0131k \u00fcst\u00fcn aviyonik test setleri sa\u011flama deneyimine dayanarak geli\u015ftirilen AVX-10K, \u00e7ok \u00e7e\u015fitli h\u0131zl\u0131 hava sistemi otomatik testleri ve yaz\u0131l\u0131ma \u00f6zg\u00fc uygulamalar kullanarak derinlemesine sorun giderme olana\u011f\u0131 sa\u011flayan kompakt ve dayan\u0131kl\u0131 bir test cihaz\u0131d\u0131r.<br \/>\nAVX-10K, havadan, do\u011frudan ve ba\u011flant\u0131l\u0131 ba\u011flant\u0131lar kullanarak a\u015fa\u011f\u0131daki sistemler i\u00e7in test sa\u011flayabilir:<\/p>\n<h4>AVX-10K ile yap\u0131labilen testler:<\/h4>\n<table width=\"100%\">\n<tbody>\n<tr align=\"left\">\n<td width=\"20%\"><strong>Haberle\u015fme<\/strong><\/td>\n<td width=\"30%\"><strong>Navigasyon<\/strong><\/td>\n<td width=\"30%\"><strong>G\u00f6zetim<\/strong><\/td>\n<td width=\"20%\"><strong>Di\u011fer Testler<\/strong><\/td>\n<\/tr>\n<tr>\n<td style=\"vertical-align: top;\">\n<ul>\n<li style=\"text-align: left;\">AM, FM<\/li>\n<li style=\"text-align: left;\">SSB (HF)<\/li>\n<li style=\"text-align: left;\">SELCAL<\/li>\n<\/ul>\n<\/td>\n<td style=\"vertical-align: top;\">\n<ul>\n<li style=\"text-align: left;\">VOR<\/li>\n<li style=\"text-align: left;\">DME<\/li>\n<li style=\"text-align: left;\">ILS (LOC,\u00a0GS,\u00a0MB)<\/li>\n<li style=\"text-align: left;\">ELT<\/li>\n<li><strong>TACAN<\/strong><\/li>\n<\/ul>\n<\/td>\n<td style=\"vertical-align: top;\">\n<ul>\n<li><strong>Askeri Modlar 1,2 &amp;3<\/strong><\/li>\n<li style=\"text-align: left;\"><strong>A, C, S Modlar\u0131<\/strong><\/li>\n<li style=\"text-align: left;\">ADS-B Out<\/li>\n<li>ADS-B In (Trafic Gen)\n<ul>\n<li>1090 MHz (ADS-B, ADS-T, TIS-B)<\/li>\n<li>978 MHz UAT (ADS-B, TIS-B, FIS-B)<\/li>\n<\/ul>\n<\/li>\n<li style=\"text-align: left;\">GICB \u0130zleme<\/li>\n<li style=\"text-align: left;\">UAT \u0130zleme<\/li>\n<li style=\"text-align: left;\">TCAS I 7 II ve TAS testleri<\/li>\n<\/ul>\n<\/td>\n<td valign=\"top\">\n<ul>\n<li style=\"text-align: left;\">VSWR<\/li>\n<li style=\"text-align: left;\">Hataya Uzakl\u0131k (DTF)<\/li>\n<li><strong>Kablo Kayb\u0131<\/strong><\/li>\n<\/ul>\n<\/td>\n<\/tr>\n<\/tbody>\n<\/table>\n<p>&nbsp;<\/p>\n<p><strong>\u00d6zellikleri<\/strong><\/p>\n<ul>\n<li>Yap\u0131land\u0131r\u0131labilir test \u00f6zelli\u011fi<\/li>\n<li>Sezgisel kullan\u0131c\u0131 aray\u00fcz\u00fc<\/li>\n<li>Yaz\u0131l\u0131m tan\u0131ml\u0131 uygulamalar<\/li>\n<li>\u0130leti\u015fim ve Navigasyon Uygulamalar\u0131 i\u00e7in K\u0131lavuzlu Test<\/li>\n<li>Dahili GPS al\u0131c\u0131s\u0131<\/li>\n<li>Uluslararas\u0131 test konfig\u00fcrasyonlar\u0131<\/li>\n<\/ul>\n<p>&nbsp;<\/p>\n<p><strong>Faydalar\u0131<\/strong><\/p>\n<ul>\n<li>Zaman kazand\u0131ran kullan\u0131m kolayl\u0131\u011f\u0131<\/li>\n<li>Gelecekteki uygulamalarla kolayca g\u00fcncellenebilir<\/li>\n<li>Verimli ve tekrarlanabilir test<\/li>\n<li>Gelecekte kullan\u0131lmak \u00fczere kaydedilmi\u015f test dizilerini geri \u00e7a\u011f\u0131r\u0131n<\/li>\n<li>ADS-B testi i\u00e7in do\u011fru konum verileri sa\u011flar<\/li>\n<li>K\u00fcresel d\u00fczenleyici gerekliliklere uygundur<\/li>\n<\/ul>\n<p>&nbsp;<\/p>\n<p>Renkli dokunmatik ekran basit test kontrolu ve kolay okunan test sonu\u00e7lar\u0131 sa\u011flar:<\/p>\n<p><img fetchpriority=\"high\" decoding=\"async\" class=\"size-medium wp-image-1811 aligncenter\" src=\"https:\/\/orkoltd.com.tr\/ew\/wp-content\/uploads\/2026\/02\/AVX-10K-Arayuz-185x300.png\" alt=\"\" width=\"185\" height=\"300\" srcset=\"https:\/\/orkoltd.com.tr\/ew\/wp-content\/uploads\/2026\/02\/AVX-10K-Arayuz-185x300.png 185w, https:\/\/orkoltd.com.tr\/ew\/wp-content\/uploads\/2026\/02\/AVX-10K-Arayuz-633x1024.png 633w, https:\/\/orkoltd.com.tr\/ew\/wp-content\/uploads\/2026\/02\/AVX-10K-Arayuz-700x1132.png 700w, https:\/\/orkoltd.com.tr\/ew\/wp-content\/uploads\/2026\/02\/AVX-10K-Arayuz-600x971.png 600w, https:\/\/orkoltd.com.tr\/ew\/wp-content\/uploads\/2026\/02\/AVX-10K-Arayuz.png 722w\" sizes=\"(max-width: 185px) 100vw, 185px\" \/><\/p>\n<p>&nbsp;<\/p>\n<p>&nbsp;<\/p>\n<div id=\"attachment_1808\" style=\"width: 310px\" class=\"wp-caption aligncenter\"><img decoding=\"async\" aria-describedby=\"caption-attachment-1808\" class=\"wp-image-1808 size-medium\" src=\"https:\/\/orkoltd.com.tr\/ew\/wp-content\/uploads\/2026\/02\/Anten-Kuloru-300x160.png\" alt=\"AVX-10K Anten Kupl\u00f6r\u00fc\" width=\"300\" height=\"160\" srcset=\"https:\/\/orkoltd.com.tr\/ew\/wp-content\/uploads\/2026\/02\/Anten-Kuloru-300x160.png 300w, https:\/\/orkoltd.com.tr\/ew\/wp-content\/uploads\/2026\/02\/Anten-Kuloru-768x410.png 768w, https:\/\/orkoltd.com.tr\/ew\/wp-content\/uploads\/2026\/02\/Anten-Kuloru-700x373.png 700w, https:\/\/orkoltd.com.tr\/ew\/wp-content\/uploads\/2026\/02\/Anten-Kuloru-600x320.png 600w, https:\/\/orkoltd.com.tr\/ew\/wp-content\/uploads\/2026\/02\/Anten-Kuloru.png 840w\" sizes=\"(max-width: 300px) 100vw, 300px\" \/><p id=\"caption-attachment-1808\" class=\"wp-caption-text\">AVX-10K Anten Kupl\u00f6r\u00fc<\/p><\/div>\n<p>&nbsp;<\/p>\n<p>Anten kupl\u00f6rleri ile RF s\u0131z\u0131nt\u0131s\u0131n\u0131 azalt\u0131r, test s\u0131ras\u0131ndaki yanl\u0131\u015f sinyalleri engeller.<\/p>\n<p>&nbsp;<\/p>\n<h4><strong>Haz\u0131r Kitler <\/strong>( \u25a0\u00a0Standart \u00fcr\u00fcn, di\u011fer \u00fcr\u00fcnler opsiyondur)<\/h4>\n<p>&nbsp;<\/p>\n<table style=\"border: 1px solid #456789; padding: 0px; border-collapse: collapse; height: 677px;\">\n<tbody>\n<tr>\n<th><\/th>\n<th><\/th>\n<th style=\"width=20%; border: 1px solid; background-color: #e6e6e6;\" colspan=\"3\"><strong>AVX-10K<\/strong><\/th>\n<\/tr>\n<tr>\n<th style=\"width=20%; border: 1px solid; background-color: #e6e6e6;\"><strong>Yaz\u0131l\u0131m Opsiyonlar\u0131\u00a0<\/strong><\/th>\n<th style=\"width=40%; border: 1px solid; background-color: #e6e6e6;\"><strong>A\u00e7\u0131klamas\u0131<\/strong><\/th>\n<th style=\"width=10%; border: 1px solid; background-color: #e6e6e6;\"><strong>NAV-M<\/strong><\/th>\n<th style=\"width=10%; border: 1px solid; background-color: #e6e6e6;\"><strong>SVLC-M<\/strong><\/th>\n<th style=\"width=10%; border: 1px solid; background-color: #e6e6e6;\"><strong>MIL<\/strong><\/th>\n<\/tr>\n<tr>\n<td style=\"text-align: left; border: 1px solid;\">AVX-10K-SXPDR<\/td>\n<td style=\"text-align: left; border: 1px solid;\">\u00a0Transponder Modlar\u0131 A, C, S<\/td>\n<td style=\"text-align: center; border: 1px solid;\"><\/td>\n<td style=\"text-align: center; border: 1px solid;\">\u25a0<\/td>\n<td style=\"text-align: center; border: 1px solid;\">\u25a0<\/td>\n<\/tr>\n<tr>\n<td style=\"text-align: left; border: 1px solid;\">AVX-10K-SADSB<\/td>\n<td style=\"text-align: left; border: 1px solid;\">\u00a0ADS-B-In\/Out\/GICB\/FIS-B<\/td>\n<td style=\"text-align: center; border: 1px solid;\"><\/td>\n<td style=\"text-align: center; border: 1px solid;\">\u25a0<\/td>\n<td style=\"text-align: center; border: 1px solid;\">\u25a0<\/td>\n<\/tr>\n<tr>\n<td style=\"text-align: left; border: 1px solid;\">AVX-10K-STCAS<\/td>\n<td style=\"text-align: left; border: 1px solid;\">\u00a0TCAS I\/II<\/td>\n<td style=\"text-align: center; border: 1px solid;\"><\/td>\n<td style=\"text-align: center; border: 1px solid;\">\u25a0<\/td>\n<td style=\"text-align: center; border: 1px solid;\">\u25a0<\/td>\n<\/tr>\n<tr>\n<td style=\"text-align: left; border: 1px solid;\">AVX-10K-SDME<\/td>\n<td style=\"text-align: left; border: 1px solid;\">\u00a0DME<\/td>\n<td style=\"text-align: center; border: 1px solid;\"><\/td>\n<td style=\"text-align: center; border: 1px solid;\">\u25a0<\/td>\n<td style=\"text-align: center; border: 1px solid;\">\u25a0<\/td>\n<\/tr>\n<tr>\n<td style=\"text-align: left; border: 1px solid;\">AVX-10K-SUAT<\/td>\n<td style=\"text-align: left; border: 1px solid;\">\u00a0UAT In\/Out<\/td>\n<td style=\"text-align: center; border: 1px solid;\"><\/td>\n<td style=\"text-align: center; border: 1px solid;\"><\/td>\n<td style=\"text-align: center; border: 1px solid;\">\u25a0<\/td>\n<\/tr>\n<tr>\n<td style=\"text-align: left; border: 1px solid;\">AVX-10K-SNAV<\/td>\n<td style=\"text-align: left; border: 1px solid;\">\u00a0Navigation (ILS-LOC, GS, MB)<\/td>\n<td style=\"text-align: center; border: 1px solid;\">\u25a0<\/td>\n<td style=\"text-align: center; border: 1px solid;\"><\/td>\n<td style=\"text-align: center; border: 1px solid;\">\u25a0<\/td>\n<\/tr>\n<tr>\n<td style=\"text-align: left; border: 1px solid;\">AVX-10K-SELT<\/td>\n<td style=\"text-align: left; border: 1px solid;\">\u00a0ELT 121.5\/243\/406 MHz<\/td>\n<td style=\"text-align: center; border: 1px solid;\">\u25a0<\/td>\n<td style=\"text-align: center; border: 1px solid;\"><\/td>\n<td style=\"text-align: center; border: 1px solid;\">\u25a0<\/td>\n<\/tr>\n<tr>\n<td style=\"text-align: left; border: 1px solid;\">AVX-10K-SCOM<\/td>\n<td style=\"text-align: left; border: 1px solid;\">\u00a0Radio Test AM\/FM (COMMs)<\/td>\n<td style=\"text-align: center; border: 1px solid;\">\u25a0<\/td>\n<td style=\"text-align: center; border: 1px solid;\"><\/td>\n<td style=\"text-align: center; border: 1px solid;\">\u25a0<\/td>\n<\/tr>\n<tr>\n<td style=\"text-align: left; border: 1px solid;\">AVX-10K-SECOM<\/td>\n<td style=\"text-align: left; border: 1px solid;\">\u00a0Radio Test Enhanced (COMMs)<\/td>\n<td style=\"text-align: center; border: 1px solid;\">\u25a0<\/td>\n<td style=\"text-align: center; border: 1px solid;\"><\/td>\n<td style=\"text-align: center; border: 1px solid;\">\u25a0<\/td>\n<\/tr>\n<tr>\n<td style=\"text-align: left; border: 1px solid;\">AVX-10K-STACAN<\/td>\n<td style=\"text-align: left; border: 1px solid;\">\u00a0TACAN<\/td>\n<td style=\"text-align: center; border: 1px solid;\"><\/td>\n<td style=\"text-align: center; border: 1px solid;\">\u25a0<\/td>\n<td style=\"text-align: center; border: 1px solid;\">\u25a0<\/td>\n<\/tr>\n<tr>\n<td style=\"text-align: left; border: 1px solid;\">AVX-10K-SETCAS<\/td>\n<td style=\"text-align: left; border: 1px solid;\">\u00a0E-TCAS<\/td>\n<td style=\"text-align: center; border: 1px solid;\"><\/td>\n<td style=\"text-align: center; border: 1px solid;\">\u25a0<\/td>\n<td style=\"text-align: center; border: 1px solid;\">\u25a0<\/td>\n<\/tr>\n<tr>\n<td style=\"text-align: left; border: 1px solid;\">AVX-10K-SM1\/2<\/td>\n<td style=\"text-align: left; border: 1px solid;\">\u00a0XPDR Military Modes 1\/2\/3<\/td>\n<td style=\"text-align: center; border: 1px solid;\"><\/td>\n<td style=\"text-align: center; border: 1px solid;\">\u25a0<\/td>\n<td style=\"text-align: center; border: 1px solid;\">\u25a0<\/td>\n<\/tr>\n<tr>\n<td style=\"text-align: left; border: 1px solid;\">AVX-10K-SSECURE<\/td>\n<td style=\"text-align: left; border: 1px solid;\">\u00a0Secure (Wireless Disabled) Mode<\/td>\n<td style=\"text-align: center; border: 1px solid;\">\u25a0<\/td>\n<td style=\"text-align: center; border: 1px solid;\">\u25a0<\/td>\n<td style=\"text-align: center; border: 1px solid;\">\u25a0<\/td>\n<\/tr>\n<tr>\n<th style=\"text-align: left; border: 1px solid; background-color: #e6e6e6;\">\u00a0Donan\u0131m Opsiyonlar\u0131<\/th>\n<th style=\"text-align: left; border: 1px solid; background-color: #e6e6e6;\"><\/th>\n<th style=\"text-align: center; border: 1px solid; background-color: #e6e6e6;\"><\/th>\n<th style=\"text-align: center; border: 1px solid; background-color: #e6e6e6;\"><\/th>\n<th style=\"text-align: center; border: 1px solid; background-color: #e6e6e6;\"><\/th>\n<\/tr>\n<tr>\n<td style=\"text-align: left; border: 1px solid;\">AVX-10K TEST SET<\/td>\n<td style=\"text-align: left; border: 1px solid;\">\u00a0AVX-10K Base Unit<\/td>\n<td style=\"text-align: center; border: 1px solid;\">\u25a0<\/td>\n<td style=\"text-align: center; border: 1px solid;\">\u25a0<\/td>\n<td style=\"text-align: center; border: 1px solid;\">\u25a0<\/td>\n<\/tr>\n<tr>\n<td style=\"text-align: left; border: 1px solid;\">AC10K-PWRADPTR<\/td>\n<td style=\"text-align: left; border: 1px solid;\">\u00a0AC\/DC Power Adapter<\/td>\n<td style=\"text-align: center; border: 1px solid;\">\u25a0<\/td>\n<td style=\"text-align: center; border: 1px solid;\">\u25a0<\/td>\n<td style=\"text-align: center; border: 1px solid;\">\u25a0<\/td>\n<\/tr>\n<tr>\n<td style=\"text-align: left; border: 1px solid;\">AC10K-ANT-ILS<\/td>\n<td style=\"text-align: left; border: 1px solid;\">\u00a0Antenna, ILS and COMMs<\/td>\n<td style=\"text-align: center; border: 1px solid;\">\u25a0<\/td>\n<td style=\"text-align: center; border: 1px solid;\"><\/td>\n<td style=\"text-align: center; border: 1px solid;\">\u25a0<\/td>\n<\/tr>\n<tr>\n<td style=\"text-align: left; border: 1px solid;\">AC10K-ANT-MB<\/td>\n<td style=\"text-align: left; border: 1px solid;\">\u00a0Antenna, 75 MHz MB<\/td>\n<td style=\"text-align: center; border: 1px solid;\">\u25a0<\/td>\n<td style=\"text-align: center; border: 1px solid;\"><\/td>\n<td style=\"text-align: center; border: 1px solid;\">\u25a0<\/td>\n<\/tr>\n<tr>\n<td style=\"text-align: left; border: 1px solid;\">22141787<\/td>\n<td style=\"text-align: left; border: 1px solid;\">\u00a0Antenna, RF Flat Panel<\/td>\n<td style=\"text-align: center; border: 1px solid;\"><\/td>\n<td style=\"text-align: center; border: 1px solid;\">\u25a0<\/td>\n<td style=\"text-align: center; border: 1px solid;\">\u25a0<\/td>\n<\/tr>\n<tr>\n<td style=\"text-align: left; border: 1px solid;\">87431<\/td>\n<td style=\"text-align: left; border: 1px solid;\">\u00a0Shield\/Coupler, UC-584<\/td>\n<td style=\"text-align: center; border: 1px solid;\"><\/td>\n<td style=\"text-align: center; border: 1px solid;\">\u25a0<\/td>\n<td style=\"text-align: center; border: 1px solid;\">\u25a0<\/td>\n<\/tr>\n<tr>\n<td style=\"text-align: left; border: 1px solid;\">22183050<\/td>\n<td style=\"text-align: left; border: 1px solid;\">\u00a0Attenuator<\/td>\n<td style=\"text-align: center; border: 1px solid;\">\u25a0<\/td>\n<td style=\"text-align: center; border: 1px solid;\"><\/td>\n<td style=\"text-align: center; border: 1px solid;\">\u25a0<\/td>\n<\/tr>\n<tr>\n<td style=\"text-align: left; border: 1px solid;\">22183051<\/td>\n<td style=\"text-align: left; border: 1px solid;\">\u00a0Headset Adapter<\/td>\n<td style=\"text-align: center; border: 1px solid;\">Sorunuz<\/td>\n<td style=\"text-align: center; border: 1px solid;\"><\/td>\n<td style=\"text-align: center; border: 1px solid;\">Sorunuz<\/td>\n<\/tr>\n<tr>\n<td style=\"text-align: left; border: 1px solid;\">AC10K-ADPTRKIT<\/td>\n<td style=\"text-align: left; border: 1px solid;\">\u00a0Adapter Kit<\/td>\n<td style=\"text-align: center; border: 1px solid;\">\u25a0<\/td>\n<td style=\"text-align: center; border: 1px solid;\">\u25a0<\/td>\n<td style=\"text-align: center; border: 1px solid;\">\u25a0<\/td>\n<\/tr>\n<tr>\n<td style=\"text-align: left; border: 1px solid;\">62401<\/td>\n<td style=\"text-align: left; border: 1px solid;\">\u00a0Cable, Coax 1&#8242;<\/td>\n<td style=\"text-align: center; border: 1px solid;\">\u25a0<\/td>\n<td style=\"text-align: center; border: 1px solid;\">\u25a0<\/td>\n<td style=\"text-align: center; border: 1px solid;\">\u25a0<\/td>\n<\/tr>\n<tr>\n<td style=\"text-align: left; border: 1px solid;\">AC10K-CBL6FT<\/td>\n<td style=\"text-align: left; border: 1px solid;\">\u00a0Cable, Coax 6&#8242;<\/td>\n<td style=\"text-align: center; border: 1px solid;\">\u25a0<\/td>\n<td style=\"text-align: center; border: 1px solid;\">\u25a0<\/td>\n<td style=\"text-align: center; border: 1px solid;\">\u25a0<\/td>\n<\/tr>\n<tr>\n<td style=\"text-align: left; border: 1px solid;\">141131<\/td>\n<td style=\"text-align: left; border: 1px solid;\">\u00a0Cable, Coax 25&#8242;<\/td>\n<td style=\"text-align: center; border: 1px solid;\"><\/td>\n<td style=\"text-align: center; border: 1px solid;\">\u25a0<\/td>\n<td style=\"text-align: center; border: 1px solid;\">\u25a0<\/td>\n<\/tr>\n<tr>\n<td style=\"text-align: left; border: 1px solid;\">AC10K-PWRCRD-US\/CAN<\/td>\n<td style=\"text-align: left; border: 1px solid;\">\u00a0AC Power Cord, US\/Canada<\/td>\n<td style=\"text-align: center; border: 1px solid;\">\u25a0<\/td>\n<td style=\"text-align: center; border: 1px solid;\">\u25a0<\/td>\n<td style=\"text-align: center; border: 1px solid;\">\u25a0<\/td>\n<\/tr>\n<tr>\n<td style=\"text-align: left; border: 1px solid;\">AC10K-PWRCRD-EU<\/td>\n<td style=\"text-align: left; border: 1px solid;\">\u00a0AC Power Cord, Continental Europe<\/td>\n<td style=\"text-align: center; border: 1px solid;\">\u25a0<\/td>\n<td style=\"text-align: center; border: 1px solid;\">\u25a0<\/td>\n<td style=\"text-align: center; border: 1px solid;\">\u25a0<\/td>\n<\/tr>\n<tr>\n<td style=\"text-align: left; border: 1px solid;\">AC10K-OPSMNL<\/td>\n<td style=\"text-align: left; border: 1px solid;\">\u00a0Operations Manual<\/td>\n<td style=\"text-align: center; border: 1px solid;\">\u25a0<\/td>\n<td style=\"text-align: center; border: 1px solid;\">\u25a0<\/td>\n<td style=\"text-align: center; border: 1px solid;\">\u25a0<\/td>\n<\/tr>\n<tr>\n<td style=\"text-align: left; border: 1px solid;\">AC10K-QSGUIDE<\/td>\n<td style=\"text-align: left; border: 1px solid;\">\u00a0Quick Start Guide<\/td>\n<td style=\"text-align: center; border: 1px solid;\">\u25a0<\/td>\n<td style=\"text-align: center; border: 1px solid;\">\u25a0<\/td>\n<td style=\"text-align: center; border: 1px solid;\">\u25a0<\/td>\n<\/tr>\n<tr>\n<td style=\"text-align: left; border: 1px solid;\">AC10K-HANDSTRAP<\/td>\n<td style=\"text-align: left; border: 1px solid;\">\u00a0Hand Strap<\/td>\n<td style=\"text-align: center; border: 1px solid;\">\u25a0<\/td>\n<td style=\"text-align: center; border: 1px solid;\">\u25a0<\/td>\n<td style=\"text-align: center; border: 1px solid;\">\u25a0<\/td>\n<\/tr>\n<tr>\n<td style=\"text-align: left; border: 1px solid;\">AC10K-TRANCASE<\/td>\n<td style=\"text-align: left; border: 1px solid;\">\u00a0Transit Case<\/td>\n<td style=\"text-align: center; border: 1px solid;\">\u25a0<\/td>\n<td style=\"text-align: center; border: 1px solid;\">\u25a0<\/td>\n<td style=\"text-align: center; border: 1px solid;\">\u25a0<\/td>\n<\/tr>\n<\/tbody>\n<\/table>\n<p>Di\u011fer opsiyonlar i\u00e7in l\u00fctfen Bro\u015f\u00fcrleri inceleyiniz.<\/p>\n<p>&nbsp;<\/p>\n<h3>Bro\u015f\u00fcr<\/h3>\n<p><a href=\"https:\/\/www.viavisolutions.com\/en-us\/literature\/avx-10k-military-flight-line-test-set-selection-guide-selection-guides-en.pdf\">AVX-10K U\u00e7u\u015f Hatt\u0131 Test Seti<\/a><\/p>\n<p>&nbsp;<\/p>\n<h3>Data Sheet<\/h3>\n<p><a href=\"https:\/\/www.viavisolutions.com\/en-us\/literature\/avx-10k-flight-line-test-set-specifications-data-sheets-en.pdf\">AVX-10K Data Sheet<\/a><\/p>\n<p>&nbsp;<\/p>\n<h3>Kullan\u0131m K\u0131lavuzlar\u0131<\/h3>\n<p><a href=\"https:\/\/www.viavisolutions.com\/en-us\/literature\/avx-10k-getting-started-guide-manuals-user-guides-en.pdf\">AVX-10K Ba\u015flang\u0131\u00e7 K\u0131lavuzu<\/a><\/p>\n<p><a href=\"https:\/\/www.viavisolutions.com\/en-us\/literature\/avx-10k-operations-manual-manuals-user-guides-en.pdf\">AVX-10K Kullan\u0131m K\u0131lavuzu<\/a><\/p>\n<p><a href=\"https:\/\/www.viavisolutions.com\/en-us\/literature\/avx-10k-remote-programming-manual-manuals-user-guides-en.pdf\">AVX-10K Uzaktan Kontrol Programlama K\u0131lavuzu<\/a><\/p>\n<p>&nbsp;<\/p>\n<h3>Se\u00e7im K\u0131lavuzlar\u0131<\/h3>\n<p><a href=\"https:\/\/www.viavisolutions.com\/en-us\/literature\/avx-10k-military-flight-line-test-set-quick-reference-quick-references-en.pdf\">AVX-10K Askeri U\u00e7u\u015f Hatt\u0131 Test Seti &#8211; H\u0131zl\u0131 Referans K\u0131lavuzu<\/a><\/p>\n<p><a href=\"https:\/\/www.viavisolutions.com\/en-us\/literature\/viavi-avionics-test-equipment-catalog-selection-guides-en.pdf\">VIAVI Aviyonik Test Cihazlar\u0131 Katalo\u011fu<\/a><\/p>\n<p>&nbsp;<\/p>\n<h3>Videolar<\/h3>\n<p><a href=\"https:\/\/video.viavisolutions.com\/en\/category\/videos\/avx-10k\">AVX-10K U\u00e7u\u015f Hatt\u0131 Test Seti Videolar\u0131<\/a><\/p>\n<p><a href=\"https:\/\/players.brightcove.net\/4303072874001\/DMvNGCxrVL_default\/index.html?videoId=1807218231890274716\">AVX-10K Webinar<\/a><\/p>\n<p>&nbsp;<\/p>\n","protected":false},"excerpt":{"rendered":"<p>AVX-10K, g\u00fcn\u00fcm\u00fcz\u00fcn Havac\u0131l\u0131k Teknisyenlerine ileti\u015fim, navigasyon ve g\u00f6zetim sistemlerini test etmek i\u00e7in kullan\u0131m\u0131 kolay bir cihaz sa\u011flayan kapsaml\u0131 bir u\u00e7u\u015f hatt\u0131 test \u00e7\u00f6z\u00fcm\u00fcd\u00fcr. Sezgisel bir kullan\u0131c\u0131 aray\u00fcz\u00fc ile, transponder uygulamalar\u0131 i\u00e7in yerle\u015fik otomatik testler sayesinde test i\u015flemleri basitle\u015ftirilmi\u015ftir. Kullan\u0131c\u0131lar\u0131n Navigasyon ve AM\/FM \u0130leti\u015fim sistemi do\u011frulamalar\u0131na&#8230;<\/p>\n","protected":false},"featured_media":1529,"template":"","meta":[],"product_brand":[],"product_cat":[46,68],"product_tag":[127,29,126,78,77,131,81,124,79,76,129,125,132,82,27,80,128,130],"class_list":{"0":"post-1807","1":"product","2":"type-product","3":"status-publish","4":"has-post-thumbnail","6":"product_cat-aviyonik","7":"product_cat-test-cihazi","8":"product_tag-ads-b","9":"product_tag-analyzer","10":"product_tag-android","11":"product_tag-avionics","12":"product_tag-avionics-equipment","13":"product_tag-comm","14":"product_tag-dme","15":"product_tag-elt","16":"product_tag-flight-line-test-set","17":"product_tag-havacilik-elektronigi","18":"product_tag-ils","19":"product_tag-ios","20":"product_tag-radyo-testi","21":"product_tag-tcas","22":"product_tag-test","23":"product_tag-transponder","24":"product_tag-uat","25":"product_tag-vor","27":"first","28":"instock","29":"shipping-taxable","30":"product-type-simple"},"_links":{"self":[{"href":"https:\/\/orkoltd.com.tr\/ew\/wp-json\/wp\/v2\/product\/1807","targetHints":{"allow":["GET"]}}],"collection":[{"href":"https:\/\/orkoltd.com.tr\/ew\/wp-json\/wp\/v2\/product"}],"about":[{"href":"https:\/\/orkoltd.com.tr\/ew\/wp-json\/wp\/v2\/types\/product"}],"wp:featuredmedia":[{"embeddable":true,"href":"https:\/\/orkoltd.com.tr\/ew\/wp-json\/wp\/v2\/media\/1529"}],"wp:attachment":[{"href":"https:\/\/orkoltd.com.tr\/ew\/wp-json\/wp\/v2\/media?parent=1807"}],"wp:term":[{"taxonomy":"product_brand","embeddable":true,"href":"https:\/\/orkoltd.com.tr\/ew\/wp-json\/wp\/v2\/product_brand?post=1807"},{"taxonomy":"product_cat","embeddable":true,"href":"https:\/\/orkoltd.com.tr\/ew\/wp-json\/wp\/v2\/product_cat?post=1807"},{"taxonomy":"product_tag","embeddable":true,"href":"https:\/\/orkoltd.com.tr\/ew\/wp-json\/wp\/v2\/product_tag?post=1807"}],"curies":[{"name":"wp","href":"https:\/\/api.w.org\/{rel}","templated":true}]}}