{"id":1680,"date":"2024-04-19T11:33:35","date_gmt":"2024-04-19T08:33:35","guid":{"rendered":"https:\/\/www.orkoltd.com.tr\/ew\/?post_type=product&#038;p=1680"},"modified":"2024-04-22T17:19:41","modified_gmt":"2024-04-22T14:19:41","slug":"pacific-power-source-lsx-serisi","status":"publish","type":"product","link":"https:\/\/orkoltd.com.tr\/ew\/urun\/pacific-power-source-lsx-serisi\/","title":{"rendered":"PACIFIC POWER SOURCE -LSX SER\u0130S\u0130"},"content":{"rendered":"<h3><strong>Programlanabilir AC G\u00fc\u00e7 Kayna\u011f\u0131 1,5kVA &#8211; 6kVA<\/strong><\/h3>\n<p>&nbsp;<\/p>\n<p>&nbsp;<\/p>\n<p><strong>LSX<\/strong> Serisi, tam \u00f6zellikli, tek ve \u00fc\u00e7 fazl\u0131 AC G\u00fc\u00e7 Kaynaklar\u0131ndan olu\u015fur. Mevcut modeller, renkli dokunmatik ekranl\u0131 kullan\u0131c\u0131 aray\u00fcz\u00fcne sahip geli\u015fmi\u015f programlanabilir kontrol\u00f6r ile 1,5kVA ile 6kVA aras\u0131nda de\u011fi\u015fmektedir. Hem temel frekans d\u00f6n\u00fc\u015f\u00fcm\u00fc hem de geli\u015fmi\u015f AC g\u00fc\u00e7 hatt\u0131 bozulma testi ve ATE uygulamalar\u0131 i\u00e7in uygun maliyetli ve tamamen programlanabilir. Geli\u015fmi\u015f \u00f6zellikler gerektirmeyen uygulamalar i\u00e7in LSX&#8217;in temel fonksiyon seti M versiyonu da mevcuttur.<\/p>\n<p>&nbsp;<\/p>\n<ul>\n<li>T\u00fcm LSX Serisi g\u00fc\u00e7 kayna\u011f\u0131 modelleri, \u00fc\u00e7 geli\u015fmi\u015f dijital sinyal i\u015flemcisini (DSP&#8217;ler) kullanan tam programlanabilir bir Osilat\u00f6r\/Kontrol\u00f6r ile donat\u0131lm\u0131\u015ft\u0131r.<\/li>\n<li>T\u00fcm Modeller harmonik analizi ve sentezi, Prog-Z ve Ani Ak\u0131m \u00d6l\u00e7\u00fcm\u00fc \u00f6zelliklerini i\u00e7erir.<\/li>\n<li>IEC 61000-4-13 ara harmonik \u00fcretimi i\u00e7in C Se\u00e7ene\u011fi mevcuttur.<\/li>\n<li>Tek fazl\u0131 g\u00fc\u00e7 kayna\u011f\u0131 modelleri, 0-135 VAC aral\u0131\u011f\u0131nda veya 0-270 VAC aral\u0131\u011f\u0131nda \u00e7al\u0131\u015facak \u015fekilde kontrol edilebilir. \u00dc\u00e7 fazl\u0131 modeller ayr\u0131ca 3\u00f8 ila 1\u00f8 \u00e7\u0131k\u0131\u015f g\u00fcc\u00fc bi\u00e7imi aras\u0131nda de\u011fi\u015ftirilebilir.<\/li>\n<li>\u00c7\u0131k\u0131\u015f g\u00fcc\u00fc formunun tam kontrol\u00fc ve do\u011frudan \u00e7\u0131k\u0131\u015f veya iste\u011fe ba\u011fl\u0131 transformat\u00f6r \u00e7\u0131k\u0131\u015f\u0131n\u0131n se\u00e7imi \u00f6n panelden veya veri yolundan yap\u0131labilir.<\/li>\n<\/ul>\n<p>&nbsp;<\/p>\n<p><strong>\u00d6ne \u00c7\u0131kan \u00d6zellikleri<\/strong><\/p>\n<p>&nbsp;<\/p>\n<ul>\n<li>200 Dalga Formu K\u00fct\u00fcphanesi &#8211; Keyfi Dalga Formu Olu\u015fturucu<\/li>\n<li>15 ila 1200 Hz \u00c7al\u0131\u015fma &#8211; 5.000 Hz Bant Geni\u015fli\u011fi<\/li>\n<li>G\u00f6r\u00fcnt\u00fcleme ve raporlama i\u00e7in volt, amper ve g\u00fcc\u00fcn hassas True-RMS \u00f6l\u00e7\u00fcm\u00fc<\/li>\n<li>PPSC Manager Windows Yaz\u0131l\u0131m\u0131yla uyumlu<\/li>\n<li>SCPI uyumlulu\u011funa sahip standart LAN, USB, GPIB ve RS-232 Aray\u00fczleri<\/li>\n<li>\u00d6n panelden veya veri yolu komutundan 1 Faz\/3 Faz Anahtar\u0131 Se\u00e7ilebilir \u00c7\u0131k\u0131\u015f<\/li>\n<li>Hem statik hem de dinamik Ge\u00e7ici Test i\u00e7in 200 kay\u0131tl\u0131 program<\/li>\n<li>LabVIEW Windows\u00ae\/LabWindows\u00ae s\u00fcr\u00fcc\u00fcleri<\/li>\n<li>Harmonik Sentezle Dalga Formu Olu\u015fturma<\/li>\n<li>RMS ve Tepe De\u011ferlerinin \u00d6l\u00e7\u00fcm\u00fc<\/li>\n<li>Web taray\u0131c\u0131s\u0131 arac\u0131l\u0131\u011f\u0131yla Y\u00fcksek H\u0131zl\u0131 Dijital Kapsam i\u015flevi<\/li>\n<li>Harmonik Analizi (Gerilim ve Ak\u0131m)<\/li>\n<li>S\u00fcrekli Otomatik Kalibrasyon (CSC)<\/li>\n<li>Hassas Gerilim Programlamas\u0131 &#8211; CSC devredeyken %0,05<\/li>\n<li>Programlanabilir \u00c7\u0131k\u0131\u015f Empedans\u0131 (R+L) hem Ger\u00e7ek Zamanl\u0131 hem de RMS modlar\u0131<\/li>\n<li>0-300 Vac&#8217;a kadar Do\u011frudan Ba\u011flant\u0131l\u0131 \u00c7\u0131k\u0131\u015f (b\u00f6l\u00fcnm\u00fc\u015f faz)<\/li>\n<li>1,5 kVA&#8217;dan 6 kVA&#8217;ya kadar G\u00fc\u00e7 Seviyeleri<\/li>\n<li>D\u0131\u015far\u0131dan Referansl\u0131 Saya\u00e7 Kalibrasyonu<\/li>\n<li>Tasar\u0131m AC G\u00fcc\u00fcn\u00fcn Tam Kontrol\u00fcn\u00fc Sa\u011flar<\/li>\n<li>CE G\u00fcvenlik ve EMC veya NTRL G\u00fcvenlik \u0130\u015fareti se\u00e7enekleri mevcuttur<\/li>\n<\/ul>\n<p>&nbsp;<\/p>\n<p><strong>Kapsaml\u0131 \u00d6zellikler<\/strong><\/p>\n<ul>\n<li>PWM Anahtar Modu G\u00fc\u00e7 D\u00f6n\u00fc\u015f\u00fcm Teknolojisi<\/li>\n<li>\u00dc\u00e7 Fazl\u0131, Ayr\u0131k Fazl\u0131 ve Tek Fazl\u0131 \u00c7\u0131k\u0131\u015f Modlar\u0131<\/li>\n<li>3\u00f8 Modellerinde Faz A\u00e7\u0131s\u0131 Programlamas\u0131<\/li>\n<li>M\u00fckemmel \u00c7\u0131k\u0131\u015f Gerilimi ve Y\u00fck D\u00fczenlemesi<\/li>\n<li>T\u00fcm Fazlarda Volt, RMS Ak\u0131m\u0131, Tepe Ak\u0131m\u0131, G\u00f6r\u00fcnen G\u00fc\u00e7 ve Ger\u00e7ek G\u00fcc\u00fcn \u00d6l\u00e7\u00fcm\u00fc<\/li>\n<li>Harmonik \u00d6l\u00e7\u00fcmler<\/li>\n<li>Gerilim ve Ak\u0131m dalga bi\u00e7imlerini yakalamak i\u00e7in Kapsam \u0130\u015flevi<\/li>\n<li>Sin\u00fcs, Kare, \u00dc\u00e7gen, K\u0131rp\u0131lm\u0131\u015f Sin\u00fcs ve Rasgele Dalga \u015eekillerinin Se\u00e7imleri<\/li>\n<li>LIST, PULSE ve STEP Modu \u00c7\u0131k\u0131\u015f\u0131 Ge\u00e7ici Programlama<\/li>\n<li>Eski UPC1\/3 Denetleyicilerle uyumlu<\/li>\n<li>\u00a0Azalt\u0131lm\u0131\u015f \u00f6zellikli ekonomik &#8220;M&#8221; versiyonu mevcuttur<\/li>\n<\/ul>\n<p>&nbsp;<\/p>\n<p>&nbsp;<\/p>\n<h3>Bro\u015f\u00fcr:<\/h3>\n<p><a href=\"https:\/\/pacificpower.com\/wp-content\/uploads\/2023\/12\/LSX_Series_Datasheet.pdf\">LSX Serisi Bro\u015f\u00fcr<\/a><\/p>\n","protected":false},"excerpt":{"rendered":"<p>Programlanabilir AC G\u00fc\u00e7 Kayna\u011f\u0131 1,5kVA &#8211; 6kVA &nbsp; &nbsp; LSX Serisi, tam \u00f6zellikli, tek ve \u00fc\u00e7 fazl\u0131 AC G\u00fc\u00e7 Kaynaklar\u0131ndan olu\u015fur. Mevcut modeller, renkli dokunmatik ekranl\u0131 kullan\u0131c\u0131 aray\u00fcz\u00fcne sahip geli\u015fmi\u015f programlanabilir kontrol\u00f6r ile 1,5kVA ile 6kVA aras\u0131nda de\u011fi\u015fmektedir. Hem temel frekans d\u00f6n\u00fc\u015f\u00fcm\u00fc hem de geli\u015fmi\u015f&#8230;<\/p>\n","protected":false},"featured_media":1681,"template":"","meta":[],"product_brand":[],"product_cat":[145],"product_tag":[147,153,183,152,169,170,155,173,146,182,174,149,172,150],"class_list":{"0":"post-1680","1":"product","2":"type-product","3":"status-publish","4":"has-post-thumbnail","6":"product_cat-guc-kaynagi","7":"product_tag-ac","8":"product_tag-airbus","9":"product_tag-aviyonik-guc-testi","10":"product_tag-boeing","11":"product_tag-iec-61000-4-13","12":"product_tag-lsx","13":"product_tag-pacific-power","14":"product_tag-prog-z","15":"product_tag-programlanabilir-guc-kaynagi","16":"product_tag-savunma-uygulamalari","17":"product_tag-scpi-bus","18":"product_tag-tek-faz","19":"product_tag-true-rms","20":"product_tag-uc-faz","22":"first","23":"instock","24":"shipping-taxable","25":"product-type-simple"},"_links":{"self":[{"href":"https:\/\/orkoltd.com.tr\/ew\/wp-json\/wp\/v2\/product\/1680","targetHints":{"allow":["GET"]}}],"collection":[{"href":"https:\/\/orkoltd.com.tr\/ew\/wp-json\/wp\/v2\/product"}],"about":[{"href":"https:\/\/orkoltd.com.tr\/ew\/wp-json\/wp\/v2\/types\/product"}],"wp:featuredmedia":[{"embeddable":true,"href":"https:\/\/orkoltd.com.tr\/ew\/wp-json\/wp\/v2\/media\/1681"}],"wp:attachment":[{"href":"https:\/\/orkoltd.com.tr\/ew\/wp-json\/wp\/v2\/media?parent=1680"}],"wp:term":[{"taxonomy":"product_brand","embeddable":true,"href":"https:\/\/orkoltd.com.tr\/ew\/wp-json\/wp\/v2\/product_brand?post=1680"},{"taxonomy":"product_cat","embeddable":true,"href":"https:\/\/orkoltd.com.tr\/ew\/wp-json\/wp\/v2\/product_cat?post=1680"},{"taxonomy":"product_tag","embeddable":true,"href":"https:\/\/orkoltd.com.tr\/ew\/wp-json\/wp\/v2\/product_tag?post=1680"}],"curies":[{"name":"wp","href":"https:\/\/api.w.org\/{rel}","templated":true}]}}