{"id":1676,"date":"2024-04-18T16:47:47","date_gmt":"2024-04-18T13:47:47","guid":{"rendered":"https:\/\/www.orkoltd.com.tr\/ew\/?post_type=product&#038;p=1676"},"modified":"2024-04-22T17:55:20","modified_gmt":"2024-04-22T14:55:20","slug":"pacific-power-source-ms-serisi","status":"publish","type":"product","link":"https:\/\/orkoltd.com.tr\/ew\/urun\/pacific-power-source-ms-serisi\/","title":{"rendered":"PACIFIC POWER SOURCE &#8211; MS SER\u0130S\u0130"},"content":{"rendered":"<h3><strong>AC G\u00dc\u00c7 D\u00d6N\u00dc\u015eT\u00dcR\u00dcC\u00dc<\/strong><\/h3>\n<p>&nbsp;<\/p>\n<p><strong>MS<\/strong> Serisi, on adede kadar 62,5 kVA ana bilgisayar\u0131n paralel ba\u011flanmas\u0131na olanak tan\u0131yan benzersiz bir ana\/ba\u011f\u0131ml\u0131 konfig\u00fcrasyona sahip, 62,5 ila 625 kVA, standart 47 ila 500 Hz (iste\u011fe ba\u011fl\u0131 olarak 1000 Hz&#8217;e kadar) modellere sahip bir kat\u0131 hal frekans d\u00f6n\u00fc\u015ft\u00fcr\u00fcc\u00fc ailesidir. MS Serisi, performans\u0131 ve \u00e7ok y\u00f6nl\u00fcl\u00fc\u011f\u00fc en \u00fcst d\u00fczeye \u00e7\u0131karmak i\u00e7in tasarlanm\u0131\u015ft\u0131r.<\/p>\n<p>&nbsp;<\/p>\n<p>MS Serisinin sa\u011flam g\u00fcvenilirli\u011fi ve iki veya daha fazla MS kabininin y\u00fcksek g\u00fc\u00e7l\u00fc kat\u0131 hal d\u00f6n\u00fc\u015f\u00fcml\u00fc AC g\u00fc\u00e7 sistemleri olu\u015fturmak i\u00e7in paralel ba\u011flanabilme kolayl\u0131\u011f\u0131, ticari alanda da \u00fcretim testi, sertifika testi ve Ar-Ge uygulamalar\u0131 i\u00e7in yayg\u0131n \u015fekilde kullan\u0131lmas\u0131yla sonu\u00e7lanm\u0131\u015ft\u0131r.<\/p>\n<p>&nbsp;<\/p>\n<p>&nbsp;<\/p>\n<p><strong>MS Serisi G\u00fc\u00e7 Kayna\u011f\u0131 Sistemlerinin \u00d6ne \u00c7\u0131kan \u00d6zellikleri<\/strong><\/p>\n<p>&nbsp;<\/p>\n<p><strong>Trafo Testi:<\/strong>. MS serisi, y\u00fcksek g\u00fc\u00e7l\u00fc transformat\u00f6rleri desteklemek i\u00e7in 62,5 kVA&#8217;dan 625 kVA&#8217;ya veya hatta ihtiya\u00e7 duyulan y\u00fcksekli\u011fe kadar boyutland\u0131r\u0131labilir. Mevcut y\u00fcksek gerilim \u00e7\u0131k\u0131\u015f aral\u0131\u011f\u0131 se\u00e7enekleriyle 600V L-L&#8217;ye kadar y\u00fcksek gerilimler desteklenebilir.<\/p>\n<p>&nbsp;<\/p>\n<p><strong>\u015eebekeye Ba\u011fl\u0131 \u0130nvert\u00f6r Testi (G\u00fcne\u015f ve R\u00fczgar):<\/strong> B\u00fcy\u00fck \u00f6l\u00e7ekli \u015febekeye ba\u011fl\u0131 invert\u00f6r geli\u015ftirme ve test uygulamalar\u0131 i\u00e7in 3060-MS, bu invert\u00f6rlerin ba\u015fa \u00e7\u0131kabilmesi gereken ortak AC \u015febeke anormalliklerini tetiklemek i\u00e7in \u015febekeyi sim\u00fcle edebilir.<\/p>\n<p>&nbsp;<\/p>\n<p><strong>Y\u00fcksek G\u00fc\u00e7l\u00fc \u00dcr\u00fcnlerin \u00dcretimi ve Uygunluk Testi:<\/strong> IEC 61000-4-11 gibi IEC 61000-4 AC ba\u011f\u0131\u015f\u0131kl\u0131k testleri i\u00e7in \u00f6nceden programlanm\u0131\u015f test dizileri, UPC Test Manager Windows yaz\u0131l\u0131m\u0131 kullan\u0131larak kullan\u0131labilir.<\/p>\n<p>&nbsp;<\/p>\n<p><strong>Tesis G\u00fcc\u00fc Testi:<\/strong> MS Serisi, 47 ila 500 Hz frekans aral\u0131\u011f\u0131nda tesis genel g\u00fc\u00e7 uygulamalar\u0131 i\u00e7in m\u00fckemmel bir AC voltaj\u0131 kayna\u011f\u0131d\u0131r. Standart kontrol cihaz\u0131n\u0131n istenen nominal frekans\u0131 kilitlemek i\u00e7in 50, 60 veya 400 Hz&#8217;lik \u00f6n ayarlar\u0131 vard\u0131r. 600 VAC&#8217;a kadar \u00e7\u0131k\u0131\u015f gerilimleri sa\u011flan\u0131r.<\/p>\n<p>&nbsp;<\/p>\n<p><strong>Aviyonik Bus Sim\u00fclasyonu ve Uygunluk Testi:<\/strong> SCU-UPC iste\u011fe ba\u011fl\u0131 eklenmesiyle, 400Hz sistemlerde karma\u015f\u0131k aviyonik veri yolu sim\u00fclasyonu programlanabilir ve y\u00fcr\u00fct\u00fclebilir. Mevcut UPC Test Manager Windows yaz\u0131l\u0131m\u0131n\u0131 kullanarak Airbus, RTCA DO160 Ticari havac\u0131l\u0131k ve MIL-STD 704 Askeri havac\u0131l\u0131k test standartlar\u0131 i\u00e7in uygundur.<\/p>\n<p>&nbsp;<\/p>\n<p><strong>\u00d6zellikleri<\/strong><\/p>\n<ul>\n<li>G\u00fc\u00e7: \u015easi ba\u015f\u0131na 50kW\/62,5kVA<\/li>\n<li>\u00c7\u0131k\u0131\u015f Gerilimi 0-120V L-N \/ 0-208V L-L 3 Fazl\u0131 Wye veya Delta<\/li>\n<li>Opsiyonel Harici \u00c7\u0131k\u0131\u015f Transformat\u00f6rleri (daha y\u00fcksek voltaj aral\u0131\u011f\u0131)<\/li>\n<li>Ak\u0131m: 1750A\/Faza kadar paralel sistem<\/li>\n<li>Frekans Aral\u0131\u011f\u0131: 50, 60 veya 400Hz sabit, 47-500Hz de\u011fi\u015fken veya SCU\/UPC32 Se\u00e7ene\u011fi ile 20-1000Hz de\u011fi\u015fken<\/li>\n<li>Gerilim ve Frekans D\u00f6n\u00fc\u015f\u00fcm\u00fc<\/li>\n<li>625 kVA&#8217;ya kadar benzersiz Master\/Slave yap\u0131land\u0131rmas\u0131yla son derece esnek ve geni\u015fletilebilir g\u00fc\u00e7 mimarisi<\/li>\n<li>\u00c7ok Y\u00fcksek Ak\u0131m Yetene\u011fi<\/li>\n<li>D\u00fc\u015f\u00fck Gerilim Bozulmas\u0131<\/li>\n<\/ul>\n<p>&nbsp;<\/p>\n<p><b>Kullan\u0131m Avantajlar\u0131<\/b><\/p>\n<ul>\n<li>D\u00fc\u015f\u00fck Maliyetli<\/li>\n<li>Basit\/Bilgilendirici Ekran<\/li>\n<li>Maksimum G\u00fcvenilirlik<\/li>\n<li>Sa\u011flam, G\u00fc\u00e7l\u00fc \u00c7\u0131k\u0131\u015f<\/li>\n<li>Tesis\/Test G\u00fcc\u00fc Esnekli\u011fi<\/li>\n<li>\u00c7al\u0131\u015fma s\u00fcresi \u00f6l\u00e7er<\/li>\n<li>Uzaktan izleme ve te\u015fhis<\/li>\n<li>Programlanabilir voltaj ve frekans alarm\u0131 ayar noktalar\u0131<\/li>\n<li>Yerel otomatik kazan\u00e7 kontrol\u00fc.<\/li>\n<li>\u0130ste\u011fe ba\u011fl\u0131 uzaktan alg\u0131lama<\/li>\n<\/ul>\n<p>&nbsp;<\/p>\n<h3>Bro\u015f\u00fcr:<\/h3>\n<p><a href=\"https:\/\/pacificpower.com\/wp-content\/uploads\/2023\/11\/3060MS_Datasheet-1.pdf\">MS Serisi Bro\u015f\u00fcr<\/a><\/p>\n","protected":false},"excerpt":{"rendered":"<p>AC G\u00dc\u00c7 D\u00d6N\u00dc\u015eT\u00dcR\u00dcC\u00dc &nbsp; MS Serisi, on adede kadar 62,5 kVA ana bilgisayar\u0131n paralel ba\u011flanmas\u0131na olanak tan\u0131yan benzersiz bir ana\/ba\u011f\u0131ml\u0131 konfig\u00fcrasyona sahip, 62,5 ila 625 kVA, standart 47 ila 500 Hz (iste\u011fe ba\u011fl\u0131 olarak 1000 Hz&#8217;e kadar) modellere sahip bir kat\u0131 hal frekans d\u00f6n\u00fc\u015ft\u00fcr\u00fcc\u00fc ailesidir&#8230;.<\/p>\n","protected":false},"featured_media":1713,"template":"","meta":[],"product_brand":[],"product_cat":[145],"product_tag":[147,153,152,158,166,165,155,146,164,149,150,184],"class_list":{"0":"post-1676","1":"product","2":"type-product","3":"status-publish","4":"has-post-thumbnail","6":"product_cat-guc-kaynagi","7":"product_tag-ac","8":"product_tag-airbus","9":"product_tag-boeing","10":"product_tag-iec-61000-4","11":"product_tag-iec-61000-4-11","12":"product_tag-mil-std-704","13":"product_tag-pacific-power","14":"product_tag-programlanabilir-guc-kaynagi","15":"product_tag-rtca-do160","16":"product_tag-tek-faz","17":"product_tag-uc-faz","18":"product_tag-voltaj-ve-frekans-cevirici","20":"first","21":"instock","22":"shipping-taxable","23":"product-type-simple"},"_links":{"self":[{"href":"https:\/\/orkoltd.com.tr\/ew\/wp-json\/wp\/v2\/product\/1676","targetHints":{"allow":["GET"]}}],"collection":[{"href":"https:\/\/orkoltd.com.tr\/ew\/wp-json\/wp\/v2\/product"}],"about":[{"href":"https:\/\/orkoltd.com.tr\/ew\/wp-json\/wp\/v2\/types\/product"}],"wp:featuredmedia":[{"embeddable":true,"href":"https:\/\/orkoltd.com.tr\/ew\/wp-json\/wp\/v2\/media\/1713"}],"wp:attachment":[{"href":"https:\/\/orkoltd.com.tr\/ew\/wp-json\/wp\/v2\/media?parent=1676"}],"wp:term":[{"taxonomy":"product_brand","embeddable":true,"href":"https:\/\/orkoltd.com.tr\/ew\/wp-json\/wp\/v2\/product_brand?post=1676"},{"taxonomy":"product_cat","embeddable":true,"href":"https:\/\/orkoltd.com.tr\/ew\/wp-json\/wp\/v2\/product_cat?post=1676"},{"taxonomy":"product_tag","embeddable":true,"href":"https:\/\/orkoltd.com.tr\/ew\/wp-json\/wp\/v2\/product_tag?post=1676"}],"curies":[{"name":"wp","href":"https:\/\/api.w.org\/{rel}","templated":true}]}}