{"id":1603,"date":"2023-08-02T16:49:20","date_gmt":"2023-08-02T13:49:20","guid":{"rendered":"https:\/\/www.orkoltd.com.tr\/ew\/?post_type=product&#038;p=1603"},"modified":"2023-08-02T17:17:16","modified_gmt":"2023-08-02T14:17:16","slug":"cx100","status":"publish","type":"product","link":"https:\/\/orkoltd.com.tr\/ew\/urun\/cx100\/","title":{"rendered":"CX100 ComXpert Ta\u015f\u0131nabilir Haberle\u015fme Servis Monit\u00f6r\u00fc"},"content":{"rendered":"<h5>Tezgah \u00fcst\u00fc cihazlar\u0131n pratik olmad\u0131\u011f\u0131 t\u00fcm uygulamalar i\u00e7in hafif, sa\u011flam, el tipi tam \u00f6zellikli bir radyo testi \u00e7\u00f6z\u00fcm\u00fc<\/h5>\n<p>&nbsp;<\/p>\n<p>T\u00fcr\u00fcn\u00fcn ilk \u00f6rne\u011fi olan CX100, kullan\u0131c\u0131lara ola\u011fan\u00fcst\u00fc \u00e7al\u0131\u015fma performans\u0131 ile tam renkli, kullan\u0131m\u0131 kolay bir arabirim sunar. 6 GHz frekans aral\u0131\u011f\u0131, kablo ve anten analizi i\u00e7in 1 u\u00e7lu VNA ve VIAVI Mobile Tech uygulamas\u0131yla uzaktan \u00e7al\u0131\u015ft\u0131rma gibi geli\u015fmi\u015f \u00f6zelliklerle CX100, saha bak\u0131m deste\u011fini bir sonraki seviyeye ta\u015f\u0131yor.<\/p>\n<p>&nbsp;<\/p>\n<p><strong>\u00d6ne \u00c7\u0131kan \u00d6zellikleri<\/strong><\/p>\n<ul>\n<li>El tipi<\/li>\n<li>Sa\u011flam<\/li>\n<li>1 MHz ile 6 GHz frekans aral\u0131\u011f\u0131<\/li>\n<li>1 U\u00e7lu Vekt\u00f6r Network Analiz\u00f6r\u00fc &#8211; kablo ve anten testi<\/li>\n<li>Bluetooth ve Wi-Fi se\u00e7enekleri<\/li>\n<li>Uzaktan kullan\u0131m i\u00e7in VIAVI Mobile Tech uygulamas\u0131<\/li>\n<\/ul>\n<p>&nbsp;<\/p>\n<p><strong>Di\u011fer \u00d6zellikleri<\/strong><\/p>\n<ul>\n<li>-120 dBm ile 0 dBm test aral\u0131\u011f\u0131<\/li>\n<li>+43 dBm al\u0131\u015f g\u00fcc\u00fc (20W)<\/li>\n<li>Spectrum Analyzer (6GHz)<\/li>\n<li>Vekt\u00f6r Network Analyzer (6GHz) (S11) (Hataya uzakl\u0131k DTF, SWR, Return Loss)<\/li>\n<li>AM, FM<\/li>\n<li>G\u00fc\u00e7 \u00f6l\u00e7\u00fcm\u00fc<\/li>\n<li>Frekansmetre<\/li>\n<li>Analog Mod\u00fclasyon \u00f6l\u00e7\u00fcmleri<\/li>\n<li>Ses ve Demod\u00fclasyon \u00d6l\u00e7\u00fcmleri (Distorsiyon, SINAD, S\/N, Ses frekans \u00f6l\u00e7\u00fcm\u00fc)<\/li>\n<li>Ses Analiz\u00f6r\u00fc<\/li>\n<li>Ses Filitreleri<\/li>\n<li>Ses \u00dcreteci<\/li>\n<li>Osiloskop<\/li>\n<li>Python tabanl\u0131 Auto-Test altyap\u0131s\u0131 ile kendi kodunuzu yazarak otomatik test<\/li>\n<li>3+ saat pil<\/li>\n<li>5&#8243; dokunmatik renkli ekran<\/li>\n<li>MIL-PRF-28800F Class 2 ta\u015f\u0131nabilir pakette<\/li>\n<\/ul>\n<h3><\/h3>\n<p>&nbsp;<\/p>\n<h3>Bro\u015f\u00fcrler:<\/h3>\n<p><a href=\"https:\/\/www.viavisolutions.com\/en-us\/literature\/cx100-comxpert-communications-service-monitor-brochures-en.pdf\">CX100 ComXpert Haberle\u015fme Monit\u00f6r\u00fc<\/a><\/p>\n<p>&nbsp;<\/p>\n<h3>Data Sheetler:<\/h3>\n<p><a href=\"https:\/\/www.viavisolutions.com\/en-us\/literature\/cx100-comxpert-data-sheets-en.pdf\">CX100 ComXpert Data Sheet<\/a><\/p>\n","protected":false},"excerpt":{"rendered":"<p>Tezgah \u00fcst\u00fc cihazlar\u0131n pratik olmad\u0131\u011f\u0131 t\u00fcm uygulamalar i\u00e7in hafif, sa\u011flam, el tipi tam \u00f6zellikli bir radyo testi \u00e7\u00f6z\u00fcm\u00fc &nbsp; T\u00fcr\u00fcn\u00fcn ilk \u00f6rne\u011fi olan CX100, kullan\u0131c\u0131lara ola\u011fan\u00fcst\u00fc \u00e7al\u0131\u015fma performans\u0131 ile tam renkli, kullan\u0131m\u0131 kolay bir arabirim sunar. 6 GHz frekans aral\u0131\u011f\u0131, kablo ve anten analizi i\u00e7in&#8230;<\/p>\n","protected":false},"featured_media":1604,"template":"","meta":[],"product_brand":[],"product_cat":[68],"product_tag":[29,136,131,132,91,27,133],"class_list":{"0":"post-1603","1":"product","2":"type-product","3":"status-publish","4":"has-post-thumbnail","6":"product_cat-test-cihazi","7":"product_tag-analyzer","8":"product_tag-bluetooth","9":"product_tag-comm","10":"product_tag-radyo-testi","11":"product_tag-spectrum-analyzer","12":"product_tag-test","13":"product_tag-vector-network-analyzer","15":"first","16":"instock","17":"shipping-taxable","18":"product-type-simple"},"_links":{"self":[{"href":"https:\/\/orkoltd.com.tr\/ew\/wp-json\/wp\/v2\/product\/1603","targetHints":{"allow":["GET"]}}],"collection":[{"href":"https:\/\/orkoltd.com.tr\/ew\/wp-json\/wp\/v2\/product"}],"about":[{"href":"https:\/\/orkoltd.com.tr\/ew\/wp-json\/wp\/v2\/types\/product"}],"wp:featuredmedia":[{"embeddable":true,"href":"https:\/\/orkoltd.com.tr\/ew\/wp-json\/wp\/v2\/media\/1604"}],"wp:attachment":[{"href":"https:\/\/orkoltd.com.tr\/ew\/wp-json\/wp\/v2\/media?parent=1603"}],"wp:term":[{"taxonomy":"product_brand","embeddable":true,"href":"https:\/\/orkoltd.com.tr\/ew\/wp-json\/wp\/v2\/product_brand?post=1603"},{"taxonomy":"product_cat","embeddable":true,"href":"https:\/\/orkoltd.com.tr\/ew\/wp-json\/wp\/v2\/product_cat?post=1603"},{"taxonomy":"product_tag","embeddable":true,"href":"https:\/\/orkoltd.com.tr\/ew\/wp-json\/wp\/v2\/product_tag?post=1603"}],"curies":[{"name":"wp","href":"https:\/\/api.w.org\/{rel}","templated":true}]}}