{"id":1552,"date":"2022-07-04T13:37:16","date_gmt":"2022-07-04T10:37:16","guid":{"rendered":"https:\/\/orkoltd.com.tr\/ew\/?post_type=product&#038;p=1552"},"modified":"2022-07-04T17:23:40","modified_gmt":"2022-07-04T14:23:40","slug":"alt-9000-radyo-altimetre-test-seti","status":"publish","type":"product","link":"https:\/\/orkoltd.com.tr\/ew\/urun\/alt-9000-radyo-altimetre-test-seti\/","title":{"rendered":"ALT-9000 RADYO ALT\u0130METRE TEST SET\u0130"},"content":{"rendered":"<h5>Her t\u00fcr radyo altimetre test sistemini h\u0131zl\u0131 bir \u015fekilde test edin, sorunlar\u0131n\u0131 giderin<\/h5>\n<p>&nbsp;<\/p>\n<p>Radyo Altimetre (RADALT), zemine bir radyo frekans\u0131 (RF) sinyali g\u00f6ndererek (4.2 &#8211; 4.4 GHz) ve yans\u0131mas\u0131n\u0131 alarak u\u00e7a\u011f\u0131n arazi \u00fczerindeki y\u00fcksekli\u011fini \u00f6l\u00e7er. Geri d\u00f6n\u00fc\u015f sinyalinin olas\u0131 sahtecili\u011fini veya paraziti \u00f6nlemek i\u00e7in modern RADALT&#8217;lar daha karma\u015f\u0131k dalga bi\u00e7imleri kullan\u0131r ve ABD askeri u\u00e7aklar\u0131n\u0131n \u00e7o\u011fu bu modellere ge\u00e7irilmi\u015ftir. Ayr\u0131ca, 5G a\u011flar\u0131 C-bant frekanslar\u0131n\u0131 (3.7 &#8211; 3.98 GHz) kullanmaya ba\u015flad\u0131\u011f\u0131ndan, eski RADALT&#8217;lar gerekli parazit korumas\u0131ndan yoksun olabilir. Bu e\u011filimler, eski ve yeni RADALT t\u00fcrlerini ele almak ve u\u00e7u\u015f operasyonlar\u0131n\u0131 kesintiye u\u011fratabilecek sorunlar\u0131 belirlemek i\u00e7in h\u0131zl\u0131 yeniden teste olanak sa\u011flamak i\u00e7in g\u00fcncellenmi\u015f test teknolojisi ve prosed\u00fcrleri gerektirir.<\/p>\n<p>&nbsp;<\/p>\n<p>VIAVI ALT-9000, her t\u00fcr radyo altimetresiyle \u00e7al\u0131\u015fmas\u0131na izin vermek i\u00e7in fiber optik gecikmeyi kullanan ta\u015f\u0131nabilir bir test setidir. Komple RADALT sistemini test ederek operat\u00f6r\u00fcn sorunu anten, koaksiyel kablo, hat de\u011fi\u015ftirilebilir \u00fcnite (LRU) veya g\u00f6sterge ile yal\u0131tmas\u0131n\u0131 sa\u011flayarak sistem bile\u015fenlerinin gereksiz de\u011fi\u015ftirilmesini ortadan kald\u0131r\u0131r. ALT-9000, eksiksiz kapal\u0131 d\u00f6ng\u00fc sistem testleri ger\u00e7ekle\u015ftirir, u\u00e7u\u015f s\u0131ras\u0131ndaki ko\u015fullar\u0131 \u00e7o\u011falt\u0131r ve dinamik irtifa sim\u00fclasyonlar\u0131 i\u00e7in profiller olu\u015fturur. Kapsaml\u0131, verimli ve kullan\u0131c\u0131 dostu test s\u00fcreci, u\u00e7u\u015f sistemlerinin daha s\u0131k test edilmesini sa\u011flayarak kalk\u0131\u015f ar\u0131zalar\u0131n\u0131n maliyetini azalt\u0131r.<\/p>\n<p>&nbsp;<\/p>\n<p>\u00d6zetle, ALT-9000, D\u00fc\u015f\u00fck Kesi\u015fme Olas\u0131l\u0131\u011f\u0131 (LPI), Birle\u015fik \u0130rtifa Radar\u0131 Altimetresi (CARA) ve Yeni Nesil varyantlar\u0131 dahil olmak \u00fczere herhangi bir radyo altimetre sistemi format\u0131n\u0131 test etmek i\u00e7in ger\u00e7ek RF zaman gecikmesi ve yol kayb\u0131 modelleri ile irtifa sim\u00fclasyonlar\u0131 sa\u011flar.<\/p>\n<p>&nbsp;<\/p>\n<p>Grafik dokunmatik ekran aray\u00fcz\u00fc, a\u015fa\u011f\u0131dakileri i\u00e7eren parametrik \u00f6l\u00e7\u00fcmlerin kolay kontrollerini ve g\u00f6r\u00fcnt\u00fclenmesini sa\u011flar:<\/p>\n<ul>\n<li>TX G\u00fcc\u00fc<\/li>\n<li>TX Frekans\u0131*<\/li>\n<li>FM Sapmas\u0131*<\/li>\n<li>tarama h\u0131z\u0131*<\/li>\n<li>Darbe geni\u015fli\u011fi*<\/li>\n<li>PRF*<\/li>\n<\/ul>\n<p>&nbsp;<\/p>\n<h4>Ana \u00d6zellikleri<\/h4>\n<ul>\n<li><strong>Fiber optik<\/strong> gecikme hatt\u0131 tabanl\u0131 test seti, t\u00fcm radyo altimetre formatlar\u0131n\u0131 destekler<\/li>\n<li>U\u00e7u\u015f hatt\u0131 veya tezgah \u00fcst\u00fc kullan\u0131m i\u00e7in ta\u015f\u0131nabilir, sa\u011flamla\u015ft\u0131r\u0131lm\u0131\u015f muhafaza<\/li>\n<li>Pille \u00e7al\u0131\u015ft\u0131r\u0131abilir<\/li>\n<li>10 ft&#8217;lik ad\u0131mlarla 0* ft. ile 10.000 ft. aras\u0131ndaki statik irtifalar\u0131 sim\u00fcle eder (*minimum sim\u00fcle edilmi\u015f irtifa AID&#8217;ye ve test kablosu uzunlu\u011funa ba\u011fl\u0131d\u0131r)<\/li>\n<li>Nominal d\u00f6ng\u00fc kayb\u0131 de\u011ferinden +20 dB g\u00fc\u00e7 seviyesi ofseti<\/li>\n<li>Dokunmatik ekran \u00f6zelli\u011fi<\/li>\n<li>Anten kupl\u00f6rleri arac\u0131l\u0131\u011f\u0131yla UUT T\/R&#8217;ye veya kurulu sisteme do\u011frudan ba\u011flant\u0131<\/li>\n<\/ul>\n<p>&nbsp;<\/p>\n<p>*LRU teknolojisine ba\u011fl\u0131d\u0131r<\/p>\n<p>&nbsp;<\/p>\n<p>&nbsp;<\/p>\n<h3>Bro\u015f\u00fcrler<\/h3>\n<p><a href=\"https:\/\/www.viavisolutions.com\/en-us\/literature\/alt-9000-brochure-brochures-en.pdf\">ALT-9000 Bro\u015f\u00fcr\u00fc<\/a><\/p>\n<p>&nbsp;<\/p>\n<h3>Data Sheet<\/h3>\n<p><a href=\"https:\/\/www.viavisolutions.com\/en-us\/literature\/alt-9000-data-sheet-data-sheets-en.pdf\">ALT-9000 Data Sheet<\/a><\/p>\n<p>&nbsp;<\/p>\n<h3>Kullan\u0131c\u0131 K\u0131lavuzlar\u0131<\/h3>\n<p><a href=\"https:\/\/www.viavisolutions.com\/en-us\/literature\/alt-9000-radio-altimeter-test-set-getting-started-manual-manuals-user-guides-en.pdf\">ALT-9000 Radyo Altimetre Test Seti Ba\u015flang\u0131\u00e7 K\u0131lavuzu<\/a><\/p>\n<p><a href=\"https:\/\/www.viavisolutions.com\/en-us\/literature\/alt-9000-radio-altimeter-test-set-operation-manual-manuals-user-guides-en.pdf\">ALT-9000 Radyo Altimetre Test Seti Kullan\u0131c\u0131 K\u0131lavuzu<\/a><\/p>\n<p>&nbsp;<\/p>\n<h3>Se\u00e7im K\u0131lavuzu<\/h3>\n<p><a href=\"https:\/\/www.viavisolutions.com\/en-us\/literature\/viavi-avionics-test-equipment-catalog-selection-guides-en.pdf\">VIAVI Aviyonik Test Cihazlar\u0131 Katalo\u011fu<\/a><\/p>\n<p>&nbsp;<\/p>\n<h3>Uygulama Notlar\u0131 ve Yaz\u0131lar<\/h3>\n<p><a href=\"https:\/\/www.viavisolutions.com\/en-us\/literature\/setups-testing-5g-interference-radio-altimeters-application-notes-en.pdf\">Radyo altimetreleriyle 5G giri\u015fimini test etmek i\u00e7in kurulumlar<\/a><\/p>\n","protected":false},"excerpt":{"rendered":"<p>ALT-8000 FMCW \/ Darbeli Radyo Altimetre U\u00e7u\u015f Hatt\u0131 Test Seti<\/p>\n","protected":false},"featured_media":1553,"template":"","meta":[],"product_brand":[],"product_cat":[46,68],"product_tag":[78,77,69,26,42,76,28,27,32],"class_list":{"0":"post-1552","1":"product","2":"type-product","3":"status-publish","4":"has-post-thumbnail","6":"product_cat-aviyonik","7":"product_cat-test-cihazi","8":"product_tag-avionics","9":"product_tag-avionics-equipment","10":"product_tag-cw","11":"product_tag-diagnostic","12":"product_tag-fm","13":"product_tag-havacilik-elektronigi","14":"product_tag-radio","15":"product_tag-test","16":"product_tag-viavi","18":"first","19":"instock","20":"shipping-taxable","21":"product-type-simple"},"_links":{"self":[{"href":"https:\/\/orkoltd.com.tr\/ew\/wp-json\/wp\/v2\/product\/1552","targetHints":{"allow":["GET"]}}],"collection":[{"href":"https:\/\/orkoltd.com.tr\/ew\/wp-json\/wp\/v2\/product"}],"about":[{"href":"https:\/\/orkoltd.com.tr\/ew\/wp-json\/wp\/v2\/types\/product"}],"wp:featuredmedia":[{"embeddable":true,"href":"https:\/\/orkoltd.com.tr\/ew\/wp-json\/wp\/v2\/media\/1553"}],"wp:attachment":[{"href":"https:\/\/orkoltd.com.tr\/ew\/wp-json\/wp\/v2\/media?parent=1552"}],"wp:term":[{"taxonomy":"product_brand","embeddable":true,"href":"https:\/\/orkoltd.com.tr\/ew\/wp-json\/wp\/v2\/product_brand?post=1552"},{"taxonomy":"product_cat","embeddable":true,"href":"https:\/\/orkoltd.com.tr\/ew\/wp-json\/wp\/v2\/product_cat?post=1552"},{"taxonomy":"product_tag","embeddable":true,"href":"https:\/\/orkoltd.com.tr\/ew\/wp-json\/wp\/v2\/product_tag?post=1552"}],"curies":[{"name":"wp","href":"https:\/\/api.w.org\/{rel}","templated":true}]}}