{"id":1544,"date":"2022-07-01T12:58:36","date_gmt":"2022-07-01T09:58:36","guid":{"rendered":"https:\/\/orkoltd.com.tr\/ew\/?post_type=product&#038;p=1544"},"modified":"2022-07-04T14:25:09","modified_gmt":"2022-07-04T11:25:09","slug":"cx300-comxpert-haberlesme-monitoru","status":"publish","type":"product","link":"https:\/\/orkoltd.com.tr\/ew\/urun\/cx300-comxpert-haberlesme-monitoru\/","title":{"rendered":"CX300 ComXpert HABERLE\u015eME MON\u0130T\u00d6R\u00dc"},"content":{"rendered":"<h5>Ta\u015f\u0131nabilir telsizlerden karma\u015f\u0131k altyap\u0131ya ve geni\u015f bantl\u0131 a\u011flara kadar her \u015feyi test edebilen eksiksiz bir ileti\u015fim testi \u00e7\u00f6z\u00fcm\u00fc<\/h5>\n<p>&nbsp;<\/p>\n<p>CX300 ComXpert, g\u00fcn\u00fcm\u00fcz\u00fcn radyo teknisyenlerine en zorlu ihtiya\u00e7lar i\u00e7in, kullan\u0131m\u0131 kolay, kapsaml\u0131 bir ileti\u015fim hizmeti monit\u00f6r \u00e7\u00f6z\u00fcm\u00fcd\u00fcr. K\u00fc\u00e7\u00fck ve sa\u011flamla\u015ft\u0131r\u0131lm\u0131\u015f yap\u0131s\u0131 ile t\u00fcr\u00fcn\u00fcn tek \u00f6rne\u011fi CX300, sahada ta\u015f\u0131nabilir bir pakette laboratuvar s\u0131n\u0131f\u0131 \u00f6zellikleri sunar. CX300 ile tamamen yeni bir telsiz test deneyimi kazan\u0131n.<\/p>\n<p>&nbsp;<\/p>\n<p>CX300, yenilik\u00e7i bir kullan\u0131c\u0131 aray\u00fcz\u00fc ile b\u00fcy\u00fck renkli bir dokunmatik ekran sunar. Birden \u00e7ok sekme, ayarlar\u0131 yeniden y\u00fcklemek zorunda kalmadan test kurulumlar\u0131 aras\u0131nda an\u0131nda ge\u00e7i\u015f yapman\u0131z\u0131 sa\u011flar. Benzersiz kullan\u0131c\u0131 aray\u00fcz\u00fc, bir d\u00fc\u011fmeye basarak testler aras\u0131nda ge\u00e7i\u015f yapma \u00f6zelli\u011fi ile bir internet taray\u0131c\u0131s\u0131na benzer.<\/p>\n<p>&nbsp;<\/p>\n<p><img decoding=\"async\" class=\"\" src=\"https:\/\/orkoltd.com.tr\/ew\/wp-content\/uploads\/2022\/07\/CX300-Screen.png\" width=\"60%\" \/><\/p>\n<p>&nbsp;<\/p>\n<p>Kullan\u0131c\u0131 aray\u00fcz\u00fc ayr\u0131ca ak\u0131ll\u0131 renk kodlu saya\u00e7lar sa\u011flar. Bu saya\u00e7lar, dijital bir okuma sa\u011flarken, ibreli analog saya\u00e7lara benzer. Tek ve tamam\u0131 ge\u00e7ti \/ kald\u0131 i\u015faretleri, devam \/ devam etme ile testinizi daha da basitle\u015ftirir.<\/p>\n<p>&nbsp;<\/p>\n<p><img decoding=\"async\" class=\"\" src=\"https:\/\/orkoltd.com.tr\/ew\/wp-content\/uploads\/2022\/07\/CX300-AutoTest.png\" width=\"60%\" \/><\/p>\n<p>&nbsp;<\/p>\n<p>Efsanevi VIAVI otomatik test ve ayar uygulamalar\u0131 paketi, CX300&#8217;de bir se\u00e7enektir. D\u00fcnya \u00e7ap\u0131ndaki telsiz \u00fcreticileri ve servis merkezleri taraf\u0131ndan g\u00fcvenilen bu Otomatik Test uygulamalar\u0131, lider telsiz \u00fcreticilerinin bak\u0131m \u00f6zelliklerine uyan h\u0131zl\u0131, tekrarlanabilir, do\u011fru test ve ayarlar\u0131 ger\u00e7ekle\u015ftirir.<\/p>\n<p>VIAVI StrataSync ile hem normal hem de otomatik testlerin test sonu\u00e7lar\u0131n\u0131 kolayca kaydedebilir ve bunlara eri\u015febilirsiniz. StrataSync, d\u00fcnyan\u0131n her yerinden cihaz yap\u0131land\u0131rmas\u0131 ve test verisi y\u00f6netimi sa\u011flayan bulut tabanl\u0131 bir \u00e7\u00f6z\u00fcmd\u00fcr. CX300&#8217;e kablosuz teknolojinin eklenmesi ile test sonu\u00e7lar\u0131n\u0131 buluta y\u00fckleyerek veya test setinizi en son yaz\u0131l\u0131mla g\u00fcncelleyerek i\u015f y\u00fck\u00fcn\u00fcz\u00fc hafifletirsiniz.<\/p>\n<p>&nbsp;<\/p>\n<p>Apple App ve Google Play ma\u011fazalar\u0131nda bulunan \u00fccretsiz <strong>VIAVI Smart Access Anywhere<\/strong> Uygulamas\u0131, test setinin tam uzaktan kontrol\u00fcn\u00fc sa\u011flar.<\/p>\n<p>&nbsp;<\/p>\n<p>&nbsp;<\/p>\n<p><strong>\u00d6zellikleri<\/strong><\/p>\n<ul>\n<li>100 kHz ila 6 GHz frekans aral\u0131\u011f\u0131<\/li>\n<li>\u0130nternet taray\u0131c\u0131s\u0131na benzer \u00e7ok sekmeli kullan\u0131c\u0131 aray\u00fcz\u00fc<\/li>\n<li>Bir bak\u0131\u015fta test do\u011frulamas\u0131 i\u00e7in ak\u0131ll\u0131 renk kodlu \u00f6l\u00e7\u00fcm ara\u00e7lar\u0131<\/li>\n<li>T\u00fcm bilinen LMR ve PMR telsizleri i\u00e7in VIAVI Otomatik Test uygulamalar\u0131<\/li>\n<li>VIAVI StrataSync entegrasyonu, cihaz, yap\u0131land\u0131rma ve test verileri y\u00f6netimi<\/li>\n<li>Smart Access Anywhere ile Windows, Android ve iOS kullanarak test setini uzaktan kontrol edin<\/li>\n<li>Kolay kablo ve anten testi \u00e7ift ba\u011flant\u0131l\u0131 Vekt\u00f6r Network Analiz\u00f6r\u00fc (Yak\u0131nda)<\/li>\n<\/ul>\n<p>&nbsp;<\/p>\n<h3>Bro\u015f\u00fcrler:<\/h3>\n<p><a href=\"https:\/\/www.viavisolutions.com\/en-us\/literature\/cx300-comxpert-communications-service-monitor-brochures-en.pdf\">CX300 ComXpert Haberle\u015fme Monit\u00f6r\u00fc<\/a><\/p>\n<p><a href=\"https:\/\/www.viavisolutions.com\/en-us\/literature\/cx300-comxpert-communications-service-monitor-flyer-brochures-en.pdf\">CX300 ComXpert Haberle\u015fme Monit\u00f6r\u00fc \u0130lan\u0131<\/a><\/p>\n<p>&nbsp;<\/p>\n<h3>Data Sheetler:<\/h3>\n<p><a href=\"https:\/\/www.viavisolutions.com\/en-us\/literature\/cx300-comxpert-communications-service-monitor-data-sheets-en.pdf\">CX300 ComXpert Haberle\u015fme Monit\u00f6r\u00fc Data Sheet<\/a><\/p>\n<p>&nbsp;<\/p>\n<h3>Kullan\u0131m K\u0131lavuzlar\u0131:<\/h3>\n<p><a href=\"https:\/\/www.viavisolutions.com\/en-us\/literature\/cx300-operations-manual-manuals-user-guides-en.pdf\">CX300 Kullanma K\u0131lavuzu<\/a><\/p>\n<p><a href=\"https:\/\/www.viavisolutions.com\/en-us\/literature\/cx300-p25-option-guide-manuals-user-guides-en.pdf\">CX300 P25 Opsiyonu K\u0131lavuzu<\/a><\/p>\n<p>&nbsp;<\/p>\n<h3>Videolar:<\/h3>\n<p><a href=\"https:\/\/players.brightcove.net\/4303072874001\/edLV5O1EC_default\/index.html?videoId=1735912572980153904&amp;language=en\">CX300 Otomatik Test Uygulamas\u0131<\/a><\/p>\n<p><a href=\"https:\/\/players.brightcove.net\/4303072874001\/edLV5O1EC_default\/index.html?videoId=1735909658336241829&amp;language=en\">CX300 kullanarak Test Kablosu Kayb\u0131 nas\u0131l \u00f6l\u00e7\u00fcl\u00fcr<\/a><\/p>\n<p><a href=\"https:\/\/players.brightcove.net\/4303072874001\/edLV5O1EC_default\/index.html?videoId=1713718297073995702&amp;language=en\">CX300 ComXpert Haberle\u015fme Monit\u00f6r\u00fc Tan\u0131t\u0131m\u0131<\/a><\/p>\n<p><a href=\"https:\/\/players.brightcove.net\/4303072874001\/edLV5O1EC_default\/index.html?videoId=1735911407366388785&amp;language=en\">CX300 ile Hassas G\u00fc\u00e7 \u00d6l\u00e7\u00fcm\u00fc Metodlar\u0131<\/a><\/p>\n<p><a href=\"https:\/\/players.brightcove.net\/4303072874001\/edLV5O1EC_default\/index.html?videoId=1714331765774933325&amp;language=en\">CX300 Grafik Ekran\u0131 Aray\u00fcz\u00fc Ayarlar\u0131<\/a><\/p>\n","protected":false},"excerpt":{"rendered":"<p>Ta\u015f\u0131nabilir telsizlerden karma\u015f\u0131k altyap\u0131ya ve geni\u015f bantl\u0131 a\u011flara kadar her \u015feyi test edebilen eksiksiz bir ileti\u015fim testi \u00e7\u00f6z\u00fcm\u00fc &nbsp; CX300 ComXpert, g\u00fcn\u00fcm\u00fcz\u00fcn radyo teknisyenlerine en zorlu ihtiya\u00e7lar i\u00e7in, kullan\u0131m\u0131 kolay, kapsaml\u0131 bir ileti\u015fim hizmeti monit\u00f6r \u00e7\u00f6z\u00fcm\u00fcd\u00fcr. K\u00fc\u00e7\u00fck ve sa\u011flamla\u015ft\u0131r\u0131lm\u0131\u015f yap\u0131s\u0131 ile t\u00fcr\u00fcn\u00fcn tek \u00f6rne\u011fi CX300,&#8230;<\/p>\n","protected":false},"featured_media":1545,"template":"","meta":[],"product_brand":[],"product_cat":[68],"product_tag":[29,126,136,131,33,84,125,34,38,132,91,134,27,36,135,133],"class_list":{"0":"post-1544","1":"product","2":"type-product","3":"status-publish","4":"has-post-thumbnail","6":"product_cat-test-cihazi","7":"product_tag-analyzer","8":"product_tag-android","9":"product_tag-bluetooth","10":"product_tag-comm","11":"product_tag-dmr","12":"product_tag-gps","13":"product_tag-ios","14":"product_tag-nxdn","15":"product_tag-p25","16":"product_tag-radyo-testi","17":"product_tag-spectrum-analyzer","18":"product_tag-stratasync","19":"product_tag-test","20":"product_tag-tetra","21":"product_tag-tracking-generator","22":"product_tag-vector-network-analyzer","24":"first","25":"instock","26":"shipping-taxable","27":"product-type-simple"},"_links":{"self":[{"href":"https:\/\/orkoltd.com.tr\/ew\/wp-json\/wp\/v2\/product\/1544","targetHints":{"allow":["GET"]}}],"collection":[{"href":"https:\/\/orkoltd.com.tr\/ew\/wp-json\/wp\/v2\/product"}],"about":[{"href":"https:\/\/orkoltd.com.tr\/ew\/wp-json\/wp\/v2\/types\/product"}],"wp:featuredmedia":[{"embeddable":true,"href":"https:\/\/orkoltd.com.tr\/ew\/wp-json\/wp\/v2\/media\/1545"}],"wp:attachment":[{"href":"https:\/\/orkoltd.com.tr\/ew\/wp-json\/wp\/v2\/media?parent=1544"}],"wp:term":[{"taxonomy":"product_brand","embeddable":true,"href":"https:\/\/orkoltd.com.tr\/ew\/wp-json\/wp\/v2\/product_brand?post=1544"},{"taxonomy":"product_cat","embeddable":true,"href":"https:\/\/orkoltd.com.tr\/ew\/wp-json\/wp\/v2\/product_cat?post=1544"},{"taxonomy":"product_tag","embeddable":true,"href":"https:\/\/orkoltd.com.tr\/ew\/wp-json\/wp\/v2\/product_tag?post=1544"}],"curies":[{"name":"wp","href":"https:\/\/api.w.org\/{rel}","templated":true}]}}