{"id":1525,"date":"2021-06-22T17:26:07","date_gmt":"2021-06-22T14:26:07","guid":{"rendered":"https:\/\/orkoltd.com.tr\/ew\/?post_type=product&#038;p=1525"},"modified":"2026-02-12T13:38:35","modified_gmt":"2026-02-12T10:38:35","slug":"avx-10k-ucus-hatti-test-seti","status":"publish","type":"product","link":"https:\/\/orkoltd.com.tr\/ew\/urun\/avx-10k-ucus-hatti-test-seti\/","title":{"rendered":"AVX-10K U\u00c7U\u015e HATTI TEST SET\u0130"},"content":{"rendered":"<p>VIAVI&#8217;den AVX-10K, g\u00fcn\u00fcm\u00fcz\u00fcn Aviyonik Teknisyenlerinin zorunlu g\u00fcnl\u00fck test ihtiyac\u0131n\u0131 kar\u015f\u0131lamak i\u00e7in kullan\u0131m\u0131 kolay \u00a0kapsaml\u0131 bir u\u00e7u\u015f hatt\u0131 test \u00e7\u00f6z\u00fcm\u00fcd\u00fcr. Sekt\u00f6rde iyi bilinen IFR4000 ve IFR6000 \u00f6zellikleri tek bir cihazda toplanm\u0131\u015ft\u0131r.<\/p>\n<p>&nbsp;<\/p>\n<p>U\u00e7u\u015f s\u0131ras\u0131nda h\u0131zl\u0131 bir otomatik testten, derinlemesine sorunu gidermeye kadar, t\u00fcm testleri mobil cihaz\u0131n\u0131z ve VIAVI Mobile Tech App kullan\u0131larak u\u00e7a\u011f\u0131n i\u00e7inde ve \u00e7evresinde rahatl\u0131kla yapabilirsiniz.<\/p>\n<p>&nbsp;<\/p>\n<p>USB, Ethernet ve kablosuz aray\u00fcz \u00fczerinden aktar\u0131labilen, kolay kurulum, h\u0131zl\u0131 test ve raporlama, t\u00fcm\u00fc modern bir kullan\u0131c\u0131 arabiriminden veya VIAVI Solutions Mobile Tech Uygulamas\u0131ndan yap\u0131labilir. Kullan\u0131c\u0131lar Mobile Tech Uygulamas\u0131 ile teknik belgelere ve videolara eri\u015febilir veya i\u015f ak\u0131\u015f\u0131 y\u00f6netimi uygulayabilir.<\/p>\n<p>&nbsp;<\/p>\n<p>Yakla\u015f\u0131k 50 y\u0131ll\u0131k \u00fcst\u00fcn aviyonik test setleri \u00fcretimi tecr\u00fcbesine dayanan AVX-10K, \u00f6zel yaz\u0131l\u0131m uygulamalar\u0131yla u\u00e7u\u015f s\u0131ras\u0131nda kablosuz yap\u0131lan h\u0131zl\u0131 bir\u00e7ok otomatik testi ger\u00e7ekle\u015ftirebilen ve derinlemesine sorun giderme sa\u011flayabilen kompakt, dayan\u0131kl\u0131 bir test cihaz\u0131d\u0131r.<\/p>\n<p>&nbsp;<\/p>\n<h4>AVX-10K ile yap\u0131labilen testler:<\/h4>\n<table width=\"100%\">\n<tbody>\n<tr align=\"left\">\n<td width=\"20%\"><strong>Haberle\u015fme<\/strong><\/td>\n<td width=\"30%\"><strong>Navigasyon<\/strong><\/td>\n<td width=\"30%\"><strong>G\u00f6zetim<\/strong><\/td>\n<td width=\"20%\"><strong>Di\u011fer Testler<\/strong><\/td>\n<\/tr>\n<tr>\n<td style=\"vertical-align: top;\">\n<div>\n<ul>\n<li style=\"text-align: left;\">AM\/FM<\/li>\n<li style=\"text-align: left;\">HF<\/li>\n<li style=\"text-align: left;\">VHF<\/li>\n<li style=\"text-align: left;\">UHF<\/li>\n<li style=\"text-align: left;\">SSB<\/li>\n<li style=\"text-align: left;\">SELCAL<\/li>\n<\/ul>\n<\/div>\n<\/td>\n<td style=\"vertical-align: top;\">\n<ul>\n<li style=\"text-align: left;\">VOR<\/li>\n<li style=\"text-align: left;\">DME<\/li>\n<li style=\"text-align: left;\">ILS (LOC,\u00a0GS,\u00a0MB)<\/li>\n<li style=\"text-align: left;\">ELT 121.5 \/ 243 \/ 406MHz<\/li>\n<\/ul>\n<\/td>\n<td style=\"vertical-align: top;\">\n<ul>\n<li style=\"text-align: left;\">ATCRBS Mode A<\/li>\n<li style=\"text-align: left;\">ATCRBS Mode C<\/li>\n<li style=\"text-align: left;\">Mode S<\/li>\n<li style=\"text-align: left;\">ADS-B<\/li>\n<li style=\"text-align: left;\">GICB<\/li>\n<li style=\"text-align: left;\">UAT<\/li>\n<li style=\"text-align: left;\">FIS-B<\/li>\n<li style=\"text-align: left;\">Traffic (Hedeften)\n<ul>\n<li>ADS-B<\/li>\n<li>ADS-R<\/li>\n<li>TIS-B<\/li>\n<li>UAT<\/li>\n<\/ul>\n<\/li>\n<li style=\"text-align: left;\">TCAS I<\/li>\n<li style=\"text-align: left;\">TCAS II<\/li>\n<li style=\"text-align: left;\">TAS<\/li>\n<\/ul>\n<\/td>\n<td valign=\"top\">\n<ul>\n<li style=\"text-align: left;\">VSWR<\/li>\n<li style=\"text-align: left;\">DTF<\/li>\n<\/ul>\n<\/td>\n<\/tr>\n<\/tbody>\n<\/table>\n<p>&nbsp;<\/p>\n<p><strong>\u00d6zellikleri<\/strong><\/p>\n<ul>\n<li>Yap\u0131land\u0131r\u0131labilir test \u00f6zelli\u011fi<\/li>\n<li>Sezgisel kullan\u0131c\u0131 aray\u00fcz\u00fc<\/li>\n<li>Yaz\u0131l\u0131m tan\u0131ml\u0131 uygulamalar<\/li>\n<li>Uzaktan \u00e7al\u0131\u015ft\u0131rma<\/li>\n<li>Android\u2122 ve iOS\u00ae uyumlu<\/li>\n<li>K\u0131lavuzlu Test<\/li>\n<li>Dahili GPS al\u0131c\u0131s\u0131<\/li>\n<li>Uluslararas\u0131 test konfig\u00fcrasyonlar\u0131<\/li>\n<\/ul>\n<p>&nbsp;<\/p>\n<p><strong>Faydalar\u0131<\/strong><\/p>\n<ul>\n<li>Sadece ihtiyac\u0131n\u0131z olan test se\u00e7eneklerini sat\u0131n al\u0131n, sonra isterseniz ekleyin<\/li>\n<li>Zaman kazand\u0131ran kullan\u0131m kolayl\u0131\u011f\u0131<\/li>\n<li>Gelecekteki uygulamalarla kolayca g\u00fcncellenebilir<\/li>\n<li>Mobil cihaz\u0131n\u0131zdan u\u00e7a\u011f\u0131n i\u00e7inde ve \u00e7evresinde rahat\u00e7a test edin<\/li>\n<li>Sonra kullanmak \u00fczere kaydedilmi\u015f test dizilerini geri \u00e7a\u011f\u0131rma<\/li>\n<li>ADS-B testi i\u00e7in do\u011fru konum verileri sa\u011flar<\/li>\n<li>D\u00fcnya \u00e7ap\u0131nda mevzuat gereklilikleriyle uyumlu<\/li>\n<\/ul>\n<p>&nbsp;<\/p>\n<p>Renkli dokunmatik ekran basit test kontrolu ve kolay okunan test sonu\u00e7lar\u0131 sa\u011flar:<\/p>\n<p><img fetchpriority=\"high\" decoding=\"async\" class=\" wp-image-1531 alignleft\" src=\"https:\/\/orkoltd.com.tr\/ew\/wp-content\/uploads\/2021\/06\/AVX-10K-Screens-300x161.png\" alt=\"\" width=\"423\" height=\"227\" srcset=\"https:\/\/orkoltd.com.tr\/ew\/wp-content\/uploads\/2021\/06\/AVX-10K-Screens-300x161.png 300w, https:\/\/orkoltd.com.tr\/ew\/wp-content\/uploads\/2021\/06\/AVX-10K-Screens-1024x551.png 1024w, https:\/\/orkoltd.com.tr\/ew\/wp-content\/uploads\/2021\/06\/AVX-10K-Screens-768x413.png 768w, https:\/\/orkoltd.com.tr\/ew\/wp-content\/uploads\/2021\/06\/AVX-10K-Screens-1536x827.png 1536w, https:\/\/orkoltd.com.tr\/ew\/wp-content\/uploads\/2021\/06\/AVX-10K-Screens-700x377.png 700w, https:\/\/orkoltd.com.tr\/ew\/wp-content\/uploads\/2021\/06\/AVX-10K-Screens-1100x592.png 1100w, https:\/\/orkoltd.com.tr\/ew\/wp-content\/uploads\/2021\/06\/AVX-10K-Screens-600x323.png 600w, https:\/\/orkoltd.com.tr\/ew\/wp-content\/uploads\/2021\/06\/AVX-10K-Screens.png 1598w\" sizes=\"(max-width: 423px) 100vw, 423px\" \/><\/p>\n<p>&nbsp;<\/p>\n<p>&nbsp;<\/p>\n<p>&nbsp;<\/p>\n<p>&nbsp;<\/p>\n<p>&nbsp;<\/p>\n<p>&nbsp;<\/p>\n<p>&nbsp;<\/p>\n<p>&nbsp;<\/p>\n<p><img decoding=\"async\" class=\"size-medium wp-image-1530 alignleft\" src=\"https:\/\/orkoltd.com.tr\/ew\/wp-content\/uploads\/2021\/06\/AVX-10K-Antenna-Coupler-300x184.png\" alt=\"\" width=\"300\" height=\"184\" srcset=\"https:\/\/orkoltd.com.tr\/ew\/wp-content\/uploads\/2021\/06\/AVX-10K-Antenna-Coupler-300x184.png 300w, https:\/\/orkoltd.com.tr\/ew\/wp-content\/uploads\/2021\/06\/AVX-10K-Antenna-Coupler.png 393w\" sizes=\"(max-width: 300px) 100vw, 300px\" \/><\/p>\n<p>&nbsp;<\/p>\n<p>UC-584 ve TC-201A anten kupl\u00f6rleri ile RF s\u0131z\u0131nt\u0131s\u0131n\u0131 azalt\u0131r, test s\u0131ras\u0131ndaki yanl\u0131\u015f sinyalleri engeller.<\/p>\n<p>&nbsp;<\/p>\n<p>&nbsp;<\/p>\n<p>&nbsp;<\/p>\n<p>&nbsp;<\/p>\n<h4><strong>Sipari\u015f Bilgileri <\/strong>( \u25a0\u00a0Standart \u00fcr\u00fcn, di\u011fer \u00fcr\u00fcnler opsiyondur)<\/h4>\n<p>&nbsp;<\/p>\n<p>&nbsp;<\/p>\n<table style=\"width: 100%; border: 1px solid #456789; padding: 0px; border-collapse: collapse;\">\n<tbody>\n<tr>\n<th style=\"width=20%; border: 1px solid; background-color: #e6e6e6;\"><strong>Katalog Numaras\u0131<\/strong><\/th>\n<th style=\"width=40%; border: 1px solid; background-color: #e6e6e6;\"><strong>\u00dcr\u00fcn A\u00e7\u0131klamas\u0131<\/strong><\/th>\n<th style=\"width=10%; border: 1px solid; background-color: #e6e6e6;\"><strong>AVX-10K-FLTS<\/strong><\/th>\n<th style=\"width=10%; border: 1px solid; background-color: #e6e6e6;\"><strong>AVX-10K-NAV<\/strong><\/th>\n<th style=\"width=10%; border: 1px solid; background-color: #e6e6e6;\"><strong>AVX-10K-SVLC<\/strong><\/th>\n<th style=\"width=10%; border: 1px solid; background-color: #e6e6e6;\"><strong>AVX-10K-CNS<\/strong><\/th>\n<\/tr>\n<tr>\n<td style=\"text-align: left; border: 1px solid;\">AVX-10K<\/td>\n<td style=\"text-align: left; border: 1px solid;\">AVX-10K Cihaz\u0131<\/td>\n<td style=\"text-align: center; border: 1px solid;\">\u25a0<\/td>\n<td style=\"text-align: center; border: 1px solid;\">\u25a0<\/td>\n<td style=\"text-align: center; border: 1px solid;\">\u25a0<\/td>\n<td style=\"text-align: center; border: 1px solid;\">\u25a0<\/td>\n<\/tr>\n<tr>\n<td style=\"text-align: left; border: 1px solid;\">AC10K-PWRADPTR<\/td>\n<td style=\"text-align: left; border: 1px solid;\">AC\/DC G\u00fc\u00e7 Adapt\u00f6r\u00fc<\/td>\n<td style=\"text-align: center; border: 1px solid;\">\u25a0<\/td>\n<td style=\"text-align: center; border: 1px solid;\">\u25a0<\/td>\n<td style=\"text-align: center; border: 1px solid;\">\u25a0<\/td>\n<td style=\"text-align: center; border: 1px solid;\">\u25a0<\/td>\n<\/tr>\n<tr>\n<td style=\"text-align: left; border: 1px solid;\">AC10K-HANDSTRAP<\/td>\n<td style=\"text-align: left; border: 1px solid;\">El Ask\u0131s\u0131<\/td>\n<td style=\"text-align: center; border: 1px solid;\">\u25a0<\/td>\n<td style=\"text-align: center; border: 1px solid;\">\u25a0<\/td>\n<td style=\"text-align: center; border: 1px solid;\">\u25a0<\/td>\n<td style=\"text-align: center; border: 1px solid;\">\u25a0<\/td>\n<\/tr>\n<tr>\n<td style=\"text-align: left; border: 1px solid;\">AC10K-OPSMNL<\/td>\n<td style=\"text-align: left; border: 1px solid;\">Kullan\u0131m K\u0131lavuzu<\/td>\n<td style=\"text-align: center; border: 1px solid;\">\u25a0<\/td>\n<td style=\"text-align: center; border: 1px solid;\">\u25a0<\/td>\n<td style=\"text-align: center; border: 1px solid;\">\u25a0<\/td>\n<td style=\"text-align: center; border: 1px solid;\">\u25a0<\/td>\n<\/tr>\n<tr>\n<td style=\"text-align: left; border: 1px solid;\">AC10K-QSGUIDE<\/td>\n<td style=\"text-align: left; border: 1px solid;\">H\u0131zl\u0131 Kullan\u0131m K\u0131lavuzu<\/td>\n<td style=\"text-align: center; border: 1px solid;\">\u25a0<\/td>\n<td style=\"text-align: center; border: 1px solid;\">\u25a0<\/td>\n<td style=\"text-align: center; border: 1px solid;\">\u25a0<\/td>\n<td style=\"text-align: center; border: 1px solid;\">\u25a0<\/td>\n<\/tr>\n<tr>\n<td style=\"text-align: left; border: 1px solid;\">AC10K-TRANCASE<\/td>\n<td style=\"text-align: left; border: 1px solid;\">Sert Ta\u015f\u0131ma \u00c7antas\u0131<\/td>\n<td style=\"text-align: center; border: 1px solid;\"><\/td>\n<td style=\"text-align: center; border: 1px solid;\">\u25a0<\/td>\n<td style=\"text-align: center; border: 1px solid;\">\u25a0<\/td>\n<td style=\"text-align: center; border: 1px solid;\">\u25a0<\/td>\n<\/tr>\n<tr>\n<td style=\"text-align: left; border: 1px solid;\">AC10K-ADPTRKIT<\/td>\n<td style=\"text-align: left; border: 1px solid;\">Adapt\u00f6r Kiti, DTF\/SWR i\u00e7in Y\u00fck\/K\u0131sa Devre<\/td>\n<td style=\"text-align: center; border: 1px solid;\"><\/td>\n<td style=\"text-align: center; border: 1px solid;\">\u25a0<\/td>\n<td style=\"text-align: center; border: 1px solid;\">\u25a0<\/td>\n<td style=\"text-align: center; border: 1px solid;\">\u25a0<\/td>\n<\/tr>\n<tr>\n<td style=\"text-align: left; border: 1px solid;\">AC10K-ANT-ILS<\/td>\n<td style=\"text-align: left; border: 1px solid;\">VOR, ILS Anteni<\/td>\n<td style=\"text-align: center; border: 1px solid;\"><\/td>\n<td style=\"text-align: center; border: 1px solid;\">\u25a0<\/td>\n<td style=\"text-align: center; border: 1px solid;\"><\/td>\n<td style=\"text-align: center; border: 1px solid;\">\u25a0<\/td>\n<\/tr>\n<tr>\n<td style=\"text-align: left; border: 1px solid;\">AC10K-ANT-MB<\/td>\n<td style=\"text-align: left; border: 1px solid;\">Marker Beacon Anteni<\/td>\n<td style=\"text-align: center; border: 1px solid;\"><\/td>\n<td style=\"text-align: center; border: 1px solid;\">\u25a0<\/td>\n<td style=\"text-align: center; border: 1px solid;\"><\/td>\n<td style=\"text-align: center; border: 1px solid;\">\u25a0<\/td>\n<\/tr>\n<tr>\n<td style=\"text-align: left; border: 1px solid;\">AC10K-CBL6FT<\/td>\n<td style=\"text-align: left; border: 1px solid;\">6&#8242; Coax Kablo<\/td>\n<td style=\"text-align: center; border: 1px solid;\"><\/td>\n<td style=\"text-align: center; border: 1px solid;\">\u25a0<\/td>\n<td style=\"text-align: center; border: 1px solid;\">\u25a0<\/td>\n<td style=\"text-align: center; border: 1px solid;\">\u25a0<\/td>\n<\/tr>\n<tr>\n<td style=\"text-align: left; border: 1px solid;\">AC10K-ANT-FPANT<\/td>\n<td style=\"text-align: left; border: 1px solid;\">D\u00fcz Panel RF Anteni, 1&#8242; Kablosu ile<\/td>\n<td style=\"text-align: center; border: 1px solid;\"><\/td>\n<td style=\"text-align: center; border: 1px solid;\"><\/td>\n<td style=\"text-align: center; border: 1px solid;\">\u25a0<\/td>\n<td style=\"text-align: center; border: 1px solid;\">\u25a0<\/td>\n<\/tr>\n<tr>\n<td style=\"text-align: left; border: 1px solid;\">UC-584<\/td>\n<td style=\"text-align: left; border: 1px solid;\">Anten Kupl\u00f6r\u00fc, 25&#8242; Kablosu ile<\/td>\n<td style=\"text-align: center; border: 1px solid;\"><\/td>\n<td style=\"text-align: center; border: 1px solid;\"><\/td>\n<td style=\"text-align: center; border: 1px solid;\"><\/td>\n<td style=\"text-align: center; border: 1px solid;\">\u25a0<\/td>\n<\/tr>\n<tr>\n<td style=\"text-align: left; border: 1px solid;\">UC-584S<\/td>\n<td style=\"text-align: left; border: 1px solid;\">Anten Kupl\u00f6r\u00fc, 25&#8242; Kablosu ile<\/td>\n<td style=\"text-align: center; border: 1px solid;\"><\/td>\n<td style=\"text-align: center; border: 1px solid;\"><\/td>\n<td style=\"text-align: center; border: 1px solid;\"><\/td>\n<td style=\"text-align: center; border: 1px solid;\">\u25a0<\/td>\n<\/tr>\n<tr>\n<th style=\"text-align: left; border: 1px solid; background-color: #e6e6e6;\"><strong>Yaz\u0131l\u0131m Opsiyonlar\u0131<\/strong><\/th>\n<th style=\"text-align: left; border: 1px solid; background-color: #e6e6e6;\"><strong>Test Yetene\u011fi<\/strong><\/th>\n<th style=\"text-align: center; border: 1px solid; background-color: #e6e6e6;\"><\/th>\n<th style=\"text-align: center; border: 1px solid; background-color: #e6e6e6;\"><\/th>\n<th style=\"text-align: center; border: 1px solid; background-color: #e6e6e6;\"><\/th>\n<th style=\"text-align: center; border: 1px solid; background-color: #e6e6e6;\"><\/th>\n<\/tr>\n<tr>\n<td style=\"text-align: left; border: 1px solid;\">AVX-10K-SXPDR<\/td>\n<td style=\"text-align: left; border: 1px solid;\">Transponder Modlar\u0131 A,C,S<\/td>\n<td style=\"text-align: center; border: 1px solid;\"><\/td>\n<td style=\"text-align: center; border: 1px solid;\"><\/td>\n<td style=\"text-align: center; border: 1px solid;\">\u25a0<\/td>\n<td style=\"text-align: center; border: 1px solid;\">\u25a0<\/td>\n<\/tr>\n<tr>\n<td style=\"text-align: left; border: 1px solid;\">AVX-10K-SADSB<\/td>\n<td style=\"text-align: left; border: 1px solid;\">ADS-B-In\/Out\/GICB\/Target Gen\/FIS-B<\/td>\n<td style=\"text-align: center; border: 1px solid;\"><\/td>\n<td style=\"text-align: center; border: 1px solid;\"><\/td>\n<td style=\"text-align: center; border: 1px solid;\">\u25a0<\/td>\n<td style=\"text-align: center; border: 1px solid;\">\u25a0<\/td>\n<\/tr>\n<tr>\n<td style=\"text-align: left; border: 1px solid;\">AVX-10K-STCAS<\/td>\n<td style=\"text-align: left; border: 1px solid;\">TCAS I\/II<\/td>\n<td style=\"text-align: center; border: 1px solid;\"><\/td>\n<td style=\"text-align: center; border: 1px solid;\"><\/td>\n<td style=\"text-align: center; border: 1px solid;\"><\/td>\n<td style=\"text-align: center; border: 1px solid;\"><\/td>\n<\/tr>\n<tr>\n<td style=\"text-align: left; border: 1px solid;\">AVX-10K-DME<\/td>\n<td style=\"text-align: left; border: 1px solid;\">DME<\/td>\n<td style=\"text-align: center; border: 1px solid;\"><\/td>\n<td style=\"text-align: center; border: 1px solid;\">\u25a0<\/td>\n<td style=\"text-align: center; border: 1px solid;\">\u25a0<\/td>\n<td style=\"text-align: center; border: 1px solid;\">\u25a0<\/td>\n<\/tr>\n<tr>\n<td style=\"text-align: left; border: 1px solid;\">AVX-10K-SUAT<\/td>\n<td style=\"text-align: left; border: 1px solid;\">UAT In\/Out<\/td>\n<td style=\"text-align: center; border: 1px solid;\"><\/td>\n<td style=\"text-align: center; border: 1px solid;\"><\/td>\n<td style=\"text-align: center; border: 1px solid;\"><\/td>\n<td style=\"text-align: center; border: 1px solid;\"><\/td>\n<\/tr>\n<tr>\n<td style=\"text-align: left; border: 1px solid;\">AVX-10K-SNAV<\/td>\n<td style=\"text-align: left; border: 1px solid;\">Navigasyon (ILS\/MB\/VOR)<\/td>\n<td style=\"text-align: center; border: 1px solid;\"><\/td>\n<td style=\"text-align: center; border: 1px solid;\">\u25a0<\/td>\n<td style=\"text-align: center; border: 1px solid;\"><\/td>\n<td style=\"text-align: center; border: 1px solid;\">\u25a0<\/td>\n<\/tr>\n<tr>\n<td style=\"text-align: left; border: 1px solid;\">AVX-10K-SELT<\/td>\n<td style=\"text-align: left; border: 1px solid;\">ELT 121.5\/243\/406MHz<\/td>\n<td style=\"text-align: center; border: 1px solid;\"><\/td>\n<td style=\"text-align: center; border: 1px solid;\"><\/td>\n<td style=\"text-align: center; border: 1px solid;\"><\/td>\n<td style=\"text-align: center; border: 1px solid;\"><\/td>\n<\/tr>\n<tr>\n<td style=\"text-align: left; border: 1px solid;\">AVX-10K-SCOM<\/td>\n<td style=\"text-align: left; border: 1px solid;\">Radyo Test AM\/FM (Comms)<\/td>\n<td style=\"text-align: center; border: 1px solid;\"><\/td>\n<td style=\"text-align: center; border: 1px solid;\">\u25a0<\/td>\n<td style=\"text-align: center; border: 1px solid;\"><\/td>\n<td style=\"text-align: center; border: 1px solid;\">\u25a0<\/td>\n<\/tr>\n<\/tbody>\n<\/table>\n<p>&nbsp;<\/p>\n<h3>Bro\u015f\u00fcrler<\/h3>\n<p><a href=\"https:\/\/www.viavisolutions.com\/en-us\/literature\/avx-10k-flight-line-test-set-brochures-en.pdf\">AVX-10K U\u00e7u\u015f Hatt\u0131 Test Seti<\/a><\/p>\n<p>&nbsp;<\/p>\n<h3>Data Sheetler<\/h3>\n<p><a href=\"https:\/\/www.viavisolutions.com\/en-us\/literature\/avx-10k-data-sheet-data-sheets-en.pdf\">AVX-10K Data Sheet<\/a><\/p>\n<p>&nbsp;<\/p>\n<h3>Kullan\u0131m K\u0131lavuzlar\u0131<\/h3>\n<p><a href=\"https:\/\/www.viavisolutions.com\/en-us\/literature\/avx-10k-getting-started-guide-manuals-user-guides-en.pdf\">AVX-10K Ba\u015flang\u0131\u00e7 K\u0131lavuzu<\/a><\/p>\n<p><a href=\"https:\/\/www.viavisolutions.com\/en-us\/literature\/avx-10k-operations-manual-manuals-user-guides-en.pdf\">AVX-10K Kullan\u0131m K\u0131lavuzu<\/a><\/p>\n<p>&nbsp;<\/p>\n<h3>Se\u00e7im K\u0131lavuzlar\u0131<\/h3>\n<p><a href=\"https:\/\/www.viavisolutions.com\/en-us\/literature\/avx-10k-flight-line-test-set-selection-guides-en.pdf\">AVX-10K U\u00e7u\u015f Hatt\u0131 Test Seti<\/a><\/p>\n<p><a href=\"https:\/\/www.viavisolutions.com\/en-us\/literature\/viavi-avionics-test-equipment-catalog-selection-guides-en.pdf\">VIAVI Aviyonik Test Cihazlar\u0131 Katalo\u011fu<\/a><\/p>\n<p>&nbsp;<\/p>\n<h3>Videolar<\/h3>\n<p><a href=\"https:\/\/players.brightcove.net\/4303072874001\/edLV5O1EC_default\/index.html?videoId=6253517072001&amp;language=en\">AVX-10K U\u00e7u\u015f Hatt\u0131 Test Seti, 1. B\u00f6l\u00fcm &#8211; \u00dcr\u00fcn Tan\u0131t\u0131m\u0131<\/a><\/p>\n<p><a href=\"https:\/\/www.viavisolutions.com\/en-us\/support\/quick-references\/how-videos\/how-videos-avx-10k\">Nas\u0131l yap\u0131l\u0131r Vidolar\u0131: AVX-10K<\/a><\/p>\n<p><a href=\"https:\/\/players.brightcove.net\/4303072874001\/edLV5O1EC_default\/index.html?videoId=6256792436001&amp;language=en\">AVX-10K U\u00e7u\u015f Hatt\u0131 Test Seti Tan\u0131t\u0131m\u0131<\/a><\/p>\n<p><a href=\"https:\/\/players.brightcove.net\/4303072874001\/edLV5O1EC_default\/index.html?videoId=1732466974873558317&amp;language=en\">AVX-10K 2022 AEA Fuarda Tan\u0131t\u0131m\u00a0<\/a><\/p>\n<p>&nbsp;<\/p>\n<p>&nbsp;<\/p>\n","protected":false},"excerpt":{"rendered":"<p>VIAVI&#8217;den AVX-10K, g\u00fcn\u00fcm\u00fcz\u00fcn Aviyonik Teknisyenlerinin zorunlu g\u00fcnl\u00fck test ihtiyac\u0131n\u0131 kar\u015f\u0131lamak i\u00e7in kullan\u0131m\u0131 kolay \u00a0kapsaml\u0131 bir u\u00e7u\u015f hatt\u0131 test \u00e7\u00f6z\u00fcm\u00fcd\u00fcr. Sekt\u00f6rde iyi bilinen IFR4000 ve IFR6000 \u00f6zellikleri tek bir cihazda toplanm\u0131\u015ft\u0131r. &nbsp; U\u00e7u\u015f s\u0131ras\u0131nda h\u0131zl\u0131 bir otomatik testten, derinlemesine sorunu gidermeye kadar, t\u00fcm testleri mobil cihaz\u0131n\u0131z&#8230;<\/p>\n","protected":false},"featured_media":1529,"template":"","meta":[],"product_brand":[],"product_cat":[46,68],"product_tag":[127,29,126,78,77,131,81,124,79,76,129,125,132,82,27,80,128,130],"class_list":{"0":"post-1525","1":"product","2":"type-product","3":"status-publish","4":"has-post-thumbnail","6":"product_cat-aviyonik","7":"product_cat-test-cihazi","8":"product_tag-ads-b","9":"product_tag-analyzer","10":"product_tag-android","11":"product_tag-avionics","12":"product_tag-avionics-equipment","13":"product_tag-comm","14":"product_tag-dme","15":"product_tag-elt","16":"product_tag-flight-line-test-set","17":"product_tag-havacilik-elektronigi","18":"product_tag-ils","19":"product_tag-ios","20":"product_tag-radyo-testi","21":"product_tag-tcas","22":"product_tag-test","23":"product_tag-transponder","24":"product_tag-uat","25":"product_tag-vor","27":"first","28":"instock","29":"shipping-taxable","30":"product-type-simple"},"_links":{"self":[{"href":"https:\/\/orkoltd.com.tr\/ew\/wp-json\/wp\/v2\/product\/1525","targetHints":{"allow":["GET"]}}],"collection":[{"href":"https:\/\/orkoltd.com.tr\/ew\/wp-json\/wp\/v2\/product"}],"about":[{"href":"https:\/\/orkoltd.com.tr\/ew\/wp-json\/wp\/v2\/types\/product"}],"wp:featuredmedia":[{"embeddable":true,"href":"https:\/\/orkoltd.com.tr\/ew\/wp-json\/wp\/v2\/media\/1529"}],"wp:attachment":[{"href":"https:\/\/orkoltd.com.tr\/ew\/wp-json\/wp\/v2\/media?parent=1525"}],"wp:term":[{"taxonomy":"product_brand","embeddable":true,"href":"https:\/\/orkoltd.com.tr\/ew\/wp-json\/wp\/v2\/product_brand?post=1525"},{"taxonomy":"product_cat","embeddable":true,"href":"https:\/\/orkoltd.com.tr\/ew\/wp-json\/wp\/v2\/product_cat?post=1525"},{"taxonomy":"product_tag","embeddable":true,"href":"https:\/\/orkoltd.com.tr\/ew\/wp-json\/wp\/v2\/product_tag?post=1525"}],"curies":[{"name":"wp","href":"https:\/\/api.w.org\/{rel}","templated":true}]}}