{"id":1485,"date":"2021-05-04T15:06:49","date_gmt":"2021-05-04T12:06:49","guid":{"rendered":"https:\/\/www.orkoltd.com.tr\/ew\/?post_type=product&#038;p=1485"},"modified":"2021-05-05T10:47:30","modified_gmt":"2021-05-05T07:47:30","slug":"ar-mikrodalga-amplifikatorleri","status":"publish","type":"product","link":"https:\/\/orkoltd.com.tr\/ew\/urun\/ar-mikrodalga-amplifikatorleri\/","title":{"rendered":"AR M\u0130KRODALGA AMPL\u0130F\u0130KAT\u00d6RLER\u0130"},"content":{"rendered":"<h5><em>6GHz ve 15kW&#8217;a kadar Mikrodalga Amplifikat\u00f6rler<\/em><\/h5>\n<p>&nbsp;<\/p>\n<p>AR&#8217;nin mikrodalga amplifikat\u00f6rleri, <strong><a href=\"https:\/\/www.orkoltd.com.tr\/ew\/urun\/ar-rf-amplifikatorleri-1ghz-20kw\/\">RF amplifikat\u00f6rleri<\/a><\/strong> kadar sa\u011flam ve g\u00fcvenilirdir ve ayn\u0131 kapsaml\u0131 garanti ile desteklenirler. Mikrodalga amplifikat\u00f6rler, g\u00fcn\u00fcm\u00fcz\u00fcn test uygulamalar\u0131 i\u00e7in ihtiya\u00e7 duydu\u011funuz frekans art\u0131\u015flar\u0131nda ve g\u00fc\u00e7 \u00e7\u0131k\u0131\u015f\u0131nda bulunmas\u0131 zor g\u00fc\u00e7 ve bant geni\u015fli\u011fi kombinasyonlar\u0131n\u0131 sunar.<\/p>\n<p>&nbsp;<\/p>\n<h3 style=\"text-align: center;\">H\u0131zl\u0131 Se\u00e7im &#8211; Mikrodalga Amplifikat\u00f6rler<\/h3>\n<p>&nbsp;<\/p>\n<p><img fetchpriority=\"high\" decoding=\"async\" class=\"aligncenter size-large wp-image-1486\" src=\"https:\/\/www.orkoltd.com.tr\/ew\/wp-content\/uploads\/2021\/05\/AR-Mikrodalga-Amplifikatorler-1024x735.png\" alt=\"\" width=\"1024\" height=\"735\" srcset=\"https:\/\/orkoltd.com.tr\/ew\/wp-content\/uploads\/2021\/05\/AR-Mikrodalga-Amplifikatorler-1024x735.png 1024w, https:\/\/orkoltd.com.tr\/ew\/wp-content\/uploads\/2021\/05\/AR-Mikrodalga-Amplifikatorler-300x215.png 300w, https:\/\/orkoltd.com.tr\/ew\/wp-content\/uploads\/2021\/05\/AR-Mikrodalga-Amplifikatorler-768x552.png 768w, https:\/\/orkoltd.com.tr\/ew\/wp-content\/uploads\/2021\/05\/AR-Mikrodalga-Amplifikatorler-1536x1103.png 1536w, https:\/\/orkoltd.com.tr\/ew\/wp-content\/uploads\/2021\/05\/AR-Mikrodalga-Amplifikatorler-700x503.png 700w, https:\/\/orkoltd.com.tr\/ew\/wp-content\/uploads\/2021\/05\/AR-Mikrodalga-Amplifikatorler-1100x790.png 1100w, https:\/\/orkoltd.com.tr\/ew\/wp-content\/uploads\/2021\/05\/AR-Mikrodalga-Amplifikatorler-600x431.png 600w, https:\/\/orkoltd.com.tr\/ew\/wp-content\/uploads\/2021\/05\/AR-Mikrodalga-Amplifikatorler.png 1874w\" sizes=\"(max-width: 1024px) 100vw, 1024px\" \/><\/p>\n<p>&nbsp;<\/p>\n<h3><strong>Mikrodalga Amplifikat\u00f6rler<\/strong><\/h3>\n<p>&nbsp;<\/p>\n<table class=\"table table-striped table-reflow prodTable\" style=\"height: 1247px;\" width=\"597\">\n<thead class=\"thead-inverse\">\n<tr>\n<th>model<\/th>\n<th>a\u00e7\u0131klama<\/th>\n<\/tr>\n<\/thead>\n<tbody>\n<tr class=\"oddrow\">\n<td><strong><span style=\"color: #e95716;\"><a style=\"color: #e95716;\" href=\"https:\/\/www.arworld.us\/html\/18200.asp?id=1437\">150\/150AW1000 <\/a><\/span><\/strong><\/td>\n<td>150\/150 Watt CW, 10kHz &#8211; 1000 MHz<\/td>\n<\/tr>\n<tr class=\"evenrow\">\n<td><strong><span style=\"color: #e95716;\"><a style=\"color: #e95716;\" href=\"https:\/\/www.arworld.us\/html\/18200.asp?id=1118\">15S1G6<\/a><\/span><\/strong><\/td>\n<td>15 Watt CW, 0.7 &#8211; 6 GHz<\/td>\n<\/tr>\n<tr class=\"oddrow\">\n<td><strong><span style=\"color: #e95716;\"><a style=\"color: #e95716;\" href=\"https:\/\/www.arworld.us\/html\/18200.asp?id=1188\">30S1G6<\/a><\/span><\/strong><\/td>\n<td>30 Watt CW, 0.7 &#8211; 6 GHz<\/td>\n<\/tr>\n<tr class=\"evenrow\">\n<td><strong><span style=\"color: #e95716;\"><a style=\"color: #e95716;\" href=\"https:\/\/www.arworld.us\/html\/18200.asp?id=1321\">60S1G6<\/a><\/span><\/strong><\/td>\n<td>60 Watt CW, 0.7 &#8211; 6 GHz<\/td>\n<\/tr>\n<tr class=\"oddrow\">\n<td><strong><span style=\"color: #e95716;\"><a style=\"color: #e95716;\" href=\"https:\/\/www.arworld.us\/html\/18200.asp?id=1300\">125S1G6<\/a><\/span><\/strong><\/td>\n<td>125 Watt CW, 0.7 &#8211; 6 GHz<\/td>\n<\/tr>\n<tr class=\"evenrow\">\n<td><strong><span style=\"color: #e95716;\"><a style=\"color: #e95716;\" href=\"https:\/\/www.arworld.us\/html\/18200.asp?id=1301\">250S1G6<\/a><\/span><\/strong><\/td>\n<td>250 Watt CW, 0.7 &#8211; 6 GHz<\/td>\n<\/tr>\n<tr class=\"oddrow\">\n<td><strong><span style=\"color: #e95716;\"><a style=\"color: #e95716;\" href=\"https:\/\/www.arworld.us\/html\/18200.asp?id=1271\">350S1G6A<\/a><\/span><\/strong><\/td>\n<td>350 Watt CW, 0.7 &#8211; 6 GHz<\/td>\n<\/tr>\n<tr class=\"evenrow\">\n<td><strong><span style=\"color: #e95716;\"><a style=\"color: #e95716;\" href=\"https:\/\/www.arworld.us\/html\/18200.asp?id=1317\">500S1G6A<\/a><\/span><\/strong><\/td>\n<td>500 Watt CW, 0.7 &#8211; 6 GHz<\/td>\n<\/tr>\n<tr class=\"oddrow\">\n<td><strong><span style=\"color: #e95716;\"><a style=\"color: #e95716;\" href=\"https:\/\/www.arworld.us\/html\/18200.asp?id=1411\">30\/20S1G18B<\/a><\/span><\/strong><\/td>\n<td>30\/20 Watt CW, 0.7 &#8211; 18 GHz<\/td>\n<\/tr>\n<tr class=\"evenrow\">\n<td><span style=\"color: #e95716;\"><strong><a style=\"color: #e95716;\" href=\"https:\/\/www.arworld.us\/html\/18200.asp?id=1413\">60\/40S1G18B<\/a><\/strong><\/span><\/td>\n<td>60\/40 Watt CW, 0.7 &#8211; 18 GHz<\/td>\n<\/tr>\n<tr class=\"oddrow\">\n<td><strong><span style=\"color: #e95716;\"><a style=\"color: #e95716;\" href=\"https:\/\/www.arworld.us\/html\/18200.asp?id=1519\">1000SP0z8G2z5<\/a><\/span><\/strong><\/td>\n<td>1000 Watts Pulse, 0.8 GHz &#8211; 2.5 GHz<\/td>\n<\/tr>\n<tr class=\"evenrow\">\n<td><strong><span style=\"color: #e95716;\"><a style=\"color: #e95716;\" href=\"https:\/\/www.arworld.us\/html\/18200.asp?id=1509\">1300SP1G2<\/a><\/span><\/strong><\/td>\n<td>1300 Watt Pulse, 1 GHz \u2014 2 GHz<\/td>\n<\/tr>\n<tr class=\"oddrow\">\n<td><strong><span style=\"color: #e95716;\"><a style=\"color: #e95716;\" href=\"https:\/\/www.arworld.us\/html\/18200.asp?id=1291\">2000SP1G2<\/a><\/span><\/strong><\/td>\n<td>2000 Watts Pulse, 1 &#8211; 2 GHz<\/td>\n<\/tr>\n<tr class=\"evenrow\">\n<td><strong><span style=\"color: #e95716;\"><a style=\"color: #e95716;\" href=\"https:\/\/www.arworld.us\/html\/18200.asp?id=1310\">4000SP1G2<\/a><\/span><\/strong><\/td>\n<td>4000 Watts Pulse, 1 &#8211; 2 GHz<\/td>\n<\/tr>\n<tr class=\"oddrow\">\n<td><strong><span style=\"color: #e95716;\"><a style=\"color: #e95716;\" href=\"https:\/\/www.arworld.us\/html\/18200.asp?id=1454\">8000SP1G2<\/a><\/span><\/strong><\/td>\n<td>8000 Watts Pulse, 1 &#8211; 2 GHz<\/td>\n<\/tr>\n<tr class=\"evenrow\">\n<td><strong><span style=\"color: #e95716;\"><a style=\"color: #e95716;\" href=\"https:\/\/www.arworld.us\/html\/18200.asp?id=1563\">20000SP1G2<\/a><\/span><\/strong><\/td>\n<td>20000 Watts Pulse, 1 GHz &#8211; 2 GHz<\/td>\n<\/tr>\n<tr class=\"oddrow\">\n<td><strong><span style=\"color: #e95716;\"><a style=\"color: #e95716;\" href=\"https:\/\/www.arworld.us\/html\/18200.asp?id=1463\">125S1G2z5<\/a><\/span><\/strong><\/td>\n<td>125 Watt CW, 1 &#8211; 2.5 GHz<\/td>\n<\/tr>\n<tr class=\"evenrow\">\n<td><strong><span style=\"color: #e95716;\"><a style=\"color: #e95716;\" href=\"https:\/\/www.arworld.us\/html\/18200.asp?id=1107\">250S1G2z5B<\/a><\/span><\/strong><\/td>\n<td>250 Watt CW, 1 &#8211; 2.5 GHz<\/td>\n<\/tr>\n<tr class=\"oddrow\">\n<td><strong><span style=\"color: #e95716;\"><a style=\"color: #e95716;\" href=\"https:\/\/www.arworld.us\/html\/18200.asp?id=1108\">500S1G2z5A<\/a><\/span><\/strong><\/td>\n<td>500 Watt CW, 1 &#8211; 2.5 GHz<\/td>\n<\/tr>\n<tr class=\"evenrow\">\n<td><strong><span style=\"color: #e95716;\"><a style=\"color: #e95716;\" href=\"https:\/\/www.arworld.us\/html\/18200.asp?id=1528\">1000S1G2z5B<\/a><\/span><\/strong><\/td>\n<td>1000 watts CW, 1.0 GHz \u2013 2.5 GHz<\/td>\n<\/tr>\n<tr class=\"oddrow\">\n<td><strong><span style=\"color: #e95716;\"><a style=\"color: #e95716;\" href=\"https:\/\/www.arworld.us\/html\/18200.asp?id=1232\">50S1G6AB<\/a><\/span><\/strong><\/td>\n<td>50 Watts CW, 1GHz \u2013 6GHz<\/td>\n<\/tr>\n<tr class=\"evenrow\">\n<td><strong><span style=\"color: #e95716;\"><a style=\"color: #e95716;\" href=\"https:\/\/www.arworld.us\/html\/18200.asp?id=1244\">100S1G6AB<\/a><\/span><\/strong><\/td>\n<td>100 Watts CW, 1GHz \u2013 6GHz<\/td>\n<\/tr>\n<tr class=\"oddrow\">\n<td><strong><span style=\"color: #e95716;\"><a style=\"color: #e95716;\" href=\"https:\/\/www.arworld.us\/html\/18200.asp?id=1510\">1500SP1z2G1z4<\/a><\/span><\/strong><\/td>\n<td>1500 Watts Pulse, 1.2 GHz &#8211; 1.4 GHz<\/td>\n<\/tr>\n<tr class=\"evenrow\">\n<td><strong><span style=\"color: #e95716;\"><a style=\"color: #e95716;\" href=\"https:\/\/www.arworld.us\/html\/18200.asp?id=1351\">4000SP1z2G1z4<\/a><\/span><\/strong><\/td>\n<td>4000 Watts Pulse, 1.2 &#8211; 1.4 GHz<\/td>\n<\/tr>\n<tr class=\"oddrow\">\n<td><strong><span style=\"color: #e95716;\"><a style=\"color: #e95716;\" href=\"https:\/\/www.arworld.us\/html\/18200.asp?id=1289\">8000SP1z2G1z4<\/a><\/span><\/strong><\/td>\n<td>8000 Watts Pulse, 1.2 &#8211; 1.4 GHz<\/td>\n<\/tr>\n<tr class=\"evenrow\">\n<td><strong><span style=\"color: #e95716;\"><a style=\"color: #e95716;\" href=\"https:\/\/www.arworld.us\/html\/18200.asp?id=1511\">15000SP1z2G1z4<\/a><\/span><\/strong><\/td>\n<td>15000 Watts Pulse, 1.2 GHz &#8211; 1.4 GHz<\/td>\n<\/tr>\n<tr class=\"oddrow\">\n<td><span style=\"color: #e95716;\"><strong><a style=\"color: #e95716;\" href=\"https:\/\/www.arworld.us\/html\/18200.asp?id=1522\">1500\/1000SP1z2G3z1<\/a><\/strong><\/span><\/td>\n<td>1500 Watts Pulse, 1.2 GHz &#8211; 1.4 GHz<br \/>\n1000 Watts Pulse, 2.7 GHz &#8211; 3.1 GHz<\/td>\n<\/tr>\n<tr class=\"evenrow\">\n<td><strong><span style=\"color: #e95716;\"><a style=\"color: #e95716;\" href=\"https:\/\/www.arworld.us\/html\/18200.asp?id=1512\">1000SP2G4<\/a><\/span><\/strong><\/td>\n<td>1000 Watts Pulse, 2 GHz &#8211; 4 GHz<\/td>\n<\/tr>\n<tr class=\"oddrow\">\n<td><strong><span style=\"color: #e95716;\"><a style=\"color: #e95716;\" href=\"https:\/\/www.arworld.us\/html\/18200.asp?id=1513\">2000SP2G4<\/a><\/span><\/strong><\/td>\n<td>2000 Watts Pulse, 2 GHz &#8211; 4GHz<\/td>\n<\/tr>\n<tr class=\"evenrow\">\n<td><strong><span style=\"color: #e95716;\"><a style=\"color: #e95716;\" href=\"https:\/\/www.arworld.us\/html\/18200.asp?id=1521\">5000SP2G4<\/a><\/span><\/strong><\/td>\n<td>5000 Watts Pulse, 2 GHz &#8211; 4 GHz<\/td>\n<\/tr>\n<tr class=\"oddrow\">\n<td><strong><span style=\"color: #e95716;\"><a style=\"color: #e95716;\" href=\"https:\/\/www.arworld.us\/html\/18200.asp?id=1390\">10000SP2G4<\/a><\/span><\/strong><\/td>\n<td>10000 Watts Pulse, 2 &#8211; 4 GHz<\/td>\n<\/tr>\n<tr class=\"evenrow\">\n<td><strong><span style=\"color: #e95716;\"><a style=\"color: #e95716;\" href=\"https:\/\/www.arworld.us\/html\/18200.asp?id=1356\">1000SP2z7G3z1<\/a><\/span><\/strong><\/td>\n<td>1000 Watts Pulse, 2.7 &#8211; 3.1 GHz<\/td>\n<\/tr>\n<tr class=\"oddrow\">\n<td><strong><span style=\"color: #e95716;\"><a style=\"color: #e95716;\" href=\"https:\/\/www.arworld.us\/html\/18200.asp?id=1514\">3000SP2z7G3z1<\/a><\/span><\/strong><\/td>\n<td>3000 Watts Pulse, 2.7 GHz &#8211; 3.1 GHz<\/td>\n<\/tr>\n<tr class=\"evenrow\">\n<td><strong><span style=\"color: #e95716;\"><a style=\"color: #e95716;\" href=\"https:\/\/www.arworld.us\/html\/18200.asp?id=1515\">6000SP2z7G3z1<\/a><\/span><\/strong><\/td>\n<td>6000 Watts Pulse, 2.7 GHz &#8211; 3.1 GHz<\/td>\n<\/tr>\n<tr class=\"oddrow\">\n<td><span style=\"color: #e95716;\"><strong><a style=\"color: #e95716;\" href=\"https:\/\/www.arworld.us\/html\/18200.asp?id=1516\">12000SP2z7G3z1<\/a><\/strong><\/span><\/td>\n<td>12000 Watts Pulse, 2.7 GHz &#8211; 3.1 GHz<\/td>\n<\/tr>\n<tr class=\"evenrow\">\n<td><strong><span style=\"color: #e95716;\"><a style=\"color: #e95716;\" href=\"https:\/\/www.arworld.us\/html\/18200.asp?id=1428\">20S6G18-L<\/a><\/span><\/strong><\/td>\n<td>20 Watt CW, 6 &#8211; 18GHz, Liquid Cooled<\/td>\n<\/tr>\n<tr class=\"oddrow\">\n<td><strong><span style=\"color: #e95716;\"><a style=\"color: #e95716;\" href=\"https:\/\/www.arworld.us\/html\/18200.asp?id=1429\">40S6G18-L<\/a><\/span><\/strong><\/td>\n<td>40 Watt CW, 6 &#8211; 18 GHz, Liquid Cooled<\/td>\n<\/tr>\n<\/tbody>\n<\/table>\n<p>&nbsp;<\/p>\n","protected":false},"excerpt":{"rendered":"<p>6GHz ve 15kW&#8217;a kadar Mikrodalga Amplifikat\u00f6rler &nbsp; AR&#8217;nin mikrodalga amplifikat\u00f6rleri, RF amplifikat\u00f6rleri kadar sa\u011flam ve g\u00fcvenilirdir ve ayn\u0131 kapsaml\u0131 garanti ile desteklenirler. Mikrodalga amplifikat\u00f6rler, g\u00fcn\u00fcm\u00fcz\u00fcn test uygulamalar\u0131 i\u00e7in ihtiya\u00e7 duydu\u011funuz frekans art\u0131\u015flar\u0131nda ve g\u00fc\u00e7 \u00e7\u0131k\u0131\u015f\u0131nda bulunmas\u0131 zor g\u00fc\u00e7 ve bant geni\u015fli\u011fi kombinasyonlar\u0131n\u0131 sunar. &nbsp; H\u0131zl\u0131&#8230;<\/p>\n","protected":false},"featured_media":1479,"template":"","meta":[],"product_brand":[],"product_cat":[73,45],"product_tag":[114,116,115,117,118,119,120,113,112],"class_list":{"0":"post-1485","1":"product","2":"type-product","3":"status-publish","4":"has-post-thumbnail","6":"product_cat-amplifikator","7":"product_cat-emc","8":"product_tag-amplifier-research","9":"product_tag-ar-amplifikator","10":"product_tag-emc-amplifikator","11":"product_tag-emc-laboratuvar","12":"product_tag-mikrodalga","13":"product_tag-mikrodalga-amplifikator","14":"product_tag-mikrodalga-yukseltec","15":"product_tag-rf-amplifikator","16":"product_tag-rf-yukseltec","18":"first","19":"instock","20":"shipping-taxable","21":"product-type-simple"},"_links":{"self":[{"href":"https:\/\/orkoltd.com.tr\/ew\/wp-json\/wp\/v2\/product\/1485","targetHints":{"allow":["GET"]}}],"collection":[{"href":"https:\/\/orkoltd.com.tr\/ew\/wp-json\/wp\/v2\/product"}],"about":[{"href":"https:\/\/orkoltd.com.tr\/ew\/wp-json\/wp\/v2\/types\/product"}],"wp:featuredmedia":[{"embeddable":true,"href":"https:\/\/orkoltd.com.tr\/ew\/wp-json\/wp\/v2\/media\/1479"}],"wp:attachment":[{"href":"https:\/\/orkoltd.com.tr\/ew\/wp-json\/wp\/v2\/media?parent=1485"}],"wp:term":[{"taxonomy":"product_brand","embeddable":true,"href":"https:\/\/orkoltd.com.tr\/ew\/wp-json\/wp\/v2\/product_brand?post=1485"},{"taxonomy":"product_cat","embeddable":true,"href":"https:\/\/orkoltd.com.tr\/ew\/wp-json\/wp\/v2\/product_cat?post=1485"},{"taxonomy":"product_tag","embeddable":true,"href":"https:\/\/orkoltd.com.tr\/ew\/wp-json\/wp\/v2\/product_tag?post=1485"}],"curies":[{"name":"wp","href":"https:\/\/api.w.org\/{rel}","templated":true}]}}