{"id":1478,"date":"2021-05-04T14:16:38","date_gmt":"2021-05-04T11:16:38","guid":{"rendered":"https:\/\/www.orkoltd.com.tr\/ew\/?post_type=product&#038;p=1478"},"modified":"2021-05-05T10:48:14","modified_gmt":"2021-05-05T07:48:14","slug":"ar-rf-amplifikatorleri-1ghz-20kw","status":"publish","type":"product","link":"https:\/\/orkoltd.com.tr\/ew\/urun\/ar-rf-amplifikatorleri-1ghz-20kw\/","title":{"rendered":"AR RF AMPL\u0130F\u0130KAT\u00d6RLER\u0130 1GHz &#8211; 20,000W"},"content":{"rendered":"<h5><em>\u0130htiyac\u0131n\u0131z olan T\u00fcm G\u00fc\u00e7&#8230;Efsanevi Performans ve G\u00fcven ile<\/em><\/h5>\n<p>&nbsp;<\/p>\n<p>Amplifier Research (AR) &#8220;A&#8221; ve &#8220;W&#8221; Serisi amplifikat\u00f6rleri, ihtiyac\u0131n\u0131z olan t\u00fcm alan g\u00fcc\u00fcn\u00fc sa\u011flayacak g\u00fcce sahiptir. E\u015fsiz uyumsuzluk yetenekleri ve m\u00fckemmel kararl\u0131l\u0131kta, t\u00fcm \u00e7al\u0131\u015fma band\u0131nda vaat edilen t\u00fcm g\u00fcc\u00fc sa\u011flarlar.<\/p>\n<p>&nbsp;<\/p>\n<p>AR amplifikat\u00f6rler, uzun vadede size g\u00fcvenilir hizmet ve performans vermelerini sa\u011flamak i\u00e7in en zorlu ko\u015fullara tabi tutulur. Bunlar\u0131 s\u0131n\u0131ra zorlamak i\u00e7in \u00e7e\u015fitli \u00e7\u0131k\u0131\u015f VSWR y\u00fckleri alt\u0131nda test edilir.\u00a0T\u00fcm RF amplifikat\u00f6rler, en zorlu EMC uygulamalar\u0131nda kullan\u0131lmak \u00fczere giri\u015f sinyalinde g\u00f6r\u00fcnen AM, FM veya Darbe Mod\u00fclasyonunu asl\u0131na uygun \u015fekilde yeniden \u00fcretecek mod\u00fclasyon \u00f6zelli\u011fine sahiptir.<\/p>\n<p>&nbsp;<\/p>\n<p>Bu teknolojik olarak geli\u015fmi\u015f amplifikat\u00f6rler, normlar\u0131n \u00f6tesinde, beklentilerin \u00f6tesinde ve di\u011fer test amplifikat\u00f6rlerinin yeteneklerinin \u00e7ok \u00f6tesinde performans g\u00f6sterir.<\/p>\n<p>&nbsp;<\/p>\n<p>Bu ba\u011f\u0131ms\u0131z, geni\u015f bantl\u0131, tamamen transist\u00f6rl\u00fc amplifikat\u00f6rler, y\u00fcksek kazan\u00e7l\u0131, an\u0131nda t\u00fcm bant geni\u015fli\u011fi \u00fczerinden nihai \u00e7\u0131k\u0131\u015f g\u00fcc\u00fc gerektiren uygulamalar i\u00e7in tasarlanm\u0131\u015ft\u0131r. Kapsaml\u0131 kontrol ve durum raporlama yetenekleri hem cihazdan hem de uzaktan yap\u0131labilir. \u00c7o\u011fu model hava so\u011futmal\u0131 tasar\u0131mlara sahipken, baz\u0131 y\u00fcksek g\u00fc\u00e7 \u00fcniteleri s\u0131v\u0131 so\u011futmal\u0131 tasar\u0131mlara sahiptir. Dokunmatik ekran panelleri sezgisel, kullan\u0131\u015fl\u0131 ve kullan\u0131m\u0131 kolayd\u0131r.<\/p>\n<p>&nbsp;<\/p>\n<h3 style=\"text-align: center;\">H\u0131zl\u0131 Se\u00e7im &#8211; 1GHz ve 20KW&#8217;a kadar RF Amplifikat\u00f6rler<\/h3>\n<p><img fetchpriority=\"high\" decoding=\"async\" class=\"aligncenter size-large wp-image-1480\" src=\"https:\/\/www.orkoltd.com.tr\/ew\/wp-content\/uploads\/2021\/05\/AR-1GHz-All-Amps-1024x927.png\" alt=\"\" width=\"1024\" height=\"927\" srcset=\"https:\/\/orkoltd.com.tr\/ew\/wp-content\/uploads\/2021\/05\/AR-1GHz-All-Amps-1024x927.png 1024w, https:\/\/orkoltd.com.tr\/ew\/wp-content\/uploads\/2021\/05\/AR-1GHz-All-Amps-300x271.png 300w, https:\/\/orkoltd.com.tr\/ew\/wp-content\/uploads\/2021\/05\/AR-1GHz-All-Amps-768x695.png 768w, https:\/\/orkoltd.com.tr\/ew\/wp-content\/uploads\/2021\/05\/AR-1GHz-All-Amps-1536x1390.png 1536w, https:\/\/orkoltd.com.tr\/ew\/wp-content\/uploads\/2021\/05\/AR-1GHz-All-Amps-550x498.png 550w, https:\/\/orkoltd.com.tr\/ew\/wp-content\/uploads\/2021\/05\/AR-1GHz-All-Amps-480x434.png 480w, https:\/\/orkoltd.com.tr\/ew\/wp-content\/uploads\/2021\/05\/AR-1GHz-All-Amps-700x633.png 700w, https:\/\/orkoltd.com.tr\/ew\/wp-content\/uploads\/2021\/05\/AR-1GHz-All-Amps-125x112.png 125w, https:\/\/orkoltd.com.tr\/ew\/wp-content\/uploads\/2021\/05\/AR-1GHz-All-Amps-1100x995.png 1100w, https:\/\/orkoltd.com.tr\/ew\/wp-content\/uploads\/2021\/05\/AR-1GHz-All-Amps-600x543.png 600w, https:\/\/orkoltd.com.tr\/ew\/wp-content\/uploads\/2021\/05\/AR-1GHz-All-Amps.png 1870w\" sizes=\"(max-width: 1024px) 100vw, 1024px\" \/><\/p>\n<p>&nbsp;<\/p>\n<p>&nbsp;<\/p>\n<h3><strong>Y\u00fcksek G\u00fc\u00e7l\u00fc RF Amplifikat\u00f6rler<\/strong><\/h3>\n<table style=\"height: 452px;\" title=\"High Power RF Amplifiers\" width=\"661\">\n<tbody>\n<tr>\n<th><strong>model<\/strong><\/th>\n<th><strong>a\u00e7\u0131klama<\/strong><\/th>\n<\/tr>\n<\/tbody>\n<tbody>\n<tr>\n<td><span style=\"color: #e95716;\"><strong><a style=\"color: #e95716;\" href=\"https:\/\/www.arworld.us\/html\/18200.asp?id=1421\">1200A225A<\/a><\/strong><\/span><\/td>\n<td>1200 Watt CW, 10 kHz &#8211; 225 MHz<\/td>\n<\/tr>\n<tr>\n<td><span style=\"color: #e95716;\"><strong><a style=\"color: #e95716;\" href=\"https:\/\/www.arworld.us\/html\/18200.asp?id=910\">2500A225B<\/a><\/strong><\/span><\/td>\n<td>2500 Watt CW, 10 kHz &#8211; 225 MHz<\/td>\n<\/tr>\n<tr>\n<td><span style=\"color: #e95716;\"><strong><a style=\"color: #e95716;\" href=\"https:\/\/www.arworld.us\/html\/18200.asp?id=1526\">5000A225B<\/a><\/strong><\/span><\/td>\n<td>5000 Watts CW, 10 kHz \u2013 225 MHz<\/td>\n<\/tr>\n<tr>\n<td><span style=\"color: #e95716;\"><a style=\"color: #e95716;\" href=\"https:\/\/www.arworld.us\/html\/18200.asp?id=1264\"><strong>10000A225A-A<\/strong><\/a><\/span><\/td>\n<td>10000 Watt CW, 10 kHz &#8211; 225 MHz, Hava So\u011futmal\u0131<\/td>\n<\/tr>\n<tr>\n<td><span style=\"color: #e95716;\"><strong><a style=\"color: #e95716;\" href=\"https:\/\/www.arworld.us\/html\/18200.asp?id=1278\">12500A225A-L<\/a><\/strong><\/span><\/td>\n<td>12500 Watt CW, 10 kHz &#8211; 225 MHz, S\u0131v\u0131 So\u011futmal\u0131<\/td>\n<\/tr>\n<tr>\n<td><span style=\"color: #e95716;\"><strong><a style=\"color: #e95716;\" href=\"https:\/\/www.arworld.us\/html\/18200.asp?id=1506\">1000A400<\/a><\/strong><\/span><\/td>\n<td>1000 Watts CW, 10 kHz &#8211; 400 MHz<\/td>\n<\/tr>\n<tr>\n<td><span style=\"color: #e95716;\"><strong><a style=\"color: #e95716;\" href=\"https:\/\/www.arworld.us\/html\/18200.asp?id=1459\">1000W1000G<\/a><\/strong><\/span><\/td>\n<td>1000 Watt CW, 80 &#8211; 1000 MHz<\/td>\n<\/tr>\n<tr>\n<td><span style=\"color: #e95716;\"><strong><a style=\"color: #e95716;\" href=\"https:\/\/www.arworld.us\/html\/18200.asp?id=1191\">1500W1000A<\/a><\/strong><\/span><\/td>\n<td>1500 Watt CW, 80 &#8211; 1000 MHz<\/td>\n<\/tr>\n<tr>\n<td><span style=\"color: #e95716;\"><strong><a style=\"color: #e95716;\" href=\"https:\/\/www.arworld.us\/html\/18200.asp?id=1183\">2000W1000D<\/a><\/strong><\/span><\/td>\n<td>2000 Watt CW, 80 &#8211; 1000 MHz<\/td>\n<\/tr>\n<tr>\n<td><span style=\"color: #e95716;\"><strong><a style=\"color: #e95716;\" href=\"https:\/\/www.arworld.us\/html\/18200.asp?id=1192\">3000W1000B<\/a><\/strong><\/span><\/td>\n<td>3000 Watt CW, 80 &#8211; 1000 MHz<\/td>\n<\/tr>\n<tr>\n<td><span style=\"color: #e95716;\"><strong><a style=\"color: #e95716;\" href=\"https:\/\/www.arworld.us\/html\/18200.asp?id=1193\">4000W1000B<\/a><\/strong><\/span><\/td>\n<td>4000 Watt CW, 80 &#8211; 1000 MHz<\/td>\n<\/tr>\n<tr>\n<td><span style=\"color: #e95716;\"><strong><a style=\"color: #e95716;\" href=\"https:\/\/www.arworld.us\/html\/18200.asp?id=1302\">6000W1000<\/a><\/strong><\/span><\/td>\n<td>6000 Watt CW, 80 &#8211; 1000 MHz<\/td>\n<\/tr>\n<tr>\n<td><span style=\"color: #e95716;\"><strong><a style=\"color: #e95716;\" href=\"https:\/\/www.arworld.us\/html\/18200.asp?id=1276\">10000W1000A<\/a><\/strong><\/span><\/td>\n<td>10000 Watt CW, 80 &#8211; 1000 MHz<\/td>\n<\/tr>\n<tr>\n<td><span style=\"color: #e95716;\"><strong><a style=\"color: #e95716;\" href=\"https:\/\/www.arworld.us\/html\/18200.asp?id=1268\">16000A225A-A<\/a><\/strong><\/span><\/td>\n<td>16000 Watt CW, 10 kHz &#8211; 225 MHz<\/td>\n<\/tr>\n<tr>\n<td><span style=\"color: #e95716;\"><strong><a style=\"color: #e95716;\" href=\"https:\/\/www.arworld.us\/html\/18200.asp?id=1279\">20000W225A-L<\/a><\/strong><\/span><\/td>\n<td>10000 Watt CW, 10 kHz &#8211; 225 MHz<\/td>\n<\/tr>\n<\/tbody>\n<\/table>\n<p>&nbsp;<\/p>\n<p>&nbsp;<\/p>\n<h3><strong>Orta G\u00fc\u00e7l\u00fc RF Amplifikat\u00f6rler<\/strong><\/h3>\n<table style=\"height: 544px;\" title=\"Mid Power RF Amplifiers\" width=\"653\">\n<tbody>\n<tr>\n<th>model<\/th>\n<th><strong>a\u00e7\u0131klama<\/strong><\/th>\n<\/tr>\n<\/tbody>\n<tbody>\n<tr>\n<td><span style=\"color: #e95716;\"><strong><a style=\"color: #e95716;\" href=\"https:\/\/www.arworld.us\/html\/18200.asp?id=1377\">350AH1A<\/a><\/strong><\/span><\/td>\n<td>350 Watt CW, 10 Hz &#8211; 1 MHz<\/td>\n<\/tr>\n<tr>\n<td><span style=\"color: #e95716;\"><strong><a style=\"color: #e95716;\" href=\"https:\/\/www.arworld.us\/html\/18200.asp?id=629\">800A3B<\/a><\/strong><\/span><\/td>\n<td>800 Watt CW, 10 kHz &#8211; 3 MHz<\/td>\n<\/tr>\n<tr>\n<td><span style=\"color: #e95716;\"><strong><a style=\"color: #e95716;\" href=\"https:\/\/www.arworld.us\/html\/18200.asp?id=9\">150A100D<\/a><\/strong><\/span><\/td>\n<td>150 Watt CW, 10 kHz &#8211; 100 MHz<\/td>\n<\/tr>\n<tr>\n<td><span style=\"color: #e95716;\"><strong><a style=\"color: #e95716;\" href=\"https:\/\/www.arworld.us\/html\/18200.asp?id=1433\">125A250<\/a><\/strong><\/span><\/td>\n<td>125 Watt CW, 10 kHz &#8211; 250 MHz<\/td>\n<\/tr>\n<tr>\n<td><span style=\"color: #e95716;\"><strong><a style=\"color: #e95716;\" href=\"https:\/\/www.arworld.us\/html\/18200.asp?id=573\">500A250D<\/a><\/strong><\/span><\/td>\n<td>500 Watt CW, 10 kHz &#8211; 250 MHz<\/td>\n<\/tr>\n<tr>\n<td><span style=\"color: #e95716;\"><strong><a style=\"color: #e95716;\" href=\"https:\/\/www.arworld.us\/html\/18200.asp?id=1408\">175A400<\/a><\/strong><\/span><\/td>\n<td>175 Watt CW, 10 kHz &#8211; 400 MHz<\/td>\n<\/tr>\n<tr>\n<td><span style=\"color: #e95716;\"><strong><a style=\"color: #e95716;\" href=\"https:\/\/www.arworld.us\/html\/18200.asp?id=1406\">250A400<\/a><\/strong><\/span><\/td>\n<td>250 Watt CW, 10 kHz &#8211; 400 MHz<\/td>\n<\/tr>\n<tr>\n<td><span style=\"color: #e95716;\"><strong><a style=\"color: #e95716;\" href=\"https:\/\/www.arworld.us\/html\/18200.asp?id=1407\">350A400<\/a><\/strong><\/span><\/td>\n<td>350 Watt CW, 10 kHz &#8211; 400 MHz<\/td>\n<\/tr>\n<tr>\n<td><span style=\"color: #e95716;\"><strong><a style=\"color: #e95716;\" href=\"https:\/\/www.arworld.us\/html\/18200.asp?id=1455\">600A400<\/a><\/strong><\/span><\/td>\n<td>600 Watt CW, 10 kHz &#8211; 400 MHz<\/td>\n<\/tr>\n<tr>\n<td><span style=\"color: #e95716;\"><strong><a style=\"color: #e95716;\" href=\"https:\/\/www.arworld.us\/html\/18200.asp?id=1558\">150U1000<\/a><\/strong><\/span><\/td>\n<td>150 Watts CW, 10 kHz \u2013 1000 MHz<\/td>\n<\/tr>\n<tr>\n<td><span style=\"color: #e95716;\"><strong><a style=\"color: #e95716;\" href=\"https:\/\/www.arworld.us\/html\/18200.asp?id=1559\">250U1000A<\/a><\/strong><\/span><\/td>\n<td>250 watts CW, 10 kHz \u2013 1000 MHz<\/td>\n<\/tr>\n<tr>\n<td><span style=\"color: #e95716;\"><strong><a style=\"color: #e95716;\" href=\"https:\/\/www.arworld.us\/html\/18200.asp?id=1438\">250U1000<\/a><\/strong><\/span><\/td>\n<td>250 Watt CW, 100 kHz &#8211; 1000 MHz<\/td>\n<\/tr>\n<tr>\n<td><span style=\"color: #e95716;\"><strong><a style=\"color: #e95716;\" href=\"https:\/\/www.arworld.us\/html\/18200.asp?id=1418\">150W1000B<\/a><\/strong><\/span><\/td>\n<td>150 Watt CW, 80 &#8211; 1000 MHz<\/td>\n<\/tr>\n<tr>\n<td><span style=\"color: #e95716;\"><strong><a style=\"color: #e95716;\" href=\"https:\/\/www.arworld.us\/html\/18200.asp?id=1419\">250W1000C<\/a><\/strong><\/span><\/td>\n<td>250 Watt CW, 80 &#8211; 1000 MHz<\/td>\n<\/tr>\n<tr>\n<td><span style=\"color: #e95716;\"><strong><a style=\"color: #e95716;\" href=\"https:\/\/www.arworld.us\/html\/18200.asp?id=1158\">500W1000C<\/a><\/strong><\/span><\/td>\n<td>500 Watt CW, 80 &#8211; 1000 MHz<\/td>\n<\/tr>\n<tr>\n<td><span style=\"color: #e95716;\"><strong><a style=\"color: #e95716;\" href=\"https:\/\/www.arworld.us\/html\/18200.asp?id=1198\">750W1000B<\/a><\/strong><\/span><\/td>\n<td>750 Watt CW, 80 &#8211; 1000 MHz<\/td>\n<\/tr>\n<\/tbody>\n<\/table>\n<p>&nbsp;<\/p>\n<p>&nbsp;<\/p>\n<h3><strong>D\u00fc\u015f\u00fck G\u00fc\u00e7l\u00fc RF Amplifikat\u00f6rler<\/strong><\/h3>\n<table style=\"height: 420px;\" title=\"Low Power RF Amplifiers\" width=\"641\">\n<tbody>\n<tr>\n<th>model<\/th>\n<th><strong>a\u00e7\u0131klama<\/strong><\/th>\n<\/tr>\n<\/tbody>\n<tbody>\n<tr>\n<td><span style=\"color: #e95716;\"><strong><a style=\"color: #e95716;\" href=\"https:\/\/www.arworld.us\/html\/18200.asp?id=1456\">100A400AM20<\/a><\/strong><\/span><\/td>\n<td>100 Watt CW, 4 kHz &#8211; 400 MHz &#8211; BCI testi i\u00e7in<\/td>\n<\/tr>\n<tr>\n<td><span style=\"color: #e95716;\"><strong><a style=\"color: #e95716;\" href=\"https:\/\/www.arworld.us\/html\/18200.asp?id=1349\">25A250B<\/a><\/strong><\/span><\/td>\n<td>25 Watt CW, 10 kHz &#8211; 250 MHz<\/td>\n<\/tr>\n<tr>\n<td><span style=\"color: #e95716;\"><strong><a style=\"color: #e95716;\" href=\"https:\/\/www.arworld.us\/html\/18200.asp?id=1466\">50A250<\/a><\/strong><\/span><\/td>\n<td>50 Watt CW, 10 kHz &#8211; 250 MHz<\/td>\n<\/tr>\n<tr>\n<td><span style=\"color: #e95716;\"><strong><a style=\"color: #e95716;\" href=\"https:\/\/www.arworld.us\/html\/18200.asp?id=1322\">100A400A<\/a><\/strong><\/span><\/td>\n<td>100 Watt CW, 10 kHz &#8211; 400 MHz<\/td>\n<\/tr>\n<tr>\n<td><span style=\"color: #e95716;\"><strong><a style=\"color: #e95716;\" href=\"https:\/\/www.arworld.us\/html\/18200.asp?id=1358\">1U1000<\/a><\/strong><\/span><\/td>\n<td>1 Watt CW, 10 kHz &#8211; 1000 MHz (uzaktan kontrolsuz)<\/td>\n<\/tr>\n<tr>\n<td><span style=\"color: #e95716;\"><strong><a style=\"color: #e95716;\" href=\"https:\/\/www.arworld.us\/html\/18200.asp?id=1372\">2.5U1000<\/a><\/strong><\/span><\/td>\n<td>2.5 Watt CW, 10 kHz &#8211; 1000 MHz (uzaktan kontrolsuz)<\/td>\n<\/tr>\n<tr>\n<td><span style=\"color: #e95716;\"><strong><a style=\"color: #e95716;\" href=\"https:\/\/www.arworld.us\/html\/18200.asp?id=1405\">5U1000<\/a><\/strong><\/span><\/td>\n<td>5 Watt CW, 10 kHz &#8211; 1000 MHz (uzaktan kontrolsuz)<\/td>\n<\/tr>\n<tr>\n<td><span style=\"color: #e95716;\"><strong><a style=\"color: #e95716;\" href=\"https:\/\/www.arworld.us\/html\/18200.asp?id=1362\">10U1000<\/a><\/strong><\/span><\/td>\n<td>10 Watt CW, 10 kHz &#8211; 1000 MHz<\/td>\n<\/tr>\n<tr>\n<td><span style=\"color: #e95716;\"><strong><a style=\"color: #e95716;\" href=\"https:\/\/www.arworld.us\/html\/18200.asp?id=1361\">25U1000<\/a><\/strong><\/span><\/td>\n<td>25 Watt CW, 10 kHz &#8211; 1000 MHz<\/td>\n<\/tr>\n<tr>\n<td><span style=\"color: #e95716;\"><strong><a style=\"color: #e95716;\" href=\"https:\/\/www.arworld.us\/html\/18200.asp?id=1402\">50U1000<\/a><\/strong><\/span><\/td>\n<td>50 Watt CW, 10 kHz &#8211; 1000 MHz<\/td>\n<\/tr>\n<tr>\n<td><span style=\"color: #e95716;\"><strong><a style=\"color: #e95716;\" href=\"https:\/\/www.arworld.us\/html\/18200.asp?id=1409\">100U1000<\/a><\/strong><\/span><\/td>\n<td>100 Watt CW, 100 kHz &#8211; 1000 MHz<\/td>\n<\/tr>\n<tr>\n<td><span style=\"color: #e95716;\"><strong><a style=\"color: #e95716;\" href=\"https:\/\/www.arworld.us\/html\/18200.asp?id=1467\">50W1000D<\/a><\/strong><\/span><\/td>\n<td>50 Watt CW, 50-1000 MHz<\/td>\n<\/tr>\n<\/tbody>\n<\/table>\n<p>&nbsp;<\/p>\n<p>&nbsp;<\/p>\n","protected":false},"excerpt":{"rendered":"<p>\u0130htiyac\u0131n\u0131z olan T\u00fcm G\u00fc\u00e7&#8230;Efsanevi Performans ve G\u00fcven ile &nbsp; Amplifier Research (AR) &#8220;A&#8221; ve &#8220;W&#8221; Serisi amplifikat\u00f6rleri, ihtiyac\u0131n\u0131z olan t\u00fcm alan g\u00fcc\u00fcn\u00fc sa\u011flayacak g\u00fcce sahiptir. E\u015fsiz uyumsuzluk yetenekleri ve m\u00fckemmel kararl\u0131l\u0131kta, t\u00fcm \u00e7al\u0131\u015fma band\u0131nda vaat edilen t\u00fcm g\u00fcc\u00fc sa\u011flarlar. &nbsp; AR amplifikat\u00f6rler, uzun vadede size&#8230;<\/p>\n","protected":false},"featured_media":1479,"template":"","meta":[],"product_brand":[],"product_cat":[73,45],"product_tag":[114,116,115,117,113,112],"class_list":{"0":"post-1478","1":"product","2":"type-product","3":"status-publish","4":"has-post-thumbnail","6":"product_cat-amplifikator","7":"product_cat-emc","8":"product_tag-amplifier-research","9":"product_tag-ar-amplifikator","10":"product_tag-emc-amplifikator","11":"product_tag-emc-laboratuvar","12":"product_tag-rf-amplifikator","13":"product_tag-rf-yukseltec","15":"first","16":"instock","17":"shipping-taxable","18":"product-type-simple"},"_links":{"self":[{"href":"https:\/\/orkoltd.com.tr\/ew\/wp-json\/wp\/v2\/product\/1478","targetHints":{"allow":["GET"]}}],"collection":[{"href":"https:\/\/orkoltd.com.tr\/ew\/wp-json\/wp\/v2\/product"}],"about":[{"href":"https:\/\/orkoltd.com.tr\/ew\/wp-json\/wp\/v2\/types\/product"}],"wp:featuredmedia":[{"embeddable":true,"href":"https:\/\/orkoltd.com.tr\/ew\/wp-json\/wp\/v2\/media\/1479"}],"wp:attachment":[{"href":"https:\/\/orkoltd.com.tr\/ew\/wp-json\/wp\/v2\/media?parent=1478"}],"wp:term":[{"taxonomy":"product_brand","embeddable":true,"href":"https:\/\/orkoltd.com.tr\/ew\/wp-json\/wp\/v2\/product_brand?post=1478"},{"taxonomy":"product_cat","embeddable":true,"href":"https:\/\/orkoltd.com.tr\/ew\/wp-json\/wp\/v2\/product_cat?post=1478"},{"taxonomy":"product_tag","embeddable":true,"href":"https:\/\/orkoltd.com.tr\/ew\/wp-json\/wp\/v2\/product_tag?post=1478"}],"curies":[{"name":"wp","href":"https:\/\/api.w.org\/{rel}","templated":true}]}}