{"id":1043,"date":"2019-02-12T11:52:22","date_gmt":"2019-02-12T08:52:22","guid":{"rendered":"https:\/\/www.orkoltd.com.tr\/ew\/?post_type=product&#038;p=1043"},"modified":"2021-04-28T15:11:11","modified_gmt":"2021-04-28T12:11:11","slug":"apm-424-mk-xii-xiia-ucus-hatti-test-seti","status":"publish","type":"product","link":"https:\/\/orkoltd.com.tr\/ew\/urun\/apm-424-mk-xii-xiia-ucus-hatti-test-seti\/","title":{"rendered":"APM-424 MK XII\/XIIA U\u00c7U\u015e HATTI TEST SET\u0130"},"content":{"rendered":"<p><em>Kritik G\u00f6revlerde h\u0131zl\u0131 IFF Mod 5 \u00f6l\u00e7\u00fcm do\u011frulamas\u0131 sa\u011flar<\/em><\/p>\n<p>&nbsp;<\/p>\n<p id=\"tw-target-text\" class=\"tw-data-text tw-ta tw-text-small\" dir=\"ltr\" data-placeholder=\"\u00c7eviri\">Pek \u00e7ok u\u00e7ak, yer ve gemi platformlar\u0131n\u0131n transponder ve sorgulay\u0131c\u0131 performans\u0131n\u0131\u00a0test etmek i\u00e7in APM-424 (V) 5 kullan\u0131l\u0131r. APM-424 (V) 5, Mod 5 ve ADS-B performans ve yeteneklerine sahiptir. APM-424 (V) 5 saha test setlerinde uygun maliyetli ve son derece hassas bir cihazd\u0131r.<\/p>\n<p>APM-424 iki standart konfig\u00fcrasyonda sunulmaktad\u0131r:<\/p>\n<ul>\n<li><strong>APM-424(V)4 MK XII Test Set<\/strong><\/li>\n<li><strong>APM-424(V)5 MK XIIA Test Set<\/strong><\/li>\n<\/ul>\n<p>APM-424 (V) 5, hem DoD AIMS 04-900A Opsiyon A (KIV-78), hem de Opsiyon B (KIV-77) kripto apliklerini destekler.<\/p>\n<p>&nbsp;<\/p>\n<p><strong>\u00d6zellikleri<\/strong><\/p>\n<ul>\n<li>DoD AIMS 03-1000A Mark XIIA sertifikal\u0131<\/li>\n<li>DoD AIMS 04-900A Opsiyon A &#8211; KIV-78 ve Opsiyon B &#8211; KIV-77 ve SIT-2010 kripto apliklerini destekler<\/li>\n<li>Transponder Test Modlar\u0131 1,2,3 \/ A, C, S (EHS \/ ELS), 4, Mod 5 (Seviye 1 ve 2)<\/li>\n<li>Interrogator Test Modlar\u0131 1, 2, 3 \/ A, C, S, 4, Mod 5, TCAS, ETCAS (Seviye 1 ve 2)<\/li>\n<li>DO-260B uyumlu; ADS-B Out test \u00f6zellikli<\/li>\n<\/ul>\n<p>&nbsp;<\/p>\n<p><strong>Faydalar\u0131<\/strong><\/p>\n<ul>\n<li>Do\u011fru GPS saat \/ tarih al\u0131m\u0131 (GPS anteni, kripto veya manuel olarak)<\/li>\n<li>Elde ta\u015f\u0131nabilir ve pille \u00e7al\u0131\u015f\u0131r<\/li>\n<li>Kendini test edebilme<\/li>\n<li>Parametrik test sonu\u00e7lar\u0131, inceleme veya bak\u0131m g\u00fcnl\u00fc\u011f\u00fc i\u00e7in bir PC&#8217;ye indirmek \u00fczere saklanabilir<\/li>\n<\/ul>\n<p>&nbsp;<\/p>\n<p><strong>Uygulama Alanlar\u0131<\/strong><\/p>\n<ul>\n<li>Mod 5 TX \/ RX Pulse \u00f6l\u00e7\u00fcm\u00fc<\/li>\n<li>Mod 5 squitter veri<\/li>\n<li>Mod 5 veri toplama bi\u00e7imleri 0-23<\/li>\n<li>TS-4542 Shipboard Interrogator test \u00f6zelli\u011fi<\/li>\n<li>ADS-B Out testi<\/li>\n<li>KIV-77 ve SIT-2010 deste\u011fi<\/li>\n<li>KIV-78 deste\u011fi<\/li>\n<\/ul>\n","protected":false},"excerpt":{"rendered":"<p>Kritik G\u00f6revlerde h\u0131zl\u0131 IFF Mod 5 \u00f6l\u00e7\u00fcm do\u011frulamas\u0131 sa\u011flar &nbsp; Pek \u00e7ok u\u00e7ak, yer ve gemi platformlar\u0131n\u0131n transponder ve sorgulay\u0131c\u0131 performans\u0131n\u0131\u00a0test etmek i\u00e7in APM-424 (V) 5 kullan\u0131l\u0131r. APM-424 (V) 5, Mod 5 ve ADS-B performans ve yeteneklerine sahiptir. APM-424 (V) 5 saha test setlerinde uygun&#8230;<\/p>\n","protected":false},"featured_media":1042,"template":"","meta":[],"product_brand":[],"product_cat":[46],"product_tag":[88,78,97,89,90,98,99,32],"class_list":{"0":"post-1043","1":"product","2":"type-product","3":"status-publish","4":"has-post-thumbnail","6":"product_cat-aviyonik","7":"product_tag-askeri","8":"product_tag-avionics","9":"product_tag-aviyonik","10":"product_tag-mil-spec","11":"product_tag-military-standard","12":"product_tag-radar","13":"product_tag-radar-testi","14":"product_tag-viavi","16":"first","17":"instock","18":"shipping-taxable","19":"product-type-simple"},"_links":{"self":[{"href":"https:\/\/orkoltd.com.tr\/ew\/wp-json\/wp\/v2\/product\/1043","targetHints":{"allow":["GET"]}}],"collection":[{"href":"https:\/\/orkoltd.com.tr\/ew\/wp-json\/wp\/v2\/product"}],"about":[{"href":"https:\/\/orkoltd.com.tr\/ew\/wp-json\/wp\/v2\/types\/product"}],"wp:featuredmedia":[{"embeddable":true,"href":"https:\/\/orkoltd.com.tr\/ew\/wp-json\/wp\/v2\/media\/1042"}],"wp:attachment":[{"href":"https:\/\/orkoltd.com.tr\/ew\/wp-json\/wp\/v2\/media?parent=1043"}],"wp:term":[{"taxonomy":"product_brand","embeddable":true,"href":"https:\/\/orkoltd.com.tr\/ew\/wp-json\/wp\/v2\/product_brand?post=1043"},{"taxonomy":"product_cat","embeddable":true,"href":"https:\/\/orkoltd.com.tr\/ew\/wp-json\/wp\/v2\/product_cat?post=1043"},{"taxonomy":"product_tag","embeddable":true,"href":"https:\/\/orkoltd.com.tr\/ew\/wp-json\/wp\/v2\/product_tag?post=1043"}],"curies":[{"name":"wp","href":"https:\/\/api.w.org\/{rel}","templated":true}]}}