{"id":96,"date":"2018-10-03T17:01:28","date_gmt":"2018-10-03T14:01:28","guid":{"rendered":"http:\/\/www.orkoltd.com.tr\/?page_id=96"},"modified":"2025-10-22T17:09:43","modified_gmt":"2025-10-22T14:09:43","slug":"emc","status":"publish","type":"page","link":"https:\/\/orkoltd.com.tr\/ew\/about\/emc\/","title":{"rendered":"EMC"},"content":{"rendered":"<div class=\"wpb-content-wrapper\"><p>[vc_row row_type=&#8221;row&#8221; use_row_as_full_screen_section=&#8221;no&#8221; type=&#8221;full_width&#8221; text_align=&#8221;left&#8221; background_animation=&#8221;none&#8221; css_animation=&#8221;&#8221;][vc_column][vc_column_text css=&#8221;&#8221;]<\/p>\r\n<h3>EMC &#8211; Elektromanyetik Uyumluluk<\/h3>\r\n<p><!-- \/wp:post-content -->\u00a0<\/p>\r\n<p>&nbsp;<\/p>\r\n<!-- \/wp:paragraph -->\r\n<p><!-- wp:paragraph --><span class=\"notranslate\">EMC, Elektromanyetik Uyumluluk i\u00e7in bir k\u0131saltmad\u0131r.<\/span> <span class=\"notranslate\">T\u00fcm elektronik cihazlar elektromanyetik alanlara yay\u0131lma ve duyarl\u0131 olma potansiyeline sahiptir.<\/span> <span class=\"notranslate\">Elektronik cihazlar\u0131n g\u00fcndelik ya\u015famda yayg\u0131nla\u015fmas\u0131yla, cihazlar\u0131n birbirleriyle etkile\u015fime girmesinde b\u00fcy\u00fck bir potansiyel var.<\/span> <span class=\"notranslate\">EMC&#8217;nin t\u00fcm y\u00f6nleri dikkate al\u0131nmad\u0131k\u00e7a hi\u00e7bir elektrikli \u00fcr\u00fcn veya kurulumun tasar\u0131m\u0131 tamamlanm\u0131\u015f say\u0131l<\/span><span class=\"notranslate\">maz.<\/span> <span class=\"notranslate\">Bu sadece televizyonlar, bilgisayarlar, \u00e7ama\u015f\u0131r makineleri, vb. gibi yayg\u0131n \u00fcr\u00fcnler i\u00e7in \u00f6nemli de\u011fildir;<\/span>\u00a0t<span class=\"notranslate\">a\u015f\u0131tlar, u\u00e7aklar, gemiler ve b\u00fcy\u00fck end\u00fcstriyel tesisler gibi karma\u015f\u0131k \u00fcr\u00fcnler i\u00e7in \u00f6zellikle \u00f6nemlidir.<\/span> <span class=\"notranslate\">Bunlar EMC sorunlar\u0131na \u00e7ok duyarl\u0131d\u0131r.<\/span> <span class=\"notranslate\">Uyumluluk testi, ayn\u0131 ortamda \u00e7al\u0131\u015fan t\u00fcm elektrikli ve elektronik ekipmanlar\u0131n etkile\u015fimini g\u00f6zlemlemenizi sa\u011flar.<\/span><\/p>\r\n<p>&nbsp;<\/p>\r\n<!-- \/wp:paragraph -->\r\n<p><!-- wp:paragraph {\"align\":\"left\"} --><img fetchpriority=\"high\" decoding=\"async\" class=\"wp-image-927 alignleft\" src=\"https:\/\/www.orkoltd.com.tr\/ew\/wp-content\/uploads\/2019\/01\/Orko-AR-EMC-1024x688.jpg\" alt=\"\" width=\"637\" height=\"428\" srcset=\"https:\/\/orkoltd.com.tr\/ew\/wp-content\/uploads\/2019\/01\/Orko-AR-EMC-1024x688.jpg 1024w, https:\/\/orkoltd.com.tr\/ew\/wp-content\/uploads\/2019\/01\/Orko-AR-EMC-300x202.jpg 300w, https:\/\/orkoltd.com.tr\/ew\/wp-content\/uploads\/2019\/01\/Orko-AR-EMC-768x516.jpg 768w, https:\/\/orkoltd.com.tr\/ew\/wp-content\/uploads\/2019\/01\/Orko-AR-EMC-700x470.jpg 700w, https:\/\/orkoltd.com.tr\/ew\/wp-content\/uploads\/2019\/01\/Orko-AR-EMC-1100x739.jpg 1100w, https:\/\/orkoltd.com.tr\/ew\/wp-content\/uploads\/2019\/01\/Orko-AR-EMC-600x403.jpg 600w\" sizes=\"(max-width: 637px) 100vw, 637px\" \/><\/p>\r\n<p style=\"text-align: left;\"><span class=\"notranslate\">EMC Testi, \u00fcr\u00fcn\u00fcn\u00fcz\u00fcn ilgili EMC y\u00f6netmeliklerine ve y\u00f6nergelerine uygun oldu\u011funa dair kan\u0131t sa\u011flad\u0131\u011f\u0131 i\u00e7in uzun vadeli bir yat\u0131r\u0131md\u0131r.<\/span> <span class=\"notranslate\">Ba\u015far\u0131l\u0131 bir test program\u0131ndan sonra, \u00fcr\u00fcn\u00fcn\u00fcz\u00fcn g\u00fcvenirli\u011fini art\u0131raca\u011f\u0131ndan emin olabilirsiniz. B\u00f6ylelikle garanti sorunlar\u0131 ve servis maaliyetleri d\u00fc\u015fer ve marka sadakatini te\u015fvik eder.<\/span> <span class=\"notranslate\">Test ayr\u0131ca, \u00fcretim \u00f6ncesinde sabitlenebilecek \u00fcr\u00fcnle ilgili olas\u0131 sorunlar\u0131 veya problemleri de vurgular.<\/span><\/p>\r\n<p style=\"text-align: left;\"><span class=\"notranslate\">G\u00fcvenilir bir stratejik ortak taraf\u0131ndan sa\u011flanan do\u011fru EMC test ekipman\u0131 ve tasar\u0131m\u0131, \u00fcr\u00fcn\u00fcn\u00fcz\u00fcn uzun vadede ba\u015far\u0131s\u0131nda \u00f6nemli bir rol oynayabilir.\u00a0<\/span><\/p>\r\n<p style=\"text-align: left;\"><span class=\"notranslate\">Aksi\u00a0takdirde\u00a0zaman\u00a0ve\u00a0para\u00a0kayb\u0131\u00a0ka\u00e7\u0131n\u0131lmazd\u0131r.<\/span><\/p>\r\n<!-- \/wp:paragraph -->\r\n<p>&nbsp;<\/p>\r\n<!-- wp:image {\"id\":927,\"align\":\"center\"} --><!-- \/wp:image -->\r\n<p>&nbsp;<\/p>\r\n<!-- wp:quote -->\r\n<blockquote class=\"wp-block-quote\">\r\n<h4>\u00a0<\/h4>\r\n<h4>\u00a0<\/h4>\r\n<h4>\u00a0<\/h4>\r\n<p>ORKO LTD. EMC konusunda gerekli standartlar\u0131 g\u00f6z \u00f6n\u00fcne alarak, yans\u0131mas\u0131z odalar\u0131n, laboratuvarlar\u0131n tasarlanmas\u0131, verici, anten ve di\u011fer ekipmanlar\u0131n \u00fcretimi, tedari\u011fi, kurulumu ve personelin e\u011fitimini, k\u0131saca t\u00fcm projeyi \u00fcstlenmek i\u00e7in buradad\u0131r. MIL-STD-461, MIL-STD-464, MIL-STD-704, MIL-STG1399, RTCA DO160G, MIL-STD 1275E, (CS114, RS101, CS109, RS103, RE102, CE102) gibi daha bir \u00e7ok standarda uygun testleri yapabilmek i\u00e7in anahtar \u00e7evrim sistemlerimiz i\u00e7in bize dan\u0131\u015fabilirsiniz.<\/p>\r\n<\/blockquote>\r\n<!-- \/wp:quote -->\r\n<p><!-- wp:paragraph -->EMC konusunda \u00e7al\u0131\u015ft\u0131\u011f\u0131m\u0131z baz\u0131 firmalar\u0131m\u0131z ve konular\u0131 \u015funlard\u0131r:<\/p>\r\n<!-- \/wp:paragraph -->\r\n<p>&nbsp;<\/p>\r\n<!-- wp:image {\"id\":781,\"align\":\"center\"} -->\r\n<div class=\"wp-block-image\" style=\"text-align: center;\">\r\n<p class=\"aligncenter\"><a href=\"https:\/\/www.ar.ametek-cts.com\" target=\"_blank\" rel=\"noreferrer noopener\"><img decoding=\"async\" class=\"aligncenter wp-image-1619 size-medium\" src=\"https:\/\/orkoltd.com.tr\/ew\/wp-content\/uploads\/2024\/03\/ar-ametek-logo-300x182.webp\" alt=\"\" width=\"300\" height=\"182\" srcset=\"https:\/\/orkoltd.com.tr\/ew\/wp-content\/uploads\/2024\/03\/ar-ametek-logo-300x182.webp 300w, https:\/\/orkoltd.com.tr\/ew\/wp-content\/uploads\/2024\/03\/ar-ametek-logo-600x364.webp 600w, https:\/\/orkoltd.com.tr\/ew\/wp-content\/uploads\/2024\/03\/ar-ametek-logo.webp 635w\" sizes=\"(max-width: 300px) 100vw, 300px\" \/><\/a> <strong><span style=\"color: #000000;\"><br \/>AMPLIFIER RESEARCH (AR &#8211; AMETEK)<br \/><\/span><span style=\"color: #000000;\">AR MODULAR RF -&gt; AMETEK PDS<br \/><\/span><span style=\"color: #808080;\">RF Y\u00fckselticiler ve Mod\u00fcller (DC-1 GHz, 1\u201350.000 W)\u00a0<\/span><br \/><span style=\"color: #808080;\">Geni\u015f Bantl\u0131 ve Alt-Bant Yar\u0131 \u0130letken RF Y\u00fckselte\u00e7ler<\/span><br \/><span style=\"color: #808080;\">Taktik Askeri Telsizler i\u00e7in G\u00fc\u00e7lendirici Amplifikat\u00f6rler \u00a0<\/span><\/strong><br \/><span style=\"color: #808080;\"><strong>Mikrodalga Y\u00fckselticiler (0.8\u201345 GHz, 1\u201310.000 W)<\/strong><\/span><br \/><span style=\"color: #808080;\"><strong>Antenler (10 kHz\u201350 GHz, 15.000 W giri\u015fe kadar)<\/strong><\/span><br \/><span style=\"color: #808080;\"><strong>EMC\/RF Test Sistemleri<\/strong><\/span><br \/><span style=\"color: #808080;\"><strong>Hibrit G\u00fc\u00e7 Mod\u00fclleri<\/strong><\/span><br \/><span style=\"color: #808080;\"><strong>Aksesuarlar<\/strong><\/span><\/p>\r\n<\/div>\r\n<p>&nbsp;<\/p>\r\n<!-- wp:image {\"id\":463,\"align\":\"center\"} -->\r\n<div class=\"wp-block-image\" style=\"text-align: center;\">\r\n<p class=\"aligncenter\"><a href=\"http:\/\/www.siepel.com\/\" target=\"_blank\" rel=\"noreferrer noopener\"><img decoding=\"async\" class=\"aligncenter wp-image-463 size-medium\" src=\"https:\/\/www.orkoltd.com.tr\/ew\/wp-content\/uploads\/2019\/01\/seipel-logo.jpg\" alt=\"\" width=\"327\" height=\"60\" \/><\/a><\/p>\r\n<p class=\"aligncenter\"><strong><span style=\"color: #000000;\">SIEPEL<br \/><\/span><span style=\"color: #808080;\">Geni\u015fbantl\u0131 \/ Darbantl\u0131 So\u011furucular<\/span><br \/><span style=\"color: #808080;\">Y\u00fcksek G\u00fc\u00e7 So\u011furucular<\/span><br \/><span style=\"color: #808080;\">Yans\u0131mas\u0131z\u00a0Odalar<\/span><br \/><span style=\"color: #808080;\">Yank\u0131lanma Odalar\u0131<\/span><br \/><span style=\"color: #808080;\">G\u00fcvenli Odalar<\/span><\/strong><\/p>\r\n<p>&nbsp;<\/p>\r\n<\/div>\r\n<!-- wp:image {\"id\":462,\"align\":\"center\"} -->\r\n<div class=\"wp-block-image\" style=\"text-align: center;\">\r\n<p class=\"aligncenter\"><a href=\"http:\/\/www.montena.com\/\" target=\"_blank\" rel=\"noreferrer noopener\"><img loading=\"lazy\" decoding=\"async\" class=\"aligncenter wp-image-462\" src=\"https:\/\/www.orkoltd.com.tr\/ew\/wp-content\/uploads\/2019\/01\/montena-logo.jpg\" alt=\"\" width=\"327\" height=\"77\" \/><\/a><\/p>\r\n<p class=\"aligncenter\"><strong><span style=\"color: #000000;\">MONTENA TECHNOLOGY<\/span><br \/><span style=\"color: #808080;\">Y\u00fcksek Voltaj Darbe Jenerat\u00f6rleri\u00a0(NEMP\u00a0\/ HEMP)<\/span><\/strong><br \/><span style=\"color: #808080;\"><strong>Darbeli Ak\u0131m Enjeksiyon Jenerat\u00f6rleri (PCI)<\/strong><\/span><br \/><span style=\"color: #808080;\"><strong>MIL-STD \u0130letilen Duyarl\u0131l\u0131k Jenerat\u00f6rleri<\/strong><\/span><br \/><span style=\"color: #808080;\"><strong>ESD Jenerat\u00f6rleri<br \/>Jenerat\u00f6r Aksesuarlar\u0131<br \/>Anten ve Yay\u0131lan Hatlar<\/strong><\/span><br \/><span style=\"color: #808080;\"><strong>E\/H Alan Jenerat\u00f6rleri<br \/>Darbe \u00d6l\u00e7\u00fcmleri, Fiber Optik Ba\u011flant\u0131lar<\/strong><\/span><\/p>\r\n<\/div>\r\n<!-- wp:image {\"id\":460,\"align\":\"center\"} -->\r\n<div class=\"wp-block-image\" style=\"text-align: center;\">\r\n<p class=\"aligncenter\"><a href=\"https:\/\/www.gauss-instruments.com\/\" target=\"_blank\" rel=\"noreferrer noopener\"><img loading=\"lazy\" decoding=\"async\" class=\"aligncenter wp-image-460\" src=\"https:\/\/www.orkoltd.com.tr\/ew\/wp-content\/uploads\/2019\/01\/gauss-logo.jpg\" alt=\"\" width=\"164\" height=\"164\" \/><\/a><\/p>\r\n<p class=\"aligncenter\"><span style=\"color: #000000;\"><strong>GAUSS INSTRUMENTS<\/strong><\/span><br \/><span style=\"color: #808080;\"><strong>Y\u00fcksek H\u0131z ve Performansta EMC Emisyon \u00d6l\u00e7\u00fcm Cihazlar\u0131<\/strong><\/span><\/p>\r\n<p>&nbsp;<\/p>\r\n<\/div>\r\n<!-- wp:image {\"id\":467,\"align\":\"center\"} -->\r\n<div class=\"wp-block-image\" style=\"text-align: center;\">\r\n<p class=\"aligncenter\"><a href=\"https:\/\/aetechron.com\" target=\"_blank\" rel=\"noreferrer noopener\"><img loading=\"lazy\" decoding=\"async\" class=\"aligncenter wp-image-467\" src=\"https:\/\/www.orkoltd.com.tr\/ew\/wp-content\/uploads\/2019\/01\/aetechron-logo.jpg\" alt=\"\" width=\"327\" height=\"88\" \/><\/a><\/p>\r\n<p class=\"aligncenter\"><strong><span style=\"color: #000000;\">AETECHRON<\/span><br \/><span style=\"color: #808080;\">B\u0131rakma, Dalgalanma, Ripple Simulat\u00f6rleri<\/span><\/strong><br \/><span style=\"color: #808080;\"><strong>Y\u00fcksek H\u0131zl\u0131 AC\/DC Y\u00fckselte\u00e7ler<\/strong><\/span><br \/><span style=\"color: #808080;\"><strong>Standart Dalga Jenerat\u00f6rleri<\/strong><\/span><br \/><strong><span style=\"color: #808080;\">Do\u011frusal G\u00fc\u00e7 Y\u00fckselticileri<\/span><\/strong><\/p>\r\n<p>&nbsp;<\/p>\r\n<\/div>\r\n<!-- wp:image {\"id\":1574,\"align\":\"center\"} -->\r\n<div class=\"wp-block-image\" style=\"text-align: center;\">\r\n<p class=\"aligncenter\">\u00a0<\/p>\r\n<\/div>\r\n<div class=\"wp-block-image\" style=\"text-align: center;\">\r\n<p class=\"aligncenter\"><a href=\"https:\/\/pacificpower.com\" target=\"_blank\" rel=\"noreferrer noopener\"><img loading=\"lazy\" decoding=\"async\" class=\"aligncenter wp-image-1576\" src=\"https:\/\/orkoltd.com.tr\/ew\/wp-content\/uploads\/2023\/02\/PPS-logo-300x83.png\" alt=\"Pacific Power Source\" width=\"300\" height=\"83\" srcset=\"https:\/\/orkoltd.com.tr\/ew\/wp-content\/uploads\/2023\/02\/PPS-logo-300x83.png 300w, https:\/\/orkoltd.com.tr\/ew\/wp-content\/uploads\/2023\/02\/PPS-logo.png 500w\" sizes=\"(max-width: 300px) 100vw, 300px\" \/><\/a><\/p>\r\n<p class=\"aligncenter\"><strong><span style=\"color: #000000;\">PACIFIC POWER SOURCE<\/span><br \/><span style=\"color: #808080;\">AC ve DC G\u00fc\u00e7 \u00c7\u00f6z\u00fcmleri<br \/><span style=\"color: #808080;\">Lineer ve (PWM) Anahtarlamal\u0131 mod Programlanabilen G\u00fc\u00e7 Kaynaklar\u0131<\/span><\/span><\/strong><\/p>\r\n<p>&nbsp;<\/p>\r\n<\/div>\r\n<!-- wp:image {\"id\":1637,\"align\":\"center\"} -->\r\n<div class=\"wp-block-image\" style=\"text-align: center;\">\r\n<p class=\"aligncenter\"><a href=\"https:\/\/www.3c-test.com\" target=\"_blank\" rel=\"noreferrer noopener\"><img loading=\"lazy\" decoding=\"async\" class=\"aligncenter wp-image-1637\" src=\"https:\/\/orkoltd.com.tr\/ew\/wp-content\/uploads\/2024\/03\/3ctest-logo-300x65.png\" alt=\"\" width=\"300\" height=\"65\" srcset=\"https:\/\/orkoltd.com.tr\/ew\/wp-content\/uploads\/2024\/03\/3ctest-logo-300x65.png 300w, https:\/\/orkoltd.com.tr\/ew\/wp-content\/uploads\/2024\/03\/3ctest-logo-768x166.png 768w, https:\/\/orkoltd.com.tr\/ew\/wp-content\/uploads\/2024\/03\/3ctest-logo-700x152.png 700w, https:\/\/orkoltd.com.tr\/ew\/wp-content\/uploads\/2024\/03\/3ctest-logo-600x130.png 600w, https:\/\/orkoltd.com.tr\/ew\/wp-content\/uploads\/2024\/03\/3ctest-logo.png 776w\" sizes=\"(max-width: 300px) 100vw, 300px\" \/><\/a><\/p>\r\n<p class=\"aligncenter\"><strong><span style=\"color: #000000;\">3ctest ELECTRONIC CO.<br \/><\/span><span style=\"color: #808080;\">ESD Tabancalar\u0131, ESD Sim\u00fclat\u00f6rleri<br \/>Surge, Burst, Spike Sim\u00fclat\u00f6rleri<br \/>Darbeli Ak\u0131m ve Voltaj Sim\u00fclat\u00f6rleri<br \/>Birle\u015fik Dalga Sim\u00fclat\u00f6rleri<br \/>EMC Otomotiv Test Sistemleri<br \/>End\u00fcstriyel Genel Testler<br \/>Komponent Testleri<\/span><\/strong><\/p>\r\n<p>&nbsp;<\/p>\r\n<\/div>\r\n<p>[\/vc_column_text][\/vc_column][\/vc_row]<\/p><\/div>","protected":false},"excerpt":{"rendered":"<p>[vc_row row_type=&#8221;row&#8221; use_row_as_full_screen_section=&#8221;no&#8221; type=&#8221;full_width&#8221; text_align=&#8221;left&#8221; background_animation=&#8221;none&#8221; css_animation=&#8221;&#8221;][vc_column][vc_column_text css=&#8221;&#8221;] EMC &#8211; Elektromanyetik Uyumluluk \u00a0 &nbsp; EMC, Elektromanyetik Uyumluluk i\u00e7in bir k\u0131saltmad\u0131r. T\u00fcm elektronik cihazlar elektromanyetik alanlara yay\u0131lma ve duyarl\u0131 olma potansiyeline sahiptir. Elektronik cihazlar\u0131n g\u00fcndelik ya\u015famda yayg\u0131nla\u015fmas\u0131yla, cihazlar\u0131n birbirleriyle etkile\u015fime girmesinde b\u00fcy\u00fck bir potansiyel var. EMC&#8217;nin&#8230;<\/p>\n","protected":false},"author":1,"featured_media":0,"parent":2,"menu_order":1,"comment_status":"closed","ping_status":"closed","template":"","meta":{"footnotes":""},"class_list":["post-96","page","type-page","status-publish","hentry"],"_links":{"self":[{"href":"https:\/\/orkoltd.com.tr\/ew\/wp-json\/wp\/v2\/pages\/96","targetHints":{"allow":["GET"]}}],"collection":[{"href":"https:\/\/orkoltd.com.tr\/ew\/wp-json\/wp\/v2\/pages"}],"about":[{"href":"https:\/\/orkoltd.com.tr\/ew\/wp-json\/wp\/v2\/types\/page"}],"author":[{"embeddable":true,"href":"https:\/\/orkoltd.com.tr\/ew\/wp-json\/wp\/v2\/users\/1"}],"replies":[{"embeddable":true,"href":"https:\/\/orkoltd.com.tr\/ew\/wp-json\/wp\/v2\/comments?post=96"}],"version-history":[{"count":132,"href":"https:\/\/orkoltd.com.tr\/ew\/wp-json\/wp\/v2\/pages\/96\/revisions"}],"predecessor-version":[{"id":1784,"href":"https:\/\/orkoltd.com.tr\/ew\/wp-json\/wp\/v2\/pages\/96\/revisions\/1784"}],"up":[{"embeddable":true,"href":"https:\/\/orkoltd.com.tr\/ew\/wp-json\/wp\/v2\/pages\/2"}],"wp:attachment":[{"href":"https:\/\/orkoltd.com.tr\/ew\/wp-json\/wp\/v2\/media?parent=96"}],"curies":[{"name":"wp","href":"https:\/\/api.w.org\/{rel}","templated":true}]}}