{"id":920,"date":"2019-01-22T13:06:11","date_gmt":"2019-01-22T10:06:11","guid":{"rendered":"https:\/\/www.orkoltd.com.tr\/ew\/?page_id=920"},"modified":"2019-02-13T15:44:51","modified_gmt":"2019-02-13T12:44:51","slug":"rf-urunler","status":"publish","type":"page","link":"https:\/\/orkoltd.com.tr\/ew\/home\/rf-urunler\/","title":{"rendered":"RF \u00dcr\u00fcnler"},"content":{"rendered":"\r\n<h4 class=\"wp-block-heading\"><img fetchpriority=\"high\" decoding=\"async\" class=\"size-large wp-image-1110 aligncenter\" src=\"https:\/\/www.orkoltd.com.tr\/ew\/wp-content\/uploads\/2019\/02\/RF-Top-1024x576.jpg\" alt=\"\" width=\"1024\" height=\"576\" srcset=\"https:\/\/orkoltd.com.tr\/ew\/wp-content\/uploads\/2019\/02\/RF-Top-1024x576.jpg 1024w, https:\/\/orkoltd.com.tr\/ew\/wp-content\/uploads\/2019\/02\/RF-Top-300x169.jpg 300w, https:\/\/orkoltd.com.tr\/ew\/wp-content\/uploads\/2019\/02\/RF-Top-768x432.jpg 768w, https:\/\/orkoltd.com.tr\/ew\/wp-content\/uploads\/2019\/02\/RF-Top-700x394.jpg 700w, https:\/\/orkoltd.com.tr\/ew\/wp-content\/uploads\/2019\/02\/RF-Top-1100x619.jpg 1100w, https:\/\/orkoltd.com.tr\/ew\/wp-content\/uploads\/2019\/02\/RF-Top-600x338.jpg 600w\" sizes=\"(max-width: 1024px) 100vw, 1024px\" \/><\/h4>\r\n<h4 style=\"text-align: left;\">Ticari, Askeri ve kamu i\u00e7in \u00fcretilmi\u015f olan radyo frekans \u00fcr\u00fcnlerimiz, belediyeler, il\u00e7eler, \u015fehirler ve devletler taraf\u0131ndan istenen \u00fcst\u00fcn test do\u011frulu\u011fu sa\u011flar. G\u00fcn\u00fcm\u00fcz\u00fcn protokolleri, kritik ileti\u015fim i\u00e7in \u00f6zel olarak tasarlanm\u0131\u015ft\u0131r ve \u00fcr\u00fcnlerimiz, test i\u00e7in kritik gereksinimleri kar\u015f\u0131layacak \u015fekilde tasarlanm\u0131\u015ft\u0131r.\u00a0<\/h4>\r\n<h4>\u00a0<\/h4>\r\n<p>&nbsp;<\/p>\r\n<h3><strong>Radyo Frekans\u00a0Test Cihazlar\u0131m\u0131z:<\/strong><\/h3>\r\n<p>&nbsp;<\/p>\r\n\r\n\r\n<p>[vc_column]<div class=\"qode-elegant-pl-holder qode-standard-layout qode-large-space qode-four-columns qode-info-below-image  \"  data-type=\"standard\" data-info-position=\"info-below-image\" data-number-of-posts=\"50\" data-number-of-columns=\"4\" data-space-between-items=\"large\" data-show-ordering-filter=\"no\" data-orderby=\"rand\" data-order=\"ASC\" data-show-category-filter=\"no\" data-show-all-item-in-filter=\"yes\" data-taxonomy-to-display=\"category\" data-taxonomy-values=\"TEST C\u0130HAZI\" data-image-size=\"full\" data-display-title=\"yes\" data-title-tag=\"h5\" data-display-category=\"no\" data-display-excerpt=\"no\" data-excerpt-length=\"20\" data-display-rating=\"no\" data-display-price=\"no\" data-holder-classes=\"qode-standard-layout qode-large-space qode-four-columns qode-info-below-image  \" data-class-name=\"pli\"data-class_name = \"pli\">\n\t                        <div class=\"qode-prl-loading\">\n            <span class=\"qode-prl-loading-msg\">Loading...<\/span>\n        <\/div>\n        <div class=\"qode-pl-outer\">\n            <div class=\"qode-pli\">\n\t<div class=\"qode-pli-inner\">\n\t\t<div class=\"qode-pli-image\">\n\t\t\t\n\n<img decoding=\"async\" width=\"1062\" height=\"703\" src=\"https:\/\/orkoltd.com.tr\/ew\/wp-content\/uploads\/2019\/01\/3920-1.jpg\" class=\"attachment-full size-full wp-post-image\" alt=\"\" srcset=\"https:\/\/orkoltd.com.tr\/ew\/wp-content\/uploads\/2019\/01\/3920-1.jpg 1062w, https:\/\/orkoltd.com.tr\/ew\/wp-content\/uploads\/2019\/01\/3920-1-300x199.jpg 300w, https:\/\/orkoltd.com.tr\/ew\/wp-content\/uploads\/2019\/01\/3920-1-1024x678.jpg 1024w, https:\/\/orkoltd.com.tr\/ew\/wp-content\/uploads\/2019\/01\/3920-1-768x508.jpg 768w, https:\/\/orkoltd.com.tr\/ew\/wp-content\/uploads\/2019\/01\/3920-1-700x463.jpg 700w, https:\/\/orkoltd.com.tr\/ew\/wp-content\/uploads\/2019\/01\/3920-1-600x397.jpg 600w\" sizes=\"(max-width: 1062px) 100vw, 1062px\" \/>\t\t<\/div>\n\t\t<div class=\"qode-pli-text\">\n\t\t\t<div class=\"qode-pli-text-outer\">\n\t\t\t\t<div class=\"qode-pli-text-inner\">\n\t\t\t\t\t<div class=\"qode-pli-additional-info\">\n                                            <\/div>\n\t\t\t\t<\/div>\n\t\t\t<\/div>\n\t\t<\/div>\n\t\t<a class=\"qode-pli-link\" itemprop=\"url\" href=\"https:\/\/orkoltd.com.tr\/ew\/urun\/3920b-analog-ve-sayisal-telsiz-test-platformu\/\" title=\"3920B ANALOG VE SAYISAL TELS\u0130Z TEST SET\u0130\"><\/a>\n\t<\/div>\n\t<div class=\"qode-pli-text-wrapper qode-no-rating-price\" >\n\n\t\t\n            <h5 itemprop=\"name\" class=\"entry-title qode-pli-title\" >\n\t\t<a itemprop=\"url\" href=\"https:\/\/orkoltd.com.tr\/ew\/urun\/3920b-analog-ve-sayisal-telsiz-test-platformu\/\">3920B ANALOG VE SAYISAL TELS\u0130Z TEST SET\u0130<\/a>\n\t<\/h5>\n\n\t\t\t\t\n\t\t\t\t\n\t\t\n\t\t<div class=\"qode-pli-add-to-cart\">\n\t<a rel=\"nofollow\" href=\"https:\/\/orkoltd.com.tr\/ew\/urun\/3920b-analog-ve-sayisal-telsiz-test-platformu\/\" data-quantity=\"1\" data-product_id=\"379\" data-product_sku=\"\" class=\"add_to_cart_button ajax_add_to_cart qode-add-to-cart qode-button\">Devam\u0131n\u0131 oku<\/a><\/div>\t<\/div>\n<\/div><div class=\"qode-pli\">\n\t<div class=\"qode-pli-inner\">\n\t\t<div class=\"qode-pli-image\">\n\t\t\t\n\n<img decoding=\"async\" width=\"1200\" height=\"1200\" src=\"https:\/\/orkoltd.com.tr\/ew\/wp-content\/uploads\/2022\/07\/alt-9000-front.png\" class=\"attachment-full size-full wp-post-image\" alt=\"\" srcset=\"https:\/\/orkoltd.com.tr\/ew\/wp-content\/uploads\/2022\/07\/alt-9000-front.png 1200w, https:\/\/orkoltd.com.tr\/ew\/wp-content\/uploads\/2022\/07\/alt-9000-front-300x300.png 300w, https:\/\/orkoltd.com.tr\/ew\/wp-content\/uploads\/2022\/07\/alt-9000-front-1024x1024.png 1024w, https:\/\/orkoltd.com.tr\/ew\/wp-content\/uploads\/2022\/07\/alt-9000-front-150x150.png 150w, https:\/\/orkoltd.com.tr\/ew\/wp-content\/uploads\/2022\/07\/alt-9000-front-768x768.png 768w, https:\/\/orkoltd.com.tr\/ew\/wp-content\/uploads\/2022\/07\/alt-9000-front-550x550.png 550w, https:\/\/orkoltd.com.tr\/ew\/wp-content\/uploads\/2022\/07\/alt-9000-front-500x500.png 500w, https:\/\/orkoltd.com.tr\/ew\/wp-content\/uploads\/2022\/07\/alt-9000-front-1000x1000.png 1000w, https:\/\/orkoltd.com.tr\/ew\/wp-content\/uploads\/2022\/07\/alt-9000-front-700x700.png 700w, https:\/\/orkoltd.com.tr\/ew\/wp-content\/uploads\/2022\/07\/alt-9000-front-1100x1100.png 1100w, https:\/\/orkoltd.com.tr\/ew\/wp-content\/uploads\/2022\/07\/alt-9000-front-650x650.png 650w, https:\/\/orkoltd.com.tr\/ew\/wp-content\/uploads\/2022\/07\/alt-9000-front-600x600.png 600w, https:\/\/orkoltd.com.tr\/ew\/wp-content\/uploads\/2022\/07\/alt-9000-front-100x100.png 100w\" sizes=\"(max-width: 1200px) 100vw, 1200px\" \/>\t\t<\/div>\n\t\t<div class=\"qode-pli-text\">\n\t\t\t<div class=\"qode-pli-text-outer\">\n\t\t\t\t<div class=\"qode-pli-text-inner\">\n\t\t\t\t\t<div class=\"qode-pli-additional-info\">\n                                            <\/div>\n\t\t\t\t<\/div>\n\t\t\t<\/div>\n\t\t<\/div>\n\t\t<a class=\"qode-pli-link\" itemprop=\"url\" href=\"https:\/\/orkoltd.com.tr\/ew\/urun\/alt-9000-radyo-altimetre-test-seti\/\" title=\"ALT-9000 RADYO ALT\u0130METRE TEST SET\u0130\"><\/a>\n\t<\/div>\n\t<div class=\"qode-pli-text-wrapper qode-no-rating-price\" >\n\n\t\t\n            <h5 itemprop=\"name\" class=\"entry-title qode-pli-title\" >\n\t\t<a itemprop=\"url\" href=\"https:\/\/orkoltd.com.tr\/ew\/urun\/alt-9000-radyo-altimetre-test-seti\/\">ALT-9000 RADYO ALT\u0130METRE TEST SET\u0130<\/a>\n\t<\/h5>\n\n\t\t\t\t\n\t\t\t\t\n\t\t\n\t\t<div class=\"qode-pli-add-to-cart\">\n\t<a rel=\"nofollow\" href=\"https:\/\/orkoltd.com.tr\/ew\/urun\/alt-9000-radyo-altimetre-test-seti\/\" data-quantity=\"1\" data-product_id=\"1552\" data-product_sku=\"\" class=\"add_to_cart_button ajax_add_to_cart qode-add-to-cart qode-button\">Devam\u0131n\u0131 oku<\/a><\/div>\t<\/div>\n<\/div><div class=\"qode-pli\">\n\t<div class=\"qode-pli-inner\">\n\t\t<div class=\"qode-pli-image\">\n\t\t\t\n\n<img loading=\"lazy\" decoding=\"async\" width=\"1200\" height=\"801\" src=\"https:\/\/orkoltd.com.tr\/ew\/wp-content\/uploads\/2023\/03\/oneadvisor-800-front.png\" class=\"attachment-full size-full wp-post-image\" alt=\"ONA-800\" srcset=\"https:\/\/orkoltd.com.tr\/ew\/wp-content\/uploads\/2023\/03\/oneadvisor-800-front.png 1200w, https:\/\/orkoltd.com.tr\/ew\/wp-content\/uploads\/2023\/03\/oneadvisor-800-front-300x200.png 300w, https:\/\/orkoltd.com.tr\/ew\/wp-content\/uploads\/2023\/03\/oneadvisor-800-front-1024x684.png 1024w, https:\/\/orkoltd.com.tr\/ew\/wp-content\/uploads\/2023\/03\/oneadvisor-800-front-768x513.png 768w, https:\/\/orkoltd.com.tr\/ew\/wp-content\/uploads\/2023\/03\/oneadvisor-800-front-700x467.png 700w, https:\/\/orkoltd.com.tr\/ew\/wp-content\/uploads\/2023\/03\/oneadvisor-800-front-1100x734.png 1100w, https:\/\/orkoltd.com.tr\/ew\/wp-content\/uploads\/2023\/03\/oneadvisor-800-front-600x401.png 600w\" sizes=\"(max-width: 1200px) 100vw, 1200px\" \/>\t\t<\/div>\n\t\t<div class=\"qode-pli-text\">\n\t\t\t<div class=\"qode-pli-text-outer\">\n\t\t\t\t<div class=\"qode-pli-text-inner\">\n\t\t\t\t\t<div class=\"qode-pli-additional-info\">\n                                            <\/div>\n\t\t\t\t<\/div>\n\t\t\t<\/div>\n\t\t<\/div>\n\t\t<a class=\"qode-pli-link\" itemprop=\"url\" href=\"https:\/\/orkoltd.com.tr\/ew\/urun\/oneadvisor800\/\" title=\"ONEADVISOR 800 \u00d6l\u00e7\u00fcm Platformu\"><\/a>\n\t<\/div>\n\t<div class=\"qode-pli-text-wrapper qode-no-rating-price\" >\n\n\t\t\n            <h5 itemprop=\"name\" class=\"entry-title qode-pli-title\" >\n\t\t<a itemprop=\"url\" href=\"https:\/\/orkoltd.com.tr\/ew\/urun\/oneadvisor800\/\">ONEADVISOR 800 \u00d6l\u00e7\u00fcm Platformu<\/a>\n\t<\/h5>\n\n\t\t\t\t\n\t\t\t\t\n\t\t\n\t\t<div class=\"qode-pli-add-to-cart\">\n\t<a rel=\"nofollow\" href=\"https:\/\/orkoltd.com.tr\/ew\/urun\/oneadvisor800\/\" data-quantity=\"1\" data-product_id=\"1581\" data-product_sku=\"\" class=\"add_to_cart_button ajax_add_to_cart qode-add-to-cart qode-button\">Devam\u0131n\u0131 oku<\/a><\/div>\t<\/div>\n<\/div><div class=\"qode-pli\">\n\t<div class=\"qode-pli-inner\">\n\t\t<div class=\"qode-pli-image\">\n\t\t\t\n\n<img loading=\"lazy\" decoding=\"async\" width=\"1132\" height=\"622\" src=\"https:\/\/orkoltd.com.tr\/ew\/wp-content\/uploads\/2018\/11\/TDEMI-X.png\" class=\"attachment-full size-full wp-post-image\" alt=\"\" srcset=\"https:\/\/orkoltd.com.tr\/ew\/wp-content\/uploads\/2018\/11\/TDEMI-X.png 1132w, https:\/\/orkoltd.com.tr\/ew\/wp-content\/uploads\/2018\/11\/TDEMI-X-300x165.png 300w, https:\/\/orkoltd.com.tr\/ew\/wp-content\/uploads\/2018\/11\/TDEMI-X-1024x563.png 1024w, https:\/\/orkoltd.com.tr\/ew\/wp-content\/uploads\/2018\/11\/TDEMI-X-768x422.png 768w, https:\/\/orkoltd.com.tr\/ew\/wp-content\/uploads\/2018\/11\/TDEMI-X-700x385.png 700w, https:\/\/orkoltd.com.tr\/ew\/wp-content\/uploads\/2018\/11\/TDEMI-X-1100x604.png 1100w, https:\/\/orkoltd.com.tr\/ew\/wp-content\/uploads\/2018\/11\/TDEMI-X-600x330.png 600w\" sizes=\"(max-width: 1132px) 100vw, 1132px\" \/>\t\t<\/div>\n\t\t<div class=\"qode-pli-text\">\n\t\t\t<div class=\"qode-pli-text-outer\">\n\t\t\t\t<div class=\"qode-pli-text-inner\">\n\t\t\t\t\t<div class=\"qode-pli-additional-info\">\n                                            <\/div>\n\t\t\t\t<\/div>\n\t\t\t<\/div>\n\t\t<\/div>\n\t\t<a class=\"qode-pli-link\" itemprop=\"url\" href=\"https:\/\/orkoltd.com.tr\/ew\/urun\/gauss-tdemi-x-emc-test-platformu\/\" title=\"GAUSS TDEMI X\"><\/a>\n\t<\/div>\n\t<div class=\"qode-pli-text-wrapper qode-no-rating-price\" >\n\n\t\t\n            <h5 itemprop=\"name\" class=\"entry-title qode-pli-title\" >\n\t\t<a itemprop=\"url\" href=\"https:\/\/orkoltd.com.tr\/ew\/urun\/gauss-tdemi-x-emc-test-platformu\/\">GAUSS TDEMI X<\/a>\n\t<\/h5>\n\n\t\t\t\t\n\t\t\t\t\n\t\t\n\t\t<div class=\"qode-pli-add-to-cart\">\n\t<a rel=\"nofollow\" href=\"https:\/\/orkoltd.com.tr\/ew\/urun\/gauss-tdemi-x-emc-test-platformu\/\" data-quantity=\"1\" data-product_id=\"408\" data-product_sku=\"\" class=\"add_to_cart_button ajax_add_to_cart qode-add-to-cart qode-button\">Devam\u0131n\u0131 oku<\/a><\/div>\t<\/div>\n<\/div><div class=\"qode-pli\">\n\t<div class=\"qode-pli-inner\">\n\t\t<div class=\"qode-pli-image\">\n\t\t\t\n\n<img loading=\"lazy\" decoding=\"async\" width=\"1026\" height=\"945\" src=\"https:\/\/orkoltd.com.tr\/ew\/wp-content\/uploads\/2021\/06\/avx-10k_with_ipad_fuel_gauge.png\" class=\"attachment-full size-full wp-post-image\" alt=\"\" srcset=\"https:\/\/orkoltd.com.tr\/ew\/wp-content\/uploads\/2021\/06\/avx-10k_with_ipad_fuel_gauge.png 1026w, https:\/\/orkoltd.com.tr\/ew\/wp-content\/uploads\/2021\/06\/avx-10k_with_ipad_fuel_gauge-300x276.png 300w, https:\/\/orkoltd.com.tr\/ew\/wp-content\/uploads\/2021\/06\/avx-10k_with_ipad_fuel_gauge-1024x943.png 1024w, https:\/\/orkoltd.com.tr\/ew\/wp-content\/uploads\/2021\/06\/avx-10k_with_ipad_fuel_gauge-768x707.png 768w, https:\/\/orkoltd.com.tr\/ew\/wp-content\/uploads\/2021\/06\/avx-10k_with_ipad_fuel_gauge-700x645.png 700w, https:\/\/orkoltd.com.tr\/ew\/wp-content\/uploads\/2021\/06\/avx-10k_with_ipad_fuel_gauge-600x553.png 600w\" sizes=\"(max-width: 1026px) 100vw, 1026px\" \/>\t\t<\/div>\n\t\t<div class=\"qode-pli-text\">\n\t\t\t<div class=\"qode-pli-text-outer\">\n\t\t\t\t<div class=\"qode-pli-text-inner\">\n\t\t\t\t\t<div class=\"qode-pli-additional-info\">\n                                            <\/div>\n\t\t\t\t<\/div>\n\t\t\t<\/div>\n\t\t<\/div>\n\t\t<a class=\"qode-pli-link\" itemprop=\"url\" href=\"https:\/\/orkoltd.com.tr\/ew\/urun\/avx-10k-ucus-hatti-test-seti\/\" title=\"AVX-10K U\u00c7U\u015e HATTI TEST SET\u0130\"><\/a>\n\t<\/div>\n\t<div class=\"qode-pli-text-wrapper qode-no-rating-price\" >\n\n\t\t\n            <h5 itemprop=\"name\" class=\"entry-title qode-pli-title\" >\n\t\t<a itemprop=\"url\" href=\"https:\/\/orkoltd.com.tr\/ew\/urun\/avx-10k-ucus-hatti-test-seti\/\">AVX-10K U\u00c7U\u015e HATTI TEST SET\u0130<\/a>\n\t<\/h5>\n\n\t\t\t\t\n\t\t\t\t\n\t\t\n\t\t<div class=\"qode-pli-add-to-cart\">\n\t<a rel=\"nofollow\" href=\"https:\/\/orkoltd.com.tr\/ew\/urun\/avx-10k-ucus-hatti-test-seti\/\" data-quantity=\"1\" data-product_id=\"1525\" data-product_sku=\"\" class=\"add_to_cart_button ajax_add_to_cart qode-add-to-cart qode-button\">Devam\u0131n\u0131 oku<\/a><\/div>\t<\/div>\n<\/div><div class=\"qode-pli\">\n\t<div class=\"qode-pli-inner\">\n\t\t<div class=\"qode-pli-image\">\n\t\t\t\n\n<img loading=\"lazy\" decoding=\"async\" width=\"1950\" height=\"1578\" src=\"https:\/\/orkoltd.com.tr\/ew\/wp-content\/uploads\/2026\/02\/CX200.jpg\" class=\"attachment-full size-full wp-post-image\" alt=\"\" srcset=\"https:\/\/orkoltd.com.tr\/ew\/wp-content\/uploads\/2026\/02\/CX200.jpg 1950w, https:\/\/orkoltd.com.tr\/ew\/wp-content\/uploads\/2026\/02\/CX200-300x243.jpg 300w, https:\/\/orkoltd.com.tr\/ew\/wp-content\/uploads\/2026\/02\/CX200-1024x829.jpg 1024w, https:\/\/orkoltd.com.tr\/ew\/wp-content\/uploads\/2026\/02\/CX200-768x621.jpg 768w, https:\/\/orkoltd.com.tr\/ew\/wp-content\/uploads\/2026\/02\/CX200-1536x1243.jpg 1536w, https:\/\/orkoltd.com.tr\/ew\/wp-content\/uploads\/2026\/02\/CX200-700x566.jpg 700w, https:\/\/orkoltd.com.tr\/ew\/wp-content\/uploads\/2026\/02\/CX200-1100x890.jpg 1100w, https:\/\/orkoltd.com.tr\/ew\/wp-content\/uploads\/2026\/02\/CX200-600x486.jpg 600w\" sizes=\"(max-width: 1950px) 100vw, 1950px\" \/>\t\t<\/div>\n\t\t<div class=\"qode-pli-text\">\n\t\t\t<div class=\"qode-pli-text-outer\">\n\t\t\t\t<div class=\"qode-pli-text-inner\">\n\t\t\t\t\t<div class=\"qode-pli-additional-info\">\n                                            <\/div>\n\t\t\t\t<\/div>\n\t\t\t<\/div>\n\t\t<\/div>\n\t\t<a class=\"qode-pli-link\" itemprop=\"url\" href=\"https:\/\/orkoltd.com.tr\/ew\/urun\/cx200-siteexpert-haberlesme-servis-monitoru\/\" title=\"CX200 SITEEXPERT Haberle\u015fme Servis Monit\u00f6r\u00fc\"><\/a>\n\t<\/div>\n\t<div class=\"qode-pli-text-wrapper qode-no-rating-price\" >\n\n\t\t\n            <h5 itemprop=\"name\" class=\"entry-title qode-pli-title\" >\n\t\t<a itemprop=\"url\" href=\"https:\/\/orkoltd.com.tr\/ew\/urun\/cx200-siteexpert-haberlesme-servis-monitoru\/\">CX200 SITEEXPERT Haberle\u015fme Servis Monit\u00f6r\u00fc<\/a>\n\t<\/h5>\n\n\t\t\t\t\n\t\t\t\t\n\t\t\n\t\t<div class=\"qode-pli-add-to-cart\">\n\t<a rel=\"nofollow\" href=\"https:\/\/orkoltd.com.tr\/ew\/urun\/cx200-siteexpert-haberlesme-servis-monitoru\/\" data-quantity=\"1\" data-product_id=\"1816\" data-product_sku=\"\" class=\"add_to_cart_button ajax_add_to_cart qode-add-to-cart qode-button\">Devam\u0131n\u0131 oku<\/a><\/div>\t<\/div>\n<\/div><div class=\"qode-pli\">\n\t<div class=\"qode-pli-inner\">\n\t\t<div class=\"qode-pli-image\">\n\t\t\t\n\n<img loading=\"lazy\" decoding=\"async\" width=\"1026\" height=\"945\" src=\"https:\/\/orkoltd.com.tr\/ew\/wp-content\/uploads\/2021\/06\/avx-10k_with_ipad_fuel_gauge.png\" class=\"attachment-full size-full wp-post-image\" alt=\"\" srcset=\"https:\/\/orkoltd.com.tr\/ew\/wp-content\/uploads\/2021\/06\/avx-10k_with_ipad_fuel_gauge.png 1026w, https:\/\/orkoltd.com.tr\/ew\/wp-content\/uploads\/2021\/06\/avx-10k_with_ipad_fuel_gauge-300x276.png 300w, https:\/\/orkoltd.com.tr\/ew\/wp-content\/uploads\/2021\/06\/avx-10k_with_ipad_fuel_gauge-1024x943.png 1024w, https:\/\/orkoltd.com.tr\/ew\/wp-content\/uploads\/2021\/06\/avx-10k_with_ipad_fuel_gauge-768x707.png 768w, https:\/\/orkoltd.com.tr\/ew\/wp-content\/uploads\/2021\/06\/avx-10k_with_ipad_fuel_gauge-700x645.png 700w, https:\/\/orkoltd.com.tr\/ew\/wp-content\/uploads\/2021\/06\/avx-10k_with_ipad_fuel_gauge-600x553.png 600w\" sizes=\"(max-width: 1026px) 100vw, 1026px\" \/>\t\t<\/div>\n\t\t<div class=\"qode-pli-text\">\n\t\t\t<div class=\"qode-pli-text-outer\">\n\t\t\t\t<div class=\"qode-pli-text-inner\">\n\t\t\t\t\t<div class=\"qode-pli-additional-info\">\n                                            <\/div>\n\t\t\t\t<\/div>\n\t\t\t<\/div>\n\t\t<\/div>\n\t\t<a class=\"qode-pli-link\" itemprop=\"url\" href=\"https:\/\/orkoltd.com.tr\/ew\/urun\/avx-10k-mil-askeri-ucus-hatti-test-seti\/\" title=\"AVX-10K-MIL ASKER\u0130 U\u00c7U\u015e HATTI TEST SET\u0130\"><\/a>\n\t<\/div>\n\t<div class=\"qode-pli-text-wrapper qode-no-rating-price\" >\n\n\t\t\n            <h5 itemprop=\"name\" class=\"entry-title qode-pli-title\" >\n\t\t<a itemprop=\"url\" href=\"https:\/\/orkoltd.com.tr\/ew\/urun\/avx-10k-mil-askeri-ucus-hatti-test-seti\/\">AVX-10K-MIL ASKER\u0130 U\u00c7U\u015e HATTI TEST SET\u0130<\/a>\n\t<\/h5>\n\n\t\t\t\t\n\t\t\t\t\n\t\t\n\t\t<div class=\"qode-pli-add-to-cart\">\n\t<a rel=\"nofollow\" href=\"https:\/\/orkoltd.com.tr\/ew\/urun\/avx-10k-mil-askeri-ucus-hatti-test-seti\/\" data-quantity=\"1\" data-product_id=\"1807\" data-product_sku=\"\" class=\"add_to_cart_button ajax_add_to_cart qode-add-to-cart qode-button\">Devam\u0131n\u0131 oku<\/a><\/div>\t<\/div>\n<\/div><div class=\"qode-pli\">\n\t<div class=\"qode-pli-inner\">\n\t\t<div class=\"qode-pli-image\">\n\t\t\t\n\n<img loading=\"lazy\" decoding=\"async\" width=\"619\" height=\"619\" src=\"https:\/\/orkoltd.com.tr\/ew\/wp-content\/uploads\/2023\/08\/product-cx100-right.png\" class=\"attachment-full size-full wp-post-image\" alt=\"\" srcset=\"https:\/\/orkoltd.com.tr\/ew\/wp-content\/uploads\/2023\/08\/product-cx100-right.png 619w, https:\/\/orkoltd.com.tr\/ew\/wp-content\/uploads\/2023\/08\/product-cx100-right-300x300.png 300w, https:\/\/orkoltd.com.tr\/ew\/wp-content\/uploads\/2023\/08\/product-cx100-right-150x150.png 150w, https:\/\/orkoltd.com.tr\/ew\/wp-content\/uploads\/2023\/08\/product-cx100-right-550x550.png 550w, https:\/\/orkoltd.com.tr\/ew\/wp-content\/uploads\/2023\/08\/product-cx100-right-500x500.png 500w, https:\/\/orkoltd.com.tr\/ew\/wp-content\/uploads\/2023\/08\/product-cx100-right-600x600.png 600w, https:\/\/orkoltd.com.tr\/ew\/wp-content\/uploads\/2023\/08\/product-cx100-right-100x100.png 100w\" sizes=\"(max-width: 619px) 100vw, 619px\" \/>\t\t<\/div>\n\t\t<div class=\"qode-pli-text\">\n\t\t\t<div class=\"qode-pli-text-outer\">\n\t\t\t\t<div class=\"qode-pli-text-inner\">\n\t\t\t\t\t<div class=\"qode-pli-additional-info\">\n                                            <\/div>\n\t\t\t\t<\/div>\n\t\t\t<\/div>\n\t\t<\/div>\n\t\t<a class=\"qode-pli-link\" itemprop=\"url\" href=\"https:\/\/orkoltd.com.tr\/ew\/urun\/cx100\/\" title=\"CX100 ComXpert Ta\u015f\u0131nabilir Haberle\u015fme Servis Monit\u00f6r\u00fc\"><\/a>\n\t<\/div>\n\t<div class=\"qode-pli-text-wrapper qode-no-rating-price\" >\n\n\t\t\n            <h5 itemprop=\"name\" class=\"entry-title qode-pli-title\" >\n\t\t<a itemprop=\"url\" href=\"https:\/\/orkoltd.com.tr\/ew\/urun\/cx100\/\">CX100 ComXpert Ta\u015f\u0131nabilir Haberle\u015fme Servis Monit\u00f6r\u00fc<\/a>\n\t<\/h5>\n\n\t\t\t\t\n\t\t\t\t\n\t\t\n\t\t<div class=\"qode-pli-add-to-cart\">\n\t<a rel=\"nofollow\" href=\"https:\/\/orkoltd.com.tr\/ew\/urun\/cx100\/\" data-quantity=\"1\" data-product_id=\"1603\" data-product_sku=\"\" class=\"add_to_cart_button ajax_add_to_cart qode-add-to-cart qode-button\">Devam\u0131n\u0131 oku<\/a><\/div>\t<\/div>\n<\/div><div class=\"qode-pli\">\n\t<div class=\"qode-pli-inner\">\n\t\t<div class=\"qode-pli-image\">\n\t\t\t\n\n<img loading=\"lazy\" decoding=\"async\" width=\"1200\" height=\"1036\" src=\"https:\/\/orkoltd.com.tr\/ew\/wp-content\/uploads\/2022\/07\/cx300_front_facing.png\" class=\"attachment-full size-full wp-post-image\" alt=\"\" srcset=\"https:\/\/orkoltd.com.tr\/ew\/wp-content\/uploads\/2022\/07\/cx300_front_facing.png 1200w, https:\/\/orkoltd.com.tr\/ew\/wp-content\/uploads\/2022\/07\/cx300_front_facing-300x259.png 300w, https:\/\/orkoltd.com.tr\/ew\/wp-content\/uploads\/2022\/07\/cx300_front_facing-1024x884.png 1024w, https:\/\/orkoltd.com.tr\/ew\/wp-content\/uploads\/2022\/07\/cx300_front_facing-768x663.png 768w, https:\/\/orkoltd.com.tr\/ew\/wp-content\/uploads\/2022\/07\/cx300_front_facing-700x604.png 700w, https:\/\/orkoltd.com.tr\/ew\/wp-content\/uploads\/2022\/07\/cx300_front_facing-1100x950.png 1100w, https:\/\/orkoltd.com.tr\/ew\/wp-content\/uploads\/2022\/07\/cx300_front_facing-600x518.png 600w\" sizes=\"(max-width: 1200px) 100vw, 1200px\" \/>\t\t<\/div>\n\t\t<div class=\"qode-pli-text\">\n\t\t\t<div class=\"qode-pli-text-outer\">\n\t\t\t\t<div class=\"qode-pli-text-inner\">\n\t\t\t\t\t<div class=\"qode-pli-additional-info\">\n                                            <\/div>\n\t\t\t\t<\/div>\n\t\t\t<\/div>\n\t\t<\/div>\n\t\t<a class=\"qode-pli-link\" itemprop=\"url\" href=\"https:\/\/orkoltd.com.tr\/ew\/urun\/cx300-comxpert-haberlesme-monitoru\/\" title=\"CX300 ComXpert HABERLE\u015eME MON\u0130T\u00d6R\u00dc\"><\/a>\n\t<\/div>\n\t<div class=\"qode-pli-text-wrapper qode-no-rating-price\" >\n\n\t\t\n            <h5 itemprop=\"name\" class=\"entry-title qode-pli-title\" >\n\t\t<a itemprop=\"url\" href=\"https:\/\/orkoltd.com.tr\/ew\/urun\/cx300-comxpert-haberlesme-monitoru\/\">CX300 ComXpert HABERLE\u015eME MON\u0130T\u00d6R\u00dc<\/a>\n\t<\/h5>\n\n\t\t\t\t\n\t\t\t\t\n\t\t\n\t\t<div class=\"qode-pli-add-to-cart\">\n\t<a rel=\"nofollow\" href=\"https:\/\/orkoltd.com.tr\/ew\/urun\/cx300-comxpert-haberlesme-monitoru\/\" data-quantity=\"1\" data-product_id=\"1544\" data-product_sku=\"\" class=\"add_to_cart_button ajax_add_to_cart qode-add-to-cart qode-button\">Devam\u0131n\u0131 oku<\/a><\/div>\t<\/div>\n<\/div>        <\/div>\n    <input type=\"hidden\" id=\"qodef_product_load_more_nonce_1197\" name=\"qodef_product_load_more_nonce_1197\" value=\"5fb9810e86\" \/><input type=\"hidden\" name=\"_wp_http_referer\" value=\"\/ew\/wp-json\/wp\/v2\/pages\/920\" \/><\/div>[\/vc_column]<\/p>\n\r\n\r\n\r\n<p>&nbsp;<\/p>\r\n","protected":false},"excerpt":{"rendered":"<p>Ticari, Askeri ve kamu i\u00e7in \u00fcretilmi\u015f olan radyo frekans \u00fcr\u00fcnlerimiz, belediyeler, il\u00e7eler, \u015fehirler ve devletler taraf\u0131ndan istenen \u00fcst\u00fcn test do\u011frulu\u011fu sa\u011flar. G\u00fcn\u00fcm\u00fcz\u00fcn protokolleri, kritik ileti\u015fim i\u00e7in \u00f6zel olarak tasarlanm\u0131\u015ft\u0131r ve \u00fcr\u00fcnlerimiz, test i\u00e7in kritik gereksinimleri kar\u015f\u0131layacak \u015fekilde tasarlanm\u0131\u015ft\u0131r.\u00a0 \u00a0 &nbsp; Radyo Frekans\u00a0Test Cihazlar\u0131m\u0131z: &nbsp; &nbsp;<\/p>\n","protected":false},"author":1,"featured_media":0,"parent":245,"menu_order":0,"comment_status":"closed","ping_status":"closed","template":"","meta":{"footnotes":""},"class_list":["post-920","page","type-page","status-publish","hentry"],"_links":{"self":[{"href":"https:\/\/orkoltd.com.tr\/ew\/wp-json\/wp\/v2\/pages\/920","targetHints":{"allow":["GET"]}}],"collection":[{"href":"https:\/\/orkoltd.com.tr\/ew\/wp-json\/wp\/v2\/pages"}],"about":[{"href":"https:\/\/orkoltd.com.tr\/ew\/wp-json\/wp\/v2\/types\/page"}],"author":[{"embeddable":true,"href":"https:\/\/orkoltd.com.tr\/ew\/wp-json\/wp\/v2\/users\/1"}],"replies":[{"embeddable":true,"href":"https:\/\/orkoltd.com.tr\/ew\/wp-json\/wp\/v2\/comments?post=920"}],"version-history":[{"count":17,"href":"https:\/\/orkoltd.com.tr\/ew\/wp-json\/wp\/v2\/pages\/920\/revisions"}],"predecessor-version":[{"id":1111,"href":"https:\/\/orkoltd.com.tr\/ew\/wp-json\/wp\/v2\/pages\/920\/revisions\/1111"}],"up":[{"embeddable":true,"href":"https:\/\/orkoltd.com.tr\/ew\/wp-json\/wp\/v2\/pages\/245"}],"wp:attachment":[{"href":"https:\/\/orkoltd.com.tr\/ew\/wp-json\/wp\/v2\/media?parent=920"}],"curies":[{"name":"wp","href":"https:\/\/api.w.org\/{rel}","templated":true}]}}