{"id":480,"date":"2018-11-18T22:55:07","date_gmt":"2018-11-18T19:55:07","guid":{"rendered":"https:\/\/orkoltd.com.tr\/ew\/?page_id=480"},"modified":"2023-03-13T17:07:09","modified_gmt":"2023-03-13T14:07:09","slug":"orko-servis","status":"publish","type":"page","link":"https:\/\/orkoltd.com.tr\/ew\/orko-servis\/","title":{"rendered":"ORKO Servis"},"content":{"rendered":"\r\n<h3 class=\"wp-block-heading\">ORKO SERV\u0130S<\/h3>\r\n<p>&nbsp;<\/p>\r\n\r\n\r\n\r\n\r\n\r\n<p><img fetchpriority=\"high\" decoding=\"async\" class=\"wp-image-1595 size-medium alignleft\" src=\"https:\/\/orkoltd.com.tr\/ew\/wp-content\/uploads\/2023\/03\/Yetkili-Servis-300x202.png\" alt=\"\" width=\"300\" height=\"202\" srcset=\"https:\/\/orkoltd.com.tr\/ew\/wp-content\/uploads\/2023\/03\/Yetkili-Servis-300x202.png 300w, https:\/\/orkoltd.com.tr\/ew\/wp-content\/uploads\/2023\/03\/Yetkili-Servis-1024x688.png 1024w, https:\/\/orkoltd.com.tr\/ew\/wp-content\/uploads\/2023\/03\/Yetkili-Servis-768x516.png 768w, https:\/\/orkoltd.com.tr\/ew\/wp-content\/uploads\/2023\/03\/Yetkili-Servis-1536x1032.png 1536w, https:\/\/orkoltd.com.tr\/ew\/wp-content\/uploads\/2023\/03\/Yetkili-Servis-2048x1376.png 2048w, https:\/\/orkoltd.com.tr\/ew\/wp-content\/uploads\/2023\/03\/Yetkili-Servis-700x470.png 700w, https:\/\/orkoltd.com.tr\/ew\/wp-content\/uploads\/2023\/03\/Yetkili-Servis-1100x739.png 1100w, https:\/\/orkoltd.com.tr\/ew\/wp-content\/uploads\/2023\/03\/Yetkili-Servis-600x403.png 600w\" sizes=\"(max-width: 300px) 100vw, 300px\" \/><\/p>\r\n<p>ORKO Servis&#8217;e ho\u015f geldiniz.<\/p>\r\n<p>Sat\u0131\u015f\u0131n\u0131 yapt\u0131\u011f\u0131m\u0131z t\u00fcm \u00fcr\u00fcnlerin tamir ve bak\u0131m\u0131n\u0131 ORKO SERV\u0130S&#8217;teki elektronik laboratuvar\u0131m\u0131zda ger\u00e7ekle\u015ftirmekteyiz.<\/p>\r\n<p>Komponent seviyesinde yap\u0131labilen tamir i\u015flemleri sonucunda, cihazlar m\u00fcmk\u00fcn oldu\u011funca yurt d\u0131\u015f\u0131na gitmeden, daha ekonomik ve daha h\u0131zl\u0131 olarak teslim edilmektedir. <br \/><br \/><\/p>\r\n<p>&nbsp;<\/p>\r\n\r\n\r\n\r\n<p>ORKO Servis olarak a\u015fa\u011f\u0131daki hizmetleri vermekteyiz:<\/p>\r\n\r\n\r\n\r\n<ul class=\"wp-block-list\">\r\n<li>Al\u0131c\u0131 \/ Verici tamirleri<\/li>\r\n<li>RF Y\u00fckselte\u00e7 tamirleri (Kilowattlar dahil)<\/li>\r\n<li>Telsiz Test Setleri tamirleri\u00a0<\/li>\r\n<li>Sinyal Kaynaklar\u0131 tamiri<\/li>\r\n<li>Yaz\u0131l\u0131m sorunlar\u0131 \u00e7\u00f6z\u00fcm\u00fc<\/li>\r\n<li>\u00dccretsiz yaz\u0131l\u0131m s\u00fcr\u00fcm yenileme<\/li>\r\n<li>\u00dcr\u00fcn d\u00f6k\u00fcman tedari\u011fi\u00a0<\/li>\r\n<li>\u00dcr\u00fcnlerin kullan\u0131m\u0131yla ilgili sorular\u0131n\u0131za h\u0131zl\u0131 cevap<\/li>\r\n<li>Tam g\u00fcn veya k\u0131sa s\u00fcreli e\u011fitim seminerleri<\/li>\r\n<li>Cihaz tan\u0131t\u0131mlar\u0131<\/li>\r\n<\/ul>\r\n\r\n\r\n\r\n<p>&nbsp;<\/p>\r\n<p>Tamir etti\u011fimiz markalardan birka\u00e7\u0131:<\/p>\r\n<ul>\r\n<li><strong>VIAVI \/\u00a0MARCONI INSTRUMENTS \/\u00a0IFR \/\u00a0AEROFLEX<\/strong><\/li>\r\n<li><strong>Amplifier Research<\/strong><\/li>\r\n<li><strong>AETECHRON<\/strong><\/li>\r\n<li><strong>MONTENA<\/strong><\/li>\r\n<li><strong>GAUSS<\/strong><\/li>\r\n<li><strong>NSI-MI<\/strong><\/li>\r\n<li><strong>PACIFIC POWER SOURCE<\/strong><\/li>\r\n<li><strong>Giga-tronics<\/strong><\/li>\r\n<li><strong>Ideal Aerosmith<\/strong><\/li>\r\n<li>Di\u011fer markalar i\u00e7in l\u00fctfen sorunuz<\/li>\r\n<\/ul>\r\n<p>&nbsp;<\/p>\r\n<p>ORKO Servis&#8217;teki cihaz\u0131n\u0131z\u0131n durumunu do\u011frudan mail atarak servis@orkoltd.com veya +90 (312) 438 22 13 numaral\u0131 telefondan \u00f6\u011frenebilirsiniz.<\/p>\r\n","protected":false},"excerpt":{"rendered":"<p>ORKO SERV\u0130S &nbsp; ORKO Servis&#8217;e ho\u015f geldiniz. Sat\u0131\u015f\u0131n\u0131 yapt\u0131\u011f\u0131m\u0131z t\u00fcm \u00fcr\u00fcnlerin tamir ve bak\u0131m\u0131n\u0131 ORKO SERV\u0130S&#8217;teki elektronik laboratuvar\u0131m\u0131zda ger\u00e7ekle\u015ftirmekteyiz. Komponent seviyesinde yap\u0131labilen tamir i\u015flemleri sonucunda, cihazlar m\u00fcmk\u00fcn oldu\u011funca yurt d\u0131\u015f\u0131na gitmeden, daha ekonomik ve daha h\u0131zl\u0131 olarak teslim edilmektedir. &nbsp; ORKO Servis olarak a\u015fa\u011f\u0131daki hizmetleri&#8230;<\/p>\n","protected":false},"author":1,"featured_media":0,"parent":0,"menu_order":0,"comment_status":"closed","ping_status":"closed","template":"","meta":{"footnotes":""},"class_list":["post-480","page","type-page","status-publish","hentry"],"_links":{"self":[{"href":"https:\/\/orkoltd.com.tr\/ew\/wp-json\/wp\/v2\/pages\/480","targetHints":{"allow":["GET"]}}],"collection":[{"href":"https:\/\/orkoltd.com.tr\/ew\/wp-json\/wp\/v2\/pages"}],"about":[{"href":"https:\/\/orkoltd.com.tr\/ew\/wp-json\/wp\/v2\/types\/page"}],"author":[{"embeddable":true,"href":"https:\/\/orkoltd.com.tr\/ew\/wp-json\/wp\/v2\/users\/1"}],"replies":[{"embeddable":true,"href":"https:\/\/orkoltd.com.tr\/ew\/wp-json\/wp\/v2\/comments?post=480"}],"version-history":[{"count":24,"href":"https:\/\/orkoltd.com.tr\/ew\/wp-json\/wp\/v2\/pages\/480\/revisions"}],"predecessor-version":[{"id":1601,"href":"https:\/\/orkoltd.com.tr\/ew\/wp-json\/wp\/v2\/pages\/480\/revisions\/1601"}],"wp:attachment":[{"href":"https:\/\/orkoltd.com.tr\/ew\/wp-json\/wp\/v2\/media?parent=480"}],"curies":[{"name":"wp","href":"https:\/\/api.w.org\/{rel}","templated":true}]}}