{"id":305,"date":"2018-10-28T22:36:43","date_gmt":"2018-10-28T19:36:43","guid":{"rendered":"https:\/\/orkoltd.com.tr\/ew\/?page_id=305"},"modified":"2021-04-26T11:16:43","modified_gmt":"2021-04-26T08:16:43","slug":"emc-urunler","status":"publish","type":"page","link":"https:\/\/orkoltd.com.tr\/ew\/home\/emc-urunler\/","title":{"rendered":"EMC \u00dcr\u00fcnler"},"content":{"rendered":"<h3><img fetchpriority=\"high\" decoding=\"async\" class=\"aligncenter wp-image-1099 size-medium\" src=\"https:\/\/www.orkoltd.com.tr\/ew\/wp-content\/uploads\/2019\/02\/AR-Cube-275x300.jpg\" alt=\"\" width=\"275\" height=\"300\" srcset=\"https:\/\/orkoltd.com.tr\/ew\/wp-content\/uploads\/2019\/02\/AR-Cube-275x300.jpg 275w, https:\/\/orkoltd.com.tr\/ew\/wp-content\/uploads\/2019\/02\/AR-Cube-768x839.jpg 768w, https:\/\/orkoltd.com.tr\/ew\/wp-content\/uploads\/2019\/02\/AR-Cube-938x1024.jpg 938w, https:\/\/orkoltd.com.tr\/ew\/wp-content\/uploads\/2019\/02\/AR-Cube-700x764.jpg 700w, https:\/\/orkoltd.com.tr\/ew\/wp-content\/uploads\/2019\/02\/AR-Cube-1100x1201.jpg 1100w, https:\/\/orkoltd.com.tr\/ew\/wp-content\/uploads\/2019\/02\/AR-Cube-600x655.jpg 600w, https:\/\/orkoltd.com.tr\/ew\/wp-content\/uploads\/2019\/02\/AR-Cube.jpg 1501w\" sizes=\"(max-width: 275px) 100vw, 275px\" \/><\/h3>\n<h4>T\u00fcm EMC Amplifikat\u00f6rlerimiz geni\u015f bantl\u0131 ve y\u00fcksek g\u00fc\u00e7 sa\u011flarlar. Bunun iki s\u0131rr\u0131 en son teknoloji MOSFET&#8217;li Amplifikat\u00f6r tasar\u0131m\u0131 ve s\u0131v\u0131 so\u011futma sistemidir. \u00a0\u00dcnitelerin basit kullan\u0131m paneli kullan\u0131c\u0131ya kolayl\u0131k sa\u011flar. Bunun gibi daha bir \u00e7ok \u00f6zelli\u011fi olan lider EMC cihazlar\u0131m\u0131z\u0131 inceleyiniz.<\/h4>\n<p>&nbsp;<\/p>\n<p>&nbsp;<\/p>\n<h3><strong>EMC \u00dcr\u00fcnlerimiz:<\/strong><\/h3>\n<p>[vc_column]<div class=\"qode-elegant-pl-holder qode-standard-layout qode-large-space qode-three-columns qode-info-below-image  \"  data-type=\"standard\" data-info-position=\"info-below-image\" data-number-of-posts=\"100\" data-number-of-columns=\"3\" data-space-between-items=\"large\" data-show-ordering-filter=\"no\" data-orderby=\"rand\" data-order=\"ASC\" data-show-category-filter=\"no\" data-show-all-item-in-filter=\"yes\" data-taxonomy-to-display=\"category\" data-taxonomy-values=\"EMC\" data-image-size=\"full\" data-display-title=\"yes\" data-title-tag=\"h5\" data-display-category=\"no\" data-display-excerpt=\"no\" data-excerpt-length=\"20\" data-display-rating=\"no\" data-display-price=\"no\" data-holder-classes=\"qode-standard-layout qode-large-space qode-three-columns qode-info-below-image  \" data-class-name=\"pli\"data-class_name = \"pli\">\n\t                        <div class=\"qode-prl-loading\">\n            <span class=\"qode-prl-loading-msg\">Loading...<\/span>\n        <\/div>\n        <div class=\"qode-pl-outer\">\n            <div class=\"qode-pli\">\n\t<div class=\"qode-pli-inner\">\n\t\t<div class=\"qode-pli-image\">\n\t\t\t\n\n<img decoding=\"async\" width=\"698\" height=\"302\" src=\"https:\/\/orkoltd.com.tr\/ew\/wp-content\/uploads\/2021\/05\/AR_products.jpg\" class=\"attachment-full size-full wp-post-image\" alt=\"\" srcset=\"https:\/\/orkoltd.com.tr\/ew\/wp-content\/uploads\/2021\/05\/AR_products.jpg 698w, https:\/\/orkoltd.com.tr\/ew\/wp-content\/uploads\/2021\/05\/AR_products-300x130.jpg 300w, https:\/\/orkoltd.com.tr\/ew\/wp-content\/uploads\/2021\/05\/AR_products-600x260.jpg 600w\" sizes=\"(max-width: 698px) 100vw, 698px\" \/>\t\t<\/div>\n\t\t<div class=\"qode-pli-text\">\n\t\t\t<div class=\"qode-pli-text-outer\">\n\t\t\t\t<div class=\"qode-pli-text-inner\">\n\t\t\t\t\t<div class=\"qode-pli-additional-info\">\n                                            <\/div>\n\t\t\t\t<\/div>\n\t\t\t<\/div>\n\t\t<\/div>\n\t\t<a class=\"qode-pli-link\" itemprop=\"url\" href=\"https:\/\/orkoltd.com.tr\/ew\/urun\/ar-twt-yuksek-guc-mikrodalga-amplifikatorleri\/\" title=\"AR TWT Y\u00dcKSEK G\u00dc\u00c7 M\u0130KRODALGA AMPL\u0130F\u0130KAT\u00d6RLER\u0130\"><\/a>\n\t<\/div>\n\t<div class=\"qode-pli-text-wrapper qode-no-rating-price\" >\n\n\t\t\n            <h5 itemprop=\"name\" class=\"entry-title qode-pli-title\" >\n\t\t<a itemprop=\"url\" href=\"https:\/\/orkoltd.com.tr\/ew\/urun\/ar-twt-yuksek-guc-mikrodalga-amplifikatorleri\/\">AR TWT Y\u00dcKSEK G\u00dc\u00c7 M\u0130KRODALGA AMPL\u0130F\u0130KAT\u00d6RLER\u0130<\/a>\n\t<\/h5>\n\n\t\t\t\t\n\t\t\t\t\n\t\t\n\t\t<div class=\"qode-pli-add-to-cart\">\n\t<a rel=\"nofollow\" href=\"https:\/\/orkoltd.com.tr\/ew\/urun\/ar-twt-yuksek-guc-mikrodalga-amplifikatorleri\/\" data-quantity=\"1\" data-product_id=\"1488\" data-product_sku=\"\" class=\"add_to_cart_button ajax_add_to_cart qode-add-to-cart qode-button\">Devam\u0131n\u0131 oku<\/a><\/div>\t<\/div>\n<\/div><div class=\"qode-pli\">\n\t<div class=\"qode-pli-inner\">\n\t\t<div class=\"qode-pli-image\">\n\t\t\t\n\n<img decoding=\"async\" width=\"2560\" height=\"1708\" src=\"https:\/\/orkoltd.com.tr\/ew\/wp-content\/uploads\/2026\/02\/1060635-1-scaled-1.jpg.webp\" class=\"attachment-full size-full wp-post-image\" alt=\"\" srcset=\"https:\/\/orkoltd.com.tr\/ew\/wp-content\/uploads\/2026\/02\/1060635-1-scaled-1.jpg.webp 2560w, https:\/\/orkoltd.com.tr\/ew\/wp-content\/uploads\/2026\/02\/1060635-1-scaled-1.jpg-300x200.webp 300w, https:\/\/orkoltd.com.tr\/ew\/wp-content\/uploads\/2026\/02\/1060635-1-scaled-1.jpg-1024x683.webp 1024w, https:\/\/orkoltd.com.tr\/ew\/wp-content\/uploads\/2026\/02\/1060635-1-scaled-1.jpg-768x512.webp 768w, https:\/\/orkoltd.com.tr\/ew\/wp-content\/uploads\/2026\/02\/1060635-1-scaled-1.jpg-1536x1025.webp 1536w, https:\/\/orkoltd.com.tr\/ew\/wp-content\/uploads\/2026\/02\/1060635-1-scaled-1.jpg-2048x1366.webp 2048w, https:\/\/orkoltd.com.tr\/ew\/wp-content\/uploads\/2026\/02\/1060635-1-scaled-1.jpg-700x467.webp 700w, https:\/\/orkoltd.com.tr\/ew\/wp-content\/uploads\/2026\/02\/1060635-1-scaled-1.jpg-1100x734.webp 1100w, https:\/\/orkoltd.com.tr\/ew\/wp-content\/uploads\/2026\/02\/1060635-1-scaled-1.jpg-600x400.webp 600w\" sizes=\"(max-width: 2560px) 100vw, 2560px\" \/>\t\t<\/div>\n\t\t<div class=\"qode-pli-text\">\n\t\t\t<div class=\"qode-pli-text-outer\">\n\t\t\t\t<div class=\"qode-pli-text-inner\">\n\t\t\t\t\t<div class=\"qode-pli-additional-info\">\n                                            <\/div>\n\t\t\t\t<\/div>\n\t\t\t<\/div>\n\t\t<\/div>\n\t\t<a class=\"qode-pli-link\" itemprop=\"url\" href=\"https:\/\/orkoltd.com.tr\/ew\/urun\/siepel-emc-odalari-ve-ekipmanlari\/\" title=\"SIEPEL EMC ODALARI VE EK\u0130PMANLARI\"><\/a>\n\t<\/div>\n\t<div class=\"qode-pli-text-wrapper qode-no-rating-price\" >\n\n\t\t\n            <h5 itemprop=\"name\" class=\"entry-title qode-pli-title\" >\n\t\t<a itemprop=\"url\" href=\"https:\/\/orkoltd.com.tr\/ew\/urun\/siepel-emc-odalari-ve-ekipmanlari\/\">SIEPEL EMC ODALARI VE EK\u0130PMANLARI<\/a>\n\t<\/h5>\n\n\t\t\t\t\n\t\t\t\t\n\t\t\n\t\t<div class=\"qode-pli-add-to-cart\">\n\t<a rel=\"nofollow\" href=\"https:\/\/orkoltd.com.tr\/ew\/urun\/siepel-emc-odalari-ve-ekipmanlari\/\" data-quantity=\"1\" data-product_id=\"1515\" data-product_sku=\"\" class=\"add_to_cart_button ajax_add_to_cart qode-add-to-cart qode-button\">Devam\u0131n\u0131 oku<\/a><\/div>\t<\/div>\n<\/div><div class=\"qode-pli\">\n\t<div class=\"qode-pli-inner\">\n\t\t<div class=\"qode-pli-image\">\n\t\t\t\n\n<img loading=\"lazy\" decoding=\"async\" width=\"170\" height=\"177\" src=\"https:\/\/orkoltd.com.tr\/ew\/wp-content\/uploads\/2021\/05\/AT5080.jpg\" class=\"attachment-full size-full wp-post-image\" alt=\"\" \/>\t\t<\/div>\n\t\t<div class=\"qode-pli-text\">\n\t\t\t<div class=\"qode-pli-text-outer\">\n\t\t\t\t<div class=\"qode-pli-text-inner\">\n\t\t\t\t\t<div class=\"qode-pli-additional-info\">\n                                            <\/div>\n\t\t\t\t<\/div>\n\t\t\t<\/div>\n\t\t<\/div>\n\t\t<a class=\"qode-pli-link\" itemprop=\"url\" href=\"https:\/\/orkoltd.com.tr\/ew\/urun\/ar-antenleri\/\" title=\"AR ANTENLER\u0130\"><\/a>\n\t<\/div>\n\t<div class=\"qode-pli-text-wrapper qode-no-rating-price\" >\n\n\t\t\n            <h5 itemprop=\"name\" class=\"entry-title qode-pli-title\" >\n\t\t<a itemprop=\"url\" href=\"https:\/\/orkoltd.com.tr\/ew\/urun\/ar-antenleri\/\">AR ANTENLER\u0130<\/a>\n\t<\/h5>\n\n\t\t\t\t\n\t\t\t\t\n\t\t\n\t\t<div class=\"qode-pli-add-to-cart\">\n\t<a rel=\"nofollow\" href=\"https:\/\/orkoltd.com.tr\/ew\/urun\/ar-antenleri\/\" data-quantity=\"1\" data-product_id=\"1492\" data-product_sku=\"\" class=\"add_to_cart_button ajax_add_to_cart qode-add-to-cart qode-button\">Devam\u0131n\u0131 oku<\/a><\/div>\t<\/div>\n<\/div><div class=\"qode-pli\">\n\t<div class=\"qode-pli-inner\">\n\t\t<div class=\"qode-pli-image\">\n\t\t\t\n\n<img loading=\"lazy\" decoding=\"async\" width=\"1132\" height=\"622\" src=\"https:\/\/orkoltd.com.tr\/ew\/wp-content\/uploads\/2018\/11\/TDEMI-X.png\" class=\"attachment-full size-full wp-post-image\" alt=\"\" srcset=\"https:\/\/orkoltd.com.tr\/ew\/wp-content\/uploads\/2018\/11\/TDEMI-X.png 1132w, https:\/\/orkoltd.com.tr\/ew\/wp-content\/uploads\/2018\/11\/TDEMI-X-300x165.png 300w, https:\/\/orkoltd.com.tr\/ew\/wp-content\/uploads\/2018\/11\/TDEMI-X-1024x563.png 1024w, https:\/\/orkoltd.com.tr\/ew\/wp-content\/uploads\/2018\/11\/TDEMI-X-768x422.png 768w, https:\/\/orkoltd.com.tr\/ew\/wp-content\/uploads\/2018\/11\/TDEMI-X-700x385.png 700w, https:\/\/orkoltd.com.tr\/ew\/wp-content\/uploads\/2018\/11\/TDEMI-X-1100x604.png 1100w, https:\/\/orkoltd.com.tr\/ew\/wp-content\/uploads\/2018\/11\/TDEMI-X-600x330.png 600w\" sizes=\"(max-width: 1132px) 100vw, 1132px\" \/>\t\t<\/div>\n\t\t<div class=\"qode-pli-text\">\n\t\t\t<div class=\"qode-pli-text-outer\">\n\t\t\t\t<div class=\"qode-pli-text-inner\">\n\t\t\t\t\t<div class=\"qode-pli-additional-info\">\n                                            <\/div>\n\t\t\t\t<\/div>\n\t\t\t<\/div>\n\t\t<\/div>\n\t\t<a class=\"qode-pli-link\" itemprop=\"url\" href=\"https:\/\/orkoltd.com.tr\/ew\/urun\/gauss-tdemi-x-emc-test-platformu\/\" title=\"GAUSS TDEMI X\"><\/a>\n\t<\/div>\n\t<div class=\"qode-pli-text-wrapper qode-no-rating-price\" >\n\n\t\t\n            <h5 itemprop=\"name\" class=\"entry-title qode-pli-title\" >\n\t\t<a itemprop=\"url\" href=\"https:\/\/orkoltd.com.tr\/ew\/urun\/gauss-tdemi-x-emc-test-platformu\/\">GAUSS TDEMI X<\/a>\n\t<\/h5>\n\n\t\t\t\t\n\t\t\t\t\n\t\t\n\t\t<div class=\"qode-pli-add-to-cart\">\n\t<a rel=\"nofollow\" href=\"https:\/\/orkoltd.com.tr\/ew\/urun\/gauss-tdemi-x-emc-test-platformu\/\" data-quantity=\"1\" data-product_id=\"408\" data-product_sku=\"\" class=\"add_to_cart_button ajax_add_to_cart qode-add-to-cart qode-button\">Devam\u0131n\u0131 oku<\/a><\/div>\t<\/div>\n<\/div><div class=\"qode-pli\">\n\t<div class=\"qode-pli-inner\">\n\t\t<div class=\"qode-pli-image\">\n\t\t\t\n\n<img decoding=\"async\" width=\"698\" height=\"302\" src=\"https:\/\/orkoltd.com.tr\/ew\/wp-content\/uploads\/2021\/05\/AR_products.jpg\" class=\"attachment-full size-full wp-post-image\" alt=\"\" srcset=\"https:\/\/orkoltd.com.tr\/ew\/wp-content\/uploads\/2021\/05\/AR_products.jpg 698w, https:\/\/orkoltd.com.tr\/ew\/wp-content\/uploads\/2021\/05\/AR_products-300x130.jpg 300w, https:\/\/orkoltd.com.tr\/ew\/wp-content\/uploads\/2021\/05\/AR_products-600x260.jpg 600w\" sizes=\"(max-width: 698px) 100vw, 698px\" \/>\t\t<\/div>\n\t\t<div class=\"qode-pli-text\">\n\t\t\t<div class=\"qode-pli-text-outer\">\n\t\t\t\t<div class=\"qode-pli-text-inner\">\n\t\t\t\t\t<div class=\"qode-pli-additional-info\">\n                                            <\/div>\n\t\t\t\t<\/div>\n\t\t\t<\/div>\n\t\t<\/div>\n\t\t<a class=\"qode-pli-link\" itemprop=\"url\" href=\"https:\/\/orkoltd.com.tr\/ew\/urun\/ar-rf-amplifikatorleri-1ghz-20kw\/\" title=\"AR RF AMPL\u0130F\u0130KAT\u00d6RLER\u0130 1GHz &#8211; 20,000W\"><\/a>\n\t<\/div>\n\t<div class=\"qode-pli-text-wrapper qode-no-rating-price\" >\n\n\t\t\n            <h5 itemprop=\"name\" class=\"entry-title qode-pli-title\" >\n\t\t<a itemprop=\"url\" href=\"https:\/\/orkoltd.com.tr\/ew\/urun\/ar-rf-amplifikatorleri-1ghz-20kw\/\">AR RF AMPL\u0130F\u0130KAT\u00d6RLER\u0130 1GHz &#8211; 20,000W<\/a>\n\t<\/h5>\n\n\t\t\t\t\n\t\t\t\t\n\t\t\n\t\t<div class=\"qode-pli-add-to-cart\">\n\t<a rel=\"nofollow\" href=\"https:\/\/orkoltd.com.tr\/ew\/urun\/ar-rf-amplifikatorleri-1ghz-20kw\/\" data-quantity=\"1\" data-product_id=\"1478\" data-product_sku=\"\" class=\"add_to_cart_button ajax_add_to_cart qode-add-to-cart qode-button\">Devam\u0131n\u0131 oku<\/a><\/div>\t<\/div>\n<\/div><div class=\"qode-pli\">\n\t<div class=\"qode-pli-inner\">\n\t\t<div class=\"qode-pli-image\">\n\t\t\t\n\n<img decoding=\"async\" width=\"698\" height=\"302\" src=\"https:\/\/orkoltd.com.tr\/ew\/wp-content\/uploads\/2021\/05\/AR_products.jpg\" class=\"attachment-full size-full wp-post-image\" alt=\"\" srcset=\"https:\/\/orkoltd.com.tr\/ew\/wp-content\/uploads\/2021\/05\/AR_products.jpg 698w, https:\/\/orkoltd.com.tr\/ew\/wp-content\/uploads\/2021\/05\/AR_products-300x130.jpg 300w, https:\/\/orkoltd.com.tr\/ew\/wp-content\/uploads\/2021\/05\/AR_products-600x260.jpg 600w\" sizes=\"(max-width: 698px) 100vw, 698px\" \/>\t\t<\/div>\n\t\t<div class=\"qode-pli-text\">\n\t\t\t<div class=\"qode-pli-text-outer\">\n\t\t\t\t<div class=\"qode-pli-text-inner\">\n\t\t\t\t\t<div class=\"qode-pli-additional-info\">\n                                            <\/div>\n\t\t\t\t<\/div>\n\t\t\t<\/div>\n\t\t<\/div>\n\t\t<a class=\"qode-pli-link\" itemprop=\"url\" href=\"https:\/\/orkoltd.com.tr\/ew\/urun\/ar-mikrodalga-amplifikatorleri\/\" title=\"AR M\u0130KRODALGA AMPL\u0130F\u0130KAT\u00d6RLER\u0130\"><\/a>\n\t<\/div>\n\t<div class=\"qode-pli-text-wrapper qode-no-rating-price\" >\n\n\t\t\n            <h5 itemprop=\"name\" class=\"entry-title qode-pli-title\" >\n\t\t<a itemprop=\"url\" href=\"https:\/\/orkoltd.com.tr\/ew\/urun\/ar-mikrodalga-amplifikatorleri\/\">AR M\u0130KRODALGA AMPL\u0130F\u0130KAT\u00d6RLER\u0130<\/a>\n\t<\/h5>\n\n\t\t\t\t\n\t\t\t\t\n\t\t\n\t\t<div class=\"qode-pli-add-to-cart\">\n\t<a rel=\"nofollow\" href=\"https:\/\/orkoltd.com.tr\/ew\/urun\/ar-mikrodalga-amplifikatorleri\/\" data-quantity=\"1\" data-product_id=\"1485\" data-product_sku=\"\" class=\"add_to_cart_button ajax_add_to_cart qode-add-to-cart qode-button\">Devam\u0131n\u0131 oku<\/a><\/div>\t<\/div>\n<\/div>        <\/div>\n    <input type=\"hidden\" id=\"qodef_product_load_more_nonce_5126\" name=\"qodef_product_load_more_nonce_5126\" value=\"ddfe878f82\" \/><input type=\"hidden\" name=\"_wp_http_referer\" value=\"\/ew\/wp-json\/wp\/v2\/pages\/305\" \/><\/div>[\/vc_column]<\/p>\n","protected":false},"excerpt":{"rendered":"<p>T\u00fcm EMC Amplifikat\u00f6rlerimiz geni\u015f bantl\u0131 ve y\u00fcksek g\u00fc\u00e7 sa\u011flarlar. Bunun iki s\u0131rr\u0131 en son teknoloji MOSFET&#8217;li Amplifikat\u00f6r tasar\u0131m\u0131 ve s\u0131v\u0131 so\u011futma sistemidir. \u00a0\u00dcnitelerin basit kullan\u0131m paneli kullan\u0131c\u0131ya kolayl\u0131k sa\u011flar. Bunun gibi daha bir \u00e7ok \u00f6zelli\u011fi olan lider EMC cihazlar\u0131m\u0131z\u0131 inceleyiniz. &nbsp; &nbsp; EMC \u00dcr\u00fcnlerimiz: [vc_column][\/vc_column]<\/p>\n","protected":false},"author":1,"featured_media":0,"parent":245,"menu_order":0,"comment_status":"closed","ping_status":"closed","template":"","meta":{"footnotes":""},"class_list":["post-305","page","type-page","status-publish","hentry"],"_links":{"self":[{"href":"https:\/\/orkoltd.com.tr\/ew\/wp-json\/wp\/v2\/pages\/305","targetHints":{"allow":["GET"]}}],"collection":[{"href":"https:\/\/orkoltd.com.tr\/ew\/wp-json\/wp\/v2\/pages"}],"about":[{"href":"https:\/\/orkoltd.com.tr\/ew\/wp-json\/wp\/v2\/types\/page"}],"author":[{"embeddable":true,"href":"https:\/\/orkoltd.com.tr\/ew\/wp-json\/wp\/v2\/users\/1"}],"replies":[{"embeddable":true,"href":"https:\/\/orkoltd.com.tr\/ew\/wp-json\/wp\/v2\/comments?post=305"}],"version-history":[{"count":13,"href":"https:\/\/orkoltd.com.tr\/ew\/wp-json\/wp\/v2\/pages\/305\/revisions"}],"predecessor-version":[{"id":1275,"href":"https:\/\/orkoltd.com.tr\/ew\/wp-json\/wp\/v2\/pages\/305\/revisions\/1275"}],"up":[{"embeddable":true,"href":"https:\/\/orkoltd.com.tr\/ew\/wp-json\/wp\/v2\/pages\/245"}],"wp:attachment":[{"href":"https:\/\/orkoltd.com.tr\/ew\/wp-json\/wp\/v2\/media?parent=305"}],"curies":[{"name":"wp","href":"https:\/\/api.w.org\/{rel}","templated":true}]}}