{"id":29,"date":"2018-10-03T09:27:07","date_gmt":"2018-10-03T06:27:07","guid":{"rendered":"http:\/\/www.orkoltd.com.tr\/ew\/?page_id=29"},"modified":"2019-02-12T20:33:41","modified_gmt":"2019-02-12T17:33:41","slug":"iletisim","status":"publish","type":"page","link":"https:\/\/orkoltd.com.tr\/ew\/iletisim\/","title":{"rendered":"\u0130leti\u015fim"},"content":{"rendered":"<h3><\/h3>\n<h3><strong>ORKO M\u00dcMESS\u0130LL\u0130K TEKN\u0130K C\u0130H. T\u0130C. SAN. LTD. \u015eT\u0130.<\/strong><\/h3>\n<p>&nbsp;<\/p>\n<h5>Telefon numaralar\u0131m\u0131z:<\/h5>\n<p>Sat\u0131\u015f ve Servis : <strong>+90 312-438-2213<\/strong> (pbx)<br \/>\nFaks : +90 312-438-2217<\/p>\n<div>\n<h5 style=\"text-align: left;\">Elektronik Posta adresimiz:<\/h5>\n<p style=\"text-align: left;\"><a href=\"mailto:info@orkoltd.com\">info (at) orkoltd.com<\/a><\/p>\n<p>&nbsp;<\/p>\n<\/div>\n<h5>\u00c7al\u0131\u015fma Saatlerimiz:<\/h5>\n<p>Pazartesi &#8211; Cuma 9:00 &#8211; 18:00<\/p>\n<h5>Adresimiz:<\/h5>\n<div>Ahmet Rasim Sokak, No: 38,\u00a0G\u00fczeltepe Mah. 06690<br \/>\n\u00c7ankaya , Ankara, T\u00fcrkiye<\/div>\n<p>&nbsp;<\/p>\n<style>\n    .google-maps {position: relative;padding-bottom: 75%;height: 0;overflow: hidden;}.google-maps iframe {position: absolute;top: 0;left: 0;width: 100% !important;height: 100% !important;}<\/style>\n<div class=\"google-maps\"><iframe style=\"border: 0;\" src=\"https:\/\/www.google.com\/maps\/embed?pb=!1m18!1m12!1m3!1d3061.596067038823!2d32.84779331634969!3d39.88328499583093!2m3!1f0!2f0!3f0!3m2!1i1024!2i768!4f13.1!3m3!1m2!1s0x14d345811039f023%3A0x283d6d3f3cf1b9f8!2sG%C3%BCzeltepe+Mahallesi%2C+Ahmet+Rasim+Sk.+No%3A38%2C+06690+%C3%87ankaya%2FAnkara%2C+Turkey!5e0!3m2!1sen!2sus!4v1540739428563\" width=\"600\" height=\"450\" frameborder=\"0\" allowfullscreen=\"allowfullscreen\"><\/iframe><\/div>\n","protected":false},"excerpt":{"rendered":"<p>ORKO M\u00dcMESS\u0130LL\u0130K TEKN\u0130K C\u0130H. T\u0130C. SAN. LTD. \u015eT\u0130. &nbsp; Telefon numaralar\u0131m\u0131z: Sat\u0131\u015f ve Servis : +90 312-438-2213 (pbx) Faks : +90 312-438-2217 Elektronik Posta adresimiz: info (at) orkoltd.com &nbsp; \u00c7al\u0131\u015fma Saatlerimiz: Pazartesi &#8211; Cuma 9:00 &#8211; 18:00 Adresimiz: Ahmet Rasim Sokak, No: 38,\u00a0G\u00fczeltepe Mah. 06690&#8230;<\/p>\n","protected":false},"author":1,"featured_media":0,"parent":0,"menu_order":0,"comment_status":"closed","ping_status":"closed","template":"","meta":{"footnotes":""},"class_list":["post-29","page","type-page","status-publish","hentry"],"_links":{"self":[{"href":"https:\/\/orkoltd.com.tr\/ew\/wp-json\/wp\/v2\/pages\/29","targetHints":{"allow":["GET"]}}],"collection":[{"href":"https:\/\/orkoltd.com.tr\/ew\/wp-json\/wp\/v2\/pages"}],"about":[{"href":"https:\/\/orkoltd.com.tr\/ew\/wp-json\/wp\/v2\/types\/page"}],"author":[{"embeddable":true,"href":"https:\/\/orkoltd.com.tr\/ew\/wp-json\/wp\/v2\/users\/1"}],"replies":[{"embeddable":true,"href":"https:\/\/orkoltd.com.tr\/ew\/wp-json\/wp\/v2\/comments?post=29"}],"version-history":[{"count":49,"href":"https:\/\/orkoltd.com.tr\/ew\/wp-json\/wp\/v2\/pages\/29\/revisions"}],"predecessor-version":[{"id":1064,"href":"https:\/\/orkoltd.com.tr\/ew\/wp-json\/wp\/v2\/pages\/29\/revisions\/1064"}],"wp:attachment":[{"href":"https:\/\/orkoltd.com.tr\/ew\/wp-json\/wp\/v2\/media?parent=29"}],"curies":[{"name":"wp","href":"https:\/\/api.w.org\/{rel}","templated":true}]}}