{"id":2,"date":"2018-10-01T21:31:59","date_gmt":"2018-10-01T21:31:59","guid":{"rendered":"https:\/\/orkoltd.com.tr\/ew\/?page_id=2"},"modified":"2021-05-05T10:54:11","modified_gmt":"2021-05-05T07:54:11","slug":"about","status":"publish","type":"page","link":"https:\/\/orkoltd.com.tr\/ew\/about\/","title":{"rendered":"Hakk\u0131nda"},"content":{"rendered":"\r\n<figure class=\"wp-block-image\"><img fetchpriority=\"high\" decoding=\"async\" width=\"1024\" height=\"407\" class=\"wp-image-926\" src=\"https:\/\/www.orkoltd.com.tr\/ew\/wp-content\/uploads\/2019\/01\/ORKO-Founders-1024x407.jpg\" alt=\"\" srcset=\"https:\/\/orkoltd.com.tr\/ew\/wp-content\/uploads\/2019\/01\/ORKO-Founders-1024x407.jpg 1024w, https:\/\/orkoltd.com.tr\/ew\/wp-content\/uploads\/2019\/01\/ORKO-Founders-300x119.jpg 300w, https:\/\/orkoltd.com.tr\/ew\/wp-content\/uploads\/2019\/01\/ORKO-Founders-768x305.jpg 768w, https:\/\/orkoltd.com.tr\/ew\/wp-content\/uploads\/2019\/01\/ORKO-Founders-700x278.jpg 700w, https:\/\/orkoltd.com.tr\/ew\/wp-content\/uploads\/2019\/01\/ORKO-Founders-1100x437.jpg 1100w, https:\/\/orkoltd.com.tr\/ew\/wp-content\/uploads\/2019\/01\/ORKO-Founders-600x238.jpg 600w\" sizes=\"(max-width: 1024px) 100vw, 1024px\" \/><\/figure>\r\n\r\n<p>ORKO LTD. \u015eT\u0130.,<\/p>\r\n<p>1970 y\u0131l\u0131ndan beri, T\u00fcrkiye&#8217;de RF test, EMC, mikrodalga ve avionik alanlar\u0131nda y\u00fcksek teknoloji \u00fcr\u00fcnler ve \u00e7\u00f6z\u00fcmler sunmaktad\u0131r. Distrib\u00fct\u00f6rl\u00fc\u011f\u00fcn\u00fc \u00fcstlendi\u011fi EMC ve RF test sistemleri konusunda d\u00fcnyan\u0131n en prestijli firmalar\u0131n\u0131n \u00fcr\u00fcnlerini savunma sanayi kurulu\u015flar\u0131n\u0131n ve \u00f6zel sekt\u00f6r\u00fcn ihtiya\u00e7lar\u0131na g\u00f6re planlayarak kalite, zaman ve b\u00fct\u00e7eye uygun tedarik etmektedir. Bu bazan tek bir \u00fcr\u00fcn ile, \u00e7o\u011fu zaman da birden fazla firman\u0131n \u00fcr\u00fcn ve opsiyonlar\u0131ndan olu\u015fan projelerle ger\u00e7ekle\u015fmektedir.<\/p>\r\n<p>ORKO Servis anahtar teslimi EMC odas\u0131 ve cihaz park\u0131 kurulumu, telsiz test sistemleri bak\u0131m ve onar\u0131m\u0131, mikrodalga cihaz, kapsaml\u0131 avionik test sistemi kurulumu ve tamirlerini ger\u00e7ekle\u015ftirir. Ayr\u0131ca,\u00a0sat\u0131\u015f sonras\u0131 e\u011fitim, bak\u0131m ve m\u00fcmk\u00fcn olan en k\u0131sa s\u00fcrede par\u00e7a baz\u0131nda tamirleri ba\u015far\u0131yla yerine getirmektedir.\u00a0<\/p>\r\n<p>&nbsp;<\/p>\r\n<h3>ORKO 1970 y\u0131l\u0131ndan beri \u00fclkemiz i\u00e7in \u00f6nemli bir\u00e7ok projeye imza atm\u0131\u015ft\u0131r. Bunlardan baz\u0131lar\u0131:<\/h3>\r\n<p>&nbsp;<\/p>\r\n<p><span class=\"notranslate\"><strong>1970<\/strong>: \u0130lk ve ikinci S600 ta\u015f\u0131nabilir radar konvoylar\u0131 T\u00fcrk Hava Kuvvetlerine sat\u0131ld\u0131 ve teslim edildi.\u00a0<\/span><span class=\"notranslate\">Y\u00fcklenici Marconi Radar Systems Limited, \u0130ngiltere.<\/span><\/p>\r\n<p><span class=\"notranslate\"><strong>1971 &#8211; 1975<\/strong>: Telefon ve g\u00f6r\u00fcnt\u00fc iletimi i\u00e7in geni\u015f bantl\u0131 mikrodalga (1800 kanall\u0131) PTT sistemi<\/span>\u00a0<span class=\"notranslate\">T\u00fcrkiye&#8217;nin do\u011fusuna kuruldu.<\/span>\u00a0<span class=\"notranslate\">Y\u00fcklenici\u00a0<\/span><span class=\"notranslate\">General Telephone and Electronics S.p.A., \u0130talya.<\/span><\/p>\r\n<p><span class=\"notranslate\"><strong>1974<\/strong>:\u00a0T\u00fcrk Jandarma Kuvvetleri Komutanl\u0131\u011f\u0131 i\u00e7in\u00a0Geni\u015f Bantl\u0131 HF \/ SSB\u00a0Al\u0131c\u0131-Vericileri.<\/span>\u00a0<span class=\"notranslate\">Y\u00fcklenici\u00a0<\/span><span class=\"notranslate\">Southcom\u00a0Uluslararas\u0131\u00a0, ABD<\/span><\/p>\r\n<p><span class=\"notranslate\"><strong>1975 &#8211; 1977<\/strong>:\u00a0Dilburnu\u2019daki\u00a0T\u00fcrk Deniz Kuvvetleri\u00a0Komutanl\u0131\u011f\u0131\u2019n\u0131n (NATO)\u00a0Demanyetize Alan\u0131,<\/span>\u00a0<span class=\"notranslate\">G\u00f6lc\u00fck\u00a0.<\/span>\u00a0<span class=\"notranslate\">Y\u00fcklenici\u00a0<\/span><span class=\"notranslate\">Thorn-EMI\u00a0Ltd., \u0130ngiltere.<\/span><\/p>\r\n<p><span class=\"notranslate\"><strong>1980<\/strong>: TRT taraf\u0131ndan tek seferde ihale edilen en b\u00fcy\u00fck (8 adet) Telesine Ekipman\u0131<\/span>\u00a0<span class=\"notranslate\">Sistemi.<\/span>\u00a0<span class=\"notranslate\">Y\u00fcklenici Marconi Communication Systems Ltd., \u0130ngiltere.<\/span><\/p>\r\n<p><span class=\"notranslate\"><strong>1982<\/strong>:<\/span>\u00a0<span class=\"notranslate\">T\u00fcrk Hava Kuvvetleri\u00a0Komutanl\u0131\u011f\u0131 (NATO)\u00a0i\u00e7in \u00e7e\u015fitli boyutlarda\u00a0radomlar.<\/span>\u00a0<span class=\"notranslate\">Y\u00fcklenici ESSCO Inc.,\u00a0<\/span><span class=\"notranslate\">Amerika Birle\u015fik Devletleri.<\/span><\/p>\r\n<p><strong><span class=\"notranslate\">1985<\/span><\/strong><span class=\"notranslate\">:\u00a0Deniz Kuvvetleri Komutanl\u0131\u011f\u0131 i\u00e7in \u00dc\u00e7 K\u0131y\u0131 \u0130zleme (al\u00e7ak g\u00f6zleme) Radar Sistemleri (NATO)\u00a0<\/span><span class=\"notranslate\">Karaburun,\u00a0Kefken\u00a0ve Karadeniz\u00a0Ere\u011flisi.<\/span>\u00a0<span class=\"notranslate\">Y\u00fcklenici Marconi Radar Systems Ltd., \u0130ngiltere.<\/span><\/p>\r\n<p><span class=\"notranslate\"><strong>1987 &#8211; 1993<\/strong>:\u00a0HF\u00a0\/ SSB Esnek Frekans de\u011fi\u015ftirebilen Al\u0131c\u0131-Vericilerinin Yerel\u00a0\u00fcretimi\u00a0ve Teknoloji Transferi\u00a0<\/span><span class=\"notranslate\">T\u00fcrk Silahl\u0131 Kuvvetleri, TC. Savunma Bakanl\u0131\u011f\u0131, Savunma Bakanl\u0131klar\u0131\u00a0M\u00fcste\u015farl\u0131\u011f\u0131.\u00a0<\/span><span class=\"notranslate\">Y\u00fcklenici Marconi Communication Systems Ltd., \u0130ngiltere.<\/span><\/p>\r\n<p><span class=\"notranslate\"><strong>1999<\/strong>:\u00a0T\u00dcB\u0130TAK&#8217;a 10 metrelik \u00f6l\u00e7\u00fcmler i\u00e7in yank\u0131s\u0131z bir odan\u0131n \u00fcretimi ve teslimi,\u00a0<\/span><span class=\"notranslate\">Y\u00fcklenici SIEPEL, Fransa.<\/span><\/p>\r\n<p><span class=\"notranslate\"><strong>2000 &#8211; 2006<\/strong>:\u00a0T\u00fcrk Hava Kuvvetleri Komutanl\u0131\u011f\u0131&#8217;na ta\u015f\u0131nabilir TRC-<\/span>22xx radar\u0131 i\u00e7in sekiz adet\u00a0radome\u00a0sisteminin\u00a0teslimat\u0131<span class=\"notranslate\">.<\/span>\u00a0<span class=\"notranslate\">Y\u00fcklenici ESSCO-Collins Ltd., \u0130rlanda.<\/span><\/p>\r\n<p><span class=\"notranslate\"><strong>2010<\/strong>:\u00a010 metrelik bir\u00a0yank\u0131s\u0131z oda ve ilgili amplifikat\u00f6r ekipman\u0131n\u0131n\u00a0\u00fcretim ve teslimat\u0131\u00a0<\/span><span class=\"notranslate\">ASELSAN,\u00a0Y\u00fckleniciler SIEPEL, Fransa,\u00a0Amplifier Research, ABD<\/span><\/p>\r\n<p><span class=\"notranslate\"><strong>2012<\/strong>: ROKETSAN HWIL sistemini bar\u0131nd\u0131ran\u00a0yank\u0131s\u0131z oda \u00fcretimi ve teslimat\u0131.\u00a0<\/span><span class=\"notranslate\">Y\u00fcklenici SIEPEL, Fransa.<\/span><\/p>\r\n<p><strong>2013<\/strong> <strong>&#8211; 2021<\/strong> : ORKO LTD. EMC, RF Haberle\u015fme, Aviyonik ve Telsiz Test Setleri ile konusundaki en iyileri Savunma ve Uzay End\u00fcstrisine sunmaya devam etmektedir.<\/p>\r\n<p>&nbsp;<\/p>\r\n<p><img decoding=\"async\" class=\"aligncenter size-medium wp-image-1510\" src=\"https:\/\/www.orkoltd.com.tr\/ew\/wp-content\/uploads\/2021\/05\/50-years-ORKO-300x89.png\" alt=\"\" width=\"300\" height=\"89\" srcset=\"https:\/\/orkoltd.com.tr\/ew\/wp-content\/uploads\/2021\/05\/50-years-ORKO-300x89.png 300w, https:\/\/orkoltd.com.tr\/ew\/wp-content\/uploads\/2021\/05\/50-years-ORKO-1024x303.png 1024w, https:\/\/orkoltd.com.tr\/ew\/wp-content\/uploads\/2021\/05\/50-years-ORKO-768x227.png 768w, https:\/\/orkoltd.com.tr\/ew\/wp-content\/uploads\/2021\/05\/50-years-ORKO-700x207.png 700w, https:\/\/orkoltd.com.tr\/ew\/wp-content\/uploads\/2021\/05\/50-years-ORKO-600x177.png 600w, https:\/\/orkoltd.com.tr\/ew\/wp-content\/uploads\/2021\/05\/50-years-ORKO.png 1090w\" sizes=\"(max-width: 300px) 100vw, 300px\" \/><\/p>","protected":false},"excerpt":{"rendered":"<p>ORKO LTD. \u015eT\u0130., 1970 y\u0131l\u0131ndan beri, T\u00fcrkiye&#8217;de RF test, EMC, mikrodalga ve avionik alanlar\u0131nda y\u00fcksek teknoloji \u00fcr\u00fcnler ve \u00e7\u00f6z\u00fcmler sunmaktad\u0131r. Distrib\u00fct\u00f6rl\u00fc\u011f\u00fcn\u00fc \u00fcstlendi\u011fi EMC ve RF test sistemleri konusunda d\u00fcnyan\u0131n en prestijli firmalar\u0131n\u0131n \u00fcr\u00fcnlerini savunma sanayi kurulu\u015flar\u0131n\u0131n ve \u00f6zel sekt\u00f6r\u00fcn ihtiya\u00e7lar\u0131na g\u00f6re planlayarak kalite, zaman ve&#8230;<\/p>\n","protected":false},"author":1,"featured_media":0,"parent":0,"menu_order":0,"comment_status":"open","ping_status":"open","template":"","meta":{"footnotes":""},"class_list":["post-2","page","type-page","status-publish","hentry"],"_links":{"self":[{"href":"https:\/\/orkoltd.com.tr\/ew\/wp-json\/wp\/v2\/pages\/2","targetHints":{"allow":["GET"]}}],"collection":[{"href":"https:\/\/orkoltd.com.tr\/ew\/wp-json\/wp\/v2\/pages"}],"about":[{"href":"https:\/\/orkoltd.com.tr\/ew\/wp-json\/wp\/v2\/types\/page"}],"author":[{"embeddable":true,"href":"https:\/\/orkoltd.com.tr\/ew\/wp-json\/wp\/v2\/users\/1"}],"replies":[{"embeddable":true,"href":"https:\/\/orkoltd.com.tr\/ew\/wp-json\/wp\/v2\/comments?post=2"}],"version-history":[{"count":24,"href":"https:\/\/orkoltd.com.tr\/ew\/wp-json\/wp\/v2\/pages\/2\/revisions"}],"predecessor-version":[{"id":1511,"href":"https:\/\/orkoltd.com.tr\/ew\/wp-json\/wp\/v2\/pages\/2\/revisions\/1511"}],"wp:attachment":[{"href":"https:\/\/orkoltd.com.tr\/ew\/wp-json\/wp\/v2\/media?parent=2"}],"curies":[{"name":"wp","href":"https:\/\/api.w.org\/{rel}","templated":true}]}}