{"id":1687,"date":"2024-04-19T15:35:46","date_gmt":"2024-04-19T12:35:46","guid":{"rendered":"https:\/\/www.orkoltd.com.tr\/ew\/?page_id=1687"},"modified":"2024-04-19T15:35:46","modified_gmt":"2024-04-19T12:35:46","slug":"programlanabilir-guc-kaynaklari","status":"publish","type":"page","link":"https:\/\/orkoltd.com.tr\/ew\/home\/programlanabilir-guc-kaynaklari\/","title":{"rendered":"Programlanabilir G\u00fc\u00e7 Kaynaklar\u0131"},"content":{"rendered":"<h3><img fetchpriority=\"high\" decoding=\"async\" class=\"wp-image-1688 aligncenter\" src=\"https:\/\/www.orkoltd.com.tr\/ew\/wp-content\/uploads\/2024\/04\/Power-Test-300x126.jpg\" alt=\"\" width=\"407\" height=\"171\" srcset=\"https:\/\/orkoltd.com.tr\/ew\/wp-content\/uploads\/2024\/04\/Power-Test-300x126.jpg 300w, https:\/\/orkoltd.com.tr\/ew\/wp-content\/uploads\/2024\/04\/Power-Test-768x322.jpg 768w, https:\/\/orkoltd.com.tr\/ew\/wp-content\/uploads\/2024\/04\/Power-Test-700x294.jpg 700w, https:\/\/orkoltd.com.tr\/ew\/wp-content\/uploads\/2024\/04\/Power-Test-600x252.jpg 600w, https:\/\/orkoltd.com.tr\/ew\/wp-content\/uploads\/2024\/04\/Power-Test.jpg 913w\" sizes=\"(max-width: 407px) 100vw, 407px\" \/><\/h3>\n<p>&nbsp;<\/p>\n<h3><\/h3>\n<h4>ORKO, havac\u0131l\u0131k, elektrikli ara\u00e7, yenilenebilir enerji ve end\u00fcstriyel pazarlar i\u00e7in geli\u015fmi\u015f AC ve DC g\u00fc\u00e7 testi \u00e7\u00f6z\u00fcmleri sunmaktad\u0131r. Bunun gibi daha bir \u00e7ok \u00f6zelli\u011fi olan lider Programlanabilir G\u00fc\u00e7 Kaynaklar\u0131m\u0131z\u0131 inceleyiniz.<\/h4>\n<p>&nbsp;<\/p>\n<p>&nbsp;<\/p>\n<h3><strong>G\u00fc\u00e7 Kayna\u011f\u0131 Test \u00dcr\u00fcnlerimiz:<\/strong><\/h3>\n<p>&nbsp;<\/p>\n<p>[vc_column]<div class=\"qode-elegant-pl-holder qode-standard-layout qode-large-space qode-three-columns qode-info-below-image  \"  data-type=\"standard\" data-info-position=\"info-below-image\" data-number-of-posts=\"100\" data-number-of-columns=\"3\" data-space-between-items=\"large\" data-show-ordering-filter=\"no\" data-orderby=\"rand\" data-order=\"ASC\" data-show-category-filter=\"no\" data-show-all-item-in-filter=\"yes\" data-taxonomy-to-display=\"category\" data-taxonomy-values=\"G\u00dc\u00c7 KAYNA\u011eI\" data-image-size=\"full\" data-display-title=\"yes\" data-title-tag=\"h5\" data-display-category=\"no\" data-display-excerpt=\"no\" data-excerpt-length=\"20\" data-display-rating=\"no\" data-display-price=\"no\" data-holder-classes=\"qode-standard-layout qode-large-space qode-three-columns qode-info-below-image  \" data-class-name=\"pli\"data-class_name = \"pli\">\n\t                        <div class=\"qode-prl-loading\">\n            <span class=\"qode-prl-loading-msg\">Loading...<\/span>\n        <\/div>\n        <div class=\"qode-pl-outer\">\n            <div class=\"qode-pli\">\n\t<div class=\"qode-pli-inner\">\n\t\t<div class=\"qode-pli-image\">\n\t\t\t\n\n<img decoding=\"async\" width=\"270\" height=\"123\" src=\"https:\/\/orkoltd.com.tr\/ew\/wp-content\/uploads\/2024\/04\/3550AZX-Top-e1713794748203.webp\" class=\"attachment-full size-full wp-post-image\" alt=\"\" \/>\t\t<\/div>\n\t\t<div class=\"qode-pli-text\">\n\t\t\t<div class=\"qode-pli-text-outer\">\n\t\t\t\t<div class=\"qode-pli-text-inner\">\n\t\t\t\t\t<div class=\"qode-pli-additional-info\">\n                                            <\/div>\n\t\t\t\t<\/div>\n\t\t\t<\/div>\n\t\t<\/div>\n\t\t<a class=\"qode-pli-link\" itemprop=\"url\" href=\"https:\/\/orkoltd.com.tr\/ew\/urun\/pacific-power-source-azx-serisi\/\" title=\"PACIFIC POWER SOURCE &#8211; AZX SER\u0130S\u0130\"><\/a>\n\t<\/div>\n\t<div class=\"qode-pli-text-wrapper qode-no-rating-price\" >\n\n\t\t\n            <h5 itemprop=\"name\" class=\"entry-title qode-pli-title\" >\n\t\t<a itemprop=\"url\" href=\"https:\/\/orkoltd.com.tr\/ew\/urun\/pacific-power-source-azx-serisi\/\">PACIFIC POWER SOURCE &#8211; AZX SER\u0130S\u0130<\/a>\n\t<\/h5>\n\n\t\t\t\t\n\t\t\t\t\n\t\t\n\t\t<div class=\"qode-pli-add-to-cart\">\n\t<a rel=\"nofollow\" href=\"https:\/\/orkoltd.com.tr\/ew\/urun\/pacific-power-source-azx-serisi\/\" data-quantity=\"1\" data-product_id=\"1685\" data-product_sku=\"\" class=\"add_to_cart_button ajax_add_to_cart qode-add-to-cart qode-button\">Devam\u0131n\u0131 oku<\/a><\/div>\t<\/div>\n<\/div><div class=\"qode-pli\">\n\t<div class=\"qode-pli-inner\">\n\t\t<div class=\"qode-pli-image\">\n\t\t\t\n\n<img decoding=\"async\" width=\"270\" height=\"97\" src=\"https:\/\/orkoltd.com.tr\/ew\/wp-content\/uploads\/2024\/04\/AFX-Series-3150AFX-e1713787603525.webp\" class=\"attachment-full size-full wp-post-image\" alt=\"\" \/>\t\t<\/div>\n\t\t<div class=\"qode-pli-text\">\n\t\t\t<div class=\"qode-pli-text-outer\">\n\t\t\t\t<div class=\"qode-pli-text-inner\">\n\t\t\t\t\t<div class=\"qode-pli-additional-info\">\n                                            <\/div>\n\t\t\t\t<\/div>\n\t\t\t<\/div>\n\t\t<\/div>\n\t\t<a class=\"qode-pli-link\" itemprop=\"url\" href=\"https:\/\/orkoltd.com.tr\/ew\/urun\/pacific-power-source-afx-serisi\/\" title=\"PACIFIC POWER SOURCE &#8211; AFX SER\u0130S\u0130\"><\/a>\n\t<\/div>\n\t<div class=\"qode-pli-text-wrapper qode-no-rating-price\" >\n\n\t\t\n            <h5 itemprop=\"name\" class=\"entry-title qode-pli-title\" >\n\t\t<a itemprop=\"url\" href=\"https:\/\/orkoltd.com.tr\/ew\/urun\/pacific-power-source-afx-serisi\/\">PACIFIC POWER SOURCE &#8211; AFX SER\u0130S\u0130<\/a>\n\t<\/h5>\n\n\t\t\t\t\n\t\t\t\t\n\t\t\n\t\t<div class=\"qode-pli-add-to-cart\">\n\t<a rel=\"nofollow\" href=\"https:\/\/orkoltd.com.tr\/ew\/urun\/pacific-power-source-afx-serisi\/\" data-quantity=\"1\" data-product_id=\"1684\" data-product_sku=\"\" class=\"add_to_cart_button ajax_add_to_cart qode-add-to-cart qode-button\">Devam\u0131n\u0131 oku<\/a><\/div>\t<\/div>\n<\/div><div class=\"qode-pli\">\n\t<div class=\"qode-pli-inner\">\n\t\t<div class=\"qode-pli-image\">\n\t\t\t\n\n<img loading=\"lazy\" decoding=\"async\" width=\"270\" height=\"101\" src=\"https:\/\/orkoltd.com.tr\/ew\/wp-content\/uploads\/2024\/04\/AGX-Series-e1713785147194.webp\" class=\"attachment-full size-full wp-post-image\" alt=\"\" \/>\t\t<\/div>\n\t\t<div class=\"qode-pli-text\">\n\t\t\t<div class=\"qode-pli-text-outer\">\n\t\t\t\t<div class=\"qode-pli-text-inner\">\n\t\t\t\t\t<div class=\"qode-pli-additional-info\">\n                                            <\/div>\n\t\t\t\t<\/div>\n\t\t\t<\/div>\n\t\t<\/div>\n\t\t<a class=\"qode-pli-link\" itemprop=\"url\" href=\"https:\/\/orkoltd.com.tr\/ew\/urun\/pacific-power-source-agx-serisi\/\" title=\"PACIFIC POWER SOURCE &#8211; AGX SER\u0130S\u0130\"><\/a>\n\t<\/div>\n\t<div class=\"qode-pli-text-wrapper qode-no-rating-price\" >\n\n\t\t\n            <h5 itemprop=\"name\" class=\"entry-title qode-pli-title\" >\n\t\t<a itemprop=\"url\" href=\"https:\/\/orkoltd.com.tr\/ew\/urun\/pacific-power-source-agx-serisi\/\">PACIFIC POWER SOURCE &#8211; AGX SER\u0130S\u0130<\/a>\n\t<\/h5>\n\n\t\t\t\t\n\t\t\t\t\n\t\t\n\t\t<div class=\"qode-pli-add-to-cart\">\n\t<a rel=\"nofollow\" href=\"https:\/\/orkoltd.com.tr\/ew\/urun\/pacific-power-source-agx-serisi\/\" data-quantity=\"1\" data-product_id=\"1674\" data-product_sku=\"\" class=\"add_to_cart_button ajax_add_to_cart qode-add-to-cart qode-button\">Devam\u0131n\u0131 oku<\/a><\/div>\t<\/div>\n<\/div><div class=\"qode-pli\">\n\t<div class=\"qode-pli-inner\">\n\t\t<div class=\"qode-pli-image\">\n\t\t\t\n\n<img loading=\"lazy\" decoding=\"async\" width=\"270\" height=\"124\" src=\"https:\/\/orkoltd.com.tr\/ew\/wp-content\/uploads\/2024\/04\/LSX-Series-360LSX-e1713786938908.webp\" class=\"attachment-full size-full wp-post-image\" alt=\"\" \/>\t\t<\/div>\n\t\t<div class=\"qode-pli-text\">\n\t\t\t<div class=\"qode-pli-text-outer\">\n\t\t\t\t<div class=\"qode-pli-text-inner\">\n\t\t\t\t\t<div class=\"qode-pli-additional-info\">\n                                            <\/div>\n\t\t\t\t<\/div>\n\t\t\t<\/div>\n\t\t<\/div>\n\t\t<a class=\"qode-pli-link\" itemprop=\"url\" href=\"https:\/\/orkoltd.com.tr\/ew\/urun\/pacific-power-source-lsx-serisi\/\" title=\"PACIFIC POWER SOURCE -LSX SER\u0130S\u0130\"><\/a>\n\t<\/div>\n\t<div class=\"qode-pli-text-wrapper qode-no-rating-price\" >\n\n\t\t\n            <h5 itemprop=\"name\" class=\"entry-title qode-pli-title\" >\n\t\t<a itemprop=\"url\" href=\"https:\/\/orkoltd.com.tr\/ew\/urun\/pacific-power-source-lsx-serisi\/\">PACIFIC POWER SOURCE -LSX SER\u0130S\u0130<\/a>\n\t<\/h5>\n\n\t\t\t\t\n\t\t\t\t\n\t\t\n\t\t<div class=\"qode-pli-add-to-cart\">\n\t<a rel=\"nofollow\" href=\"https:\/\/orkoltd.com.tr\/ew\/urun\/pacific-power-source-lsx-serisi\/\" data-quantity=\"1\" data-product_id=\"1680\" data-product_sku=\"\" class=\"add_to_cart_button ajax_add_to_cart qode-add-to-cart qode-button\">Devam\u0131n\u0131 oku<\/a><\/div>\t<\/div>\n<\/div><div class=\"qode-pli\">\n\t<div class=\"qode-pli-inner\">\n\t\t<div class=\"qode-pli-image\">\n\t\t\t\n\n<img loading=\"lazy\" decoding=\"async\" width=\"270\" height=\"184\" src=\"https:\/\/orkoltd.com.tr\/ew\/wp-content\/uploads\/2024\/04\/MS-Serisi-2-e1713797515664.webp\" class=\"attachment-full size-full wp-post-image\" alt=\"\" \/>\t\t<\/div>\n\t\t<div class=\"qode-pli-text\">\n\t\t\t<div class=\"qode-pli-text-outer\">\n\t\t\t\t<div class=\"qode-pli-text-inner\">\n\t\t\t\t\t<div class=\"qode-pli-additional-info\">\n                                            <\/div>\n\t\t\t\t<\/div>\n\t\t\t<\/div>\n\t\t<\/div>\n\t\t<a class=\"qode-pli-link\" itemprop=\"url\" href=\"https:\/\/orkoltd.com.tr\/ew\/urun\/pacific-power-source-ms-serisi\/\" title=\"PACIFIC POWER SOURCE &#8211; MS SER\u0130S\u0130\"><\/a>\n\t<\/div>\n\t<div class=\"qode-pli-text-wrapper qode-no-rating-price\" >\n\n\t\t\n            <h5 itemprop=\"name\" class=\"entry-title qode-pli-title\" >\n\t\t<a itemprop=\"url\" href=\"https:\/\/orkoltd.com.tr\/ew\/urun\/pacific-power-source-ms-serisi\/\">PACIFIC POWER SOURCE &#8211; MS SER\u0130S\u0130<\/a>\n\t<\/h5>\n\n\t\t\t\t\n\t\t\t\t\n\t\t\n\t\t<div class=\"qode-pli-add-to-cart\">\n\t<a rel=\"nofollow\" href=\"https:\/\/orkoltd.com.tr\/ew\/urun\/pacific-power-source-ms-serisi\/\" data-quantity=\"1\" data-product_id=\"1676\" data-product_sku=\"\" class=\"add_to_cart_button ajax_add_to_cart qode-add-to-cart qode-button\">Devam\u0131n\u0131 oku<\/a><\/div>\t<\/div>\n<\/div><div class=\"qode-pli\">\n\t<div class=\"qode-pli-inner\">\n\t\t<div class=\"qode-pli-image\">\n\t\t\t\n\n<img loading=\"lazy\" decoding=\"async\" width=\"230\" height=\"90\" src=\"https:\/\/orkoltd.com.tr\/ew\/wp-content\/uploads\/2024\/04\/ECTS2-Top-e1713784087842.webp\" class=\"attachment-full size-full wp-post-image\" alt=\"\" \/>\t\t<\/div>\n\t\t<div class=\"qode-pli-text\">\n\t\t\t<div class=\"qode-pli-text-outer\">\n\t\t\t\t<div class=\"qode-pli-text-inner\">\n\t\t\t\t\t<div class=\"qode-pli-additional-info\">\n                                            <\/div>\n\t\t\t\t<\/div>\n\t\t\t<\/div>\n\t\t<\/div>\n\t\t<a class=\"qode-pli-link\" itemprop=\"url\" href=\"https:\/\/orkoltd.com.tr\/ew\/urun\/pacific-power-source-ects2-serisi\/\" title=\"PACIFIC POWER SOURCE &#8211; ECTS2 SER\u0130S\u0130\"><\/a>\n\t<\/div>\n\t<div class=\"qode-pli-text-wrapper qode-no-rating-price\" >\n\n\t\t\n            <h5 itemprop=\"name\" class=\"entry-title qode-pli-title\" >\n\t\t<a itemprop=\"url\" href=\"https:\/\/orkoltd.com.tr\/ew\/urun\/pacific-power-source-ects2-serisi\/\">PACIFIC POWER SOURCE &#8211; ECTS2 SER\u0130S\u0130<\/a>\n\t<\/h5>\n\n\t\t\t\t\n\t\t\t\t\n\t\t\n\t\t<div class=\"qode-pli-add-to-cart\">\n\t<a rel=\"nofollow\" href=\"https:\/\/orkoltd.com.tr\/ew\/urun\/pacific-power-source-ects2-serisi\/\" data-quantity=\"1\" data-product_id=\"1670\" data-product_sku=\"\" class=\"add_to_cart_button ajax_add_to_cart qode-add-to-cart qode-button\">Devam\u0131n\u0131 oku<\/a><\/div>\t<\/div>\n<\/div><div class=\"qode-pli\">\n\t<div class=\"qode-pli-inner\">\n\t\t<div class=\"qode-pli-image\">\n\t\t\t\n\n<img loading=\"lazy\" decoding=\"async\" width=\"1412\" height=\"447\" src=\"https:\/\/orkoltd.com.tr\/ew\/wp-content\/uploads\/2024\/04\/LMX-Series-305LMX.webp\" class=\"attachment-full size-full wp-post-image\" alt=\"\" srcset=\"https:\/\/orkoltd.com.tr\/ew\/wp-content\/uploads\/2024\/04\/LMX-Series-305LMX.webp 1412w, https:\/\/orkoltd.com.tr\/ew\/wp-content\/uploads\/2024\/04\/LMX-Series-305LMX-300x95.webp 300w, https:\/\/orkoltd.com.tr\/ew\/wp-content\/uploads\/2024\/04\/LMX-Series-305LMX-1024x324.webp 1024w, https:\/\/orkoltd.com.tr\/ew\/wp-content\/uploads\/2024\/04\/LMX-Series-305LMX-768x243.webp 768w, https:\/\/orkoltd.com.tr\/ew\/wp-content\/uploads\/2024\/04\/LMX-Series-305LMX-700x222.webp 700w, https:\/\/orkoltd.com.tr\/ew\/wp-content\/uploads\/2024\/04\/LMX-Series-305LMX-1100x348.webp 1100w, https:\/\/orkoltd.com.tr\/ew\/wp-content\/uploads\/2024\/04\/LMX-Series-305LMX-600x190.webp 600w\" sizes=\"(max-width: 1412px) 100vw, 1412px\" \/>\t\t<\/div>\n\t\t<div class=\"qode-pli-text\">\n\t\t\t<div class=\"qode-pli-text-outer\">\n\t\t\t\t<div class=\"qode-pli-text-inner\">\n\t\t\t\t\t<div class=\"qode-pli-additional-info\">\n                                            <\/div>\n\t\t\t\t<\/div>\n\t\t\t<\/div>\n\t\t<\/div>\n\t\t<a class=\"qode-pli-link\" itemprop=\"url\" href=\"https:\/\/orkoltd.com.tr\/ew\/urun\/pacific-power-source-lmx-serisi\/\" title=\"PACIFIC POWER SOURCE &#8211; LMX SER\u0130S\u0130\"><\/a>\n\t<\/div>\n\t<div class=\"qode-pli-text-wrapper qode-no-rating-price\" >\n\n\t\t\n            <h5 itemprop=\"name\" class=\"entry-title qode-pli-title\" >\n\t\t<a itemprop=\"url\" href=\"https:\/\/orkoltd.com.tr\/ew\/urun\/pacific-power-source-lmx-serisi\/\">PACIFIC POWER SOURCE &#8211; LMX SER\u0130S\u0130<\/a>\n\t<\/h5>\n\n\t\t\t\t\n\t\t\t\t\n\t\t\n\t\t<div class=\"qode-pli-add-to-cart\">\n\t<a rel=\"nofollow\" href=\"https:\/\/orkoltd.com.tr\/ew\/urun\/pacific-power-source-lmx-serisi\/\" data-quantity=\"1\" data-product_id=\"1678\" data-product_sku=\"\" class=\"add_to_cart_button ajax_add_to_cart qode-add-to-cart qode-button\">Devam\u0131n\u0131 oku<\/a><\/div>\t<\/div>\n<\/div><div class=\"qode-pli\">\n\t<div class=\"qode-pli-inner\">\n\t\t<div class=\"qode-pli-image\">\n\t\t\t\n\n<img loading=\"lazy\" decoding=\"async\" width=\"249\" height=\"90\" src=\"https:\/\/orkoltd.com.tr\/ew\/wp-content\/uploads\/2024\/04\/ADF-Series-e1713784810547.webp\" class=\"attachment-full size-full wp-post-image\" alt=\"\" \/>\t\t<\/div>\n\t\t<div class=\"qode-pli-text\">\n\t\t\t<div class=\"qode-pli-text-outer\">\n\t\t\t\t<div class=\"qode-pli-text-inner\">\n\t\t\t\t\t<div class=\"qode-pli-additional-info\">\n                                            <\/div>\n\t\t\t\t<\/div>\n\t\t\t<\/div>\n\t\t<\/div>\n\t\t<a class=\"qode-pli-link\" itemprop=\"url\" href=\"https:\/\/orkoltd.com.tr\/ew\/urun\/pacific-power-source-adf-serisi\/\" title=\"PACIFIC POWER SOURCE &#8211; ADF SER\u0130S\u0130\"><\/a>\n\t<\/div>\n\t<div class=\"qode-pli-text-wrapper qode-no-rating-price\" >\n\n\t\t\n            <h5 itemprop=\"name\" class=\"entry-title qode-pli-title\" >\n\t\t<a itemprop=\"url\" href=\"https:\/\/orkoltd.com.tr\/ew\/urun\/pacific-power-source-adf-serisi\/\">PACIFIC POWER SOURCE &#8211; ADF SER\u0130S\u0130<\/a>\n\t<\/h5>\n\n\t\t\t\t\n\t\t\t\t\n\t\t\n\t\t<div class=\"qode-pli-add-to-cart\">\n\t<a rel=\"nofollow\" href=\"https:\/\/orkoltd.com.tr\/ew\/urun\/pacific-power-source-adf-serisi\/\" data-quantity=\"1\" data-product_id=\"1672\" data-product_sku=\"\" class=\"add_to_cart_button ajax_add_to_cart qode-add-to-cart qode-button\">Devam\u0131n\u0131 oku<\/a><\/div>\t<\/div>\n<\/div>        <\/div>\n    <input type=\"hidden\" id=\"qodef_product_load_more_nonce_5624\" name=\"qodef_product_load_more_nonce_5624\" value=\"a1e50185f7\" \/><input type=\"hidden\" name=\"_wp_http_referer\" value=\"\/ew\/wp-json\/wp\/v2\/pages\/1687\" \/><\/div>[\/vc_column]<\/p>\n","protected":false},"excerpt":{"rendered":"<p>&nbsp; ORKO, havac\u0131l\u0131k, elektrikli ara\u00e7, yenilenebilir enerji ve end\u00fcstriyel pazarlar i\u00e7in geli\u015fmi\u015f AC ve DC g\u00fc\u00e7 testi \u00e7\u00f6z\u00fcmleri sunmaktad\u0131r. Bunun gibi daha bir \u00e7ok \u00f6zelli\u011fi olan lider Programlanabilir G\u00fc\u00e7 Kaynaklar\u0131m\u0131z\u0131 inceleyiniz. &nbsp; &nbsp; G\u00fc\u00e7 Kayna\u011f\u0131 Test \u00dcr\u00fcnlerimiz: &nbsp; [vc_column][\/vc_column]<\/p>\n","protected":false},"author":1,"featured_media":0,"parent":245,"menu_order":0,"comment_status":"closed","ping_status":"closed","template":"","meta":{"footnotes":""},"class_list":["post-1687","page","type-page","status-publish","hentry"],"_links":{"self":[{"href":"https:\/\/orkoltd.com.tr\/ew\/wp-json\/wp\/v2\/pages\/1687","targetHints":{"allow":["GET"]}}],"collection":[{"href":"https:\/\/orkoltd.com.tr\/ew\/wp-json\/wp\/v2\/pages"}],"about":[{"href":"https:\/\/orkoltd.com.tr\/ew\/wp-json\/wp\/v2\/types\/page"}],"author":[{"embeddable":true,"href":"https:\/\/orkoltd.com.tr\/ew\/wp-json\/wp\/v2\/users\/1"}],"replies":[{"embeddable":true,"href":"https:\/\/orkoltd.com.tr\/ew\/wp-json\/wp\/v2\/comments?post=1687"}],"version-history":[{"count":5,"href":"https:\/\/orkoltd.com.tr\/ew\/wp-json\/wp\/v2\/pages\/1687\/revisions"}],"predecessor-version":[{"id":1695,"href":"https:\/\/orkoltd.com.tr\/ew\/wp-json\/wp\/v2\/pages\/1687\/revisions\/1695"}],"up":[{"embeddable":true,"href":"https:\/\/orkoltd.com.tr\/ew\/wp-json\/wp\/v2\/pages\/245"}],"wp:attachment":[{"href":"https:\/\/orkoltd.com.tr\/ew\/wp-json\/wp\/v2\/media?parent=1687"}],"curies":[{"name":"wp","href":"https:\/\/api.w.org\/{rel}","templated":true}]}}