{"id":135,"date":"2018-10-17T15:31:16","date_gmt":"2018-10-17T12:31:16","guid":{"rendered":"https:\/\/www.orkoltd.com.tr\/ew\/?page_id=135"},"modified":"2019-02-12T12:50:35","modified_gmt":"2019-02-12T09:50:35","slug":"aviyonik","status":"publish","type":"page","link":"https:\/\/orkoltd.com.tr\/ew\/home\/aviyonik\/","title":{"rendered":"Aviyonik \u00dcr\u00fcnler"},"content":{"rendered":"<h4><img fetchpriority=\"high\" decoding=\"async\" class=\"size-large wp-image-913 aligncenter\" src=\"https:\/\/www.orkoltd.com.tr\/ew\/wp-content\/uploads\/2019\/01\/Cockpit-1024x624.jpg\" alt=\"\" width=\"1024\" height=\"624\" srcset=\"https:\/\/orkoltd.com.tr\/ew\/wp-content\/uploads\/2019\/01\/Cockpit-1024x624.jpg 1024w, https:\/\/orkoltd.com.tr\/ew\/wp-content\/uploads\/2019\/01\/Cockpit-300x183.jpg 300w, https:\/\/orkoltd.com.tr\/ew\/wp-content\/uploads\/2019\/01\/Cockpit-768x468.jpg 768w, https:\/\/orkoltd.com.tr\/ew\/wp-content\/uploads\/2019\/01\/Cockpit-700x427.jpg 700w, https:\/\/orkoltd.com.tr\/ew\/wp-content\/uploads\/2019\/01\/Cockpit-1100x671.jpg 1100w, https:\/\/orkoltd.com.tr\/ew\/wp-content\/uploads\/2019\/01\/Cockpit-600x366.jpg 600w\" sizes=\"(max-width: 1024px) 100vw, 1024px\" \/><\/h4>\n<h4><\/h4>\n<p>&nbsp;<\/p>\n<h4>Aviyonik test ekipmanlar\u0131, ticari, \u00f6zel ve askeri hava kaynakl\u0131 elektronik sistemlerin geli\u015ftirilmesini, \u00fcretilmesini, test edilmesini ve bak\u0131m\u0131n\u0131 sa\u011flamak i\u00e7in kullan\u0131l\u0131r. Yenilik\u00e7i test \u00e7\u00f6z\u00fcmlerimiz, bekledi\u011finiz kalite ve performansla, g\u00fcvenli bir u\u00e7u\u015f ortam\u0131 sa\u011flamak i\u00e7in gereken kritik verileri sa\u011flar.<\/h4>\n<p>&nbsp;<\/p>\n<h3>Havac\u0131l\u0131k Sekt\u00f6r\u00fc Test Cihazlar\u0131m\u0131z:<\/h3>\n<p>&nbsp;<\/p>\n<p>[vc_column]<div class=\"qode-elegant-pl-holder qode-standard-layout qode-large-space qode-four-columns qode-info-below-image  \"  data-type=\"standard\" data-info-position=\"info-below-image\" data-number-of-posts=\"20\" data-number-of-columns=\"4\" data-space-between-items=\"large\" data-show-ordering-filter=\"no\" data-orderby=\"rand\" data-order=\"ASC\" data-show-category-filter=\"no\" data-show-all-item-in-filter=\"yes\" data-taxonomy-to-display=\"category\" data-taxonomy-values=\"AV\u0130YON\u0130K\" data-image-size=\"full\" data-display-title=\"yes\" data-title-tag=\"h5\" data-display-category=\"no\" data-display-excerpt=\"no\" data-excerpt-length=\"20\" data-display-rating=\"no\" data-display-price=\"no\" data-holder-classes=\"qode-standard-layout qode-large-space qode-four-columns qode-info-below-image  \" data-class-name=\"pli\"data-class_name = \"pli\">\n\t                        <div class=\"qode-prl-loading\">\n            <span class=\"qode-prl-loading-msg\">Loading...<\/span>\n        <\/div>\n        <div class=\"qode-pl-outer\">\n            <div class=\"qode-pli\">\n\t<div class=\"qode-pli-inner\">\n\t\t<div class=\"qode-pli-image\">\n\t\t\t\n\n<img decoding=\"async\" width=\"1026\" height=\"945\" src=\"https:\/\/orkoltd.com.tr\/ew\/wp-content\/uploads\/2021\/06\/avx-10k_with_ipad_fuel_gauge.png\" class=\"attachment-full size-full wp-post-image\" alt=\"\" srcset=\"https:\/\/orkoltd.com.tr\/ew\/wp-content\/uploads\/2021\/06\/avx-10k_with_ipad_fuel_gauge.png 1026w, https:\/\/orkoltd.com.tr\/ew\/wp-content\/uploads\/2021\/06\/avx-10k_with_ipad_fuel_gauge-300x276.png 300w, https:\/\/orkoltd.com.tr\/ew\/wp-content\/uploads\/2021\/06\/avx-10k_with_ipad_fuel_gauge-1024x943.png 1024w, https:\/\/orkoltd.com.tr\/ew\/wp-content\/uploads\/2021\/06\/avx-10k_with_ipad_fuel_gauge-768x707.png 768w, https:\/\/orkoltd.com.tr\/ew\/wp-content\/uploads\/2021\/06\/avx-10k_with_ipad_fuel_gauge-700x645.png 700w, https:\/\/orkoltd.com.tr\/ew\/wp-content\/uploads\/2021\/06\/avx-10k_with_ipad_fuel_gauge-600x553.png 600w\" sizes=\"(max-width: 1026px) 100vw, 1026px\" \/>\t\t<\/div>\n\t\t<div class=\"qode-pli-text\">\n\t\t\t<div class=\"qode-pli-text-outer\">\n\t\t\t\t<div class=\"qode-pli-text-inner\">\n\t\t\t\t\t<div class=\"qode-pli-additional-info\">\n                                            <\/div>\n\t\t\t\t<\/div>\n\t\t\t<\/div>\n\t\t<\/div>\n\t\t<a class=\"qode-pli-link\" itemprop=\"url\" href=\"https:\/\/orkoltd.com.tr\/ew\/urun\/avx-10k-mil-askeri-ucus-hatti-test-seti\/\" title=\"AVX-10K-MIL ASKER\u0130 U\u00c7U\u015e HATTI TEST SET\u0130\"><\/a>\n\t<\/div>\n\t<div class=\"qode-pli-text-wrapper qode-no-rating-price\" >\n\n\t\t\n            <h5 itemprop=\"name\" class=\"entry-title qode-pli-title\" >\n\t\t<a itemprop=\"url\" href=\"https:\/\/orkoltd.com.tr\/ew\/urun\/avx-10k-mil-askeri-ucus-hatti-test-seti\/\">AVX-10K-MIL ASKER\u0130 U\u00c7U\u015e HATTI TEST SET\u0130<\/a>\n\t<\/h5>\n\n\t\t\t\t\n\t\t\t\t\n\t\t\n\t\t<div class=\"qode-pli-add-to-cart\">\n\t<a rel=\"nofollow\" href=\"https:\/\/orkoltd.com.tr\/ew\/urun\/avx-10k-mil-askeri-ucus-hatti-test-seti\/\" data-quantity=\"1\" data-product_id=\"1807\" data-product_sku=\"\" class=\"add_to_cart_button ajax_add_to_cart qode-add-to-cart qode-button\">Devam\u0131n\u0131 oku<\/a><\/div>\t<\/div>\n<\/div><div class=\"qode-pli\">\n\t<div class=\"qode-pli-inner\">\n\t\t<div class=\"qode-pli-image\">\n\t\t\t\n\n<img decoding=\"async\" width=\"981\" height=\"1200\" src=\"https:\/\/orkoltd.com.tr\/ew\/wp-content\/uploads\/2019\/01\/ifr6000.jpg\" class=\"attachment-full size-full wp-post-image\" alt=\"\" srcset=\"https:\/\/orkoltd.com.tr\/ew\/wp-content\/uploads\/2019\/01\/ifr6000.jpg 981w, https:\/\/orkoltd.com.tr\/ew\/wp-content\/uploads\/2019\/01\/ifr6000-245x300.jpg 245w, https:\/\/orkoltd.com.tr\/ew\/wp-content\/uploads\/2019\/01\/ifr6000-768x939.jpg 768w, https:\/\/orkoltd.com.tr\/ew\/wp-content\/uploads\/2019\/01\/ifr6000-837x1024.jpg 837w, https:\/\/orkoltd.com.tr\/ew\/wp-content\/uploads\/2019\/01\/ifr6000-700x856.jpg 700w, https:\/\/orkoltd.com.tr\/ew\/wp-content\/uploads\/2019\/01\/ifr6000-600x734.jpg 600w\" sizes=\"(max-width: 981px) 100vw, 981px\" \/>\t\t<\/div>\n\t\t<div class=\"qode-pli-text\">\n\t\t\t<div class=\"qode-pli-text-outer\">\n\t\t\t\t<div class=\"qode-pli-text-inner\">\n\t\t\t\t\t<div class=\"qode-pli-additional-info\">\n                                            <\/div>\n\t\t\t\t<\/div>\n\t\t\t<\/div>\n\t\t<\/div>\n\t\t<a class=\"qode-pli-link\" itemprop=\"url\" href=\"https:\/\/orkoltd.com.tr\/ew\/urun\/ifr-6000\/\" title=\"IFR 6000 TRANSPONDER \/ DME \/ TCAS U\u00c7U\u015e HATTI TEST SET\u0130\"><\/a>\n\t<\/div>\n\t<div class=\"qode-pli-text-wrapper qode-no-rating-price\" >\n\n\t\t\n            <h5 itemprop=\"name\" class=\"entry-title qode-pli-title\" >\n\t\t<a itemprop=\"url\" href=\"https:\/\/orkoltd.com.tr\/ew\/urun\/ifr-6000\/\">IFR 6000 TRANSPONDER \/ DME \/ TCAS U\u00c7U\u015e HATTI TEST SET\u0130<\/a>\n\t<\/h5>\n\n\t\t\t\t\n\t\t\t\t\n\t\t\n\t\t<div class=\"qode-pli-add-to-cart\">\n\t<a rel=\"nofollow\" href=\"https:\/\/orkoltd.com.tr\/ew\/urun\/ifr-6000\/\" data-quantity=\"1\" data-product_id=\"583\" data-product_sku=\"\" class=\"add_to_cart_button ajax_add_to_cart qode-add-to-cart qode-button\">Devam\u0131n\u0131 oku<\/a><\/div>\t<\/div>\n<\/div><div class=\"qode-pli\">\n\t<div class=\"qode-pli-inner\">\n\t\t<div class=\"qode-pli-image\">\n\t\t\t\n\n<img decoding=\"async\" width=\"1026\" height=\"945\" src=\"https:\/\/orkoltd.com.tr\/ew\/wp-content\/uploads\/2021\/06\/avx-10k_with_ipad_fuel_gauge.png\" class=\"attachment-full size-full wp-post-image\" alt=\"\" srcset=\"https:\/\/orkoltd.com.tr\/ew\/wp-content\/uploads\/2021\/06\/avx-10k_with_ipad_fuel_gauge.png 1026w, https:\/\/orkoltd.com.tr\/ew\/wp-content\/uploads\/2021\/06\/avx-10k_with_ipad_fuel_gauge-300x276.png 300w, https:\/\/orkoltd.com.tr\/ew\/wp-content\/uploads\/2021\/06\/avx-10k_with_ipad_fuel_gauge-1024x943.png 1024w, https:\/\/orkoltd.com.tr\/ew\/wp-content\/uploads\/2021\/06\/avx-10k_with_ipad_fuel_gauge-768x707.png 768w, https:\/\/orkoltd.com.tr\/ew\/wp-content\/uploads\/2021\/06\/avx-10k_with_ipad_fuel_gauge-700x645.png 700w, https:\/\/orkoltd.com.tr\/ew\/wp-content\/uploads\/2021\/06\/avx-10k_with_ipad_fuel_gauge-600x553.png 600w\" sizes=\"(max-width: 1026px) 100vw, 1026px\" \/>\t\t<\/div>\n\t\t<div class=\"qode-pli-text\">\n\t\t\t<div class=\"qode-pli-text-outer\">\n\t\t\t\t<div class=\"qode-pli-text-inner\">\n\t\t\t\t\t<div class=\"qode-pli-additional-info\">\n                                            <\/div>\n\t\t\t\t<\/div>\n\t\t\t<\/div>\n\t\t<\/div>\n\t\t<a class=\"qode-pli-link\" itemprop=\"url\" href=\"https:\/\/orkoltd.com.tr\/ew\/urun\/avx-10k-ucus-hatti-test-seti\/\" title=\"AVX-10K U\u00c7U\u015e HATTI TEST SET\u0130\"><\/a>\n\t<\/div>\n\t<div class=\"qode-pli-text-wrapper qode-no-rating-price\" >\n\n\t\t\n            <h5 itemprop=\"name\" class=\"entry-title qode-pli-title\" >\n\t\t<a itemprop=\"url\" href=\"https:\/\/orkoltd.com.tr\/ew\/urun\/avx-10k-ucus-hatti-test-seti\/\">AVX-10K U\u00c7U\u015e HATTI TEST SET\u0130<\/a>\n\t<\/h5>\n\n\t\t\t\t\n\t\t\t\t\n\t\t\n\t\t<div class=\"qode-pli-add-to-cart\">\n\t<a rel=\"nofollow\" href=\"https:\/\/orkoltd.com.tr\/ew\/urun\/avx-10k-ucus-hatti-test-seti\/\" data-quantity=\"1\" data-product_id=\"1525\" data-product_sku=\"\" class=\"add_to_cart_button ajax_add_to_cart qode-add-to-cart qode-button\">Devam\u0131n\u0131 oku<\/a><\/div>\t<\/div>\n<\/div><div class=\"qode-pli\">\n\t<div class=\"qode-pli-inner\">\n\t\t<div class=\"qode-pli-image\">\n\t\t\t\n\n<img loading=\"lazy\" decoding=\"async\" width=\"991\" height=\"1200\" src=\"https:\/\/orkoltd.com.tr\/ew\/wp-content\/uploads\/2019\/01\/ifr4000.jpg\" class=\"attachment-full size-full wp-post-image\" alt=\"\" srcset=\"https:\/\/orkoltd.com.tr\/ew\/wp-content\/uploads\/2019\/01\/ifr4000.jpg 991w, https:\/\/orkoltd.com.tr\/ew\/wp-content\/uploads\/2019\/01\/ifr4000-248x300.jpg 248w, https:\/\/orkoltd.com.tr\/ew\/wp-content\/uploads\/2019\/01\/ifr4000-768x930.jpg 768w, https:\/\/orkoltd.com.tr\/ew\/wp-content\/uploads\/2019\/01\/ifr4000-846x1024.jpg 846w, https:\/\/orkoltd.com.tr\/ew\/wp-content\/uploads\/2019\/01\/ifr4000-700x848.jpg 700w, https:\/\/orkoltd.com.tr\/ew\/wp-content\/uploads\/2019\/01\/ifr4000-600x727.jpg 600w\" sizes=\"(max-width: 991px) 100vw, 991px\" \/>\t\t<\/div>\n\t\t<div class=\"qode-pli-text\">\n\t\t\t<div class=\"qode-pli-text-outer\">\n\t\t\t\t<div class=\"qode-pli-text-inner\">\n\t\t\t\t\t<div class=\"qode-pli-additional-info\">\n                                            <\/div>\n\t\t\t\t<\/div>\n\t\t\t<\/div>\n\t\t<\/div>\n\t\t<a class=\"qode-pli-link\" itemprop=\"url\" href=\"https:\/\/orkoltd.com.tr\/ew\/urun\/aeroflex-ifr-4000-navigasyon-kominikasyon-ucus-hatti-test-seti\/\" title=\"IFR 4000 NAV\u0130GASYON \/ HABERLE\u015eME U\u00c7U\u015e HATTI TEST SET\u0130\"><\/a>\n\t<\/div>\n\t<div class=\"qode-pli-text-wrapper qode-no-rating-price\" >\n\n\t\t\n            <h5 itemprop=\"name\" class=\"entry-title qode-pli-title\" >\n\t\t<a itemprop=\"url\" href=\"https:\/\/orkoltd.com.tr\/ew\/urun\/aeroflex-ifr-4000-navigasyon-kominikasyon-ucus-hatti-test-seti\/\">IFR 4000 NAV\u0130GASYON \/ HABERLE\u015eME U\u00c7U\u015e HATTI TEST SET\u0130<\/a>\n\t<\/h5>\n\n\t\t\t\t\n\t\t\t\t\n\t\t\n\t\t<div class=\"qode-pli-add-to-cart\">\n\t<a rel=\"nofollow\" href=\"https:\/\/orkoltd.com.tr\/ew\/urun\/aeroflex-ifr-4000-navigasyon-kominikasyon-ucus-hatti-test-seti\/\" data-quantity=\"1\" data-product_id=\"409\" data-product_sku=\"\" class=\"add_to_cart_button ajax_add_to_cart qode-add-to-cart qode-button\">Devam\u0131n\u0131 oku<\/a><\/div>\t<\/div>\n<\/div><div class=\"qode-pli\">\n\t<div class=\"qode-pli-inner\">\n\t\t<div class=\"qode-pli-image\">\n\t\t\t\n\n<img loading=\"lazy\" decoding=\"async\" width=\"800\" height=\"800\" src=\"https:\/\/orkoltd.com.tr\/ew\/wp-content\/uploads\/2018\/12\/ifr_6015.jpg\" class=\"attachment-full size-full wp-post-image\" alt=\"\" srcset=\"https:\/\/orkoltd.com.tr\/ew\/wp-content\/uploads\/2018\/12\/ifr_6015.jpg 800w, https:\/\/orkoltd.com.tr\/ew\/wp-content\/uploads\/2018\/12\/ifr_6015-150x150.jpg 150w, https:\/\/orkoltd.com.tr\/ew\/wp-content\/uploads\/2018\/12\/ifr_6015-300x300.jpg 300w, https:\/\/orkoltd.com.tr\/ew\/wp-content\/uploads\/2018\/12\/ifr_6015-768x768.jpg 768w, https:\/\/orkoltd.com.tr\/ew\/wp-content\/uploads\/2018\/12\/ifr_6015-550x550.jpg 550w, https:\/\/orkoltd.com.tr\/ew\/wp-content\/uploads\/2018\/12\/ifr_6015-500x500.jpg 500w, https:\/\/orkoltd.com.tr\/ew\/wp-content\/uploads\/2018\/12\/ifr_6015-700x700.jpg 700w, https:\/\/orkoltd.com.tr\/ew\/wp-content\/uploads\/2018\/12\/ifr_6015-600x600.jpg 600w, https:\/\/orkoltd.com.tr\/ew\/wp-content\/uploads\/2018\/12\/ifr_6015-100x100.jpg 100w\" sizes=\"(max-width: 800px) 100vw, 800px\" \/>\t\t<\/div>\n\t\t<div class=\"qode-pli-text\">\n\t\t\t<div class=\"qode-pli-text-outer\">\n\t\t\t\t<div class=\"qode-pli-text-inner\">\n\t\t\t\t\t<div class=\"qode-pli-additional-info\">\n                                            <\/div>\n\t\t\t\t<\/div>\n\t\t\t<\/div>\n\t\t<\/div>\n\t\t<a class=\"qode-pli-link\" itemprop=\"url\" href=\"https:\/\/orkoltd.com.tr\/ew\/urun\/ifr-6015-askeri-ucus-hatti-test-seti\/\" title=\"IFR 6015 ASKER\u0130 U\u00c7U\u015e HATTI TEST SET\u0130\"><\/a>\n\t<\/div>\n\t<div class=\"qode-pli-text-wrapper qode-no-rating-price\" >\n\n\t\t\n            <h5 itemprop=\"name\" class=\"entry-title qode-pli-title\" >\n\t\t<a itemprop=\"url\" href=\"https:\/\/orkoltd.com.tr\/ew\/urun\/ifr-6015-askeri-ucus-hatti-test-seti\/\">IFR 6015 ASKER\u0130 U\u00c7U\u015e HATTI TEST SET\u0130<\/a>\n\t<\/h5>\n\n\t\t\t\t\n\t\t\t\t\n\t\t\n\t\t<div class=\"qode-pli-add-to-cart\">\n\t<a rel=\"nofollow\" href=\"https:\/\/orkoltd.com.tr\/ew\/urun\/ifr-6015-askeri-ucus-hatti-test-seti\/\" data-quantity=\"1\" data-product_id=\"608\" data-product_sku=\"\" class=\"add_to_cart_button ajax_add_to_cart qode-add-to-cart qode-button\">Devam\u0131n\u0131 oku<\/a><\/div>\t<\/div>\n<\/div><div class=\"qode-pli\">\n\t<div class=\"qode-pli-inner\">\n\t\t<div class=\"qode-pli-image\">\n\t\t\t\n\n<img loading=\"lazy\" decoding=\"async\" width=\"1000\" height=\"706\" src=\"https:\/\/orkoltd.com.tr\/ew\/wp-content\/uploads\/2019\/02\/21apmv4.jpg\" class=\"attachment-full size-full wp-post-image\" alt=\"\" srcset=\"https:\/\/orkoltd.com.tr\/ew\/wp-content\/uploads\/2019\/02\/21apmv4.jpg 1000w, https:\/\/orkoltd.com.tr\/ew\/wp-content\/uploads\/2019\/02\/21apmv4-300x212.jpg 300w, https:\/\/orkoltd.com.tr\/ew\/wp-content\/uploads\/2019\/02\/21apmv4-768x542.jpg 768w, https:\/\/orkoltd.com.tr\/ew\/wp-content\/uploads\/2019\/02\/21apmv4-700x494.jpg 700w, https:\/\/orkoltd.com.tr\/ew\/wp-content\/uploads\/2019\/02\/21apmv4-600x424.jpg 600w\" sizes=\"(max-width: 1000px) 100vw, 1000px\" \/>\t\t<\/div>\n\t\t<div class=\"qode-pli-text\">\n\t\t\t<div class=\"qode-pli-text-outer\">\n\t\t\t\t<div class=\"qode-pli-text-inner\">\n\t\t\t\t\t<div class=\"qode-pli-additional-info\">\n                                            <\/div>\n\t\t\t\t<\/div>\n\t\t\t<\/div>\n\t\t<\/div>\n\t\t<a class=\"qode-pli-link\" itemprop=\"url\" href=\"https:\/\/orkoltd.com.tr\/ew\/urun\/apm-424-mk-xii-xiia-ucus-hatti-test-seti\/\" title=\"APM-424 MK XII\/XIIA U\u00c7U\u015e HATTI TEST SET\u0130\"><\/a>\n\t<\/div>\n\t<div class=\"qode-pli-text-wrapper qode-no-rating-price\" >\n\n\t\t\n            <h5 itemprop=\"name\" class=\"entry-title qode-pli-title\" >\n\t\t<a itemprop=\"url\" href=\"https:\/\/orkoltd.com.tr\/ew\/urun\/apm-424-mk-xii-xiia-ucus-hatti-test-seti\/\">APM-424 MK XII\/XIIA U\u00c7U\u015e HATTI TEST SET\u0130<\/a>\n\t<\/h5>\n\n\t\t\t\t\n\t\t\t\t\n\t\t\n\t\t<div class=\"qode-pli-add-to-cart\">\n\t<a rel=\"nofollow\" href=\"https:\/\/orkoltd.com.tr\/ew\/urun\/apm-424-mk-xii-xiia-ucus-hatti-test-seti\/\" data-quantity=\"1\" data-product_id=\"1043\" data-product_sku=\"\" class=\"add_to_cart_button ajax_add_to_cart qode-add-to-cart qode-button\">Devam\u0131n\u0131 oku<\/a><\/div>\t<\/div>\n<\/div><div class=\"qode-pli\">\n\t<div class=\"qode-pli-inner\">\n\t\t<div class=\"qode-pli-image\">\n\t\t\t\n\n<img loading=\"lazy\" decoding=\"async\" width=\"800\" height=\"800\" src=\"https:\/\/orkoltd.com.tr\/ew\/wp-content\/uploads\/2018\/12\/GPS-1000.png\" class=\"attachment-full size-full wp-post-image\" alt=\"\" srcset=\"https:\/\/orkoltd.com.tr\/ew\/wp-content\/uploads\/2018\/12\/GPS-1000.png 800w, https:\/\/orkoltd.com.tr\/ew\/wp-content\/uploads\/2018\/12\/GPS-1000-300x300.png 300w, https:\/\/orkoltd.com.tr\/ew\/wp-content\/uploads\/2018\/12\/GPS-1000-150x150.png 150w, https:\/\/orkoltd.com.tr\/ew\/wp-content\/uploads\/2018\/12\/GPS-1000-768x768.png 768w, https:\/\/orkoltd.com.tr\/ew\/wp-content\/uploads\/2018\/12\/GPS-1000-550x550.png 550w, https:\/\/orkoltd.com.tr\/ew\/wp-content\/uploads\/2018\/12\/GPS-1000-500x500.png 500w, https:\/\/orkoltd.com.tr\/ew\/wp-content\/uploads\/2018\/12\/GPS-1000-700x700.png 700w, https:\/\/orkoltd.com.tr\/ew\/wp-content\/uploads\/2018\/12\/GPS-1000-650x650.png 650w, https:\/\/orkoltd.com.tr\/ew\/wp-content\/uploads\/2018\/12\/GPS-1000-600x600.png 600w, https:\/\/orkoltd.com.tr\/ew\/wp-content\/uploads\/2018\/12\/GPS-1000-100x100.png 100w\" sizes=\"(max-width: 800px) 100vw, 800px\" \/>\t\t<\/div>\n\t\t<div class=\"qode-pli-text\">\n\t\t\t<div class=\"qode-pli-text-outer\">\n\t\t\t\t<div class=\"qode-pli-text-inner\">\n\t\t\t\t\t<div class=\"qode-pli-additional-info\">\n                                            <\/div>\n\t\t\t\t<\/div>\n\t\t\t<\/div>\n\t\t<\/div>\n\t\t<a class=\"qode-pli-link\" itemprop=\"url\" href=\"https:\/\/orkoltd.com.tr\/ew\/urun\/gpsg-1000\/\" title=\"GPSG-1000 TA\u015eINAB\u0130L\u0130R UYDU S\u0130MULAT\u00d6R\u00dc\"><\/a>\n\t<\/div>\n\t<div class=\"qode-pli-text-wrapper qode-no-rating-price\" >\n\n\t\t\n            <h5 itemprop=\"name\" class=\"entry-title qode-pli-title\" >\n\t\t<a itemprop=\"url\" href=\"https:\/\/orkoltd.com.tr\/ew\/urun\/gpsg-1000\/\">GPSG-1000 TA\u015eINAB\u0130L\u0130R UYDU S\u0130MULAT\u00d6R\u00dc<\/a>\n\t<\/h5>\n\n\t\t\t\t\n\t\t\t\t\n\t\t\n\t\t<div class=\"qode-pli-add-to-cart\">\n\t<a rel=\"nofollow\" href=\"https:\/\/orkoltd.com.tr\/ew\/urun\/gpsg-1000\/\" data-quantity=\"1\" data-product_id=\"587\" data-product_sku=\"\" class=\"add_to_cart_button ajax_add_to_cart qode-add-to-cart qode-button\">Devam\u0131n\u0131 oku<\/a><\/div>\t<\/div>\n<\/div><div class=\"qode-pli\">\n\t<div class=\"qode-pli-inner\">\n\t\t<div class=\"qode-pli-image\">\n\t\t\t\n\n<img loading=\"lazy\" decoding=\"async\" width=\"1080\" height=\"1200\" src=\"https:\/\/orkoltd.com.tr\/ew\/wp-content\/uploads\/2019\/01\/iff-45ts_w_controller.jpg\" class=\"attachment-full size-full wp-post-image\" alt=\"\" srcset=\"https:\/\/orkoltd.com.tr\/ew\/wp-content\/uploads\/2019\/01\/iff-45ts_w_controller.jpg 1080w, https:\/\/orkoltd.com.tr\/ew\/wp-content\/uploads\/2019\/01\/iff-45ts_w_controller-270x300.jpg 270w, https:\/\/orkoltd.com.tr\/ew\/wp-content\/uploads\/2019\/01\/iff-45ts_w_controller-768x853.jpg 768w, https:\/\/orkoltd.com.tr\/ew\/wp-content\/uploads\/2019\/01\/iff-45ts_w_controller-922x1024.jpg 922w, https:\/\/orkoltd.com.tr\/ew\/wp-content\/uploads\/2019\/01\/iff-45ts_w_controller-700x778.jpg 700w, https:\/\/orkoltd.com.tr\/ew\/wp-content\/uploads\/2019\/01\/iff-45ts_w_controller-600x667.jpg 600w\" sizes=\"(max-width: 1080px) 100vw, 1080px\" \/>\t\t<\/div>\n\t\t<div class=\"qode-pli-text\">\n\t\t\t<div class=\"qode-pli-text-outer\">\n\t\t\t\t<div class=\"qode-pli-text-inner\">\n\t\t\t\t\t<div class=\"qode-pli-additional-info\">\n                                            <\/div>\n\t\t\t\t<\/div>\n\t\t\t<\/div>\n\t\t<\/div>\n\t\t<a class=\"qode-pli-link\" itemprop=\"url\" href=\"https:\/\/orkoltd.com.tr\/ew\/urun\/iff-45ts-mk-xiia-tacan-test-seti\/\" title=\"IFF-45TS MK XIIA\/TACAN TEST SET\u0130\"><\/a>\n\t<\/div>\n\t<div class=\"qode-pli-text-wrapper qode-no-rating-price\" >\n\n\t\t\n            <h5 itemprop=\"name\" class=\"entry-title qode-pli-title\" >\n\t\t<a itemprop=\"url\" href=\"https:\/\/orkoltd.com.tr\/ew\/urun\/iff-45ts-mk-xiia-tacan-test-seti\/\">IFF-45TS MK XIIA\/TACAN TEST SET\u0130<\/a>\n\t<\/h5>\n\n\t\t\t\t\n\t\t\t\t\n\t\t\n\t\t<div class=\"qode-pli-add-to-cart\">\n\t<a rel=\"nofollow\" href=\"https:\/\/orkoltd.com.tr\/ew\/urun\/iff-45ts-mk-xiia-tacan-test-seti\/\" data-quantity=\"1\" data-product_id=\"887\" data-product_sku=\"\" class=\"add_to_cart_button ajax_add_to_cart qode-add-to-cart qode-button\">Devam\u0131n\u0131 oku<\/a><\/div>\t<\/div>\n<\/div><div class=\"qode-pli\">\n\t<div class=\"qode-pli-inner\">\n\t\t<div class=\"qode-pli-image\">\n\t\t\t\n\n<img loading=\"lazy\" decoding=\"async\" width=\"1200\" height=\"1200\" src=\"https:\/\/orkoltd.com.tr\/ew\/wp-content\/uploads\/2022\/07\/alt-9000-front.png\" class=\"attachment-full size-full wp-post-image\" alt=\"\" srcset=\"https:\/\/orkoltd.com.tr\/ew\/wp-content\/uploads\/2022\/07\/alt-9000-front.png 1200w, https:\/\/orkoltd.com.tr\/ew\/wp-content\/uploads\/2022\/07\/alt-9000-front-300x300.png 300w, https:\/\/orkoltd.com.tr\/ew\/wp-content\/uploads\/2022\/07\/alt-9000-front-1024x1024.png 1024w, https:\/\/orkoltd.com.tr\/ew\/wp-content\/uploads\/2022\/07\/alt-9000-front-150x150.png 150w, https:\/\/orkoltd.com.tr\/ew\/wp-content\/uploads\/2022\/07\/alt-9000-front-768x768.png 768w, https:\/\/orkoltd.com.tr\/ew\/wp-content\/uploads\/2022\/07\/alt-9000-front-550x550.png 550w, https:\/\/orkoltd.com.tr\/ew\/wp-content\/uploads\/2022\/07\/alt-9000-front-500x500.png 500w, https:\/\/orkoltd.com.tr\/ew\/wp-content\/uploads\/2022\/07\/alt-9000-front-1000x1000.png 1000w, https:\/\/orkoltd.com.tr\/ew\/wp-content\/uploads\/2022\/07\/alt-9000-front-700x700.png 700w, https:\/\/orkoltd.com.tr\/ew\/wp-content\/uploads\/2022\/07\/alt-9000-front-1100x1100.png 1100w, https:\/\/orkoltd.com.tr\/ew\/wp-content\/uploads\/2022\/07\/alt-9000-front-650x650.png 650w, https:\/\/orkoltd.com.tr\/ew\/wp-content\/uploads\/2022\/07\/alt-9000-front-600x600.png 600w, https:\/\/orkoltd.com.tr\/ew\/wp-content\/uploads\/2022\/07\/alt-9000-front-100x100.png 100w\" sizes=\"(max-width: 1200px) 100vw, 1200px\" \/>\t\t<\/div>\n\t\t<div class=\"qode-pli-text\">\n\t\t\t<div class=\"qode-pli-text-outer\">\n\t\t\t\t<div class=\"qode-pli-text-inner\">\n\t\t\t\t\t<div class=\"qode-pli-additional-info\">\n                                            <\/div>\n\t\t\t\t<\/div>\n\t\t\t<\/div>\n\t\t<\/div>\n\t\t<a class=\"qode-pli-link\" itemprop=\"url\" href=\"https:\/\/orkoltd.com.tr\/ew\/urun\/alt-9000-radyo-altimetre-test-seti\/\" title=\"ALT-9000 RADYO ALT\u0130METRE TEST SET\u0130\"><\/a>\n\t<\/div>\n\t<div class=\"qode-pli-text-wrapper qode-no-rating-price\" >\n\n\t\t\n            <h5 itemprop=\"name\" class=\"entry-title qode-pli-title\" >\n\t\t<a itemprop=\"url\" href=\"https:\/\/orkoltd.com.tr\/ew\/urun\/alt-9000-radyo-altimetre-test-seti\/\">ALT-9000 RADYO ALT\u0130METRE TEST SET\u0130<\/a>\n\t<\/h5>\n\n\t\t\t\t\n\t\t\t\t\n\t\t\n\t\t<div class=\"qode-pli-add-to-cart\">\n\t<a rel=\"nofollow\" href=\"https:\/\/orkoltd.com.tr\/ew\/urun\/alt-9000-radyo-altimetre-test-seti\/\" data-quantity=\"1\" data-product_id=\"1552\" data-product_sku=\"\" class=\"add_to_cart_button ajax_add_to_cart qode-add-to-cart qode-button\">Devam\u0131n\u0131 oku<\/a><\/div>\t<\/div>\n<\/div><div class=\"qode-pli\">\n\t<div class=\"qode-pli-inner\">\n\t\t<div class=\"qode-pli-image\">\n\t\t\t\n\n<img loading=\"lazy\" decoding=\"async\" width=\"800\" height=\"800\" src=\"https:\/\/orkoltd.com.tr\/ew\/wp-content\/uploads\/2018\/12\/alt-8000.jpg\" class=\"attachment-full size-full wp-post-image\" alt=\"\" srcset=\"https:\/\/orkoltd.com.tr\/ew\/wp-content\/uploads\/2018\/12\/alt-8000.jpg 800w, https:\/\/orkoltd.com.tr\/ew\/wp-content\/uploads\/2018\/12\/alt-8000-150x150.jpg 150w, https:\/\/orkoltd.com.tr\/ew\/wp-content\/uploads\/2018\/12\/alt-8000-300x300.jpg 300w, https:\/\/orkoltd.com.tr\/ew\/wp-content\/uploads\/2018\/12\/alt-8000-768x768.jpg 768w, https:\/\/orkoltd.com.tr\/ew\/wp-content\/uploads\/2018\/12\/alt-8000-550x550.jpg 550w, https:\/\/orkoltd.com.tr\/ew\/wp-content\/uploads\/2018\/12\/alt-8000-500x500.jpg 500w, https:\/\/orkoltd.com.tr\/ew\/wp-content\/uploads\/2018\/12\/alt-8000-700x700.jpg 700w, https:\/\/orkoltd.com.tr\/ew\/wp-content\/uploads\/2018\/12\/alt-8000-600x600.jpg 600w, https:\/\/orkoltd.com.tr\/ew\/wp-content\/uploads\/2018\/12\/alt-8000-100x100.jpg 100w\" sizes=\"(max-width: 800px) 100vw, 800px\" \/>\t\t<\/div>\n\t\t<div class=\"qode-pli-text\">\n\t\t\t<div class=\"qode-pli-text-outer\">\n\t\t\t\t<div class=\"qode-pli-text-inner\">\n\t\t\t\t\t<div class=\"qode-pli-additional-info\">\n                                            <\/div>\n\t\t\t\t<\/div>\n\t\t\t<\/div>\n\t\t<\/div>\n\t\t<a class=\"qode-pli-link\" itemprop=\"url\" href=\"https:\/\/orkoltd.com.tr\/ew\/urun\/alt-8000\/\" title=\"ALT 8000 RADYO ALT\u0130METRE U\u00c7U\u015e HATTI TEST SET\u0130\"><\/a>\n\t<\/div>\n\t<div class=\"qode-pli-text-wrapper qode-no-rating-price\" >\n\n\t\t\n            <h5 itemprop=\"name\" class=\"entry-title qode-pli-title\" >\n\t\t<a itemprop=\"url\" href=\"https:\/\/orkoltd.com.tr\/ew\/urun\/alt-8000\/\">ALT 8000 RADYO ALT\u0130METRE U\u00c7U\u015e HATTI TEST SET\u0130<\/a>\n\t<\/h5>\n\n\t\t\t\t\n\t\t\t\t\n\t\t\n\t\t<div class=\"qode-pli-add-to-cart\">\n\t<a rel=\"nofollow\" href=\"https:\/\/orkoltd.com.tr\/ew\/urun\/alt-8000\/\" data-quantity=\"1\" data-product_id=\"598\" data-product_sku=\"\" class=\"add_to_cart_button ajax_add_to_cart qode-add-to-cart qode-button\">Devam\u0131n\u0131 oku<\/a><\/div>\t<\/div>\n<\/div>        <\/div>\n    <input type=\"hidden\" id=\"qodef_product_load_more_nonce_2139\" name=\"qodef_product_load_more_nonce_2139\" value=\"94ba7836b4\" \/><input type=\"hidden\" name=\"_wp_http_referer\" value=\"\/ew\/wp-json\/wp\/v2\/pages\/135\" \/><\/div>[\/vc_column]<\/p>\n","protected":false},"excerpt":{"rendered":"<p>&nbsp; Aviyonik test ekipmanlar\u0131, ticari, \u00f6zel ve askeri hava kaynakl\u0131 elektronik sistemlerin geli\u015ftirilmesini, \u00fcretilmesini, test edilmesini ve bak\u0131m\u0131n\u0131 sa\u011flamak i\u00e7in kullan\u0131l\u0131r. Yenilik\u00e7i test \u00e7\u00f6z\u00fcmlerimiz, bekledi\u011finiz kalite ve performansla, g\u00fcvenli bir u\u00e7u\u015f ortam\u0131 sa\u011flamak i\u00e7in gereken kritik verileri sa\u011flar. &nbsp; Havac\u0131l\u0131k Sekt\u00f6r\u00fc Test Cihazlar\u0131m\u0131z: &nbsp; [vc_column][\/vc_column]<\/p>\n","protected":false},"author":1,"featured_media":913,"parent":245,"menu_order":3,"comment_status":"closed","ping_status":"closed","template":"","meta":{"footnotes":""},"class_list":["post-135","page","type-page","status-publish","has-post-thumbnail","hentry"],"_links":{"self":[{"href":"https:\/\/orkoltd.com.tr\/ew\/wp-json\/wp\/v2\/pages\/135","targetHints":{"allow":["GET"]}}],"collection":[{"href":"https:\/\/orkoltd.com.tr\/ew\/wp-json\/wp\/v2\/pages"}],"about":[{"href":"https:\/\/orkoltd.com.tr\/ew\/wp-json\/wp\/v2\/types\/page"}],"author":[{"embeddable":true,"href":"https:\/\/orkoltd.com.tr\/ew\/wp-json\/wp\/v2\/users\/1"}],"replies":[{"embeddable":true,"href":"https:\/\/orkoltd.com.tr\/ew\/wp-json\/wp\/v2\/comments?post=135"}],"version-history":[{"count":38,"href":"https:\/\/orkoltd.com.tr\/ew\/wp-json\/wp\/v2\/pages\/135\/revisions"}],"predecessor-version":[{"id":1049,"href":"https:\/\/orkoltd.com.tr\/ew\/wp-json\/wp\/v2\/pages\/135\/revisions\/1049"}],"up":[{"embeddable":true,"href":"https:\/\/orkoltd.com.tr\/ew\/wp-json\/wp\/v2\/pages\/245"}],"wp:featuredmedia":[{"embeddable":true,"href":"https:\/\/orkoltd.com.tr\/ew\/wp-json\/wp\/v2\/media\/913"}],"wp:attachment":[{"href":"https:\/\/orkoltd.com.tr\/ew\/wp-json\/wp\/v2\/media?parent=135"}],"curies":[{"name":"wp","href":"https:\/\/api.w.org\/{rel}","templated":true}]}}