{"id":133,"date":"2018-10-17T15:30:32","date_gmt":"2018-10-17T12:30:32","guid":{"rendered":"https:\/\/www.orkoltd.com.tr\/ew\/?page_id=133"},"modified":"2025-11-03T11:09:41","modified_gmt":"2025-11-03T08:09:41","slug":"rf","status":"publish","type":"page","link":"https:\/\/orkoltd.com.tr\/ew\/about\/rf\/","title":{"rendered":"RF"},"content":{"rendered":"<div class=\"wpb-content-wrapper\"><p>[vc_row row_type=&#8221;row&#8221; use_row_as_full_screen_section=&#8221;no&#8221; type=&#8221;full_width&#8221; text_align=&#8221;left&#8221; background_animation=&#8221;none&#8221; css_animation=&#8221;&#8221;][vc_column][vc_column_text css=&#8221;&#8221;]<\/p>\r\n<h3><img fetchpriority=\"high\" decoding=\"async\" class=\"size-large wp-image-1081 aligncenter\" src=\"https:\/\/www.orkoltd.com.tr\/ew\/wp-content\/uploads\/2019\/02\/RF-Image-1024x612.jpg\" alt=\"\" width=\"1024\" height=\"612\" srcset=\"https:\/\/orkoltd.com.tr\/ew\/wp-content\/uploads\/2019\/02\/RF-Image-1024x612.jpg 1024w, https:\/\/orkoltd.com.tr\/ew\/wp-content\/uploads\/2019\/02\/RF-Image-300x179.jpg 300w, https:\/\/orkoltd.com.tr\/ew\/wp-content\/uploads\/2019\/02\/RF-Image-768x459.jpg 768w, https:\/\/orkoltd.com.tr\/ew\/wp-content\/uploads\/2019\/02\/RF-Image-700x418.jpg 700w, https:\/\/orkoltd.com.tr\/ew\/wp-content\/uploads\/2019\/02\/RF-Image-1100x657.jpg 1100w, https:\/\/orkoltd.com.tr\/ew\/wp-content\/uploads\/2019\/02\/RF-Image-600x358.jpg 600w\" sizes=\"(max-width: 1024px) 100vw, 1024px\" \/><\/h3>\r\n<p>&nbsp;<\/p>\r\n<h3>RF Test Sistemleri,\u00a0Haberle\u015fme, Aviyonik\u00a0ve Di\u011fer \u00dcr\u00fcnler<\/h3>\r\n<p>&nbsp;<\/p>\r\n<p>\u00dclkemizdeki <strong>askeri, sivil veya kamudaki kritik ileti\u015fim telsiz kullan\u0131c\u0131lar\u0131n\u0131 destekleyen<\/strong> \u00e7ok ama\u00e7l\u0131 Telsiz Test Sistemleri, antenleri, telsiz onar\u0131m\u0131 i\u00e7in gerekli laboratuvar cihazlar\u0131 ve bunlar\u0131n aksesuarlar\u0131, <strong>ORKO taraf\u0131ndan tedarik edilmekte, kurulmakta ve e\u011fitimi verilmektedir<\/strong>.<\/p>\r\n<p>Ayr\u0131ca <strong>u\u00e7aklarda ve havaalanlar\u0131nda kullan\u0131lan t\u00fcm RF cihazlar\u0131n<\/strong> test, tamir ve bak\u0131m\u0131nda kullan\u0131lan (u\u00e7u\u015f hatt\u0131 ile tan\u0131mlanan) cihazlar, ki bunlar son derece hassas \u00f6l\u00e7\u00fcmler yapabilmektedir, ORKO taraf\u0131ndan tedarik edilmektedir.<\/p>\r\n<p>T\u00fcm \u00fcr\u00fcnlerin sat\u0131\u015f sonras\u0131 destek, bak\u0131m ve onar\u0131mlar\u0131n\u0131 ORKO Servis&#8217;te ger\u00e7ekle\u015ftirmekteyiz.<\/p>\r\n<p>Radyo Frekans Test Sistemleri, Haberle\u015fme ve Aviyonik ekipmanlar\u0131 konusunda \u00e7al\u0131\u015ft\u0131\u011f\u0131m\u0131z baz\u0131 firmalar\u0131m\u0131z ve konular\u0131 \u015funlard\u0131r:<\/p>\r\n\r\n<h2 class=\"wp-block-heading\" style=\"text-align: center;\">\u00a0<\/h2>\r\n\r\n<p>&nbsp;<\/p>\r\n\r\n<div class=\"wp-block-image\" style=\"text-align: center;\">\r\n<p class=\"aligncenter\"><a href=\"https:\/\/www.viavisolutions.com\" target=\"_blank\" rel=\"noreferrer noopener\"><img decoding=\"async\" width=\"327\" height=\"89\" class=\"wp-image-800\" src=\"https:\/\/www.orkoltd.com.tr\/ew\/wp-content\/uploads\/2019\/01\/viavi-logo.jpg\" alt=\"\" srcset=\"https:\/\/orkoltd.com.tr\/ew\/wp-content\/uploads\/2019\/01\/viavi-logo.jpg 327w, https:\/\/orkoltd.com.tr\/ew\/wp-content\/uploads\/2019\/01\/viavi-logo-300x82.jpg 300w\" sizes=\"(max-width: 327px) 100vw, 327px\" \/><\/a><br \/><strong><span style=\"color: #000000;\">VIAVI SOLUTIONS<\/span><\/strong><br \/><span style=\"color: #808080;\">(Marconi \/ Aeroflex \/ IFR \/ Cobham \u00fcr\u00fcnleri)<br \/><strong>Telsiz\u00a0ve Haberle\u015fme Test\u00a0Sistemleri<br \/>4G ve 5G Servis Test Sistemleri<\/strong><br \/><strong>Haberle\u015fme Antenleri<\/strong><br \/><strong>Aviyonik Test Sistemleri<\/strong><br \/><strong>Laboratuvar ve \u00dcretim Test Sistemleri<\/strong><\/span><\/p>\r\n<\/div>\r\n\r\n<p>&nbsp;<\/p>\r\n<\/p>\r\n\r\n<div class=\"wp-block-image\" style=\"text-align: center;\">\r\n<p class=\"aligncenter\"><a href=\"https:\/\/www.jfwindustries.com\" target=\"_blank\" rel=\"noreferrer noopener\"><img decoding=\"async\" class=\"wp-image-754\" src=\"https:\/\/www.orkoltd.com.tr\/ew\/wp-content\/uploads\/2019\/01\/jfw-logo.jpg\" alt=\"\" \/><\/a><br \/><strong><span style=\"color: #000000;\">JFW INDUSTRIES<\/span><\/strong><br \/><span style=\"color: #808080;\"><strong>Zay\u0131flat\u0131c\u0131lar\u00a0ve\u00a0RF Anahtarlama<\/strong><br \/><strong>G\u00fc\u00e7 B\u00f6l\u00fcc\u00fc \/ Birle\u015ftiriciler<\/strong><br \/><strong>Test Aksesuarlar\u0131<\/strong><\/span><\/p>\r\n<\/div>\r\n<p>&nbsp;<\/p>\r\n\r\n<p class=\"aligncenter\"><\/p>\r\n<div class=\"wp-block-image\" style=\"text-align: center;\">\r\n<p class=\"aligncenter\"><a href=\"https:\/\/www.ideal-aerosmith.com\" target=\"_blank\" rel=\"noreferrer noopener\"><img decoding=\"async\" class=\"wp-image-458\" src=\"https:\/\/www.orkoltd.com.tr\/ew\/wp-content\/uploads\/2019\/01\/ideal-aerosmith-logo.jpg\" alt=\"\" width=\"327\" height=\"170\" \/><\/a><br \/><strong><span style=\"color: #000000;\">IDEAL AEROSMITH<\/span><\/strong><br \/><span style=\"color: #808080;\"><strong>Bir, \u0130ki, \u00dc\u00e7 Eksenli H\u0131z ve Konumland\u0131rma Masalar\u0131<\/strong><br \/><strong>\u00dc\u00e7 ve Be\u015f Eksenli U\u00e7u\u015f Hareketi Simulat\u00f6rleri<\/strong><br \/><strong>Santrif\u00fcjler<\/strong><br \/><strong>Aviyonik Cihazlar\u0131n Test Sistemleri<\/strong><\/span><\/p>\r\n<\/div>\r\n\r\n<p class=\"aligncenter\"><\/div>","protected":false},"excerpt":{"rendered":"<p>[vc_row row_type=&#8221;row&#8221; use_row_as_full_screen_section=&#8221;no&#8221; type=&#8221;full_width&#8221; text_align=&#8221;left&#8221; background_animation=&#8221;none&#8221; css_animation=&#8221;&#8221;][vc_column][vc_column_text css=&#8221;&#8221;] &nbsp; RF Test Sistemleri,\u00a0Haberle\u015fme, Aviyonik\u00a0ve Di\u011fer \u00dcr\u00fcnler &nbsp; \u00dclkemizdeki askeri, sivil veya kamudaki kritik ileti\u015fim telsiz kullan\u0131c\u0131lar\u0131n\u0131 destekleyen \u00e7ok ama\u00e7l\u0131 Telsiz Test Sistemleri, antenleri, telsiz onar\u0131m\u0131 i\u00e7in gerekli laboratuvar cihazlar\u0131 ve bunlar\u0131n aksesuarlar\u0131, ORKO taraf\u0131ndan tedarik edilmekte,&#8230;<\/p>\n","protected":false},"author":1,"featured_media":0,"parent":2,"menu_order":2,"comment_status":"closed","ping_status":"closed","template":"","meta":{"footnotes":""},"class_list":["post-133","page","type-page","status-publish","hentry"],"_links":{"self":[{"href":"https:\/\/orkoltd.com.tr\/ew\/wp-json\/wp\/v2\/pages\/133","targetHints":{"allow":["GET"]}}],"collection":[{"href":"https:\/\/orkoltd.com.tr\/ew\/wp-json\/wp\/v2\/pages"}],"about":[{"href":"https:\/\/orkoltd.com.tr\/ew\/wp-json\/wp\/v2\/types\/page"}],"author":[{"embeddable":true,"href":"https:\/\/orkoltd.com.tr\/ew\/wp-json\/wp\/v2\/users\/1"}],"replies":[{"embeddable":true,"href":"https:\/\/orkoltd.com.tr\/ew\/wp-json\/wp\/v2\/comments?post=133"}],"version-history":[{"count":88,"href":"https:\/\/orkoltd.com.tr\/ew\/wp-json\/wp\/v2\/pages\/133\/revisions"}],"predecessor-version":[{"id":1788,"href":"https:\/\/orkoltd.com.tr\/ew\/wp-json\/wp\/v2\/pages\/133\/revisions\/1788"}],"up":[{"embeddable":true,"href":"https:\/\/orkoltd.com.tr\/ew\/wp-json\/wp\/v2\/pages\/2"}],"wp:attachment":[{"href":"https:\/\/orkoltd.com.tr\/ew\/wp-json\/wp\/v2\/media?parent=133"}],"curies":[{"name":"wp","href":"https:\/\/api.w.org\/{rel}","templated":true}]}}